{"id":328,"date":"2023-09-07T12:23:58","date_gmt":"2023-09-07T12:23:58","guid":{"rendered":"https:\/\/bqeye.com\/?page_id=328"},"modified":"2023-12-10T06:22:04","modified_gmt":"2023-12-10T06:22:04","slug":"about-us","status":"publish","type":"page","link":"https:\/\/bqeye.com\/de\/about-us\/","title":{"rendered":"\u00dcber uns"},"content":{"rendered":"<h3 class=\"md-end-block md-heading\"><span class=\"md-plain md-expand\">Unsere Geschichte<\/span><\/h3>\n<p class=\"md-end-block md-p md-focus\"><span class=\"md-plain md-expand\">Man sagt, die Augen seien das Fenster zur Seele. Doch viel zu lange haben die Kontaktlinsenhersteller das, was wir durch diese Fenster sehen k\u00f6nnen, eingeschr\u00e4nkt. Die gro\u00dfen Unternehmen dominieren die Branche, verlangen \u00fcberh\u00f6hte Preise f\u00fcr einfache klare Linsen und ignorieren die Nachfrage der Verbraucher nach mehr Optionen. Sie haben Kontaktlinsen in eine fade Ware verwandelt, statt in eine aufregende M\u00f6glichkeit, sich selbst auszudr\u00fccken.<\/span><\/p>\n<p class=\"md-end-block md-p\"><span class=\"md-plain\">Wir haben unser Unternehmen gegr\u00fcndet, um diese verschmierten Fenster zu zerschlagen und etwas Farbe in die Welt der Kontaktlinsen zu bringen.<\/span><\/p>\n<h3 class=\"md-end-block md-heading\"><span class=\"md-plain\">Wer wir sind<\/span><\/h3>\n<p class=\"md-end-block md-p\"><span class=\"md-plain\">Ich bin Alex und ich bin Alice. Wir sind Geschwister, Unternehmer und vor allem unerbittliche Optimisten.<\/span><\/p>\n<p class=\"md-end-block md-p\"><span class=\"md-plain\">Als wir aufwuchsen, hatten wir beide mit Sehproblemen zu k\u00e4mpfen, die das Tragen von Brillen oder Kontaktlinsen von klein auf erforderlich machten. Als Teenager haben wir unser Taschengeld gespart, um uns farbige Kontaktlinsen zu kaufen, mit denen wir unsere Augenfarbe zum Spa\u00df \u00e4ndern konnten. Damals merkten wir, wie sehr es uns ver\u00e4nderte, wenn wir auch nur ein kleines Detail unseres Aussehens ver\u00e4nderten.<\/span><\/p>\n<p class=\"md-end-block md-p\"><span class=\"md-plain\">Sp\u00e4ter im College sprachen wir oft dar\u00fcber, eines Tages gemeinsam ein Unternehmen zu gr\u00fcnden. Eines Abends beim Abendessen hatten wir den Funken, der zu unserem jetzigen Unternehmen f\u00fchrte. Wir beklagten uns \u00fcber die steigenden Kosten f\u00fcr Kontaktlinsen und den Mangel an Innovationen seitens der gro\u00dfen Hersteller. Da kam uns die Idee: ein farbenfrohes, erschwingliches Kontaktlinsenunternehmen zu gr\u00fcnden, das den Menschen die M\u00f6glichkeit gibt, ein Zeichen zu setzen, anstatt nur ihre Sehkraft zu korrigieren.<\/span><\/p>\n<p class=\"md-end-block md-p\"><span class=\"md-plain\">Wir wussten, dass es nicht einfach sein w\u00fcrde, das Oligopol der Kontaktlinsenindustrie zu durchbrechen. Aber wir waren entschlossen, den Verbrauchern Ver\u00e4nderungen, Kreativit\u00e4t und Kosteneinsparungen zu bieten. Also entwickelten wir einen Plan, suchten Produktionspartner und wagten den Sprung ins Unternehmertum.<\/span><\/p>\n<h3 class=\"md-end-block md-heading\"><span class=\"md-plain\">Warum farbige Linsen?<\/span><\/h3>\n<p class=\"md-end-block md-p\"><span class=\"md-plain\">Mit farbigen Kontaktlinsen k\u00f6nnen Sie Ihr Aussehen im Handumdrehen ver\u00e4ndern. M\u00f6chtest du eine dramatische Ver\u00e4nderung deiner Augenfarbe ausprobieren? Wechseln Sie im Handumdrehen von braun zu blau. M\u00f6chtest du bei einer Kost\u00fcmparty Katzenaugen tragen? Mit farbigen Linsen k\u00f6nnen Sie das jetzt.<\/span><\/p>\n<p class=\"md-end-block md-p\"><span class=\"md-plain\">Neben dem Spa\u00dffaktor sind farbige Kontaktlinsen auch f\u00fcr diejenigen interessant, die ihre nat\u00fcrliche Augenfarbe dezent aufwerten m\u00f6chten. Zum Beispiel, indem man ein dunkles Braun zu einem Honigton aufhellt oder einen Limbusring hinzuf\u00fcgt, um blaue Augen zum Strahlen zu bringen.<\/span><\/p>\n<p class=\"md-end-block md-p\"><span class=\"md-plain\">Die Anwendungsm\u00f6glichkeiten gehen weit \u00fcber die kosmetische Wirkung hinaus. Farbige Kontaktlinsen erm\u00f6glichen medizinische Anwendungen wie die Augenprothetik. Sie k\u00f6nnen auch einen UV-Augenschutz bieten, wenn sie mit Schutzfiltern versehen sind.<\/span><\/p>\n<p class=\"md-end-block md-p\"><span class=\"md-plain\">Insgesamt erm\u00f6glichen die Farboptionen f\u00fcr Kontaktlinsen die Entfaltung der Pers\u00f6nlichkeit, st\u00e4rken das Selbstvertrauen, erf\u00fcllen medizinische Anforderungen und erweitern die Definition von Sch\u00f6nheit. Die M\u00f6glichkeiten sind endlos, wenn Sie Kontaktlinsen als kosmetisches Accessoire und nicht nur als medizinisches Hilfsmittel betrachten.<\/span><\/p>\n<h3 class=\"md-end-block md-heading\"><span class=\"md-plain\">Warum jetzt?<\/span><\/h3>\n<p class=\"md-end-block md-p\"><span class=\"md-plain\">Die Fortschritte in der Kontaktlinsentechnologie und -herstellung machen dies zum perfekten Zeitpunkt f\u00fcr die Einf\u00fchrung unserer farbenfrohen Vision.<\/span><\/p>\n<p class=\"md-end-block md-p\"><span class=\"md-plain\">Als wir begannen, uns mit der Kontaktlinsenbranche zu befassen, fanden wir eine L\u00fccke auf dem Markt. Die verf\u00fcgbaren Produkte waren veraltet und uninspiriert. Kontaktlinsen f\u00fcr die Korrektur von Fehlsichtigkeit dominieren den Markt, w\u00e4hrend farbige Kontaktlinsen als Nischenprodukt behandelt werden.<\/span><\/p>\n<p class=\"md-end-block md-p\"><span class=\"md-plain\">Aber die Nachfrage nach Farbe und Selbstdarstellung ist gro\u00df. In einer von uns durchgef\u00fchrten Umfrage unter 18- bis 35-J\u00e4hrigen gaben \u00fcber 85% an, dass sie an farbigen Kontaktlinsen interessiert w\u00e4ren, wenn die Kosten mit denen von klaren Kontaktlinsen vergleichbar w\u00e4ren. Dar\u00fcber hinaus w\u00fcnschten sich 72% mehr dramatische Farboptionen, die \u00fcber die Verst\u00e4rkung ihrer nat\u00fcrlichen Augenfarbe hinausgehen.<\/span><\/p>\n<p class=\"md-end-block md-p\"><span class=\"md-plain\">Diese Diskrepanz zwischen der Nachfrage der Verbraucher und dem Mangel an qualitativ hochwertigen, erschwinglichen Farblinsen stellt eine gro\u00dfe Chance dar. Dank der j\u00fcngsten Fortschritte in der Materialwissenschaft und bei den Herstellungsverfahren f\u00fcr Brillengl\u00e4ser k\u00f6nnen wir den Verbrauchern jetzt haltbare, leuchtende Farbgl\u00e4ser direkt zu unschlagbaren Preisen anbieten. Die Technologie hat endlich mit den W\u00fcnschen der Menschen gleichgezogen.<\/span><\/p>\n<h3 class=\"md-end-block md-heading\"><span class=\"md-plain\">Unsere Vision<\/span><\/h3>\n<p class=\"md-end-block md-p\"><span class=\"md-plain\">Wir stellen uns eine Zukunft vor, in der farbige Kontaktlinsen eine unterhaltsame, leicht zug\u00e4ngliche M\u00f6glichkeit sind, Ihr Aussehen zu ver\u00e4ndern, und nicht ein selten genutzter Spezialartikel.<\/span><\/p>\n<p class=\"md-end-block md-p\"><span class=\"md-plain\">Unsere farbigen Kontaktlinsen sind fast so etwas wie Make-up f\u00fcr Ihre Augen und geben Ihnen die M\u00f6glichkeit, sich selbst auszudr\u00fccken und zu entdecken. Wir m\u00f6chten, dass Sie sich sicher und wohl f\u00fchlen, wenn Sie neue Farben ausprobieren, weil Sie wissen, dass unsere Linsen von hoher Qualit\u00e4t und erschwinglich sind.<\/span><\/p>\n<p class=\"md-end-block md-p\"><span class=\"md-plain\">Ganz gleich, ob Sie eine dezente Ver\u00e4nderung w\u00fcnschen oder sich von der Masse abheben m\u00f6chten, unsere Brillengl\u00e4ser erm\u00f6glichen Ihnen alles. Wir bieten die gr\u00f6\u00dfte Farbauswahl auf dem Markt, mit exotischen Optionen weit \u00fcber die \u00fcblichen Braun-, Blau-, Gr\u00fcn- und Graut\u00f6ne hinaus. Wir sprechen hier von satten Metallic-, Pastell- und sogar gemusterten Designs.<\/span><\/p>\n<p class=\"md-end-block md-p\"><span class=\"md-plain\">W\u00e4hrend wir die Farbpalette erweitern, beabsichtigen wir auch, die Kosten drastisch zu senken. Unser Direct-to-Consumer-Gesch\u00e4ftsmodell erm\u00f6glicht Einsparungen von bis zu 75% gegen\u00fcber herk\u00f6mmlichen Kontaktlinsenmarken. Wir stellen uns den Tag vor, an dem aufregende farbige Kontaktlinsen etwa so viel kosten wie herk\u00f6mmliche klare Linsen - und damit zu einer einfachen, regelm\u00e4\u00dfigen Anschaffung werden, statt zu einer Geldverschwendung.<\/span><\/p>\n<p class=\"md-end-block md-p\"><span class=\"md-plain\">Trotz unseres rasanten Wachstums werden wir unsere Verpflichtung zur Qualit\u00e4t nie aus den Augen verlieren. Alle unsere Linsen werden in hochmodernen Anlagen hergestellt und strengen Sicherheitstests unterzogen. Denn die Gesundheit der Augen sollte niemals dem Stil geopfert werden.<\/span><\/p>\n<p class=\"md-end-block md-p\"><span class=\"md-plain\">Zusammenfassend ist unsere Vision eine Welt, in der farbige Kontaktlinsen sind:<\/span><\/p>\n<p class=\"md-end-block md-p\">-<span class=\"md-plain\"> Zug\u00e4nglich - erschwingliche Preise, einfache Online-Bestellung<\/span><\/p>\n<p class=\"md-end-block md-p\">-<span class=\"md-plain\"> Hohe Qualit\u00e4t - strengstens auf Sicherheit und Haltbarkeit gepr\u00fcft<\/span><\/p>\n<p class=\"md-end-block md-p\">-<span class=\"md-plain\"> On Trend - Stile, die M\u00e4rkte antizipieren und anf\u00fchren<\/span><\/p>\n<p class=\"md-end-block md-p\">-<span class=\"md-plain\"> Empowering - eine unterhaltsame Art, Ihr Aussehen nach Ihren Vorstellungen zu ver\u00e4ndern<\/span><\/p>\n<p class=\"md-end-block md-p\"><span class=\"md-plain\">Unser bisheriger Fortschritt<\/span><\/p>\n<p class=\"md-end-block md-p\"><span class=\"md-plain\">In den letzten zwei Jahren haben wir unerm\u00fcdlich daran gearbeitet, unsere Vision zu verwirklichen:<\/span><\/p>\n<p class=\"md-end-block md-p\">-<span class=\"md-plain\"> Wir sind Partnerschaften mit weltweit f\u00fchrenden Kontaktlinsenherstellern eingegangen, um unser Portfolio an Tageslinsen, Mehrwochenlinsen und prothetischen Speziallinsen zu produzieren.<\/span><\/p>\n<p class=\"md-end-block md-p\">-<span class=\"md-plain\"> Wir haben renommierte Augen\u00e4rzte und Produktingenieure als Berater f\u00fcr unsere Linsenformulierungen, Sicherheitstests und die Herstellung eingestellt.<\/span><\/p>\n<p class=\"md-end-block md-p\">-<span class=\"md-plain\"> Wir haben hochwertige Materialien wie patentierte farbwechselnde Polymere und kundenspezifische Farbpigmente f\u00fcr lebendige, dauerhafte Farben beschafft.<\/span><\/p>\n<p class=\"md-end-block md-p\">-<span class=\"md-plain\"> Wir haben unsere E-Commerce-Aktivit\u00e4ten im Direktvertrieb perfektioniert, so dass unsere Kunden Linsen einfach ausw\u00e4hlen, anpassen und online bestellen k\u00f6nnen.<\/span><\/p>\n<p class=\"md-end-block md-p\">-<span class=\"md-plain\"> Wir haben bahnbrechende Techniken entwickelt, um neue Farbdesigns als Reaktion auf das Feedback der Verbraucher schnell und effizient in kleinen Chargen zu fertigen. Durch diese Flexibilit\u00e4t bleiben unsere Stile frisch und aufregend.<\/span><\/p>\n<p class=\"md-end-block md-p\">-<span class=\"md-plain\"> Wir haben ein erstklassiges Fulfillment Center eingerichtet, um Linsen in k\u00fcrzester Zeit direkt an Kunden zu liefern.<\/span><\/p>\n<p class=\"md-end-block md-p\">-<span class=\"md-plain\"> Unser Team wuchs auf \u00fcber 50 engagierte Mitarbeiter in den Bereichen Technologie, Marketing, Betrieb und Engagement f\u00fcr die Gemeinschaft.<\/span><\/p>\n<p class=\"md-end-block md-p\">-<span class=\"md-plain\"> Wir haben erfolgreich eine Serie-A-Finanzierungsrunde in H\u00f6he von $7 Millionen abgeschlossen, um unsere Expansionspl\u00e4ne voranzutreiben.<\/span><\/p>\n<p class=\"md-end-block md-p\">-<span class=\"md-plain\"> Das Wichtigste ist, dass wir vor 6 Monaten unseren Online-Shop ins Leben gerufen haben. Seitdem haben \u00fcber 20.000 Kunden die Freude, das Selbstvertrauen und die Freiheit entdeckt, die mit unseren farbigen Kontaktlinsen einhergehen.<\/span><\/p>\n<p class=\"md-end-block md-p\"><span class=\"md-plain\">Dies ist erst der Anfang. In der n\u00e4chsten Phase des Wachstums werden wir:<\/span><\/p>\n<p class=\"md-end-block md-p\">-<span class=\"md-plain\"> Erweiterung unseres Farbportfolios von 100 auf \u00fcber 500 Optionen<\/span><\/p>\n<p class=\"md-end-block md-p\">-<span class=\"md-plain\"> International expandieren und Kunden in \u00fcber 15 L\u00e4ndern bedienen<\/span><\/p>\n<p class=\"md-end-block md-p\">-<span class=\"md-plain\"> Ausbau unserer Gemeinschaft auf \u00fcber 500.000 Kunden mit farbigen Kontaktlinsen<\/span><\/p>\n<p class=\"md-end-block md-p\">-<span class=\"md-plain\"> Senkung der Kosten um weitere 20% und Weitergabe der Einsparungen an die Kunden<\/span><\/p>\n<p class=\"md-end-block md-p\">-<span class=\"md-plain\"> Verfeinerung unserer Daten- und Analysef\u00e4higkeiten, um das Verhalten und die Pr\u00e4ferenzen der K\u00e4ufer zu verstehen<\/span><\/p>\n<p class=\"md-end-block md-p\">-<span class=\"md-plain\"> Investitionen in neue Technologien wie Augmented Reality zur Verbesserung des Online-Kauferlebnisses<\/span><\/p>\n<p class=\"md-end-block md-p\">-<span class=\"md-plain\"> Beibehaltung unserer Verpflichtung zur Nachhaltigkeit durch umweltfreundliche Verpackung und Herstellung<\/span><\/p>\n<p class=\"md-end-block md-p\"><span class=\"md-plain\">Wir wissen, dass wir mit Ihrer Unterst\u00fctzung die verstaubte Kontaktlinsenbranche ver\u00e4ndern und Lebendigkeit und Selbstdarstellung in den Mittelpunkt stellen werden. Bitte begleiten Sie uns auf dieser Reise!<\/span><\/p>\n<h3 class=\"md-end-block md-heading\"><span class=\"md-plain\">Unser Team<\/span><\/h3>\n<p class=\"md-end-block md-p\"><span class=\"md-plain\">W\u00e4hrend Alex und ich das Unternehmen gegr\u00fcndet haben, haben wir jetzt ein unglaubliches Team von 50 Mitarbeitern, die unsere Vision mittragen und unsch\u00e4tzbare Energie und Fachwissen einbringen.<\/span><\/p>\n<p class=\"md-end-block md-p\"><span class=\"md-plain\">Unser Personal umfasst:<\/span><\/p>\n<ul class=\"ul-list\" data-mark=\"-\">\n<li class=\"md-list-item\">\n<p class=\"md-end-block md-p\">-<span class=\"md-plain\"> Ophthalmologen und Optometristen: Sicherstellen, dass unsere Linsen die Sicherheitsstandards der Industrie erf\u00fcllen oder \u00fcbertreffen<\/span><\/p>\n<\/li>\n<li class=\"md-list-item\">\n<p class=\"md-end-block md-p\">-<span class=\"md-plain\"> Chemiker f\u00fcr Kontaktlinsen: Entwicklung von Materialien und Beschichtungen der n\u00e4chsten Generation f\u00fcr Komfort und Haltbarkeit<\/span><\/p>\n<\/li>\n<li class=\"md-list-item\">\n<p class=\"md-end-block md-p\">-<span class=\"md-plain\"> Fertigungsingenieure: \u00dcberwachung von Produktionsprozessen und Qualit\u00e4tskontrolle<\/span><\/p>\n<\/li>\n<li class=\"md-list-item\">\n<p class=\"md-end-block md-p\">-<span class=\"md-plain\"> eCommerce-Gurus: Verwaltung unseres Online-Shops und der durchg\u00e4ngigen Kundenerfahrung<\/span><\/p>\n<\/li>\n<li class=\"md-list-item\">\n<p class=\"md-end-block md-p\">-<span class=\"md-plain\"> Grafikdesigner: Konzeptualisierung trendiger Farbmuster und -effekte<\/span><\/p>\n<\/li>\n<li class=\"md-list-item\">\n<p class=\"md-end-block md-p\">-<span class=\"md-plain\"> Marketing-Assistenten: Aufbau unserer Gemeinschaft und F\u00f6rderung unserer Mission<\/span><\/p>\n<\/li>\n<li class=\"md-list-item\">\n<p class=\"md-end-block md-p\">-<span class=\"md-plain\"> Fulfillment-Ninjas: Schnelle Logistik f\u00fcr die Auftragsauslieferung<\/span><\/p>\n<\/li>\n<li class=\"md-list-item\">\n<p class=\"md-end-block md-p\">-<span class=\"md-plain\"> Bef\u00fcrworter der Kundenbetreuung: Au\u00dfergew\u00f6hnliche Unterst\u00fctzung vor und nach dem Kauf<\/span><\/p>\n<\/li>\n<li class=\"md-list-item\">\n<p class=\"md-end-block md-p\">-<span class=\"md-plain\"> Profis f\u00fcr Gesch\u00e4ftsabl\u00e4ufe: Leitung von Finanz-, Personal-, Rechts- und anderen operativen Funktionen<\/span><\/p>\n<\/li>\n<\/ul>\n<p class=\"md-end-block md-p\"><span class=\"md-plain\">Wir haben auch Partnerschaften mit Influencern und Augen\u00e4rzten auf der ganzen Welt geschlossen, um f\u00fcr unsere Produkte zu werben und \u00fcber die sichere Verwendung von Farbkontaktlinsen aufzukl\u00e4ren.<\/span><\/p>\n<p class=\"md-end-block md-p\"><span class=\"md-plain\">Dieses talentierte Team erm\u00f6glicht es uns, weiterhin innovativ zu sein und gleichzeitig verantwortungsbewusst zu skalieren. Wir sind sehr dankbar f\u00fcr ihre Leidenschaft und ihre Talente.<\/span><\/p>\n<h3 class=\"md-end-block md-heading\"><span class=\"md-plain\">Unsere Produktionspartner<\/span><\/h3>\n<p class=\"md-end-block md-p\"><span class=\"md-plain\">Zur Herstellung unserer Farbkontaktlinsen der n\u00e4chsten Generation haben wir mit drei branchenf\u00fchrenden Produktionspartnern in den USA, Europa und Asien zusammengearbeitet.<\/span><\/p>\n<p class=\"md-end-block md-p\"><span class=\"md-plain\">Diese Partner bieten Zugang zu hochmodernen Einrichtungen, Sicherheitstestlabors und technischem Know-how. Ihre globale Pr\u00e4senz erm\u00f6glicht es uns, Kunden auf der ganzen Welt effizient mit Linsen zu beliefern.<\/span><\/p>\n<p class=\"md-end-block md-p\"><span class=\"md-plain\">Wir \u00fcberwachen den gesamten Herstellungsprozess durch Qualit\u00e4tskontrollen vor Ort, Sicherheitspr\u00fcfungen und durch die Zuweisung von Mitarbeitern f\u00fcr jede Anlage. Dieser praktische Ansatz stellt sicher, dass alle Linsen unsere strengen Standards erf\u00fcllen.<\/span><\/p>\n<p class=\"md-end-block md-p\"><span class=\"md-plain\">Unsere Produktionsbeziehungen erm\u00f6glichen es uns auch, schnell neue Farben zu entwickeln und Nachfragespitzen zu bew\u00e4ltigen. Wir k\u00f6nnen die Produktion in verschiedenen Regionen schnell hochfahren. Diese Flexibilit\u00e4t hilft uns, an der Spitze der Trends bei farbigen Kontaktlinsen zu bleiben.<\/span><\/p>\n<p class=\"md-end-block md-p\"><span class=\"md-plain\">W\u00e4hrend einige Wettbewerber versuchen, ihre Produktionspartner zu verstecken, sind wir stolz darauf, diese Kooperationen zu ver\u00f6ffentlichen. Unsere Kunden haben das Recht zu wissen, wer ihre Brillengl\u00e4ser herstellt und wo. Wir halten uns und unsere Partner an die h\u00f6chsten Standards f\u00fcr Ethik, Qualit\u00e4t und Transparenz.<\/span><\/p>\n<h3 class=\"md-end-block md-heading\"><span class=\"md-plain\">Der Weg in die Zukunft<\/span><\/h3>\n<p class=\"md-end-block md-p\"><span class=\"md-plain\">Seit unserer Gr\u00fcndung vor zwei Jahren haben wir enorme Fortschritte gemacht. Aber wir haben nur an der Oberfl\u00e4che dessen gekratzt, was m\u00f6glich ist.<\/span><\/p>\n<p class=\"md-end-block md-p\"><span class=\"md-plain md-expand\">Ein Blick in die Zukunft,<\/span><\/p>","protected":false},"excerpt":{"rendered":"<p>Our Story They say eyes are the window to the soul. But for too long, contact lens companies have limited what we can see through those windows. The big players dominate the industry, overcharging for basic clear lenses while ignoring consumer demand for more options. They\u2019ve turned contact lenses into a bland commodity, rather than [&#8230;]\n","protected":false},"author":1,"featured_media":0,"parent":0,"menu_order":0,"comment_status":"closed","ping_status":"closed","template":"","meta":{"footnotes":""},"class_list":["post-328","page","type-page","status-publish","hentry"],"_links":{"self":[{"href":"https:\/\/bqeye.com\/de\/wp-json\/wp\/v2\/pages\/328","targetHints":{"allow":["GET"]}}],"collection":[{"href":"https:\/\/bqeye.com\/de\/wp-json\/wp\/v2\/pages"}],"about":[{"href":"https:\/\/bqeye.com\/de\/wp-json\/wp\/v2\/types\/page"}],"author":[{"embeddable":true,"href":"https:\/\/bqeye.com\/de\/wp-json\/wp\/v2\/users\/1"}],"replies":[{"embeddable":true,"href":"https:\/\/bqeye.com\/de\/wp-json\/wp\/v2\/comments?post=328"}],"version-history":[{"count":0,"href":"https:\/\/bqeye.com\/de\/wp-json\/wp\/v2\/pages\/328\/revisions"}],"wp:attachment":[{"href":"https:\/\/bqeye.com\/de\/wp-json\/wp\/v2\/media?parent=328"}],"curies":[{"name":"wp","href":"https:\/\/api.w.org\/{rel}","templated":true}]}}