{"id":685,"date":"2023-09-10T13:19:13","date_gmt":"2023-09-10T13:19:13","guid":{"rendered":"https:\/\/bqeye.com\/?page_id=685"},"modified":"2023-11-07T14:39:54","modified_gmt":"2023-11-07T14:39:54","slug":"contact-us","status":"publish","type":"page","link":"https:\/\/bqeye.com\/de\/contact-us\/","title":{"rendered":"Kontaktiere uns"},"content":{"rendered":"<p>Wir sch\u00e4tzen Ihr Feedback und sind f\u00fcr Sie da. Wenn Sie den Status Ihres Pakets verfolgen m\u00f6chten, besuchen Sie bitte unsere spezielle Website zur Paketverfolgung unter\u00a0<strong><a href=\"https:\/\/724track.com\/\" target=\"_blank\" rel=\"noopener\">https:\/\/724track.com<\/a><\/strong>. Auf dieser Plattform k\u00f6nnen Sie Ihre E-Mail-Adresse und die Sendungsverfolgungsnummer eingeben, um den Status Ihres Pakets zu \u00fcberpr\u00fcfen. Manchmal k\u00f6nnen unsere Paketverfolgungsnummern als Marketing gekennzeichnet werden und in Ihrem Spam- oder Papierkorbordner landen.<\/p>\n<p>Bei Fragen zu t\u00e4glichen Bestellungen, zum Kundendienst oder zu allgemeiner Unterst\u00fctzung kontaktieren Sie uns bitte per E-Mail unter\u00a0<strong><a href=\"mailto:service@bqeye.com\" target=\"_blank\" rel=\"noopener\">service@bqeye.com<\/a>.<\/strong><\/p>\n<p>Wenn Sie Fragen zu Influencer-Kooperationen oder Partnerschaftsm\u00f6glichkeiten haben, wenden Sie sich bitte an uns unter <strong><a href=\"mailto:cop@bqeye.com\" target=\"_blank\" rel=\"noopener\">ins@bqeye.com<\/a>.<\/strong><\/p>\n<p>Wir bem\u00fchen uns, alle Anfragen innerhalb von 24-48 Stunden zu beantworten. Vielen Dank, dass Sie uns kontaktiert haben!<\/p>","protected":false},"excerpt":{"rendered":"<p>We value your feedback and are here to assist you. If you would like to track your package status, please visit our dedicated package tracking site at\u00a0https:\/\/724track.com. This platform allows you to input your email and tracking number to check the status of your package. Sometimes, our package tracking numbers may be flagged as marketing [&#8230;]\n","protected":false},"author":1,"featured_media":0,"parent":0,"menu_order":0,"comment_status":"closed","ping_status":"closed","template":"","meta":{"footnotes":""},"class_list":["post-685","page","type-page","status-publish","hentry"],"_links":{"self":[{"href":"https:\/\/bqeye.com\/de\/wp-json\/wp\/v2\/pages\/685","targetHints":{"allow":["GET"]}}],"collection":[{"href":"https:\/\/bqeye.com\/de\/wp-json\/wp\/v2\/pages"}],"about":[{"href":"https:\/\/bqeye.com\/de\/wp-json\/wp\/v2\/types\/page"}],"author":[{"embeddable":true,"href":"https:\/\/bqeye.com\/de\/wp-json\/wp\/v2\/users\/1"}],"replies":[{"embeddable":true,"href":"https:\/\/bqeye.com\/de\/wp-json\/wp\/v2\/comments?post=685"}],"version-history":[{"count":0,"href":"https:\/\/bqeye.com\/de\/wp-json\/wp\/v2\/pages\/685\/revisions"}],"wp:attachment":[{"href":"https:\/\/bqeye.com\/de\/wp-json\/wp\/v2\/media?parent=685"}],"curies":[{"name":"wp","href":"https:\/\/api.w.org\/{rel}","templated":true}]}}