{"id":1001,"date":"2023-09-12T11:56:58","date_gmt":"2023-09-12T11:56:58","guid":{"rendered":"https:\/\/bqeye.com\/?post_type=product&#038;p=1001"},"modified":"2024-04-18T02:21:32","modified_gmt":"2024-04-18T02:21:32","slug":"bqeye-magnificent-antarctic-blue-colored-contact-lenses","status":"publish","type":"product","link":"https:\/\/bqeye.com\/de\/bqeye-magnificent-antarctic-blue-colored-contact-lenses\/","title":{"rendered":"BQeye Magnificent Antarctic Blue farbige Kontaktlinsen"},"content":{"rendered":"<p>Erwecken Sie Ihre Augen mit den Magnificent Antarctic Blue Kontaktlinsen von BQeye zu eisiger Mystik. Unsere azurblaue Mischung aus Periwinkle, Azur und Kobalt enth\u00fcllt Augen, die vor winterlicher Pracht nur so strotzen.<\/p>\n<p>Magnificent ist nicht nur blau, sondern hat auch Untert\u00f6ne von Indigo und Saphir - ein Hauch von Polarlicht, das zwischen den Sternen der Polarnacht tanzt. Diese speziellen farbigen Kontaktlinsen unterstreichen die nat\u00fcrliche Sch\u00f6nheit durch ihren glitzernden, gefrorenen Schleier.<\/p>\n<p>Magnificent wurde von Kunsthandwerkern gefertigt, die in der polaren Magie bewandert sind, und bewegt sich so sicher und schnell wie krachende Gletscher. Die HEMA-Feuchtigkeit sorgt daf\u00fcr, dass diese azurblauen Kugeln kristallklar bleiben, egal ob sie gefrorene Tiefen erforschen oder inmitten der rauesten Sch\u00f6nheit der Natur gedeihen. Jetzt k\u00f6nnen die Geheimnisse des Eises ans Licht kommen, wenn Sie die Augen haben, um wirklich zu sehen.<\/p>\n<p>Lassen Sie Magnificent die faszinierende Anziehungskraft mit lebendigen Farben verst\u00e4rken. Die Pr\u00e4zisionsarbeit von BQeye sorgt f\u00fcr eine butterweiche Gl\u00e4tte, um die durchdringende Anziehungskraft zu unterstreichen, egal ob sie inmitten eisiger Majest\u00e4t gedeiht oder mit eisigem Fokus beobachtet. Neue Geschichten von winterlichen Wundern scheinen jetzt durch.<\/p>\n<p>Erwecken Sie Ihr wahres Wesen mit Gl\u00e4sern, die so widerstandsf\u00e4hig und facettenreich sind wie das Eis selbst. Es ist an der Zeit, Augen zu entdecken, die vor unendlichen M\u00f6glichkeiten funkeln, die sich durch den bezaubernden azurblauen Schleier von Magnificent abzeichnen. Ihre Reise in die endlosen Gletscherwelten des Lebens hat gerade erst begonnen.<\/p>","protected":false},"excerpt":{"rendered":"<p>Awaken eyes aglow with icy mystique via BQeye&#8217;s Magnificent Antarctic Blue colored contact lenses. Our cerulean medley of periwinkle, azure and cobalt unveils orbs alive with wintry splendor. Beyond mere blue, Magnificent ignites undertones of indigo and sapphire &#8211; glimpses of auroras dancing amid polar night&#8217;s stars. These specialized colored contact lenses enhance natural beauty [&#8230;]\n","protected":false},"featured_media":1008,"comment_status":"open","ping_status":"closed","template":"","meta":[],"product_brand":[],"product_cat":[207,91,75,96,98],"product_tag":[],"class_list":{"0":"post-1001","1":"product","2":"type-product","3":"status-publish","4":"has-post-thumbnail","6":"product_cat-magnificent","7":"product_cat-14-2-mm","8":"product_cat-blue-contact-lenses","9":"product_cat-non-prescription","10":"product_cat-yearly-disposable","12":"first","13":"instock","14":"sale","15":"shipping-taxable","16":"purchasable","17":"product-type-variable","18":"has-default-attributes"},"_links":{"self":[{"href":"https:\/\/bqeye.com\/de\/wp-json\/wp\/v2\/product\/1001","targetHints":{"allow":["GET"]}}],"collection":[{"href":"https:\/\/bqeye.com\/de\/wp-json\/wp\/v2\/product"}],"about":[{"href":"https:\/\/bqeye.com\/de\/wp-json\/wp\/v2\/types\/product"}],"replies":[{"embeddable":true,"href":"https:\/\/bqeye.com\/de\/wp-json\/wp\/v2\/comments?post=1001"}],"wp:featuredmedia":[{"embeddable":true,"href":"https:\/\/bqeye.com\/de\/wp-json\/wp\/v2\/media\/1008"}],"wp:attachment":[{"href":"https:\/\/bqeye.com\/de\/wp-json\/wp\/v2\/media?parent=1001"}],"wp:term":[{"taxonomy":"product_brand","embeddable":true,"href":"https:\/\/bqeye.com\/de\/wp-json\/wp\/v2\/product_brand?post=1001"},{"taxonomy":"product_cat","embeddable":true,"href":"https:\/\/bqeye.com\/de\/wp-json\/wp\/v2\/product_cat?post=1001"},{"taxonomy":"product_tag","embeddable":true,"href":"https:\/\/bqeye.com\/de\/wp-json\/wp\/v2\/product_tag?post=1001"}],"curies":[{"name":"wp","href":"https:\/\/api.w.org\/{rel}","templated":true}]}}