{"id":1009,"date":"2023-09-12T12:01:00","date_gmt":"2023-09-12T12:01:00","guid":{"rendered":"https:\/\/bqeye.com\/?post_type=product&#038;p=1009"},"modified":"2024-04-18T02:21:28","modified_gmt":"2024-04-18T02:21:28","slug":"bqeye-magnificent-grey-colored-contact-lenses","status":"publish","type":"product","link":"https:\/\/bqeye.com\/de\/bqeye-magnificent-grey-colored-contact-lenses\/","title":{"rendered":"BQeye Magnificent Grau farbige Kontaktlinsen"},"content":{"rendered":"<p>Erwecken Sie Augen, die faszinieren, mit den farbigen Kontaktlinsen Magnificent Grey von BQeye. Unsere st\u00e4hlerne Mischung aus Holzkohle, Rauch und Asche enth\u00fcllt Augen, die mit subtiler Komplexit\u00e4t schimmern.<\/p>\n<p>Magnificent ist nicht nur grau, sondern hat auch einen Hauch von Silber und Zinn - Flecken, die in geh\u00e4mmertem Stahl durchschimmern. Diese speziellen farbigen Kontaktlinsen unterstreichen die nat\u00fcrliche Sch\u00f6nheit in ihrem k\u00fchlen industriellen Schleier.<\/p>\n<p>Geschmiedet von innovativen Brillenglasmachern, bewegt sich Magnificent mit sicherer Anmut, ob in Vorstandsetagen oder beim Studium der urbanen Umwelt. Die HEMA-Fl\u00fcssigkeit sorgt daf\u00fcr, dass diese st\u00e4hlernen Sph\u00e4ren an avantgardistischen Tagen oder in dunklen, romantischen N\u00e4chten geschmeidig bleiben. Jetzt k\u00f6nnen verborgene Tiefen zum Vorschein kommen, wenn man sie nur beobachtet.<\/p>\n<p>Lassen Sie Magnificent die magnetische Anziehungskraft mit modernen Geheimnissen verst\u00e4rken. Die Pr\u00e4zision von BQeye sorgt f\u00fcr geschmeidigen Komfort, um den intuitiven Charme zu unterstreichen, egal ob es sich um einen ausgefeilten Abenteurer handelt oder um einen, der leise alle Vorurteile durchbricht. Neue Geschichten von urbanen Geheimnissen scheinen jetzt durch.<\/p>\n<p>Wecken Sie Ihre wahren Einsichten mit Brillengl\u00e4sern, die so facettenreich sind wie die moderne Welt selbst. Es ist an der Zeit, Augen zu entdecken, die durch den bet\u00f6renden grauen Schleier von Magnificent schimmern und M\u00f6glichkeiten aufzeigen. Wohin wird Ihre Reise der Neuerfindung f\u00fchren? Das muss sich erst noch zeigen.<\/p>","protected":false},"excerpt":{"rendered":"<p>Awaken eyes that intrigue with BQeye&#8217;s Magnificent Grey colored contact lenses. Our steely m\u00e9lange of charcoal, smoke and ash unveils orbs that gleam with subtle complexity. Beyond mere grey, Magnificent ignites hints of silver and pewter &#8211; flecks glimpsed within hammered steel. These specialized colored contact lenses enhance natural beauty from within their cool industrial [&#8230;]\n","protected":false},"featured_media":1017,"comment_status":"open","ping_status":"closed","template":"","meta":[],"product_brand":[],"product_cat":[207,91,81,96,98],"product_tag":[],"class_list":{"0":"post-1009","1":"product","2":"type-product","3":"status-publish","4":"has-post-thumbnail","6":"product_cat-magnificent","7":"product_cat-14-2-mm","8":"product_cat-grey-contact-lenses","9":"product_cat-non-prescription","10":"product_cat-yearly-disposable","12":"first","13":"instock","14":"sale","15":"shipping-taxable","16":"purchasable","17":"product-type-variable","18":"has-default-attributes"},"_links":{"self":[{"href":"https:\/\/bqeye.com\/de\/wp-json\/wp\/v2\/product\/1009","targetHints":{"allow":["GET"]}}],"collection":[{"href":"https:\/\/bqeye.com\/de\/wp-json\/wp\/v2\/product"}],"about":[{"href":"https:\/\/bqeye.com\/de\/wp-json\/wp\/v2\/types\/product"}],"replies":[{"embeddable":true,"href":"https:\/\/bqeye.com\/de\/wp-json\/wp\/v2\/comments?post=1009"}],"wp:featuredmedia":[{"embeddable":true,"href":"https:\/\/bqeye.com\/de\/wp-json\/wp\/v2\/media\/1017"}],"wp:attachment":[{"href":"https:\/\/bqeye.com\/de\/wp-json\/wp\/v2\/media?parent=1009"}],"wp:term":[{"taxonomy":"product_brand","embeddable":true,"href":"https:\/\/bqeye.com\/de\/wp-json\/wp\/v2\/product_brand?post=1009"},{"taxonomy":"product_cat","embeddable":true,"href":"https:\/\/bqeye.com\/de\/wp-json\/wp\/v2\/product_cat?post=1009"},{"taxonomy":"product_tag","embeddable":true,"href":"https:\/\/bqeye.com\/de\/wp-json\/wp\/v2\/product_tag?post=1009"}],"curies":[{"name":"wp","href":"https:\/\/api.w.org\/{rel}","templated":true}]}}