{"id":1018,"date":"2023-09-12T12:15:57","date_gmt":"2023-09-12T12:15:57","guid":{"rendered":"https:\/\/bqeye.com\/?post_type=product&#038;p=1018"},"modified":"2024-04-18T02:21:25","modified_gmt":"2024-04-18T02:21:25","slug":"bqeye-magnificent-black-colored-contact-lenses","status":"publish","type":"product","link":"https:\/\/bqeye.com\/de\/bqeye-magnificent-black-colored-contact-lenses\/","title":{"rendered":"BQeye Magnificent schwarze farbige Kontaktlinsen"},"content":{"rendered":"<p>Verleihen Sie Ihren Augen mit den Magnificent Black Kontaktlinsen von BQeye eine faszinierende Ausstrahlung. Unsere tintenschwarze Fusion aus Kobalt, Onyx und Ebenholz enth\u00fcllt Augen, die alle in tiefere Betrachtung ziehen.<\/p>\n<p>Magnificent ist nicht nur schwarz, sondern entz\u00fcndet subtile Schimmer von Saphir und Mitternacht - Einblicke in den verf\u00fchrerischen Schleier der Schatten. Diese speziellen farbigen Kontaktlinsen verst\u00e4rken die nat\u00fcrliche Sch\u00f6nheit durch ihren geheimnisvollen Schleier.<\/p>\n<p>Geschmiedet von Kunsthandwerkern, die in erweiterter Erkenntnis getr\u00e4nkt sind, bewegt sich Magnificent mit sicherer Heimlichkeit, ob beim Beobachten anderer oder beim privaten Gr\u00fcbeln. HEMA-Fl\u00fcssigkeit h\u00e4lt diese undurchsichtigen Kugeln geschmeidig, egal ob Lunas Licht oder elektrisches Gl\u00fchen. Jetzt k\u00f6nnen verborgene Facetten zum Vorschein kommen, wenn Sie in aller Ruhe nach innen schauen.<\/p>\n<p>Lassen Sie Magnificent die Intrige mit unergr\u00fcndlicher Tiefe verst\u00e4rken. Die Pr\u00e4zision von BQeye sorgt f\u00fcr Komfort, um die Intuition zu unterstreichen, egal ob sie alle Oberfl\u00e4chen durchdringt oder in den Geheimnissen der Nacht verborgen ist. Neue Geheimnisse des Netzhautreizes scheinen jetzt durch.<\/p>\n<p>Erwecke aufschlussreiche Visionen durch Linsen, die so facettenreich sind wie der Schatten selbst. Es ist an der Zeit, Augen zu finden, die durch den bet\u00f6renden schwarzen Schleier des Pr\u00e4chtigen hindurch nach innen blicken. Wohin wird deine innere Erleuchtung f\u00fchren? Alles bleibt im Inneren verschleiert und wartet darauf, gesehen zu werden.<\/p>","protected":false},"excerpt":{"rendered":"<p>Enhance eyes that mesmerize with BQeye&#8217;s Magnificent Black colored contact lenses. Our inky fusion of cobalt, onyx and ebony unveils orbs that draw all into deeper contemplation. Beyond mere black, Magnificent ignites subtle glints of sapphire and midnight &#8211; glimpses within shadow&#8217;s alluring veil. These specialized colored contact lenses enhance natural beauty from within their [&#8230;]\n","protected":false},"featured_media":1025,"comment_status":"open","ping_status":"closed","template":"","meta":[],"product_brand":[],"product_cat":[207,91,73,96,98],"product_tag":[],"class_list":{"0":"post-1018","1":"product","2":"type-product","3":"status-publish","4":"has-post-thumbnail","6":"product_cat-magnificent","7":"product_cat-14-2-mm","8":"product_cat-black-contact-lenses","9":"product_cat-non-prescription","10":"product_cat-yearly-disposable","12":"first","13":"instock","14":"sale","15":"shipping-taxable","16":"purchasable","17":"product-type-variable","18":"has-default-attributes"},"_links":{"self":[{"href":"https:\/\/bqeye.com\/de\/wp-json\/wp\/v2\/product\/1018","targetHints":{"allow":["GET"]}}],"collection":[{"href":"https:\/\/bqeye.com\/de\/wp-json\/wp\/v2\/product"}],"about":[{"href":"https:\/\/bqeye.com\/de\/wp-json\/wp\/v2\/types\/product"}],"replies":[{"embeddable":true,"href":"https:\/\/bqeye.com\/de\/wp-json\/wp\/v2\/comments?post=1018"}],"wp:featuredmedia":[{"embeddable":true,"href":"https:\/\/bqeye.com\/de\/wp-json\/wp\/v2\/media\/1025"}],"wp:attachment":[{"href":"https:\/\/bqeye.com\/de\/wp-json\/wp\/v2\/media?parent=1018"}],"wp:term":[{"taxonomy":"product_brand","embeddable":true,"href":"https:\/\/bqeye.com\/de\/wp-json\/wp\/v2\/product_brand?post=1018"},{"taxonomy":"product_cat","embeddable":true,"href":"https:\/\/bqeye.com\/de\/wp-json\/wp\/v2\/product_cat?post=1018"},{"taxonomy":"product_tag","embeddable":true,"href":"https:\/\/bqeye.com\/de\/wp-json\/wp\/v2\/product_tag?post=1018"}],"curies":[{"name":"wp","href":"https:\/\/api.w.org\/{rel}","templated":true}]}}