{"id":1035,"date":"2023-09-18T02:44:42","date_gmt":"2023-09-18T02:44:42","guid":{"rendered":"https:\/\/bqeye.com\/?post_type=product&#038;p=1035"},"modified":"2024-04-18T02:21:22","modified_gmt":"2024-04-18T02:21:22","slug":"bqeye-stunna-girl-khaki-colored-contact-lenses","status":"publish","type":"product","link":"https:\/\/bqeye.com\/de\/bqeye-stunna-girl-khaki-colored-contact-lenses\/","title":{"rendered":"BQeye Stunna Girl Khaki farbige Kontaktlinsen"},"content":{"rendered":"<div>Mit Augen, die vom charakteristischen Khaki-Farbton von BQeye inspiriert sind, kannst du dich als trendbewusste Bienenk\u00f6nigin stilvoll inspirieren lassen. Diese neutral gef\u00e4rbten Kontaktlinsen wurden exklusiv f\u00fcr Fashionistas entwickelt, die viel unterwegs sind, und verleihen ihnen eine m\u00fchelos schicke \u00c4sthetik.<\/div>\n<div><\/div>\n<div>Unsere erdige Mischung aus Hellbraun und Nude erweckt die Augen mit einem frischen, minimalistischen Funken. Kreisf\u00f6rmige Linsen und zarte Pigmente erm\u00f6glichen eine Reihe von Ausdrucksformen von schw\u00fcl bis s\u00fc\u00df. Das HEMA-Material sorgt daf\u00fcr, dass sich die Augenlider den ganzen Tag \u00fcppig anf\u00fchlen.<\/div>\n<div><\/div>\n<div>Egal, ob du ein monochromes Outfit oder eine Y2K-Inspiration tr\u00e4gst, diese vielseitigen Linsen synchronisieren deine Vision mit dem f\u00fcr Stunna Girl typischen Cool-Girl-Flair. Strapazierf\u00e4hig, aber schlank f\u00fcr flatternde Falsies und Statement-Liner-Looks.<\/div>\n<div><\/div>\n<div>Verleihen Sie Ihrem inneren It-Girl einen Blick, der so vielseitig und trendig ist wie Stunnas modisches Know-how. Vervollst\u00e4ndigen Sie jeden Look mit ihrem charakteristischen khakifarbenen Blick, einem neutralen Look, der immer auf Ihrer Seite ist.<\/div>\n<div><\/div>\n<div>Mit diesen charakteristischen BQeye-Schirmen kannst du deinen eigenen Stil wie eine K\u00f6nigin tragen. Bestelle sie jetzt, um der Kurve in Sachen Komfort einen Schritt voraus zu sein.<\/div>","protected":false},"excerpt":{"rendered":"<p>Serve up serious style inspo as the trendsetting queen bee with eyes inspired by BQeye&#8217;s signature khaki hue. Crafted exclusively for the fashionista on-the-go, these neutral colored contact lenses channel an effortlessly chic aesthetic. Our earthy blend of tan and nude awakens eyes with a fresh, minimalist spark. Circle lenses and delicate pigments allow a [&#8230;]\n","protected":false},"featured_media":1043,"comment_status":"open","ping_status":"closed","template":"","meta":[],"product_brand":[],"product_cat":[104,91,84,96,98],"product_tag":[],"class_list":{"0":"post-1035","1":"product","2":"type-product","3":"status-publish","4":"has-post-thumbnail","6":"product_cat-stunna-girl","7":"product_cat-14-2-mm","8":"product_cat-hazel-contact-lenses","9":"product_cat-non-prescription","10":"product_cat-yearly-disposable","12":"first","13":"instock","14":"sale","15":"shipping-taxable","16":"purchasable","17":"product-type-variable","18":"has-default-attributes"},"_links":{"self":[{"href":"https:\/\/bqeye.com\/de\/wp-json\/wp\/v2\/product\/1035","targetHints":{"allow":["GET"]}}],"collection":[{"href":"https:\/\/bqeye.com\/de\/wp-json\/wp\/v2\/product"}],"about":[{"href":"https:\/\/bqeye.com\/de\/wp-json\/wp\/v2\/types\/product"}],"replies":[{"embeddable":true,"href":"https:\/\/bqeye.com\/de\/wp-json\/wp\/v2\/comments?post=1035"}],"wp:featuredmedia":[{"embeddable":true,"href":"https:\/\/bqeye.com\/de\/wp-json\/wp\/v2\/media\/1043"}],"wp:attachment":[{"href":"https:\/\/bqeye.com\/de\/wp-json\/wp\/v2\/media?parent=1035"}],"wp:term":[{"taxonomy":"product_brand","embeddable":true,"href":"https:\/\/bqeye.com\/de\/wp-json\/wp\/v2\/product_brand?post=1035"},{"taxonomy":"product_cat","embeddable":true,"href":"https:\/\/bqeye.com\/de\/wp-json\/wp\/v2\/product_cat?post=1035"},{"taxonomy":"product_tag","embeddable":true,"href":"https:\/\/bqeye.com\/de\/wp-json\/wp\/v2\/product_tag?post=1035"}],"curies":[{"name":"wp","href":"https:\/\/api.w.org\/{rel}","templated":true}]}}