{"id":1202,"date":"2023-12-08T15:40:09","date_gmt":"2023-12-08T15:40:09","guid":{"rendered":"https:\/\/bqeye.com\/?post_type=product&#038;p=1202"},"modified":"2024-04-18T02:21:03","modified_gmt":"2024-04-18T02:21:03","slug":"1-day-crystal-series-clear-contacts","status":"publish","type":"product","link":"https:\/\/bqeye.com\/de\/1-day-crystal-series-clear-contacts\/","title":{"rendered":"1 DAY Crystal Series Klare Kontakte - 10 St\u00fcck"},"content":{"rendered":"<p>Erleben Sie den ultimativen Komfort und visuelle Klarheit mit unseren 1 DAY Crystal Series Clear Contacts. Diese transparenten und atmungsaktiven Kontaktlinsen wurden entwickelt, um Ihnen den ganzen Tag \u00fcber ein angenehmes und nat\u00fcrliches Gef\u00fchl zu vermitteln. Egal, ob Sie ein erfahrener Kontaktlinsentr\u00e4ger oder ein Neuling in der Welt der Sehkorrektur sind, unsere Clear Contacts sind die perfekte Wahl f\u00fcr eine nahtlose und problemlose Erfahrung.<\/p>\n<p>Komfort ist das A und O bei Kontaktlinsen, und unsere Clear Contacts zeichnen sich in diesem Punkt aus. Sie sind mit einer fortschrittlichen feuchtigkeitsspeichernden Technologie ausgestattet, die daf\u00fcr sorgt, dass Ihre Augen auch bei stundenlangem Tragen hydratisiert und frisch bleiben. Die hochwertigen Materialien, die bei ihrer Herstellung verwendet werden, erm\u00f6glichen eine maximale Sauerstoffzufuhr, wodurch Trockenheit und Reizungen reduziert werden.<\/p>\n<p>Mit unseren klaren Kontaktlinsen der Crystal Series k\u00f6nnen Sie sich von der l\u00e4stigen Reinigung und Aufbewahrung der Linsen verabschieden. Diese Kontaktlinsen f\u00fcr den t\u00e4glichen Gebrauch bieten ein H\u00f6chstma\u00df an Komfort, denn Sie k\u00f6nnen sie am Ende des Tages einfach herausnehmen und am n\u00e4chsten Morgen wieder einsetzen. Sie m\u00fcssen sich nicht mehr um die Pflege der Linsen k\u00fcmmern oder sperrige Kontaktlinsenbeh\u00e4lter tragen!<\/p>\n<p>Die Crystal Series Clear Contacts bieten eine au\u00dfergew\u00f6hnliche Sehsch\u00e4rfe und erm\u00f6glichen den ganzen Tag \u00fcber eine scharfe und klare Sicht. Ganz gleich, ob Sie am Computer arbeiten, Aktivit\u00e4ten im Freien genie\u00dfen oder einfach Ihrem Alltag nachgehen, diese Linsen sorgen f\u00fcr eine optimale Sehleistung bei unterschiedlichen Lichtverh\u00e4ltnissen.<\/p>\n<p>Unsere Clear Contacts wurden im Hinblick auf Ihre Augengesundheit entwickelt und haben eine glatte und ultrad\u00fcnne Oberfl\u00e4che, die die Reibung minimiert und das Risiko von Unbehagen oder R\u00f6tungen verringert. Sie sind au\u00dferdem mit einem UV-Schutz ausgestattet, der Ihre Augen vor sch\u00e4dlichen Sonnenstrahlen sch\u00fctzt.<\/p>\n<p>Zusammenfassend l\u00e4sst sich sagen, dass unsere 1 DAY Crystal Series Clear Contacts Folgendes bieten<\/p>\n<ol>\n<li>Un\u00fcbertroffener Komfort: Feuchtigkeitssperrende Technologie und hervorragende Atmungsaktivit\u00e4t f\u00fcr ganzt\u00e4gigen Komfort.<\/li>\n<li>Bequemlichkeit: T\u00e4gliche Einweglinsen f\u00fcr eine problemlose Erfahrung.<\/li>\n<li>Au\u00dfergew\u00f6hnliche visuelle Klarheit: Scharfes und klares Sehen in verschiedenen Umgebungen.<\/li>\n<li>Gesundheit f\u00fcr die Augen: Glatte und d\u00fcnne Oberfl\u00e4che, die die Reibung minimiert und UV-Schutz bietet.<\/li>\n<\/ol>\n<p>Entscheiden Sie sich f\u00fcr unsere 1 DAY Crystal Series Clear Kontaktlinsen f\u00fcr ein komfortables, bequemes und atemberaubendes Seherlebnis. Entdecken Sie die Freude am klaren und komfortablen Sehen mit jedem Lidschlag neu.<\/p>","protected":false},"excerpt":{"rendered":"<ul>\n<li>Linsen pro Box: 10<\/li>\n<li>Zeitplan f\u00fcr die Ersetzung: 1 Tag<\/li>\n<li>Wassergehalt: 38%<\/li>\n<\/ul>","protected":false},"featured_media":1203,"comment_status":"open","ping_status":"closed","template":"","meta":[],"product_brand":[],"product_cat":[128,91,100,96,95],"product_tag":[352],"class_list":{"0":"post-1202","1":"product","2":"type-product","3":"status-publish","4":"has-post-thumbnail","6":"product_cat-clear-lenses","7":"product_cat-14-2-mm","8":"product_cat-daily-disposable","9":"product_cat-non-prescription","10":"product_cat-prescription","11":"product_tag-clear-contacts","13":"first","14":"instock","15":"sale","16":"shipping-taxable","17":"purchasable","18":"product-type-variable","19":"has-default-attributes"},"_links":{"self":[{"href":"https:\/\/bqeye.com\/de\/wp-json\/wp\/v2\/product\/1202","targetHints":{"allow":["GET"]}}],"collection":[{"href":"https:\/\/bqeye.com\/de\/wp-json\/wp\/v2\/product"}],"about":[{"href":"https:\/\/bqeye.com\/de\/wp-json\/wp\/v2\/types\/product"}],"replies":[{"embeddable":true,"href":"https:\/\/bqeye.com\/de\/wp-json\/wp\/v2\/comments?post=1202"}],"wp:featuredmedia":[{"embeddable":true,"href":"https:\/\/bqeye.com\/de\/wp-json\/wp\/v2\/media\/1203"}],"wp:attachment":[{"href":"https:\/\/bqeye.com\/de\/wp-json\/wp\/v2\/media?parent=1202"}],"wp:term":[{"taxonomy":"product_brand","embeddable":true,"href":"https:\/\/bqeye.com\/de\/wp-json\/wp\/v2\/product_brand?post=1202"},{"taxonomy":"product_cat","embeddable":true,"href":"https:\/\/bqeye.com\/de\/wp-json\/wp\/v2\/product_cat?post=1202"},{"taxonomy":"product_tag","embeddable":true,"href":"https:\/\/bqeye.com\/de\/wp-json\/wp\/v2\/product_tag?post=1202"}],"curies":[{"name":"wp","href":"https:\/\/api.w.org\/{rel}","templated":true}]}}