{"id":1212,"date":"2023-12-09T12:49:00","date_gmt":"2023-12-09T12:49:00","guid":{"rendered":"https:\/\/bqeye.com\/?post_type=product&#038;p=1212"},"modified":"2024-04-18T02:21:00","modified_gmt":"2024-04-18T02:21:00","slug":"ebony-bean-brown-colored-contact-lenses","status":"publish","type":"product","link":"https:\/\/bqeye.com\/de\/ebony-bean-brown-colored-contact-lenses\/","title":{"rendered":"Ebenholz Bohne Braun Farbige Kontaktlinsen"},"content":{"rendered":"<p>Sie m\u00f6chten Ihre nat\u00fcrliche Augenfarbe unterstreichen und ein mutiges Modestatement setzen? Dann sind Sie bei den farbigen Kontaktlinsen Ebony Bean Brown von BQEYE genau richtig! Unsere farbigen Premium-Kontaktlinsen wurden entwickelt, um Ihr Aussehen zu ver\u00e4ndern und Ihnen das Selbstvertrauen zu geben, sich von der Masse abzuheben.<\/p>\n<p>Unsere farbigen Kontaktlinsen Ebony Bean Brown werden aus den hochwertigsten Materialien hergestellt und bieten au\u00dfergew\u00f6hnlichen Komfort und Klarheit. Egal, ob Sie helle oder dunkle Augen haben, diese Linsen sind so konzipiert, dass sie nahtlos ineinander \u00fcbergehen und einen atemberaubenden und nat\u00fcrlich wirkenden Effekt erzeugen. Mit einem satten Braunton und einem subtilen Hauch von Ebenholz verleihen diese Linsen Ihren Augen Tiefe und Dimension und ziehen sofort die Aufmerksamkeit auf sich.<\/p>\n<p>BQEYE wei\u00df, wie wichtig Sicherheit und Hygiene sind, wenn es um Kontaktlinsen geht. Deshalb werden unsere Ebony Bean Brown farbigen Kontaktlinsen mit \u00e4u\u00dferster Sorgfalt und Pr\u00e4zision hergestellt. Sie sind FDA-zugelassen und bestehen aus einem atmungsaktiven Material, das eine optimale Sauerstoffzufuhr erm\u00f6glicht, damit Ihre Augen den ganzen Tag \u00fcber frisch und gesund bleiben.<\/p>\n<p>Bei unseren farbigen Kontaktlinsen geht es nicht nur um \u00c4sthetik, sie sind auch unglaublich praktisch. Mit einem monatlichen Einwegdesign k\u00f6nnen Sie jeden Monat ein frisches Paar Linsen genie\u00dfen, ohne sich um die Reinigung und Aufbewahrung k\u00fcmmern zu m\u00fcssen. Jede Packung Ebony Bean Brown Farbige Kontaktlinsen enth\u00e4lt zwei Linsen, sodass du ein komplettes Set f\u00fcr beide Augen hast.<\/p>\n<p>Hebe dich von der Masse ab und dr\u00fccke deinen einzigartigen Stil mit den Ebony Bean Brown Colored Contact Lenses von BQEYE aus. Egal, ob du an einer besonderen Veranstaltung teilnimmst, zu einem Date gehst oder einfach deinen Alltagslook aufpeppen m\u00f6chtest, diese Linsen sind das perfekte Accessoire, um deinen Stil zu unterstreichen.<\/p>\n<p>Bestellen Sie Ihr Paar farbige Kontaktlinsen Ebony Bean Brown von BQEYE noch heute und erleben Sie die Magie der farbigen Kontaktlinsen. Ver\u00e4ndern Sie Ihre Augen, ver\u00e4ndern Sie Ihren Stil!<\/p>","protected":false},"excerpt":{"rendered":"<p>Are you looking to enhance your natural eye color and make a bold fashion statement? Look no further than BQEYE&#8217;s Ebony Bean Brown Colored Contact Lenses! Our premium colored contact lenses are designed to transform your look and give you the confidence to stand out from the crowd. Made with the highest quality materials, our [&#8230;]\n","protected":false},"featured_media":1216,"comment_status":"open","ping_status":"closed","template":"","meta":[],"product_brand":[],"product_cat":[101,91,80,100,96,95],"product_tag":[],"class_list":{"0":"post-1212","1":"product","2":"type-product","3":"status-publish","4":"has-post-thumbnail","6":"product_cat-natural-contacts","7":"product_cat-14-2-mm","8":"product_cat-brown-contact-lenses","9":"product_cat-daily-disposable","10":"product_cat-non-prescription","11":"product_cat-prescription","13":"first","14":"instock","15":"sale","16":"shipping-taxable","17":"purchasable","18":"product-type-variable","19":"has-default-attributes"},"_links":{"self":[{"href":"https:\/\/bqeye.com\/de\/wp-json\/wp\/v2\/product\/1212","targetHints":{"allow":["GET"]}}],"collection":[{"href":"https:\/\/bqeye.com\/de\/wp-json\/wp\/v2\/product"}],"about":[{"href":"https:\/\/bqeye.com\/de\/wp-json\/wp\/v2\/types\/product"}],"replies":[{"embeddable":true,"href":"https:\/\/bqeye.com\/de\/wp-json\/wp\/v2\/comments?post=1212"}],"wp:featuredmedia":[{"embeddable":true,"href":"https:\/\/bqeye.com\/de\/wp-json\/wp\/v2\/media\/1216"}],"wp:attachment":[{"href":"https:\/\/bqeye.com\/de\/wp-json\/wp\/v2\/media?parent=1212"}],"wp:term":[{"taxonomy":"product_brand","embeddable":true,"href":"https:\/\/bqeye.com\/de\/wp-json\/wp\/v2\/product_brand?post=1212"},{"taxonomy":"product_cat","embeddable":true,"href":"https:\/\/bqeye.com\/de\/wp-json\/wp\/v2\/product_cat?post=1212"},{"taxonomy":"product_tag","embeddable":true,"href":"https:\/\/bqeye.com\/de\/wp-json\/wp\/v2\/product_tag?post=1212"}],"curies":[{"name":"wp","href":"https:\/\/api.w.org\/{rel}","templated":true}]}}