{"id":1226,"date":"2023-12-09T15:24:46","date_gmt":"2023-12-09T15:24:46","guid":{"rendered":"https:\/\/bqeye.com\/?post_type=product&#038;p=1226"},"modified":"2024-04-18T02:20:47","modified_gmt":"2024-04-18T02:20:47","slug":"hollywood-brown-contact-lenses","status":"publish","type":"product","link":"https:\/\/bqeye.com\/de\/hollywood-brown-contact-lenses\/","title":{"rendered":"Hollywood Brown Kontaktlinsen"},"content":{"rendered":"<p>\"Sind Sie bereit, Ihren Look mit einem Hauch von Intrige aufzupeppen? Wir stellen Ihnen die Hollywood Brown Kontaktlinsen von BQEYE vor.<\/p>\n<p>Diese weichen braunen Linsen verleihen den Augen eine sch\u00f6ne Dimension und Tiefe, ohne dass sie aufwendig zu pflegen sind. Setzen Sie sie ein und beobachten Sie, wie Ihre Iris einen satten, schokoladigen Farbton annimmt, der Ihre Augen wirklich zum Strahlen bringt. Vorbei sind die Zeiten eindimensionaler Augen - Hollywood Browns verst\u00e4rken jede nat\u00fcrliche Farbe mit Flecken und Schichten von warmem Braun f\u00fcr Augen, die einen zweiten Blick erfordern.<\/p>\n<p>Der subtile Braunton bringt versteckte Gold-, Gr\u00fcn- und Haselnusst\u00f6ne zum Vorschein, von denen Sie gar nicht wussten, dass sie in Ihren Augen schlummern. Blaue und graue T\u00f6ne erhalten eine erdige, Caf\u00e9 au lait-Qualit\u00e4t, die die Leute fragen l\u00e4sst, was Ihre \"echte\" Augenfarbe ist. Selbst tiefe Braunt\u00f6ne erhalten mit Hollywood Browns eine sexy, dimensional wirkende Definition.<\/p>\n<p>Wie der Name schon sagt, sind diese braunen Kontaktlinsen perfekt f\u00fcr den l\u00e4ssigen Hollywood-Look, um den uns alle beneiden. Wenn du sie tr\u00e4gst, bist du sofort kamera- und teppichfertig, ohne stundenlang im Glamour-Stuhl zu sitzen. Die nat\u00fcrlich aussehende Verst\u00e4rkung l\u00e4sst die Augen auch auf dem Film hervorstechen, so dass Sie das Ergebnis Ihrer Fotos lieben werden, egal ob f\u00fcr die sozialen Medien oder einen Abend in der Stadt.<\/p>\n<p>Die Hollywood Browns von BQEYE sind aus unserem ultrabequemen Hydraclear-Material gefertigt, das sich anf\u00fchlt, als w\u00fcrden Sie gar nichts tragen. Sie werden vergessen, dass Sie sie \u00fcberhaupt tragen! Hydraclear ist atmungsaktiv und bewegt sich mit dem nat\u00fcrlichen Fluss Ihres Auges, sodass Sie das l\u00e4stige Gef\u00fchl von Kontaktlinsen vermeiden. Verabschieden Sie sich auch von trockenen, gereizten Augen - das Material ist so konzipiert, dass Ihre Augen den ganzen Tag \u00fcber ausreichend mit Feuchtigkeit versorgt werden.<\/p>\n<p>Als weltweit f\u00fchrender Anbieter von farbwechselnden Linsen stellt BQEYE bei jedem Produkt Qualit\u00e4t, Sicherheit und Komfort an erste Stelle. Tangerine Browns werden umfangreichen Tests unterzogen, um alle FDA-Standards f\u00fcr die Biokompatibilit\u00e4t der Materialien und die Sauerstoffdurchl\u00e4ssigkeit zu erf\u00fcllen oder zu \u00fcbertreffen. Sie k\u00f6nnen sich sicher sein, dass das, was Ihre Augen jeden Tag ber\u00fchrt, auch wirklich gut ist. Und mit dem empfohlenen 14-t\u00e4gigen Austauschplan werden Sie begeistert sein, wie lange jedes Paar h\u00e4lt, bevor es Zeit f\u00fcr ein neues Set ist.<\/p>\n<p>Ganz gleich, ob Sie Ihren t\u00e4glichen Look aufpeppen, mit etwas Neuem experimentieren oder Kontaktlinsen ben\u00f6tigen, die sich hervorragend fotografieren lassen, Hollywood Brown hat die richtige L\u00f6sung f\u00fcr Sie. Bestellen Sie Ihre Kontaktlinsen noch heute risikofrei und mit unserer 100% Zufriedenheitsgarantie. Sehen Sie, wie sie Ihre Augen subtil verwandeln, ohne Ihr nat\u00fcrliches Aussehen zu \u00fcberdecken - wir glauben, Sie werden sich Hals \u00fcber Kopf in Ihren neuen Lieblingsbraunton verlieben!\"<\/p>","protected":false},"excerpt":{"rendered":"<p>&#8220;Ready to warm up your look with a hint of intrigue? Introducing Hollywood Brown Contact Lenses by BQEYE. These soft brown lenses give eyes beautiful dimension and depth without being high maintenance. Slip them in and watch as your iris takes on a rich, chocolatey tone that makes peepers really pop. Gone are the days [&#8230;]\n","protected":false},"featured_media":1228,"comment_status":"open","ping_status":"closed","template":"","meta":[],"product_brand":[],"product_cat":[101,91,80,100,96,95],"product_tag":[],"class_list":{"0":"post-1226","1":"product","2":"type-product","3":"status-publish","4":"has-post-thumbnail","6":"product_cat-natural-contacts","7":"product_cat-14-2-mm","8":"product_cat-brown-contact-lenses","9":"product_cat-daily-disposable","10":"product_cat-non-prescription","11":"product_cat-prescription","13":"first","14":"instock","15":"sale","16":"shipping-taxable","17":"purchasable","18":"product-type-variable","19":"has-default-attributes"},"_links":{"self":[{"href":"https:\/\/bqeye.com\/de\/wp-json\/wp\/v2\/product\/1226","targetHints":{"allow":["GET"]}}],"collection":[{"href":"https:\/\/bqeye.com\/de\/wp-json\/wp\/v2\/product"}],"about":[{"href":"https:\/\/bqeye.com\/de\/wp-json\/wp\/v2\/types\/product"}],"replies":[{"embeddable":true,"href":"https:\/\/bqeye.com\/de\/wp-json\/wp\/v2\/comments?post=1226"}],"wp:featuredmedia":[{"embeddable":true,"href":"https:\/\/bqeye.com\/de\/wp-json\/wp\/v2\/media\/1228"}],"wp:attachment":[{"href":"https:\/\/bqeye.com\/de\/wp-json\/wp\/v2\/media?parent=1226"}],"wp:term":[{"taxonomy":"product_brand","embeddable":true,"href":"https:\/\/bqeye.com\/de\/wp-json\/wp\/v2\/product_brand?post=1226"},{"taxonomy":"product_cat","embeddable":true,"href":"https:\/\/bqeye.com\/de\/wp-json\/wp\/v2\/product_cat?post=1226"},{"taxonomy":"product_tag","embeddable":true,"href":"https:\/\/bqeye.com\/de\/wp-json\/wp\/v2\/product_tag?post=1226"}],"curies":[{"name":"wp","href":"https:\/\/api.w.org\/{rel}","templated":true}]}}