{"id":1235,"date":"2023-12-09T15:40:37","date_gmt":"2023-12-09T15:40:37","guid":{"rendered":"https:\/\/bqeye.com\/?post_type=product&#038;p=1235"},"modified":"2024-04-18T02:20:37","modified_gmt":"2024-04-18T02:20:37","slug":"glass-candy-brown-contact-lenses","status":"publish","type":"product","link":"https:\/\/bqeye.com\/de\/glass-candy-brown-contact-lenses\/","title":{"rendered":"Glas Candy Brown Kontaktlinsen"},"content":{"rendered":"<p>\"M\u00f6chten Sie Ihrem Alltagslook einen Hauch von Magie verleihen? Wir stellen Ihnen die Glass Candy Brown Kontaktlinsen von BQEYE vor.<\/p>\n<p>Diese skurrilen braunen Kontaktlinsen mischen subtile Nuancen von zartem Pastellrosa und Mint in deine Iris f\u00fcr einen Look, der alles andere als gew\u00f6hnlich ist. Setze sie ein und beobachte, wie deine Augen mit magischen Flecken in Zuckerwattebraun erstrahlen. Vorbei sind die Zeiten der eindimensionalen braunen Augen - die Glass Candy Browns verleihen ihnen eine lebendige, dimensionale Definition.<\/p>\n<p>Die s\u00fc\u00dfen Pastellt\u00f6ne bringen versteckte Gold- und Gr\u00fcnt\u00f6ne zum Vorschein und verleihen ihnen eine verspielte, feenhafte Note. Blaue und haselnussbraune Farbt\u00f6ne erhalten einen bezaubernden, bonbonfarbenen Schimmer. Selbst tiefe Braunt\u00f6ne erhalten einen magischen, farbenfrohen Akzent, ohne \u00fcbertrieben zu wirken.<\/p>\n<p>Das ultrabequeme Hydraclear-Material l\u00e4sst Sie vergessen, dass Sie \u00fcberhaupt braune Kontaktlinsen tragen! Hydraclear bewegt sich auf nat\u00fcrliche Weise mit Ihren Augen, um Trockenheit oder Irritationen zu vermeiden, und h\u00e4lt Ihre Augen den ganzen Tag \u00fcber ausreichend feucht.<\/p>\n<p>Als weltweit f\u00fchrender Anbieter von braunen Kontaktlinsen gew\u00e4hrleistet BQEYE Qualit\u00e4t, Sicherheit und Komfort. Die Glass Candy Browns werden umfangreichen Biokompatibilit\u00e4ts- und Sauerstoffdurchl\u00e4ssigkeitstests unterzogen, um die FDA-Standards zu erf\u00fcllen oder zu \u00fcbertreffen. Sie k\u00f6nnen ein gutes Gef\u00fchl dabei haben, was Ihre Augen t\u00e4glich ber\u00fchrt.<\/p>\n<p>Egal, ob du im Alltag f\u00fcr Laune sorgst, mit Farben experimentierst oder magische Tr\u00e4ume auf Fotos zum Leben erweckst, mit Glass Candy Brown Kontaktlinsen bist du bestens ausgestattet. Bestellen Sie noch heute Ihre Kontaktlinsen ohne Risiko und mit 100% Zufriedenheitsgarantie. Sieh dir an, wie sie deine Augen mit einem Hauch von Pastell verzaubern - wir sind uns sicher, dass du dich in deinen neuen Lieblingsfarbton der braunen Kontaktlinsen verlieben wirst!<\/p>\n<p>M\u00f6chten Sie sich von der Masse abheben? Die Glass Candy Browns sind auch f\u00fcr besondere Anl\u00e4sse perfekt geeignet. Auf dem n\u00e4chsten Festival oder der n\u00e4chsten Kost\u00fcmparty k\u00f6nnen Sie Ihren inneren Kobold zum Vorschein bringen. Die nat\u00fcrlich aussehende Verst\u00e4rkung bringt die Augen auf Fotos zum Strahlen.<\/p>\n<p>Mit BQEYE macht die Suche nach braunen Kontaktlinsen Spa\u00df. Unsere Auswahl an einzigartigen Farbt\u00f6nen wie Glass Candy bringt Farbe und Magie in den Alltag. Bestellen Sie noch heute Ihre Kontaktlinsen, um in dieser Saison und dar\u00fcber hinaus Freude zu verbreiten!\"<\/p>","protected":false},"excerpt":{"rendered":"<p>&#8220;Looking to add a touch of magic to your everyday look? Introducing Glass Candy Brown Contact Lenses from BQEYE. These whimsical brown contact lenses blend subtle hints of soft pastel pink and mint into your iris for a look that&#8217;s anything but ordinary. Slip them in and watch as your eyes light up with magical [&#8230;]\n","protected":false},"featured_media":1237,"comment_status":"open","ping_status":"closed","template":"","meta":[],"product_brand":[],"product_cat":[101,91,80,100,96,95],"product_tag":[],"class_list":{"0":"post-1235","1":"product","2":"type-product","3":"status-publish","4":"has-post-thumbnail","6":"product_cat-natural-contacts","7":"product_cat-14-2-mm","8":"product_cat-brown-contact-lenses","9":"product_cat-daily-disposable","10":"product_cat-non-prescription","11":"product_cat-prescription","13":"first","14":"instock","15":"sale","16":"shipping-taxable","17":"purchasable","18":"product-type-variable","19":"has-default-attributes"},"_links":{"self":[{"href":"https:\/\/bqeye.com\/de\/wp-json\/wp\/v2\/product\/1235","targetHints":{"allow":["GET"]}}],"collection":[{"href":"https:\/\/bqeye.com\/de\/wp-json\/wp\/v2\/product"}],"about":[{"href":"https:\/\/bqeye.com\/de\/wp-json\/wp\/v2\/types\/product"}],"replies":[{"embeddable":true,"href":"https:\/\/bqeye.com\/de\/wp-json\/wp\/v2\/comments?post=1235"}],"wp:featuredmedia":[{"embeddable":true,"href":"https:\/\/bqeye.com\/de\/wp-json\/wp\/v2\/media\/1237"}],"wp:attachment":[{"href":"https:\/\/bqeye.com\/de\/wp-json\/wp\/v2\/media?parent=1235"}],"wp:term":[{"taxonomy":"product_brand","embeddable":true,"href":"https:\/\/bqeye.com\/de\/wp-json\/wp\/v2\/product_brand?post=1235"},{"taxonomy":"product_cat","embeddable":true,"href":"https:\/\/bqeye.com\/de\/wp-json\/wp\/v2\/product_cat?post=1235"},{"taxonomy":"product_tag","embeddable":true,"href":"https:\/\/bqeye.com\/de\/wp-json\/wp\/v2\/product_tag?post=1235"}],"curies":[{"name":"wp","href":"https:\/\/api.w.org\/{rel}","templated":true}]}}