{"id":1249,"date":"2023-12-09T16:16:12","date_gmt":"2023-12-09T16:16:12","guid":{"rendered":"https:\/\/bqeye.com\/?post_type=product&#038;p=1249"},"modified":"2024-04-18T02:20:23","modified_gmt":"2024-04-18T02:20:23","slug":"shining-star-brown-contact-lenses","status":"publish","type":"product","link":"https:\/\/bqeye.com\/de\/shining-star-brown-contact-lenses\/","title":{"rendered":"Shining Star Brown Kontaktlinsen"},"content":{"rendered":"<p>Bringen Sie die Sterne zum Strahlen mit braunen Kontaktlinsen<\/p>\n<p>Verleihe deinem Look einen Hauch von Sternenstaub mit den Shining Star Brown Kontaktlinsen von BQEYE. Diese Linsen sind mit funkelnden Goldflecken versehen und lassen deine Augen heller strahlen als alle anderen Kontaktlinsen.<\/p>\n<p>Setzen Sie Stars auf und beobachten Sie, wie Ihre Iris in einem strahlenden Bernsteinton mit Lichtpunkten leuchtet. Verabschieden Sie sich von langweiligen Kontaktlinsen - Stars lassen Ihre Augen in einem himmlischen Licht erstrahlen.<\/p>\n<p>Die goldbraune Basis lenkt die Aufmerksamkeit auf sich, w\u00e4hrend glitzernde Flecken die verborgenen Farben rund um die Pupille hervorheben. Blaut\u00f6ne funkeln wie der Nachthimmel und Gr\u00fcnt\u00f6ne strahlen so hell wie die Sterne. Sogar braune Augen erhalten ein leuchtendes, kosmisches Strahlen, wie es keine anderen Kontaktlinsen haben.<\/p>\n<p>Das ultrabequeme Hydraclear-Material l\u00e4sst Sie vergessen, dass Sie \u00fcberhaupt Kontaktlinsen tragen! Hydraclear bewegt sich nahtlos, um die Augen mit Feuchtigkeit zu versorgen, ohne sie zu reizen, damit die Lichtshow den ganzen Tag anh\u00e4lt.<\/p>\n<p>Ganz gleich, ob Sie einen auff\u00e4lligen Look f\u00fcr Abende oder besondere Anl\u00e4sse brauchen, mit Shining Stars sind Sie besser versorgt als mit allen anderen Kontaktlinsen auf dem Markt. Die subtile Verst\u00e4rkung l\u00e4sst die Farben auch auf Fotos richtig strahlen.<\/p>\n<p>Als f\u00fchrender Anbieter innovativer Kontaktlinsen stellt BQEYE sicher, dass die Stars die h\u00f6chsten FDA-Sicherheitsstandards erf\u00fcllen. Ihre hochmoderne Formel verleiht himmlische Magie, ohne den Komfort zu beeintr\u00e4chtigen.<\/p>\n<p>Setzen Sie Stars auf und leuchten Sie heller als jeder andere um Sie herum. Bestellen Sie noch heute Ihre Kontaktlinsen und testen Sie diese leuchtenden Kontaktlinsen ohne Risiko. Sehen Sie, wie sie Ihre Augen in leuchtende Leuchtt\u00fcrme verwandeln - wir wissen, dass Sie fasziniert sein werden!<\/p>\n<p>Mit den glitzernden Kontaktlinsen von BQEYE macht das St\u00f6bern Spa\u00df. Shining Stars und mehr er\u00f6ffnen dir neue M\u00f6glichkeiten, dein Leben zu erhellen. Bestellen Sie risikofrei und finden Sie den Look, der Sie zum Strahlen bringt.<\/p>","protected":false},"excerpt":{"rendered":"<p>Bring Out the Stars with Shining Brown Contact Lenses Add a dash of stardust to your look with BQEYE&#8217;s Shining Star Brown contact lenses. Infused with twinkling flecks of gold, these lenses make eyes shine brighter than any other contact lenses. Slip Stars on and watch as your iris glows with a radiant amber hue [&#8230;]\n","protected":false},"featured_media":1251,"comment_status":"open","ping_status":"closed","template":"","meta":[],"product_brand":[],"product_cat":[101,92,80,100,96,95],"product_tag":[],"class_list":{"0":"post-1249","1":"product","2":"type-product","3":"status-publish","4":"has-post-thumbnail","6":"product_cat-natural-contacts","7":"product_cat-14-5-mm","8":"product_cat-brown-contact-lenses","9":"product_cat-daily-disposable","10":"product_cat-non-prescription","11":"product_cat-prescription","13":"first","14":"instock","15":"sale","16":"shipping-taxable","17":"purchasable","18":"product-type-variable","19":"has-default-attributes"},"_links":{"self":[{"href":"https:\/\/bqeye.com\/de\/wp-json\/wp\/v2\/product\/1249","targetHints":{"allow":["GET"]}}],"collection":[{"href":"https:\/\/bqeye.com\/de\/wp-json\/wp\/v2\/product"}],"about":[{"href":"https:\/\/bqeye.com\/de\/wp-json\/wp\/v2\/types\/product"}],"replies":[{"embeddable":true,"href":"https:\/\/bqeye.com\/de\/wp-json\/wp\/v2\/comments?post=1249"}],"wp:featuredmedia":[{"embeddable":true,"href":"https:\/\/bqeye.com\/de\/wp-json\/wp\/v2\/media\/1251"}],"wp:attachment":[{"href":"https:\/\/bqeye.com\/de\/wp-json\/wp\/v2\/media?parent=1249"}],"wp:term":[{"taxonomy":"product_brand","embeddable":true,"href":"https:\/\/bqeye.com\/de\/wp-json\/wp\/v2\/product_brand?post=1249"},{"taxonomy":"product_cat","embeddable":true,"href":"https:\/\/bqeye.com\/de\/wp-json\/wp\/v2\/product_cat?post=1249"},{"taxonomy":"product_tag","embeddable":true,"href":"https:\/\/bqeye.com\/de\/wp-json\/wp\/v2\/product_tag?post=1249"}],"curies":[{"name":"wp","href":"https:\/\/api.w.org\/{rel}","templated":true}]}}