{"id":1264,"date":"2023-12-12T08:07:17","date_gmt":"2023-12-12T08:07:17","guid":{"rendered":"https:\/\/bqeye.com\/?post_type=product&#038;p=1264"},"modified":"2024-04-18T02:20:20","modified_gmt":"2024-04-18T02:20:20","slug":"pixie-blue-contact-lenses","status":"publish","type":"product","link":"https:\/\/bqeye.com\/de\/pixie-blue-contact-lenses\/","title":{"rendered":"Pixie Blue Kontaktlinsen"},"content":{"rendered":"<p>Verleihe deinem Look einen Hauch von Feenzauber mit den Pixie Blue Kontaktlinsen von BQEYE. Schillernde Untert\u00f6ne leuchten in diesen Linsen und lassen die Augen mehr funkeln als alle anderen Kontaktlinsen auf dem Markt.<\/p>\n<p>Setzen Sie die Pixies auf und beobachten Sie, wie Ihre Iris in einem lebhaften Azur leuchtet, das mit regenbogenfarbenen Tupfen versehen ist. Vorbei sind die Zeiten tr\u00fcber Kontaktlinsen - die Pixies verleihen Ihren Augen ein wunderbares Aussehen.<\/p>\n<p>Der saphirfarbene Grundton zieht Sie in seinen Bann, w\u00e4hrend schimmernde T\u00f6ne die verborgenen smaragdgr\u00fcnen und goldenen Nuancen rund um die Pupille hervorheben. Blues strahlt mit einem jenseitigen Glanz, wie ihn keine andere Kontaktlinse hat.<\/p>\n<p>Das ultrabequeme Hydraclear-Material l\u00e4sst Sie vergessen, dass Sie \u00fcberhaupt Kontaktlinsen tragen! Hydraclear bewegt sich m\u00fchelos und h\u00e4lt die Augen den ganzen Tag \u00fcber mit Feuchtigkeit versorgt, ohne sie zu reizen, damit das Funkeln nie aufh\u00f6rt.<\/p>\n<p>Egal, ob Sie f\u00fcr Kost\u00fcmtage oder Festivals Magie brauchen, mit Pixie Blue Kontaktlinsen sind Sie besser versorgt als mit anderen Optionen. Die subtile Verst\u00e4rkung l\u00e4sst die Farben auch auf Fotos richtig gl\u00e4nzen.<\/p>\n<p>Als f\u00fchrender Anbieter innovativer Kontaktlinsen stellt BQEYE sicher, dass die Pixies die h\u00f6chsten FDA-Sicherheitsstandards erf\u00fcllen. Ihre fortschrittliche Formel f\u00fcgt den Pixies einen Farbglanz hinzu, der die Augen versch\u00f6nert, ohne den Komfort zu beeintr\u00e4chtigen.<\/p>\n<p>Schl\u00fcpfen Sie in die Pixies und funkeln Sie heller als eine Wiese voller Glockenblumen. Bestellen Sie noch heute Ihre Kontaktlinsen und testen Sie diese bezaubernden Linsen ohne Risiko. Erleben Sie, wie sie Ihre Augen in schimmernde Tore zu einem Land der Magie verwandeln - wir wissen, Sie werden verzaubert sein!<\/p>\n<p>Finde deine Lieblingsfarbe aus der Palette der mystischen Kontaktlinsen von BQEYE. Pixie Blue und mehr er\u00f6ffnen Ihnen neue M\u00f6glichkeiten, Ihren Blick zu versch\u00f6nern. Bestellen Sie noch heute, um die Fee in Ihnen zu enth\u00fcllen!<\/p>","protected":false},"excerpt":{"rendered":"<p>Add a touch of fairy magic to your look with BQEYE&#8217;s Pixie Blue contact lenses. Iridescent undertones glow within these lenses, making eyes sparkle more than any other contact lenses on the market. Slip Pixies on and watch as your iris lights up with a lively azure hue dotted with flecks of rainbow shine. Gone [&#8230;]\n","protected":false},"featured_media":1266,"comment_status":"open","ping_status":"closed","template":"","meta":[],"product_brand":[],"product_cat":[205,91,75,96,95,98],"product_tag":[],"class_list":{"0":"post-1264","1":"product","2":"type-product","3":"status-publish","4":"has-post-thumbnail","6":"product_cat-pixie","7":"product_cat-14-2-mm","8":"product_cat-blue-contact-lenses","9":"product_cat-non-prescription","10":"product_cat-prescription","11":"product_cat-yearly-disposable","13":"first","14":"instock","15":"sale","16":"shipping-taxable","17":"purchasable","18":"product-type-variable","19":"has-default-attributes"},"_links":{"self":[{"href":"https:\/\/bqeye.com\/de\/wp-json\/wp\/v2\/product\/1264","targetHints":{"allow":["GET"]}}],"collection":[{"href":"https:\/\/bqeye.com\/de\/wp-json\/wp\/v2\/product"}],"about":[{"href":"https:\/\/bqeye.com\/de\/wp-json\/wp\/v2\/types\/product"}],"replies":[{"embeddable":true,"href":"https:\/\/bqeye.com\/de\/wp-json\/wp\/v2\/comments?post=1264"}],"wp:featuredmedia":[{"embeddable":true,"href":"https:\/\/bqeye.com\/de\/wp-json\/wp\/v2\/media\/1266"}],"wp:attachment":[{"href":"https:\/\/bqeye.com\/de\/wp-json\/wp\/v2\/media?parent=1264"}],"wp:term":[{"taxonomy":"product_brand","embeddable":true,"href":"https:\/\/bqeye.com\/de\/wp-json\/wp\/v2\/product_brand?post=1264"},{"taxonomy":"product_cat","embeddable":true,"href":"https:\/\/bqeye.com\/de\/wp-json\/wp\/v2\/product_cat?post=1264"},{"taxonomy":"product_tag","embeddable":true,"href":"https:\/\/bqeye.com\/de\/wp-json\/wp\/v2\/product_tag?post=1264"}],"curies":[{"name":"wp","href":"https:\/\/api.w.org\/{rel}","templated":true}]}}