{"id":1273,"date":"2023-12-12T08:10:55","date_gmt":"2023-12-12T08:10:55","guid":{"rendered":"https:\/\/bqeye.com\/?post_type=product&#038;p=1273"},"modified":"2024-04-18T02:20:17","modified_gmt":"2024-04-18T02:20:17","slug":"pixie-green-contact-lenses","status":"publish","type":"product","link":"https:\/\/bqeye.com\/de\/pixie-green-contact-lenses\/","title":{"rendered":"Pixie Green Kontaktlinsen"},"content":{"rendered":"<p>Bringen Sie Ihre Augen mit gr\u00fcnen Pixie-Kontaktlinsen zum Leuchten<\/p>\n<p>Verleihe deinem Look einen Hauch von Waldmagie mit den Pixie Green Kontaktlinsen von BQEYE. Schimmernde Untert\u00f6ne leuchten in diesen Linsen und lassen die Augen heller funkeln als alle anderen Kontaktlinsen auf dem Markt.<\/p>\n<p>Setzen Sie Pixies auf und beobachten Sie, wie Ihre Iris in einem lebendigen Smaragdton mit goldenen Glanzpunkten erstrahlt. Verabschieden Sie sich von langweiligen Kontaktlinsen - Pixies verleihen Ihren Augen einen wunderlichen Zauber.<\/p>\n<p>Die waldgr\u00fcne Basis zieht den Betrachter in ihren Bann, w\u00e4hrend glitzernde Flecken die versteckten blaugr\u00fcnen und braunen Nuancen rund um die Pupille hervorheben. Gr\u00fcn strahlt mit einer magischen Ausstrahlung, wie man sie bei keiner anderen Kontaktlinse sieht.<\/p>\n<p>Das ultrabequeme Hydraclear-Material l\u00e4sst Sie vergessen, dass Sie \u00fcberhaupt Kontaktlinsen tragen! Hydraclear bewegt sich nahtlos, um die Augen den ganzen Tag \u00fcber mit Feuchtigkeit zu versorgen, ohne sie zu reizen, damit das Funkeln bis zur D\u00e4mmerung fasziniert.<\/p>\n<p>Egal, ob du Magie f\u00fcr Verkleidungsabende oder Renaissancefeste brauchst, mit Pixie Green Kontaktlinsen bist du besser bedient als mit anderen Optionen. Die subtile Verst\u00e4rkung l\u00e4sst die Farben auch auf Fotos richtig gl\u00e4nzen.<\/p>\n<p>Als f\u00fchrender Anbieter innovativer Kontaktlinsen stellt BQEYE sicher, dass die Pixies die h\u00f6chsten FDA-Sicherheitsstandards erf\u00fcllen. Ihre fortschrittliche Formel f\u00fcgt den Pixies einen Farbglanz hinzu, der die Augen versch\u00f6nert, ohne den Komfort zu beeintr\u00e4chtigen.<\/p>\n<p>Setzen Sie Pixies auf und leuchten Sie gr\u00fcner als eine verzauberte Lichtung. Bestellen Sie noch heute Ihre Kontaktlinsen und testen Sie diese leuchtenden Kontaktlinsen ohne Risiko. Erleben Sie, wie sie die Augen in schimmernde Tore zu einem Land der Magie verwandeln - Sie werden verzaubert sein!<\/p>\n<p>Finde deine Lieblingsfarbe aus der Palette der mystischen Kontaktlinsen von BQEYE. Pixie Green und mehr er\u00f6ffnen Ihnen neue M\u00f6glichkeiten, Ihren Blick zu versch\u00f6nern. Bestelle noch heute, um den Waldgeist in dir zu enth\u00fcllen!<\/p>","protected":false},"excerpt":{"rendered":"<p>Illuminate Your Eyes with Pixie Green Contact Lenses Add a touch of forest magic to your look with BQEYE&#8217;s Pixie Green contact lenses. Shimmering undertones glow within these lenses, making eyes sparkle brighter than any other contact lenses on the market. Slip Pixies on and watch as your iris lights up with a lively emerald [&#8230;]\n","protected":false},"featured_media":1278,"comment_status":"open","ping_status":"closed","template":"","meta":[],"product_brand":[],"product_cat":[205,91,77,96,95,98],"product_tag":[],"class_list":{"0":"post-1273","1":"product","2":"type-product","3":"status-publish","4":"has-post-thumbnail","6":"product_cat-pixie","7":"product_cat-14-2-mm","8":"product_cat-green-contact-lenses","9":"product_cat-non-prescription","10":"product_cat-prescription","11":"product_cat-yearly-disposable","13":"first","14":"instock","15":"sale","16":"shipping-taxable","17":"purchasable","18":"product-type-variable","19":"has-default-attributes"},"_links":{"self":[{"href":"https:\/\/bqeye.com\/de\/wp-json\/wp\/v2\/product\/1273","targetHints":{"allow":["GET"]}}],"collection":[{"href":"https:\/\/bqeye.com\/de\/wp-json\/wp\/v2\/product"}],"about":[{"href":"https:\/\/bqeye.com\/de\/wp-json\/wp\/v2\/types\/product"}],"replies":[{"embeddable":true,"href":"https:\/\/bqeye.com\/de\/wp-json\/wp\/v2\/comments?post=1273"}],"wp:featuredmedia":[{"embeddable":true,"href":"https:\/\/bqeye.com\/de\/wp-json\/wp\/v2\/media\/1278"}],"wp:attachment":[{"href":"https:\/\/bqeye.com\/de\/wp-json\/wp\/v2\/media?parent=1273"}],"wp:term":[{"taxonomy":"product_brand","embeddable":true,"href":"https:\/\/bqeye.com\/de\/wp-json\/wp\/v2\/product_brand?post=1273"},{"taxonomy":"product_cat","embeddable":true,"href":"https:\/\/bqeye.com\/de\/wp-json\/wp\/v2\/product_cat?post=1273"},{"taxonomy":"product_tag","embeddable":true,"href":"https:\/\/bqeye.com\/de\/wp-json\/wp\/v2\/product_tag?post=1273"}],"curies":[{"name":"wp","href":"https:\/\/api.w.org\/{rel}","templated":true}]}}