{"id":1279,"date":"2023-12-12T11:07:03","date_gmt":"2023-12-12T11:07:03","guid":{"rendered":"https:\/\/bqeye.com\/?post_type=product&#038;p=1279"},"modified":"2024-04-18T02:20:14","modified_gmt":"2024-04-18T02:20:14","slug":"pixie-brown-contact-lenses","status":"publish","type":"product","link":"https:\/\/bqeye.com\/de\/pixie-brown-contact-lenses\/","title":{"rendered":"Pixie Brown Kontaktlinsen"},"content":{"rendered":"<p>Bringen Sie Ihren inneren Pixie mit braunen Kontaktlinsen zum Vorschein<\/p>\n<p>Verleihe deinem Look einen Hauch von Magie mit den Pixie Brown Kontaktlinsen von BQEYE. Schillernde Flecken wirbeln in diesen Linsen und lassen die Augen mehr funkeln als alle anderen braunen Kontaktlinsen auf dem Markt.<\/p>\n<p>Setzen Sie Pixies auf und beobachten Sie, wie Ihre Iris in einem strahlenden Haselnussbraun mit goldenen Glanzpunkten erstrahlt. Vergessen Sie langweilige braune Kontaktlinsen - die Pixies verleihen Ihren Augen eine bezaubernde Note.<\/p>\n<p>Die schokoladenbraune Basis zieht Sie in ihren Bann, w\u00e4hrend schimmernde Flecken das verborgene Gr\u00fcn und Gold um die Pupille herum zum Vorschein bringen. Browns strahlt eine \u00fcberirdische W\u00e4rme aus, wie man sie bei keiner anderen braunen Kontaktlinse findet.<\/p>\n<p>Das ultrabequeme Hydraclear-Material l\u00e4sst Sie vergessen, dass Sie \u00fcberhaupt Kontaktlinsen tragen! Hydraclear bewegt sich nahtlos, um die Augen den ganzen Tag \u00fcber mit Feuchtigkeit zu versorgen, ohne sie zu reizen, damit das Funkeln bis zur D\u00e4mmerung fasziniert.<\/p>\n<p>Ob Sie nun Magie f\u00fcr Verkleidungsabende oder Renaissance-Festivals brauchen, mit Pixie Brown Kontaktlinsen sind Sie besser bedient als mit anderen braunen Optionen. Die subtile Verst\u00e4rkung l\u00e4sst die Farben auch auf Fotos leuchten.<\/p>\n<p>Als f\u00fchrender Anbieter innovativer Kontaktlinsen stellt BQEYE sicher, dass die Pixies die h\u00f6chsten FDA-Sicherheitsstandards erf\u00fcllen. Ihre fortschrittliche Formel f\u00fcgt den Pixies einen Farbglanz hinzu, der die Augen versch\u00f6nert, ohne den Komfort zu beeintr\u00e4chtigen.<\/p>\n<p>Schl\u00fcpfe in die Pixies und leuchte w\u00e4rmer als eine Herbstwiese. Bestellen Sie noch heute Ihre Kontaktlinsen und testen Sie diese leuchtenden braunen Kontaktlinsen ohne Risiko. Sehen Sie, wie sie die Augen in schimmernde Tore zu einem Land voller erdiger Magie verwandeln - Sie werden verzaubert sein!<\/p>\n<p>Finde deine Lieblingsfarbe aus der Palette der mystischen Kontaktlinsen von BQEYE. Pixie Brown und mehr er\u00f6ffnen dir neue M\u00f6glichkeiten, deinen braunen Blick zu betonen. Bestelle noch heute, um deine innere Waldelfe zu entfesseln!<\/p>","protected":false},"excerpt":{"rendered":"<p>Bring Out Your Inner Pixie with Brown Contact Lenses Add an earthy touch of magic to your look with BQEYE&#8217;s Pixie Brown contact lenses. Iridescent flecks swirl within these lenses, making eyes sparkle more than any other brown contact lenses on the market. Slip Pixies on and watch as your iris glows with a radiant [&#8230;]\n","protected":false},"featured_media":1281,"comment_status":"open","ping_status":"closed","template":"","meta":[],"product_brand":[],"product_cat":[205,91,80,96,95,98],"product_tag":[354],"class_list":{"0":"post-1279","1":"product","2":"type-product","3":"status-publish","4":"has-post-thumbnail","6":"product_cat-pixie","7":"product_cat-14-2-mm","8":"product_cat-brown-contact-lenses","9":"product_cat-non-prescription","10":"product_cat-prescription","11":"product_cat-yearly-disposable","12":"product_tag-brown-contact-lenses","14":"first","15":"instock","16":"sale","17":"shipping-taxable","18":"purchasable","19":"product-type-variable","20":"has-default-attributes"},"_links":{"self":[{"href":"https:\/\/bqeye.com\/de\/wp-json\/wp\/v2\/product\/1279","targetHints":{"allow":["GET"]}}],"collection":[{"href":"https:\/\/bqeye.com\/de\/wp-json\/wp\/v2\/product"}],"about":[{"href":"https:\/\/bqeye.com\/de\/wp-json\/wp\/v2\/types\/product"}],"replies":[{"embeddable":true,"href":"https:\/\/bqeye.com\/de\/wp-json\/wp\/v2\/comments?post=1279"}],"wp:featuredmedia":[{"embeddable":true,"href":"https:\/\/bqeye.com\/de\/wp-json\/wp\/v2\/media\/1281"}],"wp:attachment":[{"href":"https:\/\/bqeye.com\/de\/wp-json\/wp\/v2\/media?parent=1279"}],"wp:term":[{"taxonomy":"product_brand","embeddable":true,"href":"https:\/\/bqeye.com\/de\/wp-json\/wp\/v2\/product_brand?post=1279"},{"taxonomy":"product_cat","embeddable":true,"href":"https:\/\/bqeye.com\/de\/wp-json\/wp\/v2\/product_cat?post=1279"},{"taxonomy":"product_tag","embeddable":true,"href":"https:\/\/bqeye.com\/de\/wp-json\/wp\/v2\/product_tag?post=1279"}],"curies":[{"name":"wp","href":"https:\/\/api.w.org\/{rel}","templated":true}]}}