{"id":1297,"date":"2023-12-22T02:02:07","date_gmt":"2023-12-22T02:02:07","guid":{"rendered":"https:\/\/bqeye.com\/?post_type=product&#038;p=1297"},"modified":"2024-04-18T02:20:06","modified_gmt":"2024-04-18T02:20:06","slug":"maria-green-contact-lenses","status":"publish","type":"product","link":"https:\/\/bqeye.com\/de\/maria-green-contact-lenses\/","title":{"rendered":"Maria Green Kontaktlinsen"},"content":{"rendered":"<p>Finden Sie Ihr inneres Leuchten mit Maria Green Kontaktlinsen<\/p>\n<p>Maria Green Kontaktlinsen revolutionieren die Welt der farbigen Kontaktlinsen, indem sie den Sinn f\u00fcr nat\u00fcrliche Verst\u00e4rkung und innere Sch\u00f6nheit in den Vordergrund r\u00fccken. W\u00e4hrend viele farbige Kontaktlinsen in der Vergangenheit auf dramatische, unnat\u00fcrliche Farbt\u00f6ne setzten, konzentriert sich Maria Green darauf, die nat\u00fcrlichen Merkmale einer Person mit einem subtilen, eleganten Smaragdton zu betonen.<\/p>\n<p>Maria Green Linsen wurden entwickelt, um gr\u00fcne oder haselnussbraune Augen zum Strahlen zu bringen und dabei v\u00f6llig nat\u00fcrlich zu wirken. Ihr ultrad\u00fcnnes Hydrogel-Material bewegt sich mit den Augen und sorgt so f\u00fcr einen komfortablen, unsichtbaren Effekt. Mit feuchtigkeitsspendenden Wirkstoffen verkapselt, sind sie atmungsaktiv und die Farbe h\u00e4lt den ganzen Tag, ohne zu verblassen oder zu reizen.<\/p>\n<p>Anstelle von auff\u00e4lligen Farben bringen Maria Green Kontaktlinsen das innere Licht und die W\u00e4rme einer Person mit einem auff\u00e4lligen, aber unauff\u00e4lligen Gr\u00fcnton zum Vorschein. Sie akzentuieren das nat\u00fcrliche Pigment und verst\u00e4rken gleichzeitig Klarheit und Lebendigkeit. Die Augen stehen auf eine Weise im Mittelpunkt, die selbstbewusst und doch bescheiden wirkt.<\/p>\n<p>Maria Green Linsen sind vor allem bei Berufst\u00e4tigen beliebt, die einen eleganten Look suchen. Ihre Subtilit\u00e4t erm\u00f6glicht es den Tr\u00e4gern, sich gut zu f\u00fchlen, ohne bef\u00fcrchten zu m\u00fcssen, dass farbige Linsen unprofessionell oder wenig glaubw\u00fcrdig wirken. Der Einzelne f\u00fchlt sich bef\u00e4higt, bei der Arbeit mehr Pers\u00f6nlichkeit zu zeigen und sich dennoch Respekt zu verschaffen. Die Augen wirken bei Pr\u00e4sentationen oder Besprechungen einnehmend, ohne andere einzusch\u00fcchtern.<\/p>\n<p>Bei kreativen Menschen haben Maria Green Linsen eine treue Anh\u00e4ngerschaft gefunden. K\u00fcnstler, Interpreten und Influencer verlassen sich auf sie, um Leidenschaft und Inspiration von innen heraus auszustrahlen. Sie verleihen feurigen Pers\u00f6nlichkeiten einen st\u00e4rkeren Fokus, ohne selbst zu viel Aufmerksamkeit zu verlangen. Die Augen, die Fenster zur Seele, k\u00f6nnen k\u00fchne Tr\u00e4ume und Visionen durch einen Hauch von entspanntem Smaragd zum Ausdruck bringen.<\/p>\n<p>Die Linsen von Maria Green sprechen vor allem diejenigen an, die eine nat\u00fcrliche Aufwertung und keine dramatische Ver\u00e4nderung w\u00fcnschen. Sowohl Studenten als auch F\u00fchrungskr\u00e4fte sch\u00e4tzen ihre F\u00e4higkeit, Selbstvertrauen aus einem Ort der Authentizit\u00e4t und Gelassenheit heraus zu betonen. Anstelle von kr\u00e4ftigen Farben verbreiten sie eine W\u00e4rme und einen Glanz, der ihren Charakter in jeder Umgebung aufwertet.<\/p>\n<p>F\u00fcr die Frau, die sich sowohl in ihrer Haut wohlf\u00fchlen als auch ihre Sch\u00f6nheit betonen m\u00f6chte, sind Maria Green Linsen ideal. Sie zelebrieren die Weiblichkeit aus einem Ort der inneren Gelassenheit heraus und nicht als \u00e4u\u00dfere Best\u00e4tigung. Ihr umarmendes Gr\u00fcn hebt die Augen als zentrales Merkmal hervor, ohne ihre Tr\u00e4gerin zu objektivieren oder unnat\u00fcrlich von anderen nat\u00fcrlichen Gaben abzulenken.<\/p>\n<p>Wenn Sie auf der Suche nach Kontaktlinsen sind, die Ihre besten Eigenschaften durch eine subtile Ausstrahlung und nicht durch eine oberfl\u00e4chliche Ver\u00e4nderung unterstreichen, dann ist Maria Green genau das Richtige f\u00fcr Sie. Entdecken Sie, wie gr\u00fcne Augen f\u00fcr Wachstum, Erneuerung und das innere Licht stehen k\u00f6nnen, das von innen nach au\u00dfen strahlt. Mit den Maria Green Linsen k\u00f6nnen Sie Ihr wahres, lebendiges Selbst zum Vorschein bringen.<\/p>","protected":false},"excerpt":{"rendered":"<p>Finding Your Inner Glow with Maria Green Contact Lenses Maria Green contact lenses are revolutionizing the world of colored contacts by bringing a sense of natural enhancement and inner beauty to the forefront. Where many colored lenses in the past relied on dramatic, unnatural hues, Maria Green focuses on highlighting one&#8217;s natural features with a [&#8230;]\n","protected":false},"featured_media":1303,"comment_status":"open","ping_status":"closed","template":"","meta":[],"product_brand":[],"product_cat":[105,91,77,96,95,98],"product_tag":[354],"class_list":{"0":"post-1297","1":"product","2":"type-product","3":"status-publish","4":"has-post-thumbnail","6":"product_cat-maria","7":"product_cat-14-2-mm","8":"product_cat-green-contact-lenses","9":"product_cat-non-prescription","10":"product_cat-prescription","11":"product_cat-yearly-disposable","12":"product_tag-brown-contact-lenses","14":"first","15":"instock","16":"sale","17":"shipping-taxable","18":"purchasable","19":"product-type-variable","20":"has-default-attributes"},"_links":{"self":[{"href":"https:\/\/bqeye.com\/de\/wp-json\/wp\/v2\/product\/1297","targetHints":{"allow":["GET"]}}],"collection":[{"href":"https:\/\/bqeye.com\/de\/wp-json\/wp\/v2\/product"}],"about":[{"href":"https:\/\/bqeye.com\/de\/wp-json\/wp\/v2\/types\/product"}],"replies":[{"embeddable":true,"href":"https:\/\/bqeye.com\/de\/wp-json\/wp\/v2\/comments?post=1297"}],"wp:featuredmedia":[{"embeddable":true,"href":"https:\/\/bqeye.com\/de\/wp-json\/wp\/v2\/media\/1303"}],"wp:attachment":[{"href":"https:\/\/bqeye.com\/de\/wp-json\/wp\/v2\/media?parent=1297"}],"wp:term":[{"taxonomy":"product_brand","embeddable":true,"href":"https:\/\/bqeye.com\/de\/wp-json\/wp\/v2\/product_brand?post=1297"},{"taxonomy":"product_cat","embeddable":true,"href":"https:\/\/bqeye.com\/de\/wp-json\/wp\/v2\/product_cat?post=1297"},{"taxonomy":"product_tag","embeddable":true,"href":"https:\/\/bqeye.com\/de\/wp-json\/wp\/v2\/product_tag?post=1297"}],"curies":[{"name":"wp","href":"https:\/\/api.w.org\/{rel}","templated":true}]}}