{"id":1304,"date":"2023-12-22T02:23:09","date_gmt":"2023-12-22T02:23:09","guid":{"rendered":"https:\/\/bqeye.com\/?post_type=product&#038;p=1304"},"modified":"2024-04-18T02:19:59","modified_gmt":"2024-04-18T02:19:59","slug":"maria-purple-contact-lenses","status":"publish","type":"product","link":"https:\/\/bqeye.com\/de\/maria-purple-contact-lenses\/","title":{"rendered":"Maria Lila Kontaktlinsen"},"content":{"rendered":"<p>Finden Sie Ihre innere Anmut mit BQEYE Maria Lila Linsen<\/p>\n<p>Die Maria Purple Kontaktlinsen von BQEYE sind die erste Wahl f\u00fcr alle, die einen Hauch von subtiler Raffinesse suchen. W\u00e4hrend viele farbige Linsen auf eine dramatische Wirkung setzen, unterstreicht Maria Purple die Sch\u00f6nheit durch dezente Eleganz.<\/p>\n<p>Die Maria Purple Linsen bestehen aus der innovativen, atmungsaktiven Formel von BQEYE und sind f\u00fcr h\u00f6chsten Komfort und Farbsicherheit den ganzen Tag \u00fcber konzipiert. Ihr d\u00fcnnes Silikon-Hydrogel-Material schmiegt sich nahtlos an die Augen an und wirkt unsichtbar, ist aber dennoch ein echter Blickfang. Dank der feuchtigkeitsspendenden Inhaltsstoffe trocknen die Linsen nicht aus und verursachen kein Unbehagen.<\/p>\n<p>Anstelle von leuchtendem Purpur spiegelt Maria Purple einen zarten lavendelgrauen Ton wider, der gerade so auff\u00e4llt, dass man ihn bemerkt. Er hebt die Augen als fesselndes Merkmal hervor, ohne andere nat\u00fcrliche Eigenschaften zu \u00fcberlagern. Die Tr\u00e4gerinnen f\u00fchlen sich geschliffen und bewahren sich dennoch einen zug\u00e4nglichen Charme, der von innen heraus strahlt.<\/p>\n<p>Die Brillengl\u00e4ser von BQEYE haben bei jungen Kreativen und Fachleuten gleicherma\u00dfen begeisterte Fans gefunden. F\u00fcr K\u00fcnstler und Influencer vermittelt die subtile Ausstrahlung von Maria Purple eloquente Botschaften durch einen ruhigen Blick. Die Augen ziehen das Publikum bei Gespr\u00e4chen oder Auftritten in ihren Bann, ohne selbst Aufmerksamkeit zu erfordern.<\/p>\n<p>Am Arbeitsplatz f\u00fchlen sich die Menschen gest\u00e4rkt, wenn sie ihre Pers\u00f6nlichkeit mit Augen voller k\u00f6niglichem Charme zeigen. Ihr Farbton schmeichelt den Augen bei Pr\u00e4sentationen im Sitzungssaal oder bei Kundengespr\u00e4chen, ohne die Wahrnehmung von Kompetenz zu verf\u00e4lschen. Mit Maria Purple strahlt die Tr\u00e4gerin Autorit\u00e4t aus, die in Authentizit\u00e4t und Anmut wurzelt.<\/p>\n<p>Wenn Sie Ihre raffiniertesten Eigenschaften unterstreichen m\u00f6chten, ist Maria Purple von BQEYE wie f\u00fcr Sie gemacht. Die n\u00e4hrende Formel und das k\u00f6nigliche Violett aktivieren ein inneres Leuchten, das die nat\u00fcrlichen Eigenschaften von einem Ort innerer Ausgeglichenheit hervorhebt. Erleben Sie, wie Lavendel Ihre magnetischen Qualit\u00e4ten hervorhebt, ohne abzulenken oder zu ver\u00e4ndern.<\/p>\n<p>Mit Maria Purple Kontaktlinsen k\u00f6nnen Sie Ihr elegantes, multidimensionales Selbst zum Vorschein bringen. BQEYE ist davon \u00fcberzeugt, dass wahre Sch\u00f6nheit von der Akzeptanz und Betonung dessen ausgeht, was Sie sind - und ihre Linsen st\u00e4rken die Selbstliebe durch nuancierte Ausstrahlung. Entdecken Sie, wie ein dezenter Lavendelton Ihr inneres Licht entz\u00fcndet und Ihr Selbstvertrauen von innen nach au\u00dfen strahlt.<\/p>","protected":false},"excerpt":{"rendered":"<p>Finding Your Inner Grace with BQEYE Maria Purple Lenses BQEYE&#8217;s Maria Purple contact lenses have become a go-to for those seeking a touch of subtle sophistication. Where many colored lenses rely on dramatic impact, Maria Purple enhances beauty through understated elegance. Made from BQEYE&#8217;s innovative breathable formula, Maria Purple lenses are designed for supreme comfort [&#8230;]\n","protected":false},"featured_media":1310,"comment_status":"open","ping_status":"closed","template":"","meta":[],"product_brand":[],"product_cat":[105,91,96,95,82,98],"product_tag":[354],"class_list":{"0":"post-1304","1":"product","2":"type-product","3":"status-publish","4":"has-post-thumbnail","6":"product_cat-maria","7":"product_cat-14-2-mm","8":"product_cat-non-prescription","9":"product_cat-prescription","10":"product_cat-purple-contact-lenses","11":"product_cat-yearly-disposable","12":"product_tag-brown-contact-lenses","14":"first","15":"instock","16":"sale","17":"shipping-taxable","18":"purchasable","19":"product-type-variable","20":"has-default-attributes"},"_links":{"self":[{"href":"https:\/\/bqeye.com\/de\/wp-json\/wp\/v2\/product\/1304","targetHints":{"allow":["GET"]}}],"collection":[{"href":"https:\/\/bqeye.com\/de\/wp-json\/wp\/v2\/product"}],"about":[{"href":"https:\/\/bqeye.com\/de\/wp-json\/wp\/v2\/types\/product"}],"replies":[{"embeddable":true,"href":"https:\/\/bqeye.com\/de\/wp-json\/wp\/v2\/comments?post=1304"}],"wp:featuredmedia":[{"embeddable":true,"href":"https:\/\/bqeye.com\/de\/wp-json\/wp\/v2\/media\/1310"}],"wp:attachment":[{"href":"https:\/\/bqeye.com\/de\/wp-json\/wp\/v2\/media?parent=1304"}],"wp:term":[{"taxonomy":"product_brand","embeddable":true,"href":"https:\/\/bqeye.com\/de\/wp-json\/wp\/v2\/product_brand?post=1304"},{"taxonomy":"product_cat","embeddable":true,"href":"https:\/\/bqeye.com\/de\/wp-json\/wp\/v2\/product_cat?post=1304"},{"taxonomy":"product_tag","embeddable":true,"href":"https:\/\/bqeye.com\/de\/wp-json\/wp\/v2\/product_tag?post=1304"}],"curies":[{"name":"wp","href":"https:\/\/api.w.org\/{rel}","templated":true}]}}