{"id":1311,"date":"2023-12-22T02:35:32","date_gmt":"2023-12-22T02:35:32","guid":{"rendered":"https:\/\/bqeye.com\/?post_type=product&#038;p=1311"},"modified":"2024-04-18T02:19:56","modified_gmt":"2024-04-18T02:19:56","slug":"maria-blue-contact-lenses","status":"publish","type":"product","link":"https:\/\/bqeye.com\/de\/maria-blue-contact-lenses\/","title":{"rendered":"Maria Blue Kontaktlinsen"},"content":{"rendered":"<p>Innere Weisheit erwecken mit BQEYE Maria Blue Lenses<\/p>\n<p>Die Maria Blue Kontaktlinsen von BQEYE sind f\u00fcr ihre F\u00e4higkeit, den Intellekt und die subtile Ausstrahlung zu betonen, sehr begehrt. W\u00e4hrend viele Farblinsen auf Helligkeit setzen, verst\u00e4rkt Maria Blue Tiefe und Einsicht durch einen dezenten Navy-Ton.<\/p>\n<p>Die aus der innovativen Silikon-Hydrogel-Formel von BQEYE gefertigten Maria Blue Linsen sind f\u00fcr h\u00f6chsten Komfort und Farberhalt konzipiert. Ihr flexibles Material bewegt sich m\u00fchelos mit den Augen und l\u00e4sst sie unsichtbar, aber dennoch intensiv und fesselnd erscheinen. Dank der feuchtigkeitsspendenden Wirkstoffe trocknen die Linsen den ganzen Tag \u00fcber nicht aus und verursachen keine Irritationen.<\/p>\n<p>Anstelle von K\u00f6nigs- oder Himmelblau verk\u00f6rpert Maria Blue ein sattes Marineblau, das an stille Gew\u00e4sser und den Nachthimmel erinnert. Es erweckt die Augen als ein nachdenkliches und doch lebendiges Merkmal, ohne die nat\u00fcrliche Sch\u00f6nheit zu \u00fcberschatten. Die Tr\u00e4gerin f\u00fchlt sich wohl mit einem Hauch von entspannter Raffinesse, die sie ausstrahlt.<\/p>\n<p>Maria Blue Kontaktlinsen haben unter Kreativen und Berufst\u00e4tigen, die einen intellektuellen Look suchen, eine treue Anh\u00e4ngerschaft gefunden. Bei Akademikern und Forschern unterstreicht ihre T\u00f6nung die Aufmerksamkeit bei Vortr\u00e4gen oder Diskussionen. K\u00fcnstlerinnen und K\u00fcnstler vertrauen auf Maria Blue, um ihre Augen f\u00fcr Introspektion und Visionen von erhabenen Einsichten zu begeistern.<\/p>\n<p>Am Arbeitsplatz f\u00fchlen sich die Menschen gest\u00e4rkt, wenn sie ihre Pers\u00f6nlichkeit durch Augen zeigen, die tiefe Weisheit und Gelassenheit widerspiegeln. Ihr marineblauer Farbton schmeichelt dem Aussehen, ob beim Networking oder bei Pr\u00e4sentationen, ohne die Wahrnehmung von Kompetenz zu verzerren. Mit Maria Blue strahlt die Tr\u00e4gerin eine Selbstsicherheit aus, die auf Verst\u00e4ndnis und Nuancen beruht.<\/p>\n<p>Wenn Sie Ihre anspruchsvollsten Eigenschaften hervorheben m\u00f6chten, sind die Maria Blue Linsen ideal f\u00fcr Sie. Die feuchtigkeitsspendende Formel und die durchdachte T\u00f6nung von BQEYE betonen Ihre nat\u00fcrlichen Eigenschaften aus einem Ort der inneren Konzentration. Erleben Sie, wie Marineblau Ihre Augen als Fenster zu Ihrem scharfen und doch beruhigenden Geist stimuliert.<\/p>\n<p>Lassen Sie Maria Blue Kontaktlinsen Ihr wahrnehmungsf\u00e4higes, multidimensionales Selbst erstrahlen. BQEYE ist davon \u00fcberzeugt, dass Sch\u00f6nheit durch die Akzeptanz und Betonung unserer authentischsten Eigenschaften entsteht - und ihre Linsen st\u00e4rken das Selbstvertrauen durch dezentes Leuchten von innen. Entdecken Sie, wie ein subtiler Hauch von Marineblau Ihr scharfes Selbstbewusstsein und Ihr reflektierendes Strahlen entfachen kann.<\/p>","protected":false},"excerpt":{"rendered":"<p>Awakening Inner Wisdom with BQEYE Maria Blue Lenses BQEYE&#8217;s Maria Blue contact lenses have become coveted for their ability to highlight intellect and subtle vibrancy. While many colored lenses rely on brightness, Maria Blue enhances depth and insight through an understated navy shade. Crafted from BQEYE&#8217;s innovative silicone hydrogel formula, Maria Blue lenses are designed [&#8230;]\n","protected":false},"featured_media":1316,"comment_status":"open","ping_status":"closed","template":"","meta":[],"product_brand":[],"product_cat":[105,91,75,96,95,98],"product_tag":[354],"class_list":{"0":"post-1311","1":"product","2":"type-product","3":"status-publish","4":"has-post-thumbnail","6":"product_cat-maria","7":"product_cat-14-2-mm","8":"product_cat-blue-contact-lenses","9":"product_cat-non-prescription","10":"product_cat-prescription","11":"product_cat-yearly-disposable","12":"product_tag-brown-contact-lenses","14":"first","15":"instock","16":"sale","17":"shipping-taxable","18":"purchasable","19":"product-type-variable","20":"has-default-attributes"},"_links":{"self":[{"href":"https:\/\/bqeye.com\/de\/wp-json\/wp\/v2\/product\/1311","targetHints":{"allow":["GET"]}}],"collection":[{"href":"https:\/\/bqeye.com\/de\/wp-json\/wp\/v2\/product"}],"about":[{"href":"https:\/\/bqeye.com\/de\/wp-json\/wp\/v2\/types\/product"}],"replies":[{"embeddable":true,"href":"https:\/\/bqeye.com\/de\/wp-json\/wp\/v2\/comments?post=1311"}],"wp:featuredmedia":[{"embeddable":true,"href":"https:\/\/bqeye.com\/de\/wp-json\/wp\/v2\/media\/1316"}],"wp:attachment":[{"href":"https:\/\/bqeye.com\/de\/wp-json\/wp\/v2\/media?parent=1311"}],"wp:term":[{"taxonomy":"product_brand","embeddable":true,"href":"https:\/\/bqeye.com\/de\/wp-json\/wp\/v2\/product_brand?post=1311"},{"taxonomy":"product_cat","embeddable":true,"href":"https:\/\/bqeye.com\/de\/wp-json\/wp\/v2\/product_cat?post=1311"},{"taxonomy":"product_tag","embeddable":true,"href":"https:\/\/bqeye.com\/de\/wp-json\/wp\/v2\/product_tag?post=1311"}],"curies":[{"name":"wp","href":"https:\/\/api.w.org\/{rel}","templated":true}]}}