{"id":1318,"date":"2023-12-22T02:49:53","date_gmt":"2023-12-22T02:49:53","guid":{"rendered":"https:\/\/bqeye.com\/?post_type=product&#038;p=1318"},"modified":"2024-04-18T02:19:52","modified_gmt":"2024-04-18T02:19:52","slug":"maria-brown-contact-lenses","status":"publish","type":"product","link":"https:\/\/bqeye.com\/de\/maria-brown-contact-lenses\/","title":{"rendered":"Maria Brown Kontaktlinsen"},"content":{"rendered":"<p>Innere W\u00e4rme finden mit BQEYE Maria Brown Lenses<\/p>\n<p>Die Maria Brown Kontaktlinsen von BQEYE sind zu einem Grundnahrungsmittel f\u00fcr alle geworden, die einen Hauch von unaufdringlicher Gem\u00fctlichkeit suchen. W\u00e4hrend viele farbige Linsen auff\u00e4llige Aussagen machen, erh\u00f6ht Maria Brown den Komfort durch eine sanfte kastanienbraune Ausstrahlung.<\/p>\n<p>Die aus der atmungsaktiven Silikon-Hydrogel-Formel von BQEYE gefertigten Maria Brown Linsen sind f\u00fcr ganzt\u00e4gigen Tragekomfort und Farberhalt konzipiert. Ihr d\u00fcnnes, aber flexibles Material bewegt sich ganz nat\u00fcrlich mit den Augen und l\u00e4sst sie unsichtbar, aber dennoch auffallend faszinierend erscheinen. Dank der feuchtigkeitsspendenden Inhaltsstoffe bleiben die Linsen hydratisiert, ohne zu beschweren.<\/p>\n<p>Anstelle von harten Braunt\u00f6nen w\u00e4hlt Maria Brown einen weichen Karamellton, der gerade auff\u00e4llig genug ist, um zu faszinieren. Er hebt die Augen als beruhigendes und doch lebendiges Merkmal hervor, ohne andere Attribute zu \u00fcberschatten. Die Tr\u00e4gerinnen f\u00fchlen sich von einer angenehmen W\u00e4rme umh\u00fcllt, die von innen heraus strahlt.<\/p>\n<p>Einzelpersonen haben Maria Browns Linsen f\u00fcr ihren unaufdringlichen Stil entdeckt, der ihr freundliches Wesen widerspiegelt. F\u00fcr neue Sch\u00fcler oder Kollegen unterstreicht ihr brauner Touch eine einladende und doch geerdete Pr\u00e4senz. Lehrer verlassen sich auf Maria Browns Glanz, um Klassenzimmer durch einen unersch\u00fctterlichen und doch einf\u00fchlsamen Blick zu beleben.<\/p>\n<p>Maria Brown-Kontaktlinsen erm\u00f6glichen es, in jedem Umfeld die Pers\u00f6nlichkeit durch Augen zum Ausdruck zu bringen, die eine aufrichtige F\u00fcrsorge ausstrahlen. Ihr dezenter Ton schmeichelt dem Aussehen, ob beim F\u00fchren von Diskussionen oder bei der Pflege von Beziehungen, ohne die Wahrnehmung als kompetent oder f\u00e4hig zu beeintr\u00e4chtigen. Die Tr\u00e4gerinnen strahlen eine Selbstsicherheit aus, die auf Freundlichkeit und innerer Widerstandsf\u00e4higkeit beruht.<\/p>\n<p>Wenn Sie Ihre liebensw\u00fcrdigsten Eigenschaften durch eine pflegende Ausstrahlung unterstreichen m\u00f6chten, sind die Maria Brown Linsen von BQEYE ideal. Erleben Sie, wie ihr satter und doch sanfter Farbton Ihre Augen zum Leben erweckt und ein Fenster zu Ihrem liebevollen Wesen \u00f6ffnet. Nehmen Sie die Einladung von BQEYE an, mit authentischer W\u00e4rme zu strahlen.<\/p>\n<p>Lassen Sie Maria Brown Kontaktlinsen Ihr wahres, mitf\u00fchlendes Selbst zum Vorschein bringen. BQEYE glaubt, dass wir uns selbst umarmen k\u00f6nnen, indem wir unsere anmutigsten Eigenschaften betonen - und ihre Linsen erhellen die Selbstliebe durch einen diskreten, aber wohltuenden Hauch von kastanienbrauner Leuchtkraft von innen nach au\u00dfen.<\/p>","protected":false},"excerpt":{"rendered":"<p>Finding Inner Warmth with BQEYE Maria Brown Lenses BQEYE&#8217;s Maria Brown contact lenses have become a staple for those seeking a touch of understated coziness. While many colored lenses make bold statements, Maria Brown enhances comfort through gentle chestnut radiance. Crafted from BQEYE&#8217;s breathable silicone hydrogel formula, Maria Brown lenses are designed for all-day comfort [&#8230;]\n","protected":false},"featured_media":1322,"comment_status":"open","ping_status":"closed","template":"","meta":[],"product_brand":[],"product_cat":[105,91,80,96,95,98],"product_tag":[354],"class_list":{"0":"post-1318","1":"product","2":"type-product","3":"status-publish","4":"has-post-thumbnail","6":"product_cat-maria","7":"product_cat-14-2-mm","8":"product_cat-brown-contact-lenses","9":"product_cat-non-prescription","10":"product_cat-prescription","11":"product_cat-yearly-disposable","12":"product_tag-brown-contact-lenses","14":"first","15":"instock","16":"sale","17":"shipping-taxable","18":"purchasable","19":"product-type-variable","20":"has-default-attributes"},"_links":{"self":[{"href":"https:\/\/bqeye.com\/de\/wp-json\/wp\/v2\/product\/1318","targetHints":{"allow":["GET"]}}],"collection":[{"href":"https:\/\/bqeye.com\/de\/wp-json\/wp\/v2\/product"}],"about":[{"href":"https:\/\/bqeye.com\/de\/wp-json\/wp\/v2\/types\/product"}],"replies":[{"embeddable":true,"href":"https:\/\/bqeye.com\/de\/wp-json\/wp\/v2\/comments?post=1318"}],"wp:featuredmedia":[{"embeddable":true,"href":"https:\/\/bqeye.com\/de\/wp-json\/wp\/v2\/media\/1322"}],"wp:attachment":[{"href":"https:\/\/bqeye.com\/de\/wp-json\/wp\/v2\/media?parent=1318"}],"wp:term":[{"taxonomy":"product_brand","embeddable":true,"href":"https:\/\/bqeye.com\/de\/wp-json\/wp\/v2\/product_brand?post=1318"},{"taxonomy":"product_cat","embeddable":true,"href":"https:\/\/bqeye.com\/de\/wp-json\/wp\/v2\/product_cat?post=1318"},{"taxonomy":"product_tag","embeddable":true,"href":"https:\/\/bqeye.com\/de\/wp-json\/wp\/v2\/product_tag?post=1318"}],"curies":[{"name":"wp","href":"https:\/\/api.w.org\/{rel}","templated":true}]}}