{"id":1327,"date":"2023-12-22T03:11:33","date_gmt":"2023-12-22T03:11:33","guid":{"rendered":"https:\/\/bqeye.com\/?post_type=product&#038;p=1327"},"modified":"2024-04-18T02:19:49","modified_gmt":"2024-04-18T02:19:49","slug":"frosty-wonderland-blue-contact-lenses","status":"publish","type":"product","link":"https:\/\/bqeye.com\/de\/frosty-wonderland-blue-contact-lenses\/","title":{"rendered":"Frosty Wonderland Blaue Kontaktlinsen"},"content":{"rendered":"<h3>Wecken Sie Ihre Winterstimmung mit BQEYE Frosty Wonderland Blues<\/h3>\n<p>W\u00e4hrend sich die Jahreszeiten den k\u00e4lteren Monaten zuwenden, l\u00e4dt BQEYE dich ein, deine Augen mit ihren verspielten Frosty Wonderland Blue Kontaktlinsen zum Leuchten zu bringen. Als Teil der BZeauty-Linie, die sich an alle richtet, die farbenfrohe Looks lieben, wecken diese lebhaften und doch skurrilen Linsen das Winterwunder in dir.<\/p>\n<p>Die aus der innovativen Silikon-Hydrogel-Formel von BQEYE gefertigten Frosty Wonderland Blues bieten h\u00f6chsten Tragekomfort, ob im Alltag oder bei saisonalen Festivit\u00e4ten. Ihr atmungsaktives Material bewegt sich m\u00fchelos mit den Augen und wirkt unsichtbar, ist aber dennoch faszinierend anzusehen. Dank der feuchtigkeitsspendenden Wirkstoffe trocknen sie auch bei kaltem Wetter nicht aus.<\/p>\n<p>Im Gegensatz zu gew\u00f6hnlichen hellen Blaut\u00f6nen sind die Frosty Wonderland Linsen mit glitzernden Silberflecken versehen, die den Augen ein eisiges, kristallines Funkeln verleihen. Das Ergebnis ist ein lebendiges Azurblau, das an schimmernde Schneeflocken, eisige Gew\u00e4sser und frostige Morgenstunden erinnert. Die Tr\u00e4gerinnen f\u00fchlen sich inmitten der nat\u00fcrlichen Magie des Winters, wohin auch immer ihre Abenteuer f\u00fchren m\u00f6gen.<\/p>\n<p>Mit Frosty Wonderland Blues war der Stil der Weihnachtszeit noch nie so verspielt und festlich. Ihr animierender Glitzereffekt macht die Augen zu Fenstern der Frivolit\u00e4t und des Zaubers im Inneren. Singles, die einen bleibenden Eindruck hinterlassen wollen, finden in diesen Linsen ein lebhaftes Accessoire f\u00fcr ein Date, das durch fr\u00f6hliche Blicke eine Beziehung entstehen l\u00e4sst.<\/p>\n<p>Mit den Frosty Wonderland Gl\u00e4sern k\u00f6nnen Familien die Nostalgie und Freude an der Jahreszeit mit ihren Kindern teilen. Ihr lebhaftes blaues Funkeln befl\u00fcgelt die Fantasie inmitten von Geschichten \u00fcber Schneeengel, Schneeflocken und Unfug im Schnee. Bei Weihnachtsfeiern sind die Tr\u00e4ger willkommen, die durch ihre winterlich gl\u00e4nzenden Augen festlichen Charme und gute Laune verspr\u00fchen.<\/p>\n<p>Wenn Sie in den k\u00fchleren Monaten Ihre innere kindliche Freude entfachen wollen, wurden die Frosty Wonderland Blues von BQEYE speziell f\u00fcr Ihre Sammlung angefertigt. Ihr funkelnder Cyan-Ton weckt durch einen dezenten Linsenwechsel Visionen von Wunderl\u00e4ndern in Reichweite. Erleben Sie, wie das glitzernde Blau ausdrucksstarke Facetten beim Feiern mit den Lieben in Ihrer N\u00e4he entz\u00fcndet.<\/p>\n<p>In dieser Wintersaison bringen Frosty Wonderland Kontaktlinsen lebendige Magie in Ihre Tage und N\u00e4chte. BQEYE l\u00e4dt dazu ein, saisonale K\u00f6stlichkeiten durch bezaubernde Augen zu entdecken - Fenster zu spielerischen Abenteuern, die nur darauf warten, sich zu entfalten, eine verspielte Linse nach der anderen.<\/p>","protected":false},"excerpt":{"rendered":"<p>Ignite Your Winter Spirit with BQEYE Frosty Wonderland Blues As the seasons turn to chillier months, BQEYE invites you to light up your eyes with their playful Frosty Wonderland Blue contact lenses. Part of their BZeauty line catering to those who love rotating colorful looks, these vivid yet whimsical lenses awaken winter wonder within. Crafted [&#8230;]\n","protected":false},"featured_media":1333,"comment_status":"open","ping_status":"closed","template":"","meta":[],"product_brand":[],"product_cat":[103,91,75,96,95,98],"product_tag":[354],"class_list":{"0":"post-1327","1":"product","2":"type-product","3":"status-publish","4":"has-post-thumbnail","6":"product_cat-love-story","7":"product_cat-14-2-mm","8":"product_cat-blue-contact-lenses","9":"product_cat-non-prescription","10":"product_cat-prescription","11":"product_cat-yearly-disposable","12":"product_tag-brown-contact-lenses","14":"first","15":"instock","16":"sale","17":"shipping-taxable","18":"purchasable","19":"product-type-variable","20":"has-default-attributes"},"_links":{"self":[{"href":"https:\/\/bqeye.com\/de\/wp-json\/wp\/v2\/product\/1327","targetHints":{"allow":["GET"]}}],"collection":[{"href":"https:\/\/bqeye.com\/de\/wp-json\/wp\/v2\/product"}],"about":[{"href":"https:\/\/bqeye.com\/de\/wp-json\/wp\/v2\/types\/product"}],"replies":[{"embeddable":true,"href":"https:\/\/bqeye.com\/de\/wp-json\/wp\/v2\/comments?post=1327"}],"wp:featuredmedia":[{"embeddable":true,"href":"https:\/\/bqeye.com\/de\/wp-json\/wp\/v2\/media\/1333"}],"wp:attachment":[{"href":"https:\/\/bqeye.com\/de\/wp-json\/wp\/v2\/media?parent=1327"}],"wp:term":[{"taxonomy":"product_brand","embeddable":true,"href":"https:\/\/bqeye.com\/de\/wp-json\/wp\/v2\/product_brand?post=1327"},{"taxonomy":"product_cat","embeddable":true,"href":"https:\/\/bqeye.com\/de\/wp-json\/wp\/v2\/product_cat?post=1327"},{"taxonomy":"product_tag","embeddable":true,"href":"https:\/\/bqeye.com\/de\/wp-json\/wp\/v2\/product_tag?post=1327"}],"curies":[{"name":"wp","href":"https:\/\/api.w.org\/{rel}","templated":true}]}}