{"id":1335,"date":"2023-12-22T03:47:10","date_gmt":"2023-12-22T03:47:10","guid":{"rendered":"https:\/\/bqeye.com\/?post_type=product&#038;p=1335"},"modified":"2024-05-03T05:05:01","modified_gmt":"2024-05-03T05:05:01","slug":"frosty-wonderland-brown-contact-lenses","status":"publish","type":"product","link":"https:\/\/bqeye.com\/de\/frosty-wonderland-brown-contact-lenses\/","title":{"rendered":"Frosty Wonderland Braun Kontaktlinsen"},"content":{"rendered":"<h3>Wir stellen vor: Frosty Wonderland Brown Kontaktlinsen: Bezaubernde Augenfarbe f\u00fcr einen magischen Look<\/h3>\n<div><\/div>\n<div>Erlebe den fesselnden Charme des Winters mit unseren Frosty Wonderland Brown Kontaktlinsen. Diese atemberaubenden Kontaktlinsen verwandeln deine Augen in einen faszinierenden Braunton, der an die warmen, einladenden Farbt\u00f6ne einer gem\u00fctlichen Winterh\u00fctte erinnert. Diese Linsen eignen sich perfekt f\u00fcr besondere Anl\u00e4sse, Cosplay oder das t\u00e4gliche Tragen und verleihen deinem Aussehen einen Hauch von Magie.<\/div>\n<div><\/div>\n<div>Unsere Frosty Wonderland Brown Kontaktlinsen werden mit hochwertigen Materialien und fortschrittlicher Technologie hergestellt und bieten sowohl Komfort als auch eine ansprechende Optik. Die Linsen bestehen aus einem weichen, atmungsaktiven Material, das den Sauerstoff durchl\u00e4sst und daf\u00fcr sorgt, dass Ihre Augen den ganzen Tag \u00fcber gesund und komfortabel bleiben. Das ultrad\u00fcnne Design sorgt f\u00fcr einen nat\u00fcrlichen Sitz und erleichtert das Tragen und Herausnehmen der Linsen, selbst f\u00fcr Kontaktlinsen-Neulinge.<\/div>\n<div><\/div>\n<div>Die bezaubernde braune Farbe dieser Linsen ist das Ergebnis eines sorgf\u00e4ltigen Designs und der Liebe zum Detail. Die satten, warmen T\u00f6ne sind raffiniert gemischt, um ein nat\u00fcrliches Aussehen zu schaffen, das die Sch\u00f6nheit Ihrer Augen unterstreicht. Die subtilen goldenen und bernsteinfarbenen Flecken innerhalb des Brauntons fangen das Licht ein und verleihen Ihrem Blick Tiefe und Dimension, \u00e4hnlich wie das Glitzern von frisch gefallenem Schnee in der Wintersonne.<\/div>\n<div><\/div>\n<div>Ganz gleich, ob du einen bezaubernden, vom Winter inspirierten Look f\u00fcr eine thematische Veranstaltung kreieren oder einfach nur deine nat\u00fcrliche Augenfarbe hervorheben m\u00f6chtest, unsere Frosty Wonderland Brown Kontaktlinsen sind die perfekte Wahl. Diese Linsen eignen sich f\u00fcr eine Vielzahl von Anl\u00e4ssen, von Kost\u00fcmpartys und Theaterauff\u00fchrungen bis hin zum allt\u00e4glichen Tragen, und erm\u00f6glichen es dir, den Zauber des Winters zu genie\u00dfen, wann immer du willst.<\/div>\n<div><\/div>\n<div>Aber verlassen Sie sich nicht nur auf unser Wort, sondern lesen Sie, was unsere begeisterten Kunden \u00fcber ihre Erfahrungen mit diesen Kontaktlinsen zu sagen haben. Sophia aus New York schw\u00e4rmt: \"Ich bin absolut begeistert von meinen Frosty Wonderland Brown Kontaktlinsen! Die Farbe ist so satt und warm, und sie sind unglaublich angenehm zu tragen.\" Oliver aus London f\u00fcgt hinzu: \"Diese Linsen sind meine erste Wahl, wenn es darum geht, bezaubernde, vom Winter inspirierte Looks zu kreieren. Der Braunton ist umwerfend, und die Linsen f\u00fchlen sich auf meinen Augen so nat\u00fcrlich an.\"<\/div>\n<div><\/div>\n<div>Mit unseren Frosty Wonderland Brown Kontaktlinsen k\u00f6nnen Sie Ihre Augenfarbe aufpeppen und sich von der Faszination des Winters verzaubern lassen. Diese atemberaubenden Linsen vereinen Komfort, Qualit\u00e4t und eine faszinierende Farbe und sind damit das perfekte Accessoire f\u00fcr alle, die ihrem Aussehen einen Hauch von Magie verleihen m\u00f6chten. Warum also warten? Tauchen Sie ein in die bezaubernde Welt der frostigen Braunt\u00f6ne und entdecken Sie noch heute die verwandelnde Kraft unserer Frosty Wonderland Brown Kontaktlinsen.<\/div>\n<div><\/div>\n<div>Erleben Sie die perfekte Mischung aus Komfort und zauberhaftem Stil mit den Frosty Wonderland Brown Kontaktlinsen - die ultimative Wahl f\u00fcr alle, die mit ihren Augen bezaubern und verzaubern wollen. Ihre Augen (und Ihr Sinn f\u00fcr Wunder) werden es Ihnen danken!<\/div>","protected":false},"excerpt":{"rendered":"<p>Introducing Frosty Wonderland Brown Contact Lenses: Enchanting Eye Color for a Magical Look Experience the captivating allure of winter&#8217;s frosty charm with our Frosty Wonderland Brown Contact Lenses. These stunning contact lenses are designed to transform your eyes into a mesmerizing shade of brown, reminiscent of the warm, inviting hues found in a cozy winter [&#8230;]\n","protected":false},"featured_media":1573,"comment_status":"open","ping_status":"closed","template":"","meta":[],"product_brand":[],"product_cat":[103,91,80,96,95,98],"product_tag":[354],"class_list":{"0":"post-1335","1":"product","2":"type-product","3":"status-publish","4":"has-post-thumbnail","6":"product_cat-love-story","7":"product_cat-14-2-mm","8":"product_cat-brown-contact-lenses","9":"product_cat-non-prescription","10":"product_cat-prescription","11":"product_cat-yearly-disposable","12":"product_tag-brown-contact-lenses","14":"first","15":"instock","16":"sale","17":"shipping-taxable","18":"purchasable","19":"product-type-variable","20":"has-default-attributes"},"_links":{"self":[{"href":"https:\/\/bqeye.com\/de\/wp-json\/wp\/v2\/product\/1335","targetHints":{"allow":["GET"]}}],"collection":[{"href":"https:\/\/bqeye.com\/de\/wp-json\/wp\/v2\/product"}],"about":[{"href":"https:\/\/bqeye.com\/de\/wp-json\/wp\/v2\/types\/product"}],"replies":[{"embeddable":true,"href":"https:\/\/bqeye.com\/de\/wp-json\/wp\/v2\/comments?post=1335"}],"wp:featuredmedia":[{"embeddable":true,"href":"https:\/\/bqeye.com\/de\/wp-json\/wp\/v2\/media\/1573"}],"wp:attachment":[{"href":"https:\/\/bqeye.com\/de\/wp-json\/wp\/v2\/media?parent=1335"}],"wp:term":[{"taxonomy":"product_brand","embeddable":true,"href":"https:\/\/bqeye.com\/de\/wp-json\/wp\/v2\/product_brand?post=1335"},{"taxonomy":"product_cat","embeddable":true,"href":"https:\/\/bqeye.com\/de\/wp-json\/wp\/v2\/product_cat?post=1335"},{"taxonomy":"product_tag","embeddable":true,"href":"https:\/\/bqeye.com\/de\/wp-json\/wp\/v2\/product_tag?post=1335"}],"curies":[{"name":"wp","href":"https:\/\/api.w.org\/{rel}","templated":true}]}}