{"id":1598,"date":"2024-04-18T08:50:32","date_gmt":"2024-04-18T08:50:32","guid":{"rendered":"https:\/\/bqeye.com\/?post_type=product&#038;p=1598"},"modified":"2024-04-18T12:15:23","modified_gmt":"2024-04-18T12:15:23","slug":"wildness-grey-colored-contact-lenses","status":"publish","type":"product","link":"https:\/\/bqeye.com\/de\/wildness-grey-colored-contact-lenses\/","title":{"rendered":"Wildness Grau Farbige Kontaktlinsen"},"content":{"rendered":"<h3>Entfesseln Sie Ihren inneren Wolf mit BQEYE Wildness Grey Colored Contact Lenses<\/h3>\n<div><\/div>\n<div>Machen Sie sich bereit, Ihre ungez\u00e4hmte Seite mit BQEYE Wildness Grey Colored Contact Lenses zu zeigen. Diese fesselnden Linsen verwandeln deine Augen in einen faszinierenden Grauton, der an den geheimnisvollen und verf\u00fchrerischen Blick eines Wolfes erinnert. Ganz gleich, ob du ein mutiges Statement abgeben oder einfach nur deine nat\u00fcrliche Augenfarbe unterstreichen m\u00f6chtest, diese Linsen sind die perfekte Wahl.<\/div>\n<div><\/div>\n<div>Die Wildness Grey Colored Contact Lenses zeichnen sich durch eine einzigartige Mischung aus grauen Farbt\u00f6nen aus, die einen multidimensionalen Effekt erzeugen, der die Tiefe und Intensit\u00e4t der Augen eines Wolfs nachahmt. Das komplizierte Muster und die Pigmentierung dieser Linsen sorgen f\u00fcr ein verbl\u00fcffend realistisches Erscheinungsbild, so dass es scheint, als ob Sie mit dieser faszinierenden Augenfarbe geboren wurden.<\/div>\n<div><\/div>\n<div>Bei BQEYE wissen wir, dass Komfort genauso wichtig ist wie Stil. Deshalb werden unsere Wildness Grey Colored Contact Lenses aus hochwertigen Materialien hergestellt, die vor allem sauerstoffdurchl\u00e4ssig sind, damit Ihre Augen atmen k\u00f6nnen und den ganzen Tag \u00fcber bequem bleiben. Mit unserem DTC-Modell (Direct to Consumer) schalten wir die Zwischenh\u00e4ndler aus und bieten Ihnen diese hochwertigen Linsen direkt zu einem g\u00fcnstigen Preis an.<\/div>\n<div><\/div>\n<div>Wenn du BQEYE Wildness Grey Colored Contact Lenses tr\u00e4gst, \u00e4nderst du nicht nur deine Augenfarbe, sondern entfesselst eine neue Facette deiner Pers\u00f6nlichkeit. Die grauen Farbt\u00f6ne vermitteln ein Gef\u00fchl von Geheimnis, Selbstvertrauen und ungez\u00e4hmter Sch\u00f6nheit und erm\u00f6glichen es Ihnen, sich auf eine Weise auszudr\u00fccken, die Ihren inneren Wolf widerspiegelt. Ganz gleich, ob du eine Themenparty besuchst, an einem Fotoshooting teilnimmst oder einfach nur ein Statement in deinem Alltag setzen willst, diese Linsen sind die perfekten Accessoires.<\/div>\n<div><\/div>\n<div>BQEYE ist bestrebt, Ihnen die hochwertigsten farbigen Kontaktlinsen auf dem Markt anzubieten. Jedes Paar Wildness Grey Farbige Kontaktlinsen wird strengen Tests und Qualit\u00e4tskontrollen unterzogen, um ein makelloses Aussehen und einen komfortablen Sitz zu gew\u00e4hrleisten. Mit der richtigen Pflege und Wartung k\u00f6nnen Sie die atemberaubende Wirkung dieser Linsen \u00fcber einen langen Zeitraum genie\u00dfen, was sie zu einer lohnenden Investition in Ihr Augenmode-Arsenal macht.<\/div>\n<div><\/div>\n<div>Machen Sie sich die Kraft des Wolfes in Ihnen zu eigen und erleben Sie die transformierende Wirkung der BQEYE Wildness Grey Colored Contact Lenses. Lass deine Augen zum Mittelpunkt deines Looks werden und fessle alle um dich herum mit ihrer intensiven und mysteri\u00f6sen Anziehungskraft. Egal, ob du helle oder dunkle Augen hast, diese Linsen schaffen einen auff\u00e4lligen Kontrast, der Aufmerksamkeit verlangt.<\/div>\n<div><\/div>\n<div>Geben Sie sich nicht mit dem Gew\u00f6hnlichen zufrieden, wenn Sie mit BQEYE Wildness Grey Colored Contact Lenses Ihr Au\u00dfergew\u00f6hnliches entfesseln k\u00f6nnen. Bestellen Sie Ihre noch heute und treten Sie in eine Welt ein, in der Ihre Augen die Verk\u00f6rperung ungez\u00e4hmter Sch\u00f6nheit und Selbstvertrauen sind. Lassen Sie Ihrem inneren Wolf freien Lauf und lassen Sie BQEYE Ihr Partner sein, um Ihren Look neu zu definieren.<\/div>\n<div><\/div>\n<div>#GrauKontaktlinsen #WildnessDesign #EntfesselnSieIhreninnernWolf #EyeFashion #MysteriousAllure<\/div>","protected":false},"excerpt":{"rendered":"<p>Unleash Your Inner Wolf with BQEYE Wildness Grey Colored Contact Lenses Get ready to embrace your untamed side with BQEYE Wildness Grey Colored Contact Lenses. These captivating lenses are designed to transform your eyes into a mesmerizing shade of grey, reminiscent of the mysterious and alluring gaze of a wolf. Whether you&#8217;re looking to make [&#8230;]\n","protected":false},"featured_media":1604,"comment_status":"open","ping_status":"closed","template":"","meta":[],"product_brand":[],"product_cat":[358,91,81,96,95,98],"product_tag":[359],"class_list":{"0":"post-1598","1":"product","2":"type-product","3":"status-publish","4":"has-post-thumbnail","6":"product_cat-wildness","7":"product_cat-14-2-mm","8":"product_cat-grey-contact-lenses","9":"product_cat-non-prescription","10":"product_cat-prescription","11":"product_cat-yearly-disposable","12":"product_tag-grey-colored-contact-lenses","14":"first","15":"instock","16":"sale","17":"shipping-taxable","18":"purchasable","19":"product-type-variable","20":"has-default-attributes"},"_links":{"self":[{"href":"https:\/\/bqeye.com\/de\/wp-json\/wp\/v2\/product\/1598","targetHints":{"allow":["GET"]}}],"collection":[{"href":"https:\/\/bqeye.com\/de\/wp-json\/wp\/v2\/product"}],"about":[{"href":"https:\/\/bqeye.com\/de\/wp-json\/wp\/v2\/types\/product"}],"replies":[{"embeddable":true,"href":"https:\/\/bqeye.com\/de\/wp-json\/wp\/v2\/comments?post=1598"}],"wp:featuredmedia":[{"embeddable":true,"href":"https:\/\/bqeye.com\/de\/wp-json\/wp\/v2\/media\/1604"}],"wp:attachment":[{"href":"https:\/\/bqeye.com\/de\/wp-json\/wp\/v2\/media?parent=1598"}],"wp:term":[{"taxonomy":"product_brand","embeddable":true,"href":"https:\/\/bqeye.com\/de\/wp-json\/wp\/v2\/product_brand?post=1598"},{"taxonomy":"product_cat","embeddable":true,"href":"https:\/\/bqeye.com\/de\/wp-json\/wp\/v2\/product_cat?post=1598"},{"taxonomy":"product_tag","embeddable":true,"href":"https:\/\/bqeye.com\/de\/wp-json\/wp\/v2\/product_tag?post=1598"}],"curies":[{"name":"wp","href":"https:\/\/api.w.org\/{rel}","templated":true}]}}