{"id":1607,"date":"2024-04-19T01:41:10","date_gmt":"2024-04-19T01:41:10","guid":{"rendered":"https:\/\/bqeye.com\/?post_type=product&#038;p=1607"},"modified":"2024-04-19T01:56:03","modified_gmt":"2024-04-19T01:56:03","slug":"wildness-blue-colored-contact-lenses","status":"publish","type":"product","link":"https:\/\/bqeye.com\/de\/wildness-blue-colored-contact-lenses\/","title":{"rendered":"Wildness Blue Farbige Kontaktlinsen"},"content":{"rendered":"<h3>Tauchen Sie ein in faszinierende Tiefen mit BQEYE Wildness Blue Colored Contact Lenses<\/h3>\n<div><\/div>\n<div>Bereite dich darauf vor, mit den BQEYE Wildness Blue Colored Contact Lenses in eine Welt voller fesselnder Blaut\u00f6ne einzutauchen. Diese Linsen verwandeln Ihre Augen in einen atemberaubenden Blauton, der an die tiefen, geheimnisvollen Gew\u00e4sser des Ozeans erinnert. Ganz gleich, ob Sie ein modisches Statement abgeben oder einfach Ihre nat\u00fcrliche Augenfarbe betonen m\u00f6chten, diese Linsen sind die perfekte Wahl.<\/div>\n<div><\/div>\n<div>Die Wildness Blue Colored Contact Lenses zeichnen sich durch eine einzigartige Mischung aus Blaut\u00f6nen aus, die einen multidimensionalen Effekt erzeugen, der die Tiefe und Intensit\u00e4t des Meeres nachahmt. Das komplizierte Muster und die Pigmentierung dieser Linsen sorgen f\u00fcr ein verbl\u00fcffend realistisches Aussehen, so dass es scheint, als ob Sie mit dieser faszinierenden Augenfarbe geboren wurden.<\/div>\n<div><\/div>\n<div>Bei BQEYE legen wir gro\u00dfen Wert auf Stil und Komfort. Unsere Wildness Blue Colored Contact Lenses werden aus hochwertigen Materialien hergestellt, die eine optimale Sauerstoffdurchl\u00e4ssigkeit erm\u00f6glichen und daf\u00fcr sorgen, dass Ihre Augen den ganzen Tag \u00fcber komfortabel und gesund bleiben. Mit unserem DTC-Modell (Direct to Consumer) schalten wir die Zwischenh\u00e4ndler aus und bieten Ihnen diese hochwertigen Linsen direkt zu einem g\u00fcnstigen Preis an.<\/div>\n<div><\/div>\n<div>Wenn Sie BQEYE Wildness Blue Colored Contact Lenses tragen, \u00e4ndern Sie nicht nur Ihre Augenfarbe, sondern Sie nehmen eine neue Facette Ihrer Pers\u00f6nlichkeit an. Die blauen Farbt\u00f6ne vermitteln ein Gef\u00fchl der Ruhe, des Selbstbewusstseins und der ungez\u00e4hmten Sch\u00f6nheit und erm\u00f6glichen es Ihnen, sich auf eine Weise auszudr\u00fccken, die Ihre innere Wildheit widerspiegelt. Ganz gleich, ob Sie an einer besonderen Veranstaltung teilnehmen, an einem Fotoshooting teilnehmen oder einfach im Alltag ein Zeichen setzen m\u00f6chten, diese Linsen sind die perfekten Accessoires.<\/div>\n<div><\/div>\n<div>BQEYE ist bestrebt, Ihnen die hochwertigsten farbigen Kontaktlinsen auf dem Markt anzubieten. Jedes Paar Wildness Blue Colored Contact Lenses wird strengen Tests und Qualit\u00e4tskontrollen unterzogen, um ein makelloses Aussehen und einen bequemen Sitz zu gew\u00e4hrleisten. Mit der richtigen Pflege und Wartung k\u00f6nnen Sie die atemberaubende Wirkung dieser Linsen \u00fcber einen langen Zeitraum genie\u00dfen, was sie zu einer lohnenden Investition in Ihr Augenmode-Arsenal macht.<\/div>\n<div><\/div>\n<div>Tauchen Sie mit den BQEYE Wildness Blue Colored Contact Lenses in die faszinierenden Tiefen Ihrer eigenen Augen ein. Lass deine Augen zum Mittelpunkt deines Looks werden und fessle die Menschen um dich herum mit ihrer intensiven und geheimnisvollen Anziehungskraft. Egal, ob Sie helle oder dunkle Augen haben, diese Linsen schaffen einen auff\u00e4lligen Kontrast, der Aufmerksamkeit verlangt.<\/div>\n<div><\/div>\n<div>Geben Sie sich nicht mit dem Gew\u00f6hnlichen zufrieden, wenn Sie mit BQEYE Wildness Blue Colored Contact Lenses das Au\u00dfergew\u00f6hnliche genie\u00dfen k\u00f6nnen. Bestellen Sie Ihre noch heute und treten Sie in eine Welt ein, in der Ihre Augen zur Verk\u00f6rperung ungez\u00e4hmter Sch\u00f6nheit und Selbstvertrauen werden. Lassen Sie Ihrer inneren Wildheit freien Lauf und lassen Sie BQEYE Ihr Partner sein, um Ihren Look neu zu definieren.<\/div>\n<div><\/div>\n<div>#BlueKontaktlinsen #WildnessDesign #MesmerizingDepths #EyeFashion #UntamedBeauty<\/div>\n<div><\/div>\n<div><\/div>","protected":false},"excerpt":{"rendered":"<p>Dive into Mesmerizing Depths with BQEYE Wildness Blue Colored Contact Lenses Prepare to immerse yourself in a world of captivating blue hues with BQEYE Wildness Blue Colored Contact Lenses. These lenses are designed to transform your eyes into a stunning shade of blue, reminiscent of the deep, mysterious waters of the ocean. Whether you&#8217;re looking [&#8230;]\n","protected":false},"featured_media":1612,"comment_status":"open","ping_status":"closed","template":"","meta":[],"product_brand":[],"product_cat":[358,91,75,96,95,98],"product_tag":[360],"class_list":{"0":"post-1607","1":"product","2":"type-product","3":"status-publish","4":"has-post-thumbnail","6":"product_cat-wildness","7":"product_cat-14-2-mm","8":"product_cat-blue-contact-lenses","9":"product_cat-non-prescription","10":"product_cat-prescription","11":"product_cat-yearly-disposable","12":"product_tag-blue-colored-contact-lenses","14":"first","15":"instock","16":"sale","17":"shipping-taxable","18":"purchasable","19":"product-type-variable","20":"has-default-attributes"},"_links":{"self":[{"href":"https:\/\/bqeye.com\/de\/wp-json\/wp\/v2\/product\/1607","targetHints":{"allow":["GET"]}}],"collection":[{"href":"https:\/\/bqeye.com\/de\/wp-json\/wp\/v2\/product"}],"about":[{"href":"https:\/\/bqeye.com\/de\/wp-json\/wp\/v2\/types\/product"}],"replies":[{"embeddable":true,"href":"https:\/\/bqeye.com\/de\/wp-json\/wp\/v2\/comments?post=1607"}],"wp:featuredmedia":[{"embeddable":true,"href":"https:\/\/bqeye.com\/de\/wp-json\/wp\/v2\/media\/1612"}],"wp:attachment":[{"href":"https:\/\/bqeye.com\/de\/wp-json\/wp\/v2\/media?parent=1607"}],"wp:term":[{"taxonomy":"product_brand","embeddable":true,"href":"https:\/\/bqeye.com\/de\/wp-json\/wp\/v2\/product_brand?post=1607"},{"taxonomy":"product_cat","embeddable":true,"href":"https:\/\/bqeye.com\/de\/wp-json\/wp\/v2\/product_cat?post=1607"},{"taxonomy":"product_tag","embeddable":true,"href":"https:\/\/bqeye.com\/de\/wp-json\/wp\/v2\/product_tag?post=1607"}],"curies":[{"name":"wp","href":"https:\/\/api.w.org\/{rel}","templated":true}]}}