{"id":1614,"date":"2024-04-19T01:58:05","date_gmt":"2024-04-19T01:58:05","guid":{"rendered":"https:\/\/bqeye.com\/?post_type=product&#038;p=1614"},"modified":"2024-04-19T02:19:18","modified_gmt":"2024-04-19T02:19:18","slug":"wildness-green-colored-contact-lenses","status":"publish","type":"product","link":"https:\/\/bqeye.com\/de\/wildness-green-colored-contact-lenses\/","title":{"rendered":"Wildness Green Farbige Kontaktlinsen"},"content":{"rendered":"<h3>Lassen Sie sich von der bezaubernden Ausstrahlung der BQEYE Wildness Green Colored Contact Lenses verzaubern<\/h3>\n<div><\/div>\n<div>Treten Sie ein in das Reich der bezaubernden Gr\u00fcnt\u00f6ne mit den BQEYE Wildness Green Colored Contact Lenses. Diese Linsen wurden entwickelt, um Ihre Augen in einen atemberaubenden Gr\u00fcnton zu verwandeln, der an die \u00fcppige, ungez\u00e4hmte Sch\u00f6nheit der Natur erinnert. Ganz gleich, ob du ein gewagtes Modestatement setzen oder einfach nur deine nat\u00fcrliche Augenfarbe unterstreichen m\u00f6chtest, diese Linsen sind die perfekte Wahl.<\/div>\n<div><\/div>\n<div>Die Wildness Green Colored Contact Lenses zeichnen sich durch eine einzigartige Mischung aus Gr\u00fcnt\u00f6nen aus, die einen multidimensionalen Effekt erzeugen, der die Tiefe und Lebendigkeit eines verwunschenen Waldes nachahmt. Das komplizierte Muster und die Pigmentierung dieser Linsen sorgen f\u00fcr ein verbl\u00fcffend realistisches Aussehen, so dass es scheint, als ob Sie mit dieser faszinierenden Augenfarbe geboren wurden.<\/div>\n<div><\/div>\n<div>Bei BQEYE wissen wir, dass Komfort genauso wichtig ist wie Stil. Deshalb werden unsere Wildness Green Colored Contact Lenses aus hochwertigen Materialien hergestellt, die vor allem sauerstoffdurchl\u00e4ssig sind, damit Ihre Augen atmen k\u00f6nnen und den ganzen Tag \u00fcber bequem bleiben. Mit unserem DTC-Modell (Direct to Consumer) schalten wir die Zwischenh\u00e4ndler aus und bieten Ihnen diese hochwertigen Linsen direkt zu einem g\u00fcnstigen Preis an.<\/div>\n<div><\/div>\n<div>Wenn Sie farbige Kontaktlinsen von BQEYE Wildness Green tragen, \u00e4ndern Sie nicht nur Ihre Augenfarbe, sondern Sie nehmen eine neue Facette Ihrer Pers\u00f6nlichkeit an. Der gr\u00fcne Farbton vermittelt ein Gef\u00fchl von Geheimnis, Selbstvertrauen und ungez\u00e4hmter Anziehungskraft und erm\u00f6glicht es Ihnen, sich auf eine Weise auszudr\u00fccken, die Ihre innere Wildheit widerspiegelt. Ganz gleich, ob Sie an einer Themenveranstaltung teilnehmen, an einem Fotoshooting teilnehmen oder einfach im Alltag ein Zeichen setzen wollen, diese Linsen sind die perfekten Accessoires.<\/div>\n<div><\/div>\n<div>BQEYE ist bestrebt, Ihnen die hochwertigsten farbigen Kontaktlinsen auf dem Markt anzubieten. Jedes Paar Wildness Green Farbige Kontaktlinsen wird strengen Tests und Qualit\u00e4tskontrollen unterzogen, um ein makelloses Aussehen und einen komfortablen Sitz zu gew\u00e4hrleisten. Mit der richtigen Pflege und Wartung k\u00f6nnen Sie die atemberaubende Wirkung dieser Linsen \u00fcber einen langen Zeitraum genie\u00dfen, was sie zu einer lohnenden Investition in Ihr Augenmode-Arsenal macht.<\/div>\n<div><\/div>\n<div>Mit den BQEYE Wildness Green Colored Contact Lenses k\u00f6nnen Sie die bezaubernde Anziehungskraft Ihrer eigenen Augen genie\u00dfen. Lassen Sie Ihre Augen zum Mittelpunkt Ihres Looks werden und fesseln Sie die Menschen um Sie herum mit ihrer intensiven und geheimnisvollen Sch\u00f6nheit. Egal, ob Sie helle oder dunkle Augen haben, diese Linsen schaffen einen auff\u00e4lligen Kontrast, der Aufmerksamkeit verlangt.<\/div>\n<div><\/div>\n<div>Geben Sie sich nicht mit dem Gew\u00f6hnlichen zufrieden, wenn Sie mit BQEYE Wildness Green Colored Contact Lenses das Au\u00dfergew\u00f6hnliche entfesseln k\u00f6nnen. Bestellen Sie Ihre noch heute und treten Sie in eine Welt ein, in der Ihre Augen die Verk\u00f6rperung ungez\u00e4hmter Sch\u00f6nheit und Selbstvertrauen sind. Lassen Sie Ihrer inneren Wildheit freien Lauf und lassen Sie BQEYE Ihr Partner sein, um Ihren Look neu zu definieren.<\/div>\n<div><\/div>\n<div>#GreenKontaktlinsen #WildnessDesign #EnchantingAllure #EyeFashion #UntamedBeauty<\/div>\n<div><\/div>","protected":false},"excerpt":{"rendered":"<p>Embrace the Enchanting Allure of BQEYE Wildness Green Colored Contact Lenses Step into a realm of captivating green hues with BQEYE Wildness Green Colored Contact Lenses. These lenses are designed to transform your eyes into a stunning shade of green, reminiscent of the lush, untamed beauty of nature. Whether you&#8217;re looking to make a bold [&#8230;]\n","protected":false},"featured_media":1620,"comment_status":"open","ping_status":"closed","template":"","meta":[],"product_brand":[],"product_cat":[358,91,77,96,95,98],"product_tag":[361],"class_list":{"0":"post-1614","1":"product","2":"type-product","3":"status-publish","4":"has-post-thumbnail","6":"product_cat-wildness","7":"product_cat-14-2-mm","8":"product_cat-green-contact-lenses","9":"product_cat-non-prescription","10":"product_cat-prescription","11":"product_cat-yearly-disposable","12":"product_tag-green-colored-contact-lenses","14":"first","15":"instock","16":"sale","17":"shipping-taxable","18":"purchasable","19":"product-type-variable","20":"has-default-attributes"},"_links":{"self":[{"href":"https:\/\/bqeye.com\/de\/wp-json\/wp\/v2\/product\/1614","targetHints":{"allow":["GET"]}}],"collection":[{"href":"https:\/\/bqeye.com\/de\/wp-json\/wp\/v2\/product"}],"about":[{"href":"https:\/\/bqeye.com\/de\/wp-json\/wp\/v2\/types\/product"}],"replies":[{"embeddable":true,"href":"https:\/\/bqeye.com\/de\/wp-json\/wp\/v2\/comments?post=1614"}],"wp:featuredmedia":[{"embeddable":true,"href":"https:\/\/bqeye.com\/de\/wp-json\/wp\/v2\/media\/1620"}],"wp:attachment":[{"href":"https:\/\/bqeye.com\/de\/wp-json\/wp\/v2\/media?parent=1614"}],"wp:term":[{"taxonomy":"product_brand","embeddable":true,"href":"https:\/\/bqeye.com\/de\/wp-json\/wp\/v2\/product_brand?post=1614"},{"taxonomy":"product_cat","embeddable":true,"href":"https:\/\/bqeye.com\/de\/wp-json\/wp\/v2\/product_cat?post=1614"},{"taxonomy":"product_tag","embeddable":true,"href":"https:\/\/bqeye.com\/de\/wp-json\/wp\/v2\/product_tag?post=1614"}],"curies":[{"name":"wp","href":"https:\/\/api.w.org\/{rel}","templated":true}]}}