{"id":1622,"date":"2024-04-19T02:23:54","date_gmt":"2024-04-19T02:23:54","guid":{"rendered":"https:\/\/bqeye.com\/?post_type=product&#038;p=1622"},"modified":"2024-05-03T05:03:14","modified_gmt":"2024-05-03T05:03:14","slug":"wildness-brown-colored-contact-lenses","status":"publish","type":"product","link":"https:\/\/bqeye.com\/de\/wildness-brown-colored-contact-lenses\/","title":{"rendered":"Wildness Brown Farbige Kontaktlinsen"},"content":{"rendered":"<h3>Entfesseln Sie Ihre wilde Seite mit BQEYE Wildness Brown Colored Contact Lenses<\/h3>\n<div><\/div>\n<div>Entdecken Sie die fesselnde Kraft von BQEYE Wildness Brown Colored Contact Lenses. Diese Linsen wurden entwickelt, um Ihre Augen in einen faszinierenden Braunton zu verwandeln, der an die reiche, ungez\u00e4hmte Sch\u00f6nheit der Erde erinnert. Ganz gleich, ob Sie Ihre nat\u00fcrliche Augenfarbe unterstreichen oder ein gewagtes Modestatement setzen m\u00f6chten, diese Linsen sind die perfekte Wahl.<\/div>\n<div><\/div>\n<div>Die Wildness Brown Colored Contact Lenses zeichnen sich durch eine einzigartige Mischung aus Braunt\u00f6nen aus, die einen multidimensionalen Effekt erzeugen, der die Tiefe und W\u00e4rme einer wilden, ungez\u00e4hmten Landschaft nachahmt. Das komplizierte Muster und die Pigmentierung dieser Linsen sorgen f\u00fcr ein verbl\u00fcffend realistisches Aussehen, so dass es scheint, als ob Sie mit dieser faszinierenden Augenfarbe geboren wurden.<\/div>\n<div><\/div>\n<div>Bei BQEYE wissen wir, dass Komfort genauso wichtig ist wie Stil. Deshalb werden unsere Wildness Brown Colored Contact Lenses aus hochwertigen Materialien hergestellt, die vor allem sauerstoffdurchl\u00e4ssig sind, damit Ihre Augen atmen k\u00f6nnen und den ganzen Tag \u00fcber bequem bleiben. Mit unserem DTC-Modell (Direct to Consumer) schalten wir die Zwischenh\u00e4ndler aus und bieten Ihnen diese hochwertigen Linsen direkt zu einem g\u00fcnstigen Preis an.<\/div>\n<div><\/div>\n<div>Wenn Sie BQEYE Wildness Brown Colored Contact Lenses tragen, \u00e4ndern Sie nicht nur Ihre Augenfarbe, sondern nehmen eine neue Facette Ihrer Pers\u00f6nlichkeit an. Die Braunt\u00f6ne vermitteln ein Gef\u00fchl der W\u00e4rme, des Selbstbewusstseins und der ungez\u00e4hmten Anziehungskraft und erm\u00f6glichen es Ihnen, sich auf eine Weise auszudr\u00fccken, die Ihre innere Wildheit widerspiegelt. Ganz gleich, ob Sie eine besondere Veranstaltung besuchen, an einem Fotoshooting teilnehmen oder einfach im Alltag ein Zeichen setzen wollen, diese Linsen sind die perfekten Accessoires.<\/div>\n<div><\/div>\n<div>BQEYE ist bestrebt, Ihnen die hochwertigsten farbigen Kontaktlinsen auf dem Markt anzubieten. Jedes Paar Wildness Brown Colored Contact Lenses wird strengen Tests und Qualit\u00e4tskontrollen unterzogen, um ein makelloses Aussehen und einen komfortablen Sitz zu gew\u00e4hrleisten. Mit der richtigen Pflege und Wartung k\u00f6nnen Sie die atemberaubende Wirkung dieser Linsen \u00fcber einen langen Zeitraum genie\u00dfen, was sie zu einer lohnenden Investition in Ihr Augenmode-Arsenal macht.<\/div>\n<div><\/div>\n<div>Entfesseln Sie Ihre wilde Seite und erleben Sie die verwandelnde Kraft der BQEYE Wildness Brown Colored Contact Lenses. Lassen Sie Ihre Augen zum Mittelpunkt Ihres Looks werden und fesseln Sie die Menschen um Sie herum mit ihrer intensiven und geheimnisvollen Anziehungskraft. Egal, ob Sie helle oder dunkle Augen haben, diese Linsen schaffen einen auff\u00e4lligen Kontrast, der Aufmerksamkeit verlangt.<\/div>\n<div><\/div>\n<div>Geben Sie sich nicht mit dem Gew\u00f6hnlichen zufrieden, wenn Sie mit BQEYE Wildness Brown Colored Contact Lenses das Au\u00dfergew\u00f6hnliche genie\u00dfen k\u00f6nnen. Bestellen Sie noch heute Ihre Kontaktlinsen und treten Sie in eine Welt ein, in der Ihre Augen die Verk\u00f6rperung von ungez\u00e4hmter Sch\u00f6nheit und Selbstbewusstsein sind. Lassen Sie Ihrer inneren Wildheit freien Lauf und lassen Sie BQEYE Ihr Partner sein, um Ihren Look neu zu definieren.<\/div>\n<div><\/div>\n<div>#BrauneKontaktlinsen #WildnessDesign #EntfessleDeineWildeSeite #EyeFashion #UntamedAllure<\/div>\n<div><\/div>","protected":false},"excerpt":{"rendered":"<p>Unleash Your Wild Side with BQEYE Wildness Brown Colored Contact Lenses Discover the captivating power of BQEYE Wildness Brown Colored Contact Lenses. These lenses are designed to transform your eyes into a mesmerizing shade of brown, reminiscent of the rich, untamed beauty of the earth. Whether you&#8217;re looking to enhance your natural eye color or [&#8230;]\n","protected":false},"featured_media":1627,"comment_status":"open","ping_status":"closed","template":"","meta":[],"product_brand":[],"product_cat":[358,91,80,96,95,98],"product_tag":[362],"class_list":{"0":"post-1622","1":"product","2":"type-product","3":"status-publish","4":"has-post-thumbnail","6":"product_cat-wildness","7":"product_cat-14-2-mm","8":"product_cat-brown-contact-lenses","9":"product_cat-non-prescription","10":"product_cat-prescription","11":"product_cat-yearly-disposable","12":"product_tag-brown-colored-contact-lenses","14":"first","15":"instock","16":"sale","17":"shipping-taxable","18":"purchasable","19":"product-type-variable","20":"has-default-attributes"},"_links":{"self":[{"href":"https:\/\/bqeye.com\/de\/wp-json\/wp\/v2\/product\/1622","targetHints":{"allow":["GET"]}}],"collection":[{"href":"https:\/\/bqeye.com\/de\/wp-json\/wp\/v2\/product"}],"about":[{"href":"https:\/\/bqeye.com\/de\/wp-json\/wp\/v2\/types\/product"}],"replies":[{"embeddable":true,"href":"https:\/\/bqeye.com\/de\/wp-json\/wp\/v2\/comments?post=1622"}],"wp:featuredmedia":[{"embeddable":true,"href":"https:\/\/bqeye.com\/de\/wp-json\/wp\/v2\/media\/1627"}],"wp:attachment":[{"href":"https:\/\/bqeye.com\/de\/wp-json\/wp\/v2\/media?parent=1622"}],"wp:term":[{"taxonomy":"product_brand","embeddable":true,"href":"https:\/\/bqeye.com\/de\/wp-json\/wp\/v2\/product_brand?post=1622"},{"taxonomy":"product_cat","embeddable":true,"href":"https:\/\/bqeye.com\/de\/wp-json\/wp\/v2\/product_cat?post=1622"},{"taxonomy":"product_tag","embeddable":true,"href":"https:\/\/bqeye.com\/de\/wp-json\/wp\/v2\/product_tag?post=1622"}],"curies":[{"name":"wp","href":"https:\/\/api.w.org\/{rel}","templated":true}]}}