{"id":1633,"date":"2024-04-19T07:12:24","date_gmt":"2024-04-19T07:12:24","guid":{"rendered":"https:\/\/bqeye.com\/?post_type=product&#038;p=1633"},"modified":"2024-05-03T05:04:59","modified_gmt":"2024-05-03T05:04:59","slug":"lucent-grey-colored-contacts","status":"publish","type":"product","link":"https:\/\/bqeye.com\/de\/lucent-grey-colored-contacts\/","title":{"rendered":"Lucent Grey Farbige Kontaktlinsen"},"content":{"rendered":"<h3>Erhellen Sie Ihren Blick mit BQEYE Lucent Grey Farbige Kontaktlinsen<\/h3>\n<div><\/div>\n<div>Treten Sie ein in eine Welt von faszinierender Sch\u00f6nheit mit BQEYE Lucent Grey Colored Contacts. Diese Linsen verwandeln Ihre Augen in einen fesselnden Grauton, der an das \u00e4therische Gl\u00fchen eines mondbeschienenen Himmels erinnert. Ganz gleich, ob Sie ein modisches Statement setzen oder einfach nur Ihre nat\u00fcrliche Augenfarbe unterstreichen m\u00f6chten, diese Linsen sind die perfekte Wahl.<\/div>\n<div><\/div>\n<div>Die Lucent Grey Colored Contacts zeichnen sich durch eine einzigartige Mischung aus Graut\u00f6nen aus, die einen multidimensionalen Effekt erzeugen, der die Tiefe und Leuchtkraft eines schimmernden Zwielichts nachahmt. Das komplizierte Muster und die Pigmentierung dieser Linsen sorgen f\u00fcr ein verbl\u00fcffend realistisches Aussehen, so dass es scheint, als ob Sie mit dieser bezaubernden Augenfarbe geboren wurden.<\/div>\n<div><\/div>\n<div>Bei BQEYE legen wir gro\u00dfen Wert auf Stil und Komfort. Unsere farbigen Kontaktlinsen Lucent Grey werden aus hochwertigen Materialien hergestellt, die eine optimale Sauerstoffdurchl\u00e4ssigkeit gew\u00e4hrleisten, damit Ihre Augen den ganzen Tag \u00fcber komfortabel und gesund bleiben. Mit unserem DTC-Modell (Direct to Consumer) schalten wir die Zwischenh\u00e4ndler aus und bieten Ihnen diese hochwertigen Kontaktlinsen direkt zu einem g\u00fcnstigen Preis an.<\/div>\n<div><\/div>\n<div>Wenn Sie farbige Kontaktlinsen von BQEYE Lucent Grey tragen, \u00e4ndern Sie nicht nur Ihre Augenfarbe, sondern nehmen eine neue Facette Ihrer Pers\u00f6nlichkeit an. Die grauen Farbt\u00f6ne vermitteln ein Gef\u00fchl von Geheimnis, Raffinesse und leuchtender Anziehungskraft und erm\u00f6glichen es Ihnen, sich auf eine Weise auszudr\u00fccken, die Ihre innere Ausstrahlung widerspiegelt. Ganz gleich, ob Sie eine besondere Veranstaltung besuchen, an einem Fotoshooting teilnehmen oder einfach im Alltag ein Zeichen setzen m\u00f6chten, diese Linsen sind die perfekten Accessoires.<\/div>\n<div><\/div>\n<div>BQEYE ist bestrebt, Ihnen die hochwertigsten farbigen Kontaktlinsen auf dem Markt anzubieten. Jedes Paar Lucent Grey Colored Contacts wird strengen Tests und Qualit\u00e4tskontrollen unterzogen, um ein makelloses Aussehen und einen komfortablen Sitz zu gew\u00e4hrleisten. Mit der richtigen Pflege und Wartung k\u00f6nnen Sie die atemberaubende Wirkung dieser Linsen \u00fcber einen langen Zeitraum genie\u00dfen, was sie zu einer lohnenden Investition in Ihr Augenmode-Arsenal macht.<\/div>\n<div><\/div>\n<div>Erhellen Sie Ihren Blick und fesseln Sie Ihre Umgebung mit BQEYE Lucent Grey Colored Contacts. Lassen Sie Ihre Augen zum Mittelpunkt Ihres Looks werden und strahlen Sie eine \u00fcberirdische Sch\u00f6nheit aus, die Aufmerksamkeit verlangt. Egal, ob Sie helle oder dunkle Augen haben, diese Kontaktlinsen schaffen einen auff\u00e4lligen Kontrast, der Ihre nat\u00fcrliche Ausstrahlung unterstreicht.<\/div>\n<div><\/div>\n<div>Geben Sie sich nicht mit dem Gew\u00f6hnlichen zufrieden, wenn Sie mit BQEYE Lucent Grey farbigen Kontaktlinsen das Au\u00dfergew\u00f6hnliche genie\u00dfen k\u00f6nnen. Bestellen Sie noch heute Ihre Kontaktlinsen und treten Sie ein in eine Welt, in der Ihre Augen die Verk\u00f6rperung von strahlender Sch\u00f6nheit und anspruchsvollem Charme sind. Lassen Sie Ihr inneres Licht durchscheinen und lassen Sie BQEYE Ihr Partner sein, um Ihren Look neu zu definieren.<\/div>\n<div><\/div>\n<div>#GrauFarbigeKontaktlinsen 1TP7LeuchtendesDesign #ILeuchtenderBlick #EyeFashion #EtherealBeauty<\/div>","protected":false},"excerpt":{"rendered":"<p>Illuminate Your Gaze with BQEYE Lucent Grey Colored Contacts Step into a world of mesmerizing beauty with BQEYE Lucent Grey Colored Contacts. These lenses are designed to transform your eyes into a captivating shade of grey, reminiscent of the ethereal glow of a moonlit sky. Whether you&#8217;re looking to make a fashion statement or simply [&#8230;]\n","protected":false},"featured_media":1635,"comment_status":"open","ping_status":"closed","template":"","meta":[],"product_brand":[],"product_cat":[363,91,81,96,95,98],"product_tag":[362],"class_list":{"0":"post-1633","1":"product","2":"type-product","3":"status-publish","4":"has-post-thumbnail","6":"product_cat-lucent-series-colored-contact-lenses","7":"product_cat-14-2-mm","8":"product_cat-grey-contact-lenses","9":"product_cat-non-prescription","10":"product_cat-prescription","11":"product_cat-yearly-disposable","12":"product_tag-brown-colored-contact-lenses","14":"first","15":"instock","16":"sale","17":"shipping-taxable","18":"purchasable","19":"product-type-variable","20":"has-default-attributes"},"_links":{"self":[{"href":"https:\/\/bqeye.com\/de\/wp-json\/wp\/v2\/product\/1633","targetHints":{"allow":["GET"]}}],"collection":[{"href":"https:\/\/bqeye.com\/de\/wp-json\/wp\/v2\/product"}],"about":[{"href":"https:\/\/bqeye.com\/de\/wp-json\/wp\/v2\/types\/product"}],"replies":[{"embeddable":true,"href":"https:\/\/bqeye.com\/de\/wp-json\/wp\/v2\/comments?post=1633"}],"wp:featuredmedia":[{"embeddable":true,"href":"https:\/\/bqeye.com\/de\/wp-json\/wp\/v2\/media\/1635"}],"wp:attachment":[{"href":"https:\/\/bqeye.com\/de\/wp-json\/wp\/v2\/media?parent=1633"}],"wp:term":[{"taxonomy":"product_brand","embeddable":true,"href":"https:\/\/bqeye.com\/de\/wp-json\/wp\/v2\/product_brand?post=1633"},{"taxonomy":"product_cat","embeddable":true,"href":"https:\/\/bqeye.com\/de\/wp-json\/wp\/v2\/product_cat?post=1633"},{"taxonomy":"product_tag","embeddable":true,"href":"https:\/\/bqeye.com\/de\/wp-json\/wp\/v2\/product_tag?post=1633"}],"curies":[{"name":"wp","href":"https:\/\/api.w.org\/{rel}","templated":true}]}}