{"id":1663,"date":"2024-04-19T08:07:54","date_gmt":"2024-04-19T08:07:54","guid":{"rendered":"https:\/\/bqeye.com\/?post_type=product&#038;p=1663"},"modified":"2024-04-21T09:23:43","modified_gmt":"2024-04-21T09:23:43","slug":"lucent-sky-blue-colored-contacts","status":"publish","type":"product","link":"https:\/\/bqeye.com\/de\/lucent-sky-blue-colored-contacts\/","title":{"rendered":"Lucent Sky Blue Farbige Kontaktlinsen"},"content":{"rendered":"<h3>Umarmen Sie den \u00e4therischen Charme der BQEYE Lucent Sky Blue Farbige Kontaktlinsen<\/h3>\n<div><\/div>\n<div>Erheben Sie Ihren Blick zu neuen H\u00f6hen mit BQEYE Lucent Sky Blue Colored Contacts. Diese Linsen wurden entwickelt, um Ihre Augen in einen faszinierenden himmelblauen Farbton zu verwandeln, der an die klare, leuchtende Sch\u00f6nheit eines wolkenlosen Tages erinnert. Ganz gleich, ob Sie einen modischen Akzent setzen oder einfach nur Ihre nat\u00fcrliche Augenfarbe unterstreichen m\u00f6chten, diese Linsen sind die perfekte Wahl.<\/div>\n<div><\/div>\n<div>Die Lucent Sky Blue Colored Contacts zeichnen sich durch eine einzigartige Mischung von Blaut\u00f6nen aus, die einen multidimensionalen Effekt erzeugen, der die Tiefe und Lebendigkeit eines heiteren, endlosen Himmels nachahmt. Das komplizierte Muster und die Pigmentierung dieser Linsen sorgen f\u00fcr ein verbl\u00fcffend realistisches Aussehen, so dass es scheint, als ob Sie mit dieser \u00e4therischen Augenfarbe geboren wurden.<\/div>\n<div><\/div>\n<div>Bei BQEYE legen wir gro\u00dfen Wert auf Stil und Komfort. Unsere himmelblauen Kontaktlinsen werden aus hochwertigen Materialien hergestellt, die eine optimale Sauerstoffdurchl\u00e4ssigkeit erm\u00f6glichen und so daf\u00fcr sorgen, dass Ihre Augen den ganzen Tag \u00fcber komfortabel und gesund bleiben. Mit unserem DTC-Modell (Direct to Consumer) schalten wir die Zwischenh\u00e4ndler aus und bieten Ihnen diese hochwertigen Kontaktlinsen direkt zu einem g\u00fcnstigen Preis an.<\/div>\n<div><\/div>\n<div>Wenn Sie die BQEYE Lucent Sky Blue Colored Contacts tragen, \u00e4ndern Sie nicht nur Ihre Augenfarbe, sondern nehmen eine neue Facette Ihrer Pers\u00f6nlichkeit an. Der himmelblaue Farbton vermittelt ein Gef\u00fchl von Ruhe, Freiheit und leuchtendem Charme und erm\u00f6glicht es Ihnen, sich auf eine Weise auszudr\u00fccken, die Ihre innere Ausstrahlung widerspiegelt. Ganz gleich, ob Sie eine besondere Veranstaltung besuchen, an einem Fotoshooting teilnehmen oder einfach im Alltag ein Zeichen setzen wollen, diese Linsen sind die perfekten Accessoires.<\/div>\n<div><\/div>\n<div>BQEYE ist bestrebt, Ihnen die hochwertigsten farbigen Kontaktlinsen auf dem Markt anzubieten. Jedes Paar Lucent Sky Blue Farbige Kontaktlinsen wird strengen Tests und Qualit\u00e4tskontrollen unterzogen, um ein makelloses Aussehen und einen bequemen Sitz zu gew\u00e4hrleisten. Mit der richtigen Pflege und Wartung k\u00f6nnen Sie die atemberaubende Wirkung dieser Linsen \u00fcber einen langen Zeitraum genie\u00dfen, was sie zu einer lohnenden Investition in Ihr modisches Augenarsenal macht.<\/div>\n<div><\/div>\n<div>Genie\u00dfen Sie den \u00e4therischen Charme Ihrer Augen mit BQEYE Lucent Sky Blue Colored Contacts. Lassen Sie Ihre Augen zum Mittelpunkt Ihres Looks werden und ziehen Sie Ihre Umgebung mit ihrer leuchtenden und fesselnden Ausstrahlung in den Bann. Egal, ob Sie helle oder dunkle Augen haben, diese Kontaktlinsen schaffen einen auff\u00e4lligen Kontrast, der Ihre nat\u00fcrliche Sch\u00f6nheit unterstreicht.<\/div>\n<div><\/div>\n<div>Geben Sie sich nicht mit dem Gew\u00f6hnlichen zufrieden, wenn Sie mit BQEYE Lucent Sky Blue Colored Contacts das Au\u00dfergew\u00f6hnliche genie\u00dfen k\u00f6nnen. Bestellen Sie noch heute Ihre Kontaktlinsen und treten Sie in eine Welt ein, in der Ihre Augen die Verk\u00f6rperung von leuchtender Sch\u00f6nheit und \u00e4therischem Charme sind. Lassen Sie Ihr inneres Strahlen durchscheinen und lassen Sie BQEYE Ihr Partner sein, um Ihren Look neu zu definieren.<\/div>\n<div><\/div>\n<div>#SkyBlueColoredContacts #LucentDesign #EtherealCharm #EyeFashion #LuminousBeauty<\/div>\n<div><\/div>","protected":false},"excerpt":{"rendered":"<p>Embrace the Ethereal Charm of BQEYE Lucent Sky Blue Colored Contacts Elevate your gaze to new heights with BQEYE Lucent Sky Blue Colored Contacts. These lenses are designed to transform your eyes into a mesmerizing shade of sky blue, reminiscent of the clear, luminous beauty of a cloudless day. Whether you&#8217;re looking to make a [&#8230;]\n","protected":false},"featured_media":1680,"comment_status":"open","ping_status":"closed","template":"","meta":[],"product_brand":[],"product_cat":[363,91,75,96,95,98],"product_tag":[366],"class_list":{"0":"post-1663","1":"product","2":"type-product","3":"status-publish","4":"has-post-thumbnail","6":"product_cat-lucent-series-colored-contact-lenses","7":"product_cat-14-2-mm","8":"product_cat-blue-contact-lenses","9":"product_cat-non-prescription","10":"product_cat-prescription","11":"product_cat-yearly-disposable","12":"product_tag-green-colored-contacts","14":"first","15":"instock","16":"sale","17":"shipping-taxable","18":"purchasable","19":"product-type-variable","20":"has-default-attributes"},"_links":{"self":[{"href":"https:\/\/bqeye.com\/de\/wp-json\/wp\/v2\/product\/1663","targetHints":{"allow":["GET"]}}],"collection":[{"href":"https:\/\/bqeye.com\/de\/wp-json\/wp\/v2\/product"}],"about":[{"href":"https:\/\/bqeye.com\/de\/wp-json\/wp\/v2\/types\/product"}],"replies":[{"embeddable":true,"href":"https:\/\/bqeye.com\/de\/wp-json\/wp\/v2\/comments?post=1663"}],"wp:featuredmedia":[{"embeddable":true,"href":"https:\/\/bqeye.com\/de\/wp-json\/wp\/v2\/media\/1680"}],"wp:attachment":[{"href":"https:\/\/bqeye.com\/de\/wp-json\/wp\/v2\/media?parent=1663"}],"wp:term":[{"taxonomy":"product_brand","embeddable":true,"href":"https:\/\/bqeye.com\/de\/wp-json\/wp\/v2\/product_brand?post=1663"},{"taxonomy":"product_cat","embeddable":true,"href":"https:\/\/bqeye.com\/de\/wp-json\/wp\/v2\/product_cat?post=1663"},{"taxonomy":"product_tag","embeddable":true,"href":"https:\/\/bqeye.com\/de\/wp-json\/wp\/v2\/product_tag?post=1663"}],"curies":[{"name":"wp","href":"https:\/\/api.w.org\/{rel}","templated":true}]}}