{"id":1744,"date":"2024-10-30T21:12:36","date_gmt":"2024-10-30T13:12:36","guid":{"rendered":"https:\/\/bqeye.com\/?post_type=product&#038;p=1744"},"modified":"2024-10-30T21:31:07","modified_gmt":"2024-10-30T13:31:07","slug":"wildfire-blue-contact-lenses","status":"publish","type":"product","link":"https:\/\/bqeye.com\/de\/wildfire-blue-contact-lenses\/","title":{"rendered":"Wildfire Blue Kontaktlinsen"},"content":{"rendered":"<h1 class=\"md-end-block md-heading\"><span class=\"md-plain md-expand\">Wildfire Blue Kontaktlinsen - Fesseln mit Meerestiefen<\/span><\/h1>\n<p class=\"md-end-block md-p\"><span class=\"md-plain\">Entdecken Sie die faszinierende Kraft der Wildfire Blue Kontaktlinsen, bei denen tiefe Meeresfarben auf \u00e4therische Himmelst\u00f6ne treffen, um einen bezaubernden Blick zu erzeugen, der die Aufmerksamkeit auf sich zieht und gleichzeitig die nat\u00fcrliche Sch\u00f6nheit bewahrt.<\/span><\/p>\n<h2 class=\"md-end-block md-heading\"><span class=\"md-plain\">\ud83d\udc41\ufe0f Ein Tanz der blauen T\u00f6ne<\/span><\/h2>\n<ul class=\"ul-list\" data-mark=\"-\">\n<li class=\"md-list-item\">\n<p class=\"md-end-block md-p\"><span class=\"md-pair-s\"><strong><span class=\"md-plain\">Farbsymphonie<\/span><\/strong><\/span><span class=\"md-plain\">: <\/span><\/p>\n<ul class=\"ul-list\" data-mark=\"-\">\n<li class=\"md-list-item\">\n<p class=\"md-end-block md-p\"><span class=\"md-plain\">Intensive saphirfarbene Mitte, die in hellere azurblaue R\u00e4nder \u00fcbergeht<\/span><\/p>\n<\/li>\n<li class=\"md-list-item\">\n<p class=\"md-end-block md-p\"><span class=\"md-plain\">Schimmernde ceruleanfarbene Highlights, die das Licht wundersch\u00f6n einfangen<\/span><\/p>\n<\/li>\n<li class=\"md-list-item\">\n<p class=\"md-end-block md-p\"><span class=\"md-plain\">Subtile marineblaue Untert\u00f6ne f\u00fcr au\u00dfergew\u00f6hnliche Tiefe<\/span><\/p>\n<\/li>\n<\/ul>\n<\/li>\n<li class=\"md-list-item\">\n<p class=\"md-end-block md-p\"><span class=\"md-pair-s\"><strong><span class=\"md-plain\">Nat\u00fcrliche Kunstfertigkeit<\/span><\/strong><\/span><span class=\"md-plain\">: <\/span><\/p>\n<ul class=\"ul-list\" data-mark=\"-\">\n<li class=\"md-list-item\">\n<p class=\"md-end-block md-p\"><span class=\"md-plain\">Komplizierte Farbmuster spiegeln die Textur der nat\u00fcrlichen Iris wider<\/span><\/p>\n<\/li>\n<li class=\"md-list-item\">\n<p class=\"md-end-block md-p\"><span class=\"md-plain\">Der zarte Limbusring verst\u00e4rkt die Definition der Augen<\/span><\/p>\n<\/li>\n<li class=\"md-list-item\">\n<p class=\"md-end-block md-p\"><span class=\"md-plain\">Beeindruckend sowohl bei hellem Tageslicht als auch bei ged\u00e4mpfter Innenbeleuchtung<\/span><\/p>\n<\/li>\n<\/ul>\n<\/li>\n<\/ul>\n<h2 class=\"md-end-block md-heading\"><span class=\"md-plain\">\ud83c\udf1f Erleben Sie den Wildfire-Effekt<\/span><\/h2>\n<p class=\"md-end-block md-p\"><span class=\"md-plain\">Diese Linsen schaffen:<\/span><\/p>\n<ul class=\"ul-list\" data-mark=\"-\">\n<li class=\"md-list-item\">\n<p class=\"md-end-block md-p\"><span class=\"md-plain\">Augen, die sich im Sonnenlicht wie Meereswellen bewegen<\/span><\/p>\n<\/li>\n<li class=\"md-list-item\">\n<p class=\"md-end-block md-p\"><span class=\"md-plain\">Eine hypnotisierende Tiefe, die andere in ihren Bann zieht<\/span><\/p>\n<\/li>\n<li class=\"md-list-item\">\n<p class=\"md-end-block md-p\"><span class=\"md-plain\">Ein Blick, der sowohl markant als auch nat\u00fcrlich verst\u00e4rkt wirkt<\/span><\/p>\n<\/li>\n<li class=\"md-list-item\">\n<p class=\"md-end-block md-p\"><span class=\"md-plain\">Dynamische Farbe, die sich an unterschiedliche Lichtverh\u00e4ltnisse anpasst<\/span><\/p>\n<\/li>\n<li class=\"md-list-item\">\n<p class=\"md-end-block md-p\"><span class=\"md-plain\">Vielseitige Verbesserung, die von Tag bis Nacht funktioniert<\/span><\/p>\n<\/li>\n<\/ul>\n<h2 class=\"md-end-block md-heading\"><span class=\"md-plain\">\ud83d\udcab Perfekt f\u00fcr jede Gelegenheit<\/span><\/h2>\n<ul class=\"ul-list\" data-mark=\"-\">\n<li class=\"md-list-item\">\n<p class=\"md-end-block md-p\"><span class=\"md-pair-s\"><strong><span class=\"md-plain\">T\u00e4gliche Eleganz<\/span><\/strong><\/span><span class=\"md-plain\">: Eine raffinierte Bereicherung f\u00fcr den Alltag<\/span><\/p>\n<\/li>\n<li class=\"md-list-item\">\n<p class=\"md-end-block md-p\"><span class=\"md-pair-s\"><strong><span class=\"md-plain\">Besondere Momente<\/span><\/strong><\/span><span class=\"md-plain\">: Unvergessliche Eindr\u00fccke schaffen<\/span><\/p>\n<\/li>\n<li class=\"md-list-item\">\n<p class=\"md-end-block md-p\"><span class=\"md-pair-s\"><strong><span class=\"md-plain\">Fotografie<\/span><\/strong><\/span><span class=\"md-plain\">: Beeindruckende Farb- und Schwarz-Wei\u00df-Fotos<\/span><\/p>\n<\/li>\n<li class=\"md-list-item\">\n<p class=\"md-end-block md-p\"><span class=\"md-pair-s\"><strong><span class=\"md-plain\">Professionelle Einstellungen<\/span><\/strong><\/span><span class=\"md-plain\">: Selbstbewusste, aber angemessene Verbesserung<\/span><\/p>\n<\/li>\n<li class=\"md-list-item\">\n<p class=\"md-end-block md-p\"><span class=\"md-pair-s\"><strong><span class=\"md-plain\">Abendveranstaltungen<\/span><\/strong><\/span><span class=\"md-plain\">: Mysteri\u00f6s und verf\u00fchrerisch bei ged\u00e4mpftem Licht<\/span><\/p>\n<\/li>\n<\/ul>\n<h2 class=\"md-end-block md-heading\"><span class=\"md-plain\">\ud83d\udc40 Stil- und Sch\u00f6nheitstipps<\/span><\/h2>\n<ol class=\"ol-list\" start=\"\">\n<li class=\"md-list-item\">\n<p class=\"md-end-block md-p\"><span class=\"md-pair-s\"><strong><span class=\"md-plain\">Komplement\u00e4res Make-up<\/span><\/strong><\/span><span class=\"md-plain\">:<\/span><\/p>\n<ul class=\"ul-list\" data-mark=\"-\">\n<li class=\"md-list-item\">\n<p class=\"md-end-block md-p\"><span class=\"md-plain\">Silberne und marineblaue Lidschatten<\/span><\/p>\n<\/li>\n<li class=\"md-list-item\">\n<p class=\"md-end-block md-p\"><span class=\"md-plain\">Kohlestift oder tiefblauer Eyeliner<\/span><\/p>\n<\/li>\n<li class=\"md-list-item\">\n<p class=\"md-end-block md-p\"><span class=\"md-plain\">Perlen- oder Silber-Highlighter<\/span><\/p>\n<\/li>\n<li class=\"md-list-item\">\n<p class=\"md-end-block md-p\"><span class=\"md-plain\">Make-up-Paletten in k\u00fchlen T\u00f6nen<\/span><\/p>\n<\/li>\n<li class=\"md-list-item\">\n<p class=\"md-end-block md-p\"><span class=\"md-plain\">Marineblaue oder schwarze Wimperntusche<\/span><\/p>\n<\/li>\n<\/ul>\n<\/li>\n<li class=\"md-list-item\">\n<p class=\"md-end-block md-p\"><span class=\"md-pair-s\"><strong><span class=\"md-plain\">Beste Lichteffekte<\/span><\/strong><\/span><span class=\"md-plain\">:<\/span><\/p>\n<ul class=\"ul-list\" data-mark=\"-\">\n<li class=\"md-list-item\">\n<p class=\"md-end-block md-p\"><span class=\"md-plain\">Funkelt brillant im nat\u00fcrlichen Tageslicht<\/span><\/p>\n<\/li>\n<li class=\"md-list-item\">\n<p class=\"md-end-block md-p\"><span class=\"md-plain\">Schafft geheimnisvolle Tiefe in Abendstimmung<\/span><\/p>\n<\/li>\n<li class=\"md-list-item\">\n<p class=\"md-end-block md-p\"><span class=\"md-plain\">F\u00e4ngt das Licht auf Fotos sch\u00f6n ein<\/span><\/p>\n<\/li>\n<\/ul>\n<\/li>\n<li class=\"md-list-item\">\n<p class=\"md-end-block md-p\"><span class=\"md-pair-s\"><strong><span class=\"md-plain\">Stil-Paarungen<\/span><\/strong><\/span><span class=\"md-plain\">:<\/span><\/p>\n<ul class=\"ul-list\" data-mark=\"-\">\n<li class=\"md-list-item\">\n<p class=\"md-end-block md-p\"><span class=\"md-plain\">Umwerfend mit k\u00fchl get\u00f6nter Kleidung<\/span><\/p>\n<\/li>\n<li class=\"md-list-item\">\n<p class=\"md-end-block md-p\"><span class=\"md-plain\">Perfekt mit Silberschmuck<\/span><\/p>\n<\/li>\n<li class=\"md-list-item\">\n<p class=\"md-end-block md-p\"><span class=\"md-plain\">Erg\u00e4nzt alle Haarfarben<\/span><\/p>\n<\/li>\n<li class=\"md-list-item\">\n<p class=\"md-end-block md-p\"><span class=\"md-plain\">Besonders auff\u00e4llig zu schwarzen, wei\u00dfen oder marineblauen Outfits<\/span><\/p>\n<\/li>\n<\/ul>\n<\/li>\n<li class=\"md-list-item\">\n<p class=\"md-end-block md-p\"><span class=\"md-pair-s\"><strong><span class=\"md-plain\">Make-up Looks<\/span><\/strong><\/span><span class=\"md-plain\">:<\/span><\/p>\n<ul class=\"ul-list\" data-mark=\"-\">\n<li class=\"md-list-item\">\n<p class=\"md-end-block md-p\"><span class=\"md-pair-s\"><strong><span class=\"md-plain\">Nat\u00fcrlicher Tag<\/span><\/strong><\/span><span class=\"md-plain\">: Leicht schimmernder Schatten und dezenter Liner<\/span><\/p>\n<\/li>\n<li class=\"md-list-item\">\n<p class=\"md-end-block md-p\"><span class=\"md-pair-s\"><strong><span class=\"md-plain\">Abenddrama<\/span><\/strong><\/span><span class=\"md-plain\">: Smokey Eye mit marineblauen Akzenten<\/span><\/p>\n<\/li>\n<li class=\"md-list-item\">\n<p class=\"md-end-block md-p\"><span class=\"md-pair-s\"><strong><span class=\"md-plain\">Professionell<\/span><\/strong><\/span><span class=\"md-plain\">: Sauberer Liner und neutraler Schatten<\/span><\/p>\n<\/li>\n<li class=\"md-list-item\">\n<p class=\"md-end-block md-p\"><span class=\"md-pair-s\"><strong><span class=\"md-plain\">Glamour<\/span><\/strong><\/span><span class=\"md-plain\">: Metallischer Lidschatten und Wing Liner<\/span><\/p>\n<\/li>\n<\/ul>\n<\/li>\n<\/ol>\n<p class=\"md-end-block md-p\"><span class=\"md-plain\">Verwandeln Sie Ihren Look mit Wildfire Blue - wo die Kraft der Tiefen des Ozeans auf die Brillanz des klaren Himmels trifft. Diese Linsen ver\u00e4ndern nicht nur Ihre Augenfarbe, sondern verleihen Ihrer nat\u00fcrlichen Sch\u00f6nheit eine neue, faszinierende Dimension.<\/span><\/p>\n<p class=\"md-end-block md-p md-focus\"><span class=\"md-plain md-expand\">M\u00f6chten Sie Anregungen f\u00fcr bestimmte Looks oder Tipps, wie Sie das Beste aus Ihren Wildfire Blue Linsen machen k\u00f6nnen?<\/span><\/p>","protected":false},"excerpt":{"rendered":"<p>Wildfire Blue Contact Lenses &#8211; Captivate with Ocean Depths Discover the mesmerizing power of Wildfire Blue contact lenses, where deep ocean hues meet ethereal sky tones to create an enchanting gaze that commands attention while maintaining natural beauty. \ud83d\udc41\ufe0f A Dance of Blue Hues Color Symphony: Intense sapphire center that flows into lighter azure edges [&#8230;]\n","protected":false},"featured_media":1747,"comment_status":"open","ping_status":"closed","template":"","meta":[],"product_brand":[],"product_cat":[371,90,75,96,95,98],"product_tag":[],"class_list":{"0":"post-1744","1":"product","2":"type-product","3":"status-publish","4":"has-post-thumbnail","6":"product_cat-wildfire","7":"product_cat-14-0-mm","8":"product_cat-blue-contact-lenses","9":"product_cat-non-prescription","10":"product_cat-prescription","11":"product_cat-yearly-disposable","13":"first","14":"instock","15":"sale","16":"shipping-taxable","17":"purchasable","18":"product-type-variable","19":"has-default-attributes"},"_links":{"self":[{"href":"https:\/\/bqeye.com\/de\/wp-json\/wp\/v2\/product\/1744","targetHints":{"allow":["GET"]}}],"collection":[{"href":"https:\/\/bqeye.com\/de\/wp-json\/wp\/v2\/product"}],"about":[{"href":"https:\/\/bqeye.com\/de\/wp-json\/wp\/v2\/types\/product"}],"replies":[{"embeddable":true,"href":"https:\/\/bqeye.com\/de\/wp-json\/wp\/v2\/comments?post=1744"}],"wp:featuredmedia":[{"embeddable":true,"href":"https:\/\/bqeye.com\/de\/wp-json\/wp\/v2\/media\/1747"}],"wp:attachment":[{"href":"https:\/\/bqeye.com\/de\/wp-json\/wp\/v2\/media?parent=1744"}],"wp:term":[{"taxonomy":"product_brand","embeddable":true,"href":"https:\/\/bqeye.com\/de\/wp-json\/wp\/v2\/product_brand?post=1744"},{"taxonomy":"product_cat","embeddable":true,"href":"https:\/\/bqeye.com\/de\/wp-json\/wp\/v2\/product_cat?post=1744"},{"taxonomy":"product_tag","embeddable":true,"href":"https:\/\/bqeye.com\/de\/wp-json\/wp\/v2\/product_tag?post=1744"}],"curies":[{"name":"wp","href":"https:\/\/api.w.org\/{rel}","templated":true}]}}