{"id":1939,"date":"2025-01-04T23:00:16","date_gmt":"2025-01-04T15:00:16","guid":{"rendered":"https:\/\/bqeye.com\/?post_type=product&#038;p=1939"},"modified":"2025-01-04T23:01:52","modified_gmt":"2025-01-04T15:01:52","slug":"black-butterfly-wing-contact-lenses","status":"publish","type":"product","link":"https:\/\/bqeye.com\/de\/black-butterfly-wing-contact-lenses\/","title":{"rendered":"Schwarze Schmetterlingsfl\u00fcgel-Kontaktlinsen"},"content":{"rendered":"<h1 class=\"md-end-block md-heading\"><span class=\"md-plain md-expand\">Schwarze Schmetterlingsfl\u00fcgel Kontaktlinsen | Mystic Collection \ud83e\udd8b<\/span><\/h1>\n<h2 class=\"md-end-block md-heading\"><span class=\"md-plain\">Design-Inspiration<\/span><\/h2>\n<p class=\"md-end-block md-p\"><span class=\"md-plain\">Unsere schwarzen Schmetterlingsfl\u00fcgelgl\u00e4ser fangen die geheimnisvolle Eleganz n\u00e4chtlicher Falter ein. Jedes Paar zeigt ein kompliziertes Fl\u00fcgelmuster - von raffinierten Wirbeln bis hin zu \u00e4therischen Details. Die einzigartige Textur kombiniert zarte Spitzen mit dem irisierenden Schimmer von Schmetterlingsfl\u00fcgeln und schafft einen bezaubernden Blick, der das Licht wie kostbare Fl\u00fcgel im Mondlicht einf\u00e4ngt.<\/span><\/p>\n<h2 class=\"md-end-block md-heading\"><span class=\"md-plain\">Influencer-Bewertungen \u2b50\ufe0f<\/span><\/h2>\n<p class=\"md-end-block md-p\"><span class=\"md-plain\">@NightButterfly (1,8 Millionen Follower)<\/span> <span class=\"md-plain\">\"Geheimnisvolle Nacht! Diese verwandeln Ihren gesamten Look. #WingEyes\"<\/span><\/p>\n<p class=\"md-end-block md-p\"><span class=\"md-plain\">@LaceMonarch (1.3M Follower)<\/span> <span class=\"md-plain\">\"Gefl\u00fcgelte Eleganz \ud83e\udd8b Die Details sind unglaublich!\"<\/span><\/p>\n<p class=\"md-end-block md-p\"><span class=\"md-plain\">@DarkBeauty (960K Follower)<\/span> <span class=\"md-plain\">\"Schmetterlingsanmut! Perfekt f\u00fcr meine Gothic-Shootings.\"<\/span><\/p>\n<p class=\"md-end-block md-p\"><span class=\"md-plain\">@VintageEyes (850K Follower)<\/span> <span class=\"md-plain\">\"Ein Hauch von Vintage-Mystery, den ich sehr sch\u00e4tze!\"<\/span><\/p>\n<h2 class=\"md-end-block md-heading\"><span class=\"md-plain\">Kundenrezensionen \ud83d\udc9d<\/span><\/h2>\n<p class=\"md-end-block md-p\"><span class=\"md-plain\">Schwarzer R. \u2b50\ufe0f\u2b50\ufe0f\u2b50\ufe0f\u2b50\ufe0f\u2b50\ufe0f<\/span> <span class=\"md-plain\">\"Perfektes Fl\u00fcgelmuster. Bequem auch nach 8 Stunden.\"<\/span><\/p>\n<p class=\"md-end-block md-p\"><span class=\"md-plain\">Luna M. \u2b50\ufe0f\u2b50\ufe0f\u2b50\ufe0f\u2b50\ufe0f\u2b50\ufe0f<\/span> <span class=\"md-plain\">\"Wie Seidenschwingen. Subtil und doch fesselnd.\"<\/span><\/p>\n<p class=\"md-end-block md-p\"><span class=\"md-plain\">Belle N. \u2b50\ufe0f\u2b50\ufe0f\u2b50\ufe0f\u2b50\ufe0f\u2b50\ufe0f<\/span> <span class=\"md-plain\">\"Nachtmagie. Unverzichtbar f\u00fcr meine Abendveranstaltungen.\"<\/span><\/p>\n<p class=\"md-end-block md-p\"><span class=\"md-plain\">Sarah V. \u2b50\ufe0f\u2b50\ufe0f\u2b50\ufe0f\u2b50\ufe0f\u2b50\ufe0f<\/span> <span class=\"md-plain\">\"Hervorragende Qualit\u00e4t, das Muster bleibt den ganzen Tag knackig.\"<\/span><\/p>\n<h2 class=\"md-end-block md-heading\"><span class=\"md-plain\">Anl\u00e4sse &amp; Make-up \ud83d\udc84<\/span><\/h2>\n<h3 class=\"md-end-block md-heading\"><span class=\"md-plain\">Perfekt f\u00fcr<\/span><\/h3>\n<ul class=\"ul-list\" data-mark=\"-\">\n<li class=\"md-list-item\">\n<p class=\"md-end-block md-p\"><span class=\"md-plain\">Gotische Soireen<\/span><\/p>\n<\/li>\n<li class=\"md-list-item\">\n<p class=\"md-end-block md-p\"><span class=\"md-plain\">Maskenb\u00e4lle<\/span><\/p>\n<\/li>\n<li class=\"md-list-item\">\n<p class=\"md-end-block md-p\"><span class=\"md-plain\">Viktorianische Ereignisse<\/span><\/p>\n<\/li>\n<li class=\"md-list-item\">\n<p class=\"md-end-block md-p\"><span class=\"md-plain\">K\u00fcnstlerische Fotoshootings<\/span><\/p>\n<\/li>\n<li class=\"md-list-item\">\n<p class=\"md-end-block md-p\"><span class=\"md-plain\">Mystische Versammlungen<\/span><\/p>\n<\/li>\n<li class=\"md-list-item\">\n<p class=\"md-end-block md-p\"><span class=\"md-plain\">Dunkle Modenschauen<\/span><\/p>\n<\/li>\n<li class=\"md-list-item\">\n<p class=\"md-end-block md-p\"><span class=\"md-plain\">B\u00fchnenauff\u00fchrungen<\/span><\/p>\n<\/li>\n<li class=\"md-list-item\">\n<p class=\"md-end-block md-p\"><span class=\"md-plain\">Fantasy-Kongresse<\/span><\/p>\n<\/li>\n<\/ul>\n<h3 class=\"md-end-block md-heading\"><span class=\"md-plain\">Make-up-Empfehlungen<\/span><\/h3>\n<ul class=\"ul-list\" data-mark=\"-\">\n<li class=\"md-list-item\">\n<p class=\"md-end-block md-p\"><span class=\"md-plain\">Samtige dunkle Lidschatten<\/span><\/p>\n<\/li>\n<li class=\"md-list-item\">\n<p class=\"md-end-block md-p\"><span class=\"md-plain\">Eyeliner mit Fl\u00fcgelmuster<\/span><\/p>\n<\/li>\n<li class=\"md-list-item\">\n<p class=\"md-end-block md-p\"><span class=\"md-plain\">Wimperntusche mit Federeffekt<\/span><\/p>\n<\/li>\n<li class=\"md-list-item\">\n<p class=\"md-end-block md-p\"><span class=\"md-plain\">Dunkle geheimnisvolle Lippen<\/span><\/p>\n<\/li>\n<li class=\"md-list-item\">\n<p class=\"md-end-block md-p\"><span class=\"md-plain\">Porzellanfarbener Teint<\/span><\/p>\n<\/li>\n<li class=\"md-list-item\">\n<p class=\"md-end-block md-p\"><span class=\"md-plain\">Perlglanz-Highlighter<\/span><\/p>\n<\/li>\n<li class=\"md-list-item\">\n<p class=\"md-end-block md-p\"><span class=\"md-plain\">Strukturierte Augenbrauen<\/span><\/p>\n<\/li>\n<li class=\"md-list-item\">\n<p class=\"md-end-block md-p\"><span class=\"md-plain\">Dramatische Konturierung<\/span><\/p>\n<\/li>\n<\/ul>\n<h2 class=\"md-end-block md-heading\"><span class=\"md-plain\">Style Guide \ud83d\udc57<\/span><\/h2>\n<h3 class=\"md-end-block md-heading\"><span class=\"md-plain\">Nacht-Harmonien<\/span><\/h3>\n<ul class=\"ul-list\" data-mark=\"-\">\n<li class=\"md-list-item\">\n<p class=\"md-end-block md-p\"><span class=\"md-plain\">Tiefschwarzer Samt<\/span><\/p>\n<\/li>\n<li class=\"md-list-item\">\n<p class=\"md-end-block md-p\"><span class=\"md-plain\">Gotische Spitze<\/span><\/p>\n<\/li>\n<li class=\"md-list-item\">\n<p class=\"md-end-block md-p\"><span class=\"md-plain\">Dunkler Brokat<\/span><\/p>\n<\/li>\n<li class=\"md-list-item\">\n<p class=\"md-end-block md-p\"><span class=\"md-plain\">Schwarze Seide<\/span><\/p>\n<\/li>\n<li class=\"md-list-item\">\n<p class=\"md-end-block md-p\"><span class=\"md-plain\">Perlgl\u00e4nzendes Ebenholz<\/span><\/p>\n<\/li>\n<li class=\"md-list-item\">\n<p class=\"md-end-block md-p\"><span class=\"md-plain\">K\u00f6niglich violett<\/span><\/p>\n<\/li>\n<li class=\"md-list-item\">\n<p class=\"md-end-block md-p\"><span class=\"md-plain\">Tiefes Burgunderrot<\/span><\/p>\n<\/li>\n<li class=\"md-list-item\">\n<p class=\"md-end-block md-p\"><span class=\"md-plain\">Schimmernde Holzkohle<\/span><\/p>\n<\/li>\n<\/ul>\n<h3 class=\"md-end-block md-heading\"><span class=\"md-plain\">Zubeh\u00f6r<\/span><\/h3>\n<ul class=\"ul-list\" data-mark=\"-\">\n<li class=\"md-list-item\">\n<p class=\"md-end-block md-p\"><span class=\"md-plain\">Viktorianischer Silberschmuck<\/span><\/p>\n<\/li>\n<li class=\"md-list-item\">\n<p class=\"md-end-block md-p\"><span class=\"md-plain\">Handgefertigte Spitze<\/span><\/p>\n<\/li>\n<li class=\"md-list-item\">\n<p class=\"md-end-block md-p\"><span class=\"md-plain\">Nat\u00fcrliche schwarze Federn<\/span><\/p>\n<\/li>\n<li class=\"md-list-item\">\n<p class=\"md-end-block md-p\"><span class=\"md-plain\">Dunkle Kristalle<\/span><\/p>\n<\/li>\n<li class=\"md-list-item\">\n<p class=\"md-end-block md-p\"><span class=\"md-plain\">Vintage-Kameen<\/span><\/p>\n<\/li>\n<li class=\"md-list-item\">\n<p class=\"md-end-block md-p\"><span class=\"md-plain\">Samt-Kropfb\u00e4nder<\/span><\/p>\n<\/li>\n<li class=\"md-list-item\">\n<p class=\"md-end-block md-p\"><span class=\"md-plain\">Spitzenhandschuhe<\/span><\/p>\n<\/li>\n<li class=\"md-list-item\">\n<p class=\"md-end-block md-p\"><span class=\"md-plain\">Schmetterlingsbroschen<\/span><\/p>\n<\/li>\n<\/ul>\n<h2 class=\"md-end-block md-heading\"><span class=\"md-plain\">Sicherheit und Komfort<\/span><\/h2>\n<p class=\"md-end-block md-p\"><span class=\"md-plain\">Unsere Schmetterlingslinsen sind CE- und FDA-zertifiziert und kombinieren n\u00e4chtliche Geheimnisse mit raffiniertem Komfort. Hergestellt aus hochwertigen, hypoallergenen Materialien, die eine optimale Hydratation f\u00fcr 8 Stunden Tragezeit gew\u00e4hrleisten. Jedes Paar wird einzeln sterilisiert und getestet.<\/span><\/p>\n<h2 class=\"md-end-block md-heading\"><span class=\"md-plain\">Erleben Sie Schmetterlingsmagie! \u2728<\/span><\/h2>\n<p class=\"md-end-block md-p\"><span class=\"md-plain\">Verleihen Sie Ihrem Blick die Eleganz von schwarzer Spitze und die Mystik n\u00e4chtlicher Schmetterlinge. Diese exklusiven Linsen warten darauf, Ihre geheimnisvolle Sch\u00f6nheit und Ihren einzigartigen Stil zu enth\u00fcllen.<\/span><\/p>\n<h3 class=\"md-end-block md-heading\"><span class=\"md-plain\">Garantien<\/span><\/h3>\n<ul class=\"ul-list\" data-mark=\"-\">\n<li class=\"md-list-item\">\n<p class=\"md-end-block md-p\"><span class=\"md-plain\">Zufriedenheitsgarantie<\/span><\/p>\n<\/li>\n<li class=\"md-list-item\">\n<p class=\"md-end-block md-p\"><span class=\"md-plain\">30-Tage-R\u00fcckgabe<\/span><\/p>\n<\/li>\n<li class=\"md-list-item\">\n<p class=\"md-end-block md-p\"><span class=\"md-plain\">Authentizit\u00e4t zertifiziert<\/span><\/p>\n<\/li>\n<li class=\"md-list-item\">\n<p class=\"md-end-block md-p\"><span class=\"md-plain\">VIP-Kundendienst<\/span><\/p>\n<\/li>\n<\/ul>\n<p class=\"md-end-block md-p\"><span class=\"md-plain\">\ud83d\udc49 BESTELLEN Sie JETZT, um die Anmut des Schmetterlings zu tragen!<\/span><\/p>\n<p class=\"md-end-block md-p md-focus\"><span class=\"md-plain md-expand\">#Schmetterlingslinsen #WingPattern #SchwarzerSchmetterling #MystischeAugen #Nachtsch\u00f6n 1TP7SpitzenMagie #Schmetterlingsblick #GothicChic #VintageGlam #DarkFashion<\/span><\/p>","protected":false},"excerpt":{"rendered":"<p>Black Butterfly Wing Contact Lenses | Mystic Collection \ud83e\udd8b Design Inspiration Our black butterfly wing lenses capture the mysterious elegance of nocturnal moths. Each pair reveals an intricate wing pattern &#8211; from sophisticated swirls to ethereal details. The unique texture combines delicate lacework with the iridescent shimmer of butterfly wings, creating an enchanting gaze that [&#8230;]\n","protected":false},"featured_media":1941,"comment_status":"open","ping_status":"closed","template":"","meta":[],"product_brand":[],"product_cat":[73,92,188,98],"product_tag":[],"class_list":{"0":"post-1939","1":"product","2":"type-product","3":"status-publish","4":"has-post-thumbnail","6":"product_cat-black-contact-lenses","7":"product_cat-14-5-mm","8":"product_cat-dream-contacts","9":"product_cat-yearly-disposable","11":"first","12":"instock","13":"sale","14":"shipping-taxable","15":"purchasable","16":"product-type-variable","17":"has-default-attributes"},"_links":{"self":[{"href":"https:\/\/bqeye.com\/de\/wp-json\/wp\/v2\/product\/1939","targetHints":{"allow":["GET"]}}],"collection":[{"href":"https:\/\/bqeye.com\/de\/wp-json\/wp\/v2\/product"}],"about":[{"href":"https:\/\/bqeye.com\/de\/wp-json\/wp\/v2\/types\/product"}],"replies":[{"embeddable":true,"href":"https:\/\/bqeye.com\/de\/wp-json\/wp\/v2\/comments?post=1939"}],"wp:featuredmedia":[{"embeddable":true,"href":"https:\/\/bqeye.com\/de\/wp-json\/wp\/v2\/media\/1941"}],"wp:attachment":[{"href":"https:\/\/bqeye.com\/de\/wp-json\/wp\/v2\/media?parent=1939"}],"wp:term":[{"taxonomy":"product_brand","embeddable":true,"href":"https:\/\/bqeye.com\/de\/wp-json\/wp\/v2\/product_brand?post=1939"},{"taxonomy":"product_cat","embeddable":true,"href":"https:\/\/bqeye.com\/de\/wp-json\/wp\/v2\/product_cat?post=1939"},{"taxonomy":"product_tag","embeddable":true,"href":"https:\/\/bqeye.com\/de\/wp-json\/wp\/v2\/product_tag?post=1939"}],"curies":[{"name":"wp","href":"https:\/\/api.w.org\/{rel}","templated":true}]}}