{"id":1942,"date":"2025-01-06T15:16:40","date_gmt":"2025-01-06T07:16:40","guid":{"rendered":"https:\/\/bqeye.com\/?post_type=product&#038;p=1942"},"modified":"2025-01-06T15:17:54","modified_gmt":"2025-01-06T07:17:54","slug":"starlight-black-contact-lenses","status":"publish","type":"product","link":"https:\/\/bqeye.com\/de\/starlight-black-contact-lenses\/","title":{"rendered":"Starlight Black Kontaktlinsen"},"content":{"rendered":"<h1 class=\"md-end-block md-heading\"><span class=\"md-plain md-expand\">Starlight Black Kontaktlinsen | Celestial Kollektion \u2728<\/span><\/h1>\n<h2 class=\"md-end-block md-heading\"><span class=\"md-plain\">\u00c4therisches Design<\/span><\/h2>\n<p class=\"md-end-block md-p\"><span class=\"md-plain\">Unsere Starlight Black-Gl\u00e4ser fangen den mystischen Reiz des Nachthimmels ein. Jedes Glas zeigt ein zartes Sternbildmuster auf tiefem Obsidian - als w\u00fcrde man in den Kosmos blicken. Der subtile Sternenlichteffekt erzeugt einen jenseitigen Schimmer, der sich bei jeder Bewegung ver\u00e4ndert.<\/span><\/p>\n<h2 class=\"md-end-block md-heading\"><span class=\"md-plain\">Elite Reviews \u2b50\ufe0f<\/span><\/h2>\n<p class=\"md-end-block md-p\"><span class=\"md-plain\">@NightSky (2.3M Follower)<\/span> <span class=\"md-plain\">\"Pure Magie! Als w\u00fcrde man den Kosmos tragen. #StarEyes\"<\/span><\/p>\n<p class=\"md-end-block md-p\"><span class=\"md-plain\">@CelestialGaze (1,9 Millionen Follower)<\/span> <span class=\"md-plain\">\"Starlight perfection \u2728 Beyond beautiful!\"<\/span><\/p>\n<p class=\"md-end-block md-p\"><span class=\"md-plain\">@NightGlow (1,5 Millionen Follower)<\/span> <span class=\"md-plain\">\"Sie verwandeln jedes Foto in Kunst.\"<\/span><\/p>\n<p class=\"md-end-block md-p\"><span class=\"md-plain\">@StardustQueen (1,1 Millionen Follower)<\/span> <span class=\"md-plain\">\"Der Inbegriff himmlischer Eleganz\".<\/span><\/p>\n<h2 class=\"md-end-block md-heading\"><span class=\"md-plain\">Gepr\u00fcfte Eink\u00e4ufe \ud83d\udc9d.<\/span><\/h2>\n<p class=\"md-end-block md-p\"><span class=\"md-plain\">Nova S. \u2b50\ufe0f\u2b50\ufe0f\u2b50\ufe0f\u2b50\ufe0f\u2b50\ufe0f<\/span> <span class=\"md-plain\">\"\u00c4therische Sch\u00f6nheit. Der Sternenlichteffekt ist makellos.\"<\/span><\/p>\n<p class=\"md-end-block md-p\"><span class=\"md-plain\">Astral K. \u2b50\ufe0f\u2b50\ufe0f\u2b50\ufe0f\u2b50\ufe0f\u2b50\ufe0f<\/span> <span class=\"md-plain\">\"Als w\u00fcrde man die Milchstra\u00dfe tragen.\"<\/span><\/p>\n<p class=\"md-end-block md-p\"><span class=\"md-plain\">Celeste M. \u2b50\ufe0f\u2b50\ufe0f\u2b50\ufe0f\u2b50\ufe0f\u2b50\ufe0f<\/span> <span class=\"md-plain\">\"Reine kosmische Verzauberung\".<\/span><\/p>\n<p class=\"md-end-block md-p\"><span class=\"md-plain\">Aurora B. \u2b50\ufe0f\u2b50\ufe0f\u2b50\ufe0f\u2b50\ufe0f\u2b50\ufe0f<\/span> <span class=\"md-plain\">\"Perfektion bei jedem Licht\".<\/span><\/p>\n<h2 class=\"md-end-block md-heading\"><span class=\"md-plain\">Anl\u00e4sse &amp; Styling \ud83d\udc84<\/span><\/h2>\n<h3 class=\"md-end-block md-heading\"><span class=\"md-plain\">Perfekt f\u00fcr<\/span><\/h3>\n<ul class=\"ul-list\" data-mark=\"-\">\n<li class=\"md-list-item\">\n<p class=\"md-end-block md-p\"><span class=\"md-plain\">Sternenlicht-Galas<\/span><\/p>\n<\/li>\n<li class=\"md-list-item\">\n<p class=\"md-end-block md-p\"><span class=\"md-plain\">Himmelskugeln<\/span><\/p>\n<\/li>\n<li class=\"md-list-item\">\n<p class=\"md-end-block md-p\"><span class=\"md-plain\">N\u00e4chtliche Zeremonien<\/span><\/p>\n<\/li>\n<li class=\"md-list-item\">\n<p class=\"md-end-block md-p\"><span class=\"md-plain\">Luxuri\u00f6se Veranstaltungen<\/span><\/p>\n<\/li>\n<li class=\"md-list-item\">\n<p class=\"md-end-block md-p\"><span class=\"md-plain\">D\u00e4mmerungs-Soir\u00e9es<\/span><\/p>\n<\/li>\n<li class=\"md-list-item\">\n<p class=\"md-end-block md-p\"><span class=\"md-plain\">K\u00fcnstlerische Triebe<\/span><\/p>\n<\/li>\n<li class=\"md-list-item\">\n<p class=\"md-end-block md-p\"><span class=\"md-plain\">Modeschauen<\/span><\/p>\n<\/li>\n<li class=\"md-list-item\">\n<p class=\"md-end-block md-p\"><span class=\"md-plain\">Mystische Versammlungen<\/span><\/p>\n<\/li>\n<\/ul>\n<h3 class=\"md-end-block md-heading\"><span class=\"md-plain\">Make-up Artistik<\/span><\/h3>\n<ul class=\"ul-list\" data-mark=\"-\">\n<li class=\"md-list-item\">\n<p class=\"md-end-block md-p\"><span class=\"md-plain\">Galaxy-Schatten<\/span><\/p>\n<\/li>\n<li class=\"md-list-item\">\n<p class=\"md-end-block md-p\"><span class=\"md-plain\">Konstellation Liner<\/span><\/p>\n<\/li>\n<li class=\"md-list-item\">\n<p class=\"md-end-block md-p\"><span class=\"md-plain\">Starlight Wimperntusche<\/span><\/p>\n<\/li>\n<li class=\"md-list-item\">\n<p class=\"md-end-block md-p\"><span class=\"md-plain\">Kosmische Lippen<\/span><\/p>\n<\/li>\n<li class=\"md-list-item\">\n<p class=\"md-end-block md-p\"><span class=\"md-plain\">Mondfarbener Teint<\/span><\/p>\n<\/li>\n<li class=\"md-list-item\">\n<p class=\"md-end-block md-p\"><span class=\"md-plain\">Himmlisches Highlight<\/span><\/p>\n<\/li>\n<li class=\"md-list-item\">\n<p class=\"md-end-block md-p\"><span class=\"md-plain\">Kosmische Augenbrauen<\/span><\/p>\n<\/li>\n<li class=\"md-list-item\">\n<p class=\"md-end-block md-p\"><span class=\"md-plain\">Stellare Kontur<\/span><\/p>\n<\/li>\n<\/ul>\n<h2 class=\"md-end-block md-heading\"><span class=\"md-plain\">Style Guide \ud83d\udc57<\/span><\/h2>\n<h3 class=\"md-end-block md-heading\"><span class=\"md-plain\">Nacht-Harmonien<\/span><\/h3>\n<ul class=\"ul-list\" data-mark=\"-\">\n<li class=\"md-list-item\">\n<p class=\"md-end-block md-p\"><span class=\"md-plain\">Kosmisches Schwarz<\/span><\/p>\n<\/li>\n<li class=\"md-list-item\">\n<p class=\"md-end-block md-p\"><span class=\"md-plain\">Sternenblau<\/span><\/p>\n<\/li>\n<li class=\"md-list-item\">\n<p class=\"md-end-block md-p\"><span class=\"md-plain\">Astralsilber<\/span><\/p>\n<\/li>\n<li class=\"md-list-item\">\n<p class=\"md-end-block md-p\"><span class=\"md-plain\">Galaxie violett<\/span><\/p>\n<\/li>\n<li class=\"md-list-item\">\n<p class=\"md-end-block md-p\"><span class=\"md-plain\">Nebula gold<\/span><\/p>\n<\/li>\n<li class=\"md-list-item\">\n<p class=\"md-end-block md-p\"><span class=\"md-plain\">Lunar wei\u00df<\/span><\/p>\n<\/li>\n<li class=\"md-list-item\">\n<p class=\"md-end-block md-p\"><span class=\"md-plain\">Meteorgrau<\/span><\/p>\n<\/li>\n<li class=\"md-list-item\">\n<p class=\"md-end-block md-p\"><span class=\"md-plain\">Nova schimmern<\/span><\/p>\n<\/li>\n<\/ul>\n<h3 class=\"md-end-block md-heading\"><span class=\"md-plain\">Himmlisches Zubeh\u00f6r<\/span><\/h3>\n<ul class=\"ul-list\" data-mark=\"-\">\n<li class=\"md-list-item\">\n<p class=\"md-end-block md-p\"><span class=\"md-plain\">Star-Schmuck<\/span><\/p>\n<\/li>\n<li class=\"md-list-item\">\n<p class=\"md-end-block md-p\"><span class=\"md-plain\">Kristall-Akzente<\/span><\/p>\n<\/li>\n<li class=\"md-list-item\">\n<p class=\"md-end-block md-p\"><span class=\"md-plain\">Himmlische Broschen<\/span><\/p>\n<\/li>\n<li class=\"md-list-item\">\n<p class=\"md-end-block md-p\"><span class=\"md-plain\">Mondstein-St\u00fccke<\/span><\/p>\n<\/li>\n<li class=\"md-list-item\">\n<p class=\"md-end-block md-p\"><span class=\"md-plain\">Sternenstaub-Schleier<\/span><\/p>\n<\/li>\n<li class=\"md-list-item\">\n<p class=\"md-end-block md-p\"><span class=\"md-plain\">Galaxie-Ringe<\/span><\/p>\n<\/li>\n<li class=\"md-list-item\">\n<p class=\"md-end-block md-p\"><span class=\"md-plain\">Kosmische Kupplungen<\/span><\/p>\n<\/li>\n<li class=\"md-list-item\">\n<p class=\"md-end-block md-p\"><span class=\"md-plain\">Stern-Tiaras<\/span><\/p>\n<\/li>\n<\/ul>\n<h2 class=\"md-end-block md-heading\"><span class=\"md-plain\">Premium-Merkmale<\/span><\/h2>\n<ul class=\"ul-list\" data-mark=\"-\">\n<li class=\"md-list-item\">\n<p class=\"md-end-block md-p\"><span class=\"md-plain\">StarGlow-Technologie\u2122<\/span><\/p>\n<\/li>\n<li class=\"md-list-item\">\n<p class=\"md-end-block md-p\"><span class=\"md-plain\">H\u00f6chster Komfort<\/span><\/p>\n<\/li>\n<li class=\"md-list-item\">\n<p class=\"md-end-block md-p\"><span class=\"md-plain\">12-Stunden-Hydratation<\/span><\/p>\n<\/li>\n<li class=\"md-list-item\">\n<p class=\"md-end-block md-p\"><span class=\"md-plain\">Kristallklarheit<\/span><\/p>\n<\/li>\n<li class=\"md-list-item\">\n<p class=\"md-end-block md-p\"><span class=\"md-plain\">UV-Schutz<\/span><\/p>\n<\/li>\n<li class=\"md-list-item\">\n<p class=\"md-end-block md-p\"><span class=\"md-plain\">Atmungsaktive Konstruktion<\/span><\/p>\n<\/li>\n<li class=\"md-list-item\">\n<p class=\"md-end-block md-p\"><span class=\"md-plain\">Perfekte Passform<\/span><\/p>\n<\/li>\n<li class=\"md-list-item\">\n<p class=\"md-end-block md-p\"><span class=\"md-plain\">Adaptiver Verschlei\u00df<\/span><\/p>\n<\/li>\n<\/ul>\n<h2 class=\"md-end-block md-heading\"><span class=\"md-plain\">Erleben Sie Starlight Magic! \u2728<\/span><\/h2>\n<p class=\"md-end-block md-p\"><span class=\"md-plain\">Tragen Sie den Nachthimmel in Ihrem Blick. Jedes Paar wird sorgf\u00e4ltig hergestellt, um ein au\u00dfergew\u00f6hnliches visuelles Erlebnis zu bieten.<\/span><\/p>\n<h3 class=\"md-end-block md-heading\"><span class=\"md-plain\">Elite-Garantien<\/span><\/h3>\n<ul class=\"ul-list\" data-mark=\"-\">\n<li class=\"md-list-item\">\n<p class=\"md-end-block md-p\"><span class=\"md-plain\">Erstklassige Qualit\u00e4t<\/span><\/p>\n<\/li>\n<li class=\"md-list-item\">\n<p class=\"md-end-block md-p\"><span class=\"md-plain\">Pers\u00f6nliche Anpassung<\/span><\/p>\n<\/li>\n<li class=\"md-list-item\">\n<p class=\"md-end-block md-p\"><span class=\"md-plain\">Echtheitssiegel<\/span><\/p>\n<\/li>\n<li class=\"md-list-item\">\n<p class=\"md-end-block md-p\"><span class=\"md-plain\">Luxuri\u00f6ser Service<\/span><\/p>\n<\/li>\n<li class=\"md-list-item\">\n<p class=\"md-end-block md-p\"><span class=\"md-plain\">Elite-Pflegeset<\/span><\/p>\n<\/li>\n<li class=\"md-list-item\">\n<p class=\"md-end-block md-p\"><span class=\"md-plain\">Fachkundige Beratung<\/span><\/p>\n<\/li>\n<\/ul>\n<p class=\"md-end-block md-p\"><span class=\"md-plain\">\ud83d\udc49 FORDERE JETZT DEINE STERNE EIN!<\/span><\/p>\n<p class=\"md-end-block md-p md-focus\"><span class=\"md-plain md-expand\">#StarlightLenses #StarEyes #CosmicGaze #NightGlam #StarMagic #CelestialEyes #NightElegance #StarDesign #LuxuryLenses #CelestialBeauty<\/span><\/p>","protected":false},"excerpt":{"rendered":"<p>Starlight Black Contact Lenses | Celestial Collection \u2728 Ethereal Design Our Starlight Black lenses capture the mystic allure of the night sky. Each lens features a delicate constellation pattern on deep obsidian &#8211; like gazing into the cosmos. The subtle starlight effect creates an otherworldly shimmer that shifts with every movement. Elite Reviews \u2b50\ufe0f @NightSky [&#8230;]\n","protected":false},"featured_media":1944,"comment_status":"open","ping_status":"closed","template":"","meta":[],"product_brand":[],"product_cat":[73,92,188,98],"product_tag":[],"class_list":{"0":"post-1942","1":"product","2":"type-product","3":"status-publish","4":"has-post-thumbnail","6":"product_cat-black-contact-lenses","7":"product_cat-14-5-mm","8":"product_cat-dream-contacts","9":"product_cat-yearly-disposable","11":"first","12":"instock","13":"sale","14":"shipping-taxable","15":"purchasable","16":"product-type-variable","17":"has-default-attributes"},"_links":{"self":[{"href":"https:\/\/bqeye.com\/de\/wp-json\/wp\/v2\/product\/1942","targetHints":{"allow":["GET"]}}],"collection":[{"href":"https:\/\/bqeye.com\/de\/wp-json\/wp\/v2\/product"}],"about":[{"href":"https:\/\/bqeye.com\/de\/wp-json\/wp\/v2\/types\/product"}],"replies":[{"embeddable":true,"href":"https:\/\/bqeye.com\/de\/wp-json\/wp\/v2\/comments?post=1942"}],"wp:featuredmedia":[{"embeddable":true,"href":"https:\/\/bqeye.com\/de\/wp-json\/wp\/v2\/media\/1944"}],"wp:attachment":[{"href":"https:\/\/bqeye.com\/de\/wp-json\/wp\/v2\/media?parent=1942"}],"wp:term":[{"taxonomy":"product_brand","embeddable":true,"href":"https:\/\/bqeye.com\/de\/wp-json\/wp\/v2\/product_brand?post=1942"},{"taxonomy":"product_cat","embeddable":true,"href":"https:\/\/bqeye.com\/de\/wp-json\/wp\/v2\/product_cat?post=1942"},{"taxonomy":"product_tag","embeddable":true,"href":"https:\/\/bqeye.com\/de\/wp-json\/wp\/v2\/product_tag?post=1942"}],"curies":[{"name":"wp","href":"https:\/\/api.w.org\/{rel}","templated":true}]}}