{"id":1966,"date":"2025-01-07T13:50:33","date_gmt":"2025-01-07T05:50:33","guid":{"rendered":"https:\/\/bqeye.com\/?post_type=product&#038;p=1966"},"modified":"2025-01-07T13:51:56","modified_gmt":"2025-01-07T05:51:56","slug":"dreaming-stonehenge-blue-green-contact-lenses","status":"publish","type":"product","link":"https:\/\/bqeye.com\/de\/dreaming-stonehenge-blue-green-contact-lenses\/","title":{"rendered":"Dreaming Stonehenge Blaugr\u00fcne Kontaktlinsen"},"content":{"rendered":"<h1 class=\"md-end-block md-heading\"><span class=\"md-plain md-expand\">\u2728 Dreaming Stonehenge Blaugr\u00fcne Kontaktlinsen: Ihr mystischer Blick erwartet Sie!<\/span><\/h1>\n<h2 class=\"md-end-block md-heading\"><span class=\"md-plain\">\ud83d\udcab Design-Inspiration<\/span><\/h2>\n<p class=\"md-end-block md-p\"><span class=\"md-plain\">Diese bezaubernden blau-gr\u00fcnen Kontaktlinsen sind mystisch inspiriert von Stonehenge in der Morgend\u00e4mmerung. Das Design f\u00e4ngt den \u00e4therischen Moment ein, wenn der Morgennebel die uralten Steine umspielt, und bietet eine faszinierende Mischung aus mystischen Blau- und heiligen Gr\u00fcnt\u00f6nen. Das komplizierte Muster spiegelt die geheimnisvollen Kreise von Stonehenge wider, mit subtilen Variationen, die sich wie die von den Steinen bei Sonnenaufgang geworfenen Schatten ver\u00e4ndern. Zarte Lichtelemente erinnern an die ersten Sonnenstrahlen, die den Morgennebel durchdringen, und schaffen einen jenseitigen Blick, der sich mit jedem Blick ver\u00e4ndert, genau wie das antike Monument, das sich im Laufe des Tages immer wieder neu zeigt.<\/span><\/p>\n<h2 class=\"md-end-block md-heading\"><span class=\"md-plain\">\ud83c\udf1f Bewertungen von Influencern<\/span><\/h2>\n<p class=\"md-end-block md-p\"><span class=\"md-plain\">@MysticBeauty (3,2 Millionen Follower):<\/span> <span class=\"md-plain\">\"Diese Objektive sind f\u00fcr meine Fotoshootings bei Sonnenaufgang an antiken St\u00e4tten pure Magie! Die Art und Weise, wie sie das Morgenlicht einfangen, ist absolut zauberhaft! \ud83c\udf05\"<\/span><\/p>\n<p class=\"md-end-block md-p\"><span class=\"md-plain\">@DruidicGlow (2,8 Millionen Follower):<\/span> <span class=\"md-plain\">\"Perfekt f\u00fcr Sonnenwendfeiern und Vollmondzeremonien! Sie machen meine spirituellen Zusammenk\u00fcnfte noch magischer! \u2728\"<\/span><\/p>\n<p class=\"md-end-block md-p\"><span class=\"md-plain\">@WiltshireWanderer (2,4 Millionen Follower):<\/span> <span class=\"md-plain\">\"Ob ich Steinkreise erkunde oder mittelalterliche Feste besuche, diese Linsen verleihen mir den perfekten mystischen Touch! \ud83c\udf3f\"<\/span><\/p>\n<h2 class=\"md-end-block md-heading\"><span class=\"md-plain\">\ud83d\udc40 Kundenerfahrungen<\/span><\/h2>\n<p class=\"md-end-block md-p\"><span class=\"md-plain\">Emily S. \u2b50\ufe0f\u2b50\ufe0f\u2b50\ufe0f\u2b50\ufe0f\u2b50\ufe0f<\/span> <span class=\"md-plain\">\"Unglaublich bequem bei langen Spazierg\u00e4ngen auf dem Land und bei der Besichtigung antiker St\u00e4tten! Die mystische Wirkung ist absolut umwerfend!\"<\/span><\/p>\n<p class=\"md-end-block md-p\"><span class=\"md-plain\">William H. \u2b50\ufe0f\u2b50\ufe0f\u2b50\ufe0f\u2b50\ufe0f\u2b50\ufe0f<\/span> <span class=\"md-plain\">\"Diese Linsen verwandeln meinen Alltagslook in etwas Magisches - perfekt f\u00fcr heidnische Feste und zwanglose Zusammenk\u00fcnfte!\"<\/span><\/p>\n<p class=\"md-end-block md-p\"><span class=\"md-plain\">Sarah M. \u2b50\ufe0f\u2b50\ufe0f\u2b50\ufe0f\u2b50\ufe0f\u2b50\ufe0f<\/span> <span class=\"md-plain\">\"Die am nat\u00fcrlichsten aussehenden mystischen Augen, die ich je hatte - jeder in meinem \u00f6rtlichen Geschichtsverein ist verzaubert! \ud83c\udf1f\"<\/span><\/p>\n<h2 class=\"md-end-block md-heading\"><span class=\"md-plain\">\ud83c\udfad Perfekte Anl\u00e4sse<\/span><\/h2>\n<h3 class=\"md-end-block md-heading\"><span class=\"md-plain\">T\u00e4gliche Magie<\/span><\/h3>\n<ul class=\"ul-list\" data-mark=\"-\">\n<li class=\"md-list-item\">\n<p class=\"md-end-block md-p\"><span class=\"md-plain\">Meditationssitzungen am Morgen<\/span><\/p>\n<\/li>\n<li class=\"md-list-item\">\n<p class=\"md-end-block md-p\"><span class=\"md-plain\">Spazierg\u00e4nge in der Natur<\/span><\/p>\n<\/li>\n<li class=\"md-list-item\">\n<p class=\"md-end-block md-p\"><span class=\"md-plain\">Historische Besichtigungen<\/span><\/p>\n<\/li>\n<li class=\"md-list-item\">\n<p class=\"md-end-block md-p\"><span class=\"md-plain\">Mystisches Schm\u00f6kern in der Buchhandlung<\/span><\/p>\n<\/li>\n<\/ul>\n<h3 class=\"md-end-block md-heading\"><span class=\"md-plain\">Besondere Ereignisse<\/span><\/h3>\n<ul class=\"ul-list\" data-mark=\"-\">\n<li class=\"md-list-item\">\n<p class=\"md-end-block md-p\"><span class=\"md-plain\">Feierlichkeiten zur Sonnenwende<\/span><\/p>\n<\/li>\n<li class=\"md-list-item\">\n<p class=\"md-end-block md-p\"><span class=\"md-plain\">Mittelalterliche Feste<\/span><\/p>\n<\/li>\n<li class=\"md-list-item\">\n<p class=\"md-end-block md-p\"><span class=\"md-plain\">Heidnische Versammlungen<\/span><\/p>\n<\/li>\n<li class=\"md-list-item\">\n<p class=\"md-end-block md-p\"><span class=\"md-plain\">Historische Reenactments<\/span><\/p>\n<\/li>\n<\/ul>\n<h3 class=\"md-end-block md-heading\"><span class=\"md-plain\">Make-up-Versch\u00f6nerung<\/span><\/h3>\n<ul class=\"ul-list\" data-mark=\"-\">\n<li class=\"md-list-item\">\n<p class=\"md-end-block md-p\"><span class=\"md-plain\">Neblige Morgenr\u00f6te<\/span><\/p>\n<\/li>\n<li class=\"md-list-item\">\n<p class=\"md-end-block md-p\"><span class=\"md-plain\">Antiker Bronzeschimmer<\/span><\/p>\n<\/li>\n<li class=\"md-list-item\">\n<p class=\"md-end-block md-p\"><span class=\"md-plain\">Waldfee funkelt<\/span><\/p>\n<\/li>\n<li class=\"md-list-item\">\n<p class=\"md-end-block md-p\"><span class=\"md-plain\">Mystischer Smokey-Eye<\/span><\/p>\n<\/li>\n<\/ul>\n<h2 class=\"md-end-block md-heading\"><span class=\"md-plain\">\ud83d\udc57 Style Guide<\/span><\/h2>\n<h3 class=\"md-end-block md-heading\"><span class=\"md-plain\">\"Der Stonehenge-Look\"<\/span><\/h3>\n<ul class=\"ul-list\" data-mark=\"-\">\n<li class=\"md-list-item\">\n<p class=\"md-end-block md-p\"><span class=\"md-plain\">Druidische Wei\u00dfe<\/span><\/p>\n<\/li>\n<li class=\"md-list-item\">\n<p class=\"md-end-block md-p\"><span class=\"md-plain\">Mystische Gr\u00fcns<\/span><\/p>\n<\/li>\n<li class=\"md-list-item\">\n<p class=\"md-end-block md-p\"><span class=\"md-plain\">Alte Steingraut\u00f6ne<\/span><\/p>\n<\/li>\n<li class=\"md-list-item\">\n<p class=\"md-end-block md-p\"><span class=\"md-plain\">Heiliger Blues<\/span><\/p>\n<\/li>\n<\/ul>\n<h3 class=\"md-end-block md-heading\"><span class=\"md-plain\">Zubeh\u00f6r Magie<\/span><\/h3>\n<ul class=\"ul-list\" data-mark=\"-\">\n<li class=\"md-list-item\">\n<p class=\"md-end-block md-p\"><span class=\"md-plain\">Keltischer Schmuck<\/span><\/p>\n<\/li>\n<li class=\"md-list-item\">\n<p class=\"md-end-block md-p\"><span class=\"md-plain\">Nat\u00fcrliche Kristalle<\/span><\/p>\n<\/li>\n<li class=\"md-list-item\">\n<p class=\"md-end-block md-p\"><span class=\"md-plain\">Bronze-Talismane<\/span><\/p>\n<\/li>\n<li class=\"md-list-item\">\n<p class=\"md-end-block md-p\"><span class=\"md-plain\">Flie\u00dfende Schals<\/span><\/p>\n<\/li>\n<\/ul>\n<h3 class=\"md-end-block md-heading\"><span class=\"md-plain\">Saisonales Styling<\/span><\/h3>\n<ul class=\"ul-list\" data-mark=\"-\">\n<li class=\"md-list-item\">\n<p class=\"md-end-block md-p\"><span class=\"md-plain\">Fr\u00fchling: Neblige Pastellt\u00f6ne in der Morgend\u00e4mmerung<\/span><\/p>\n<\/li>\n<li class=\"md-list-item\">\n<p class=\"md-end-block md-p\"><span class=\"md-plain\">Sommer: Lichter der Sonnenwende<\/span><\/p>\n<\/li>\n<li class=\"md-list-item\">\n<p class=\"md-end-block md-p\"><span class=\"md-plain\">Herbst: Mystische Erdt\u00f6ne<\/span><\/p>\n<\/li>\n<li class=\"md-list-item\">\n<p class=\"md-end-block md-p\"><span class=\"md-plain\">Winter: Der heilige Nachtblues<\/span><\/p>\n<\/li>\n<\/ul>\n<h2 class=\"md-end-block md-heading\"><span class=\"md-plain\">\u2728 Sicherheit und Komfort<\/span><\/h2>\n<p class=\"md-end-block md-p\"><span class=\"md-plain\">CE- und FDA-zertifiziert f\u00fcr Komfort, der so best\u00e4ndig ist wie die alten Steine selbst.<\/span><\/p>\n<h2 class=\"md-end-block md-heading\"><span class=\"md-plain\">\ud83d\udcab Erleben Sie die Magie!<\/span><\/h2>\n<p class=\"md-end-block md-p\"><span class=\"md-plain\">Verwandeln Sie Ihren Blick mit der mystischen Kraft von Stonehenge!<\/span><\/p>\n<p class=\"md-end-block md-p md-focus\"><span class=\"md-plain md-expand\">#StonehengeGlow #MysticalEyes #AncientBeauty #DruidicStyle #ContactLenses #SacredBeauty #BritishMystic<\/span><\/p>","protected":false},"excerpt":{"rendered":"<p>\u2728 Dreaming Stonehenge Blue-Green Contact Lenses: Your Mystical Gaze Awaits! \ud83d\udcab Design Inspiration These enchanting blue-green contact lenses draw their mystical inspiration from Stonehenge at dawn. Capturing the ethereal moment when morning mist swirls around the ancient stones, the design features a mesmerizing blend of mystical blue and sacred green hues. The intricate pattern mirrors [&#8230;]\n","protected":false},"featured_media":1968,"comment_status":"open","ping_status":"closed","template":"","meta":[],"product_brand":[],"product_cat":[75,92,188,77,98],"product_tag":[],"class_list":{"0":"post-1966","1":"product","2":"type-product","3":"status-publish","4":"has-post-thumbnail","6":"product_cat-blue-contact-lenses","7":"product_cat-14-5-mm","8":"product_cat-dream-contacts","9":"product_cat-green-contact-lenses","10":"product_cat-yearly-disposable","12":"first","13":"instock","14":"sale","15":"shipping-taxable","16":"purchasable","17":"product-type-variable","18":"has-default-attributes"},"_links":{"self":[{"href":"https:\/\/bqeye.com\/de\/wp-json\/wp\/v2\/product\/1966","targetHints":{"allow":["GET"]}}],"collection":[{"href":"https:\/\/bqeye.com\/de\/wp-json\/wp\/v2\/product"}],"about":[{"href":"https:\/\/bqeye.com\/de\/wp-json\/wp\/v2\/types\/product"}],"replies":[{"embeddable":true,"href":"https:\/\/bqeye.com\/de\/wp-json\/wp\/v2\/comments?post=1966"}],"wp:featuredmedia":[{"embeddable":true,"href":"https:\/\/bqeye.com\/de\/wp-json\/wp\/v2\/media\/1968"}],"wp:attachment":[{"href":"https:\/\/bqeye.com\/de\/wp-json\/wp\/v2\/media?parent=1966"}],"wp:term":[{"taxonomy":"product_brand","embeddable":true,"href":"https:\/\/bqeye.com\/de\/wp-json\/wp\/v2\/product_brand?post=1966"},{"taxonomy":"product_cat","embeddable":true,"href":"https:\/\/bqeye.com\/de\/wp-json\/wp\/v2\/product_cat?post=1966"},{"taxonomy":"product_tag","embeddable":true,"href":"https:\/\/bqeye.com\/de\/wp-json\/wp\/v2\/product_tag?post=1966"}],"curies":[{"name":"wp","href":"https:\/\/api.w.org\/{rel}","templated":true}]}}