{"id":1978,"date":"2025-01-07T19:57:19","date_gmt":"2025-01-07T11:57:19","guid":{"rendered":"https:\/\/bqeye.com\/?post_type=product&#038;p=1978"},"modified":"2025-01-07T20:05:05","modified_gmt":"2025-01-07T12:05:05","slug":"sandy-twilight-brown-contact-lenses","status":"publish","type":"product","link":"https:\/\/bqeye.com\/de\/sandy-twilight-brown-contact-lenses\/","title":{"rendered":"Sandy Twilight Brown Kontaktlinsen"},"content":{"rendered":"<h1 class=\"md-end-block md-heading\"><span class=\"md-plain md-expand\">\u2728 Sandy Twilight Brown Kontaktlinsen: Desert Enchantment<\/span><\/h1>\n<h2 class=\"md-end-block md-heading\"><span class=\"md-plain\">\ud83d\udcab Design-Inspiration<\/span><\/h2>\n<p class=\"md-end-block md-p\"><span class=\"md-plain\">Diese Sandy Twilight-Gl\u00e4ser fangen die faszinierende Atmosph\u00e4re von Sonnenunterg\u00e4ngen in der W\u00fcste ein. Das Design verbindet warme Sandt\u00f6ne mit dem mystischen Schein der Abendd\u00e4mmerung und zeigt zarte \u00dcberg\u00e4nge von Zimt zu Karamell, die die goldene Stunde in der W\u00fcste widerspiegeln. Subtile kristalline Muster schaffen Tiefe und bewahren gleichzeitig die nat\u00fcrliche Sch\u00f6nheit, w\u00e4hrend mikro-reflektierende Elemente an das Funkeln von Sandkristallen erinnern, die die letzten Sonnenstrahlen einfangen.<\/span><\/p>\n<h2 class=\"md-end-block md-heading\"><span class=\"md-plain\">\ud83c\udf1f Bewertungen von Influencern<\/span><\/h2>\n<p class=\"md-end-block md-p\"><span class=\"md-plain\">@DesertGlow (2,9 Millionen Follower):<\/span> <span class=\"md-plain\">\"Diese Linsen verwandeln jeden Blick in W\u00fcstenzauber! Perfekt f\u00fcr Fotos zur goldenen Stunde! \ud83c\udf05\"<\/span><\/p>\n<p class=\"md-end-block md-p\"><span class=\"md-plain\">@TwilightBeauty (2,6 Millionen Follower):<\/span> <span class=\"md-plain\">\"Vom Morgenlicht bis zum Sonnenuntergang - das sind meine von der W\u00fcste inspirierten Traumlinsen! \u2728\"<\/span><\/p>\n<p class=\"md-end-block md-p\"><span class=\"md-plain\">@SandyStyle (2,4 Millionen Follower):<\/span> <span class=\"md-plain\">\"Die perfekte Mischung aus W\u00e4rme und Geheimnis - als w\u00fcrde man den Sonnenuntergang mit den Augen einfangen! \ud83c\udf1f\"<\/span><\/p>\n<h2 class=\"md-end-block md-heading\"><span class=\"md-plain\">\ud83d\udc40 Benutzererfahrungen<\/span><\/h2>\n<p class=\"md-end-block md-p\"><span class=\"md-plain\">Olivia T. \u2b50\ufe0f\u2b50\ufe0f\u2b50\ufe0f\u2b50\ufe0f\u2b50\ufe0f<\/span> <span class=\"md-plain\">\"Der Komfort ist erstaunlich, und die sandigen Braunt\u00f6ne sehen unglaublich nat\u00fcrlich aus!\"<\/span><\/p>\n<p class=\"md-end-block md-p\"><span class=\"md-plain\">Maya H. \u2b50\ufe0f\u2b50\ufe0f\u2b50\ufe0f\u2b50\ufe0f\u2b50\ufe0f<\/span> <span class=\"md-plain\">\"Diese Linsen verleihen meinen Augen den perfekten Hauch von W\u00fcstenzauber! \ud83d\udcab\"<\/span><\/p>\n<p class=\"md-end-block md-p\"><span class=\"md-plain\">Sophia R. \u2b50\ufe0f\u2b50\ufe0f\u2b50\ufe0f\u2b50\ufe0f\u2b50\ufe0f<\/span> <span class=\"md-plain\">\"Nat\u00fcrlich und doch zauberhaft - perfekt f\u00fcr den Tag und den Abend! \ud83c\udf19\"<\/span><\/p>\n<h2 class=\"md-end-block md-heading\"><span class=\"md-plain\">\ud83c\udfad Perfekte Anl\u00e4sse<\/span><\/h2>\n<h3 class=\"md-end-block md-heading\"><span class=\"md-plain\">T\u00e4gliche Magie<\/span><\/h3>\n<ul class=\"ul-list\" data-mark=\"-\">\n<li class=\"md-list-item\">\n<p class=\"md-end-block md-p\"><span class=\"md-plain\">Sonnige Brunches<\/span><\/p>\n<\/li>\n<li class=\"md-list-item\">\n<p class=\"md-end-block md-p\"><span class=\"md-plain\">Urbane Abenteuer<\/span><\/p>\n<\/li>\n<li class=\"md-list-item\">\n<p class=\"md-end-block md-p\"><span class=\"md-plain\">Treffen zum Kaffee<\/span><\/p>\n<\/li>\n<li class=\"md-list-item\">\n<p class=\"md-end-block md-p\"><span class=\"md-plain\">Abendliche Zusammenk\u00fcnfte<\/span><\/p>\n<\/li>\n<\/ul>\n<h3 class=\"md-end-block md-heading\"><span class=\"md-plain\">Besondere Momente<\/span><\/h3>\n<ul class=\"ul-list\" data-mark=\"-\">\n<li class=\"md-list-item\">\n<p class=\"md-end-block md-p\"><span class=\"md-plain\">Abendessen bei Sonnenuntergang<\/span><\/p>\n<\/li>\n<li class=\"md-list-item\">\n<p class=\"md-end-block md-p\"><span class=\"md-plain\">Sommerfestivals<\/span><\/p>\n<\/li>\n<li class=\"md-list-item\">\n<p class=\"md-end-block md-p\"><span class=\"md-plain\">Foto-Sessions<\/span><\/p>\n<\/li>\n<li class=\"md-list-item\">\n<p class=\"md-end-block md-p\"><span class=\"md-plain\">Hochzeitsfeiern<\/span><\/p>\n<\/li>\n<\/ul>\n<h3 class=\"md-end-block md-heading\"><span class=\"md-plain\">Sch\u00f6nheitspaarungen<\/span><\/h3>\n<ul class=\"ul-list\" data-mark=\"-\">\n<li class=\"md-list-item\">\n<p class=\"md-end-block md-p\"><span class=\"md-plain\">Goldenes Gl\u00fchen<\/span><\/p>\n<\/li>\n<li class=\"md-list-item\">\n<p class=\"md-end-block md-p\"><span class=\"md-plain\">Kupferfarbener Lidschatten<\/span><\/p>\n<\/li>\n<li class=\"md-list-item\">\n<p class=\"md-end-block md-p\"><span class=\"md-plain\">Sandige H\u00f6hepunkte<\/span><\/p>\n<\/li>\n<li class=\"md-list-item\">\n<p class=\"md-end-block md-p\"><span class=\"md-plain\">Bronze-Ausf\u00fchrungen<\/span><\/p>\n<\/li>\n<\/ul>\n<h2 class=\"md-end-block md-heading\"><span class=\"md-plain\">\ud83d\udc57 Style Guide<\/span><\/h2>\n<h3 class=\"md-end-block md-heading\"><span class=\"md-plain\">\"Der W\u00fcstenlook\"<\/span><\/h3>\n<ul class=\"ul-list\" data-mark=\"-\">\n<li class=\"md-list-item\">\n<p class=\"md-end-block md-p\"><span class=\"md-plain\">Sandig braun<\/span><\/p>\n<\/li>\n<li class=\"md-list-item\">\n<p class=\"md-end-block md-p\"><span class=\"md-plain\">Bernstein der D\u00e4mmerung<\/span><\/p>\n<\/li>\n<li class=\"md-list-item\">\n<p class=\"md-end-block md-p\"><span class=\"md-plain\">Zimtglut<\/span><\/p>\n<\/li>\n<li class=\"md-list-item\">\n<p class=\"md-end-block md-p\"><span class=\"md-plain\">Goldener Schimmer<\/span><\/p>\n<\/li>\n<\/ul>\n<h3 class=\"md-end-block md-heading\"><span class=\"md-plain\">Perfekte Paarungen<\/span><\/h3>\n<ul class=\"ul-list\" data-mark=\"-\">\n<li class=\"md-list-item\">\n<p class=\"md-end-block md-p\"><span class=\"md-plain\">Goldschmuck<\/span><\/p>\n<\/li>\n<li class=\"md-list-item\">\n<p class=\"md-end-block md-p\"><span class=\"md-plain\">Nat\u00fcrliche Steine<\/span><\/p>\n<\/li>\n<li class=\"md-list-item\">\n<p class=\"md-end-block md-p\"><span class=\"md-plain\">Accessoires aus Seide<\/span><\/p>\n<\/li>\n<li class=\"md-list-item\">\n<p class=\"md-end-block md-p\"><span class=\"md-plain\">W\u00fcsteninspirierte Drucke<\/span><\/p>\n<\/li>\n<\/ul>\n<h3 class=\"md-end-block md-heading\"><span class=\"md-plain\">Saisonale Magie<\/span><\/h3>\n<ul class=\"ul-list\" data-mark=\"-\">\n<li class=\"md-list-item\">\n<p class=\"md-end-block md-p\"><span class=\"md-plain\">Sommer: Sonneneinstrahlung<\/span><\/p>\n<\/li>\n<li class=\"md-list-item\">\n<p class=\"md-end-block md-p\"><span class=\"md-plain\">Herbst: Warmes Gl\u00fchen<\/span><\/p>\n<\/li>\n<li class=\"md-list-item\">\n<p class=\"md-end-block md-p\"><span class=\"md-plain\">Fr\u00fchling: Sanfter Schimmer<\/span><\/p>\n<\/li>\n<li class=\"md-list-item\">\n<p class=\"md-end-block md-p\"><span class=\"md-plain\">Winter: Goldene W\u00e4rme<\/span><\/p>\n<\/li>\n<\/ul>\n<h2 class=\"md-end-block md-heading\"><span class=\"md-plain\">\u2728 Sicherheit und Komfort<\/span><\/h2>\n<p class=\"md-end-block md-p\"><span class=\"md-plain\">CE- und FDA-zertifiziert f\u00fcr ganzt\u00e4gigen W\u00fcstenkomfort.<\/span><\/p>\n<h2 class=\"md-end-block md-heading\"><span class=\"md-plain\">\ud83d\udcab Erleben Sie die Magie!<\/span><\/h2>\n<p class=\"md-end-block md-p\"><span class=\"md-plain\">Lassen Sie sich vom Zauber der W\u00fcstend\u00e4mmerung verzaubern!<\/span><\/p>\n<p class=\"md-end-block md-p md-focus\"><span class=\"md-plain md-expand\">#SandyTwilight #BrownLenses #DesertStyle #EyeMagic #TwilightGlow<\/span><\/p>","protected":false},"excerpt":{"rendered":"<p>\u2728 Sandy Twilight Brown Contact Lenses: Desert Enchantment \ud83d\udcab Design Inspiration These Sandy Twilight lenses capture the mesmerizing atmosphere of desert sunsets. The design blends warm sand tones with the mystical glow of dusk, featuring delicate transitions from cinnamon to caramel that mirror the golden hour in the desert. Subtle crystalline patterns create depth while [&#8230;]\n","protected":false},"featured_media":1980,"comment_status":"open","ping_status":"closed","template":"","meta":[],"product_brand":[],"product_cat":[80,92,188,98],"product_tag":[],"class_list":{"0":"post-1978","1":"product","2":"type-product","3":"status-publish","4":"has-post-thumbnail","6":"product_cat-brown-contact-lenses","7":"product_cat-14-5-mm","8":"product_cat-dream-contacts","9":"product_cat-yearly-disposable","11":"first","12":"instock","13":"sale","14":"shipping-taxable","15":"purchasable","16":"product-type-variable","17":"has-default-attributes"},"_links":{"self":[{"href":"https:\/\/bqeye.com\/de\/wp-json\/wp\/v2\/product\/1978","targetHints":{"allow":["GET"]}}],"collection":[{"href":"https:\/\/bqeye.com\/de\/wp-json\/wp\/v2\/product"}],"about":[{"href":"https:\/\/bqeye.com\/de\/wp-json\/wp\/v2\/types\/product"}],"replies":[{"embeddable":true,"href":"https:\/\/bqeye.com\/de\/wp-json\/wp\/v2\/comments?post=1978"}],"wp:featuredmedia":[{"embeddable":true,"href":"https:\/\/bqeye.com\/de\/wp-json\/wp\/v2\/media\/1980"}],"wp:attachment":[{"href":"https:\/\/bqeye.com\/de\/wp-json\/wp\/v2\/media?parent=1978"}],"wp:term":[{"taxonomy":"product_brand","embeddable":true,"href":"https:\/\/bqeye.com\/de\/wp-json\/wp\/v2\/product_brand?post=1978"},{"taxonomy":"product_cat","embeddable":true,"href":"https:\/\/bqeye.com\/de\/wp-json\/wp\/v2\/product_cat?post=1978"},{"taxonomy":"product_tag","embeddable":true,"href":"https:\/\/bqeye.com\/de\/wp-json\/wp\/v2\/product_tag?post=1978"}],"curies":[{"name":"wp","href":"https:\/\/api.w.org\/{rel}","templated":true}]}}