{"id":2016,"date":"2025-01-08T16:27:58","date_gmt":"2025-01-08T08:27:58","guid":{"rendered":"https:\/\/bqeye.com\/?post_type=product&#038;p=2016"},"modified":"2025-01-08T16:33:16","modified_gmt":"2025-01-08T08:33:16","slug":"light-matcha-green-contact-lenses","status":"publish","type":"product","link":"https:\/\/bqeye.com\/de\/light-matcha-green-contact-lenses\/","title":{"rendered":"Leichte Matcha Gr\u00fcn Kontaktlinsen"},"content":{"rendered":"<h1 class=\"md-end-block md-heading\"><span class=\"md-plain md-expand\">\u2728 Leichte Matcha-gr\u00fcne Kontaktlinsen: Zen-inspirierte Sch\u00f6nheit<\/span><\/h1>\n<h2 class=\"md-end-block md-heading\"><span class=\"md-plain\">\ud83d\udcab Design-Inspiration<\/span><\/h2>\n<p class=\"md-end-block md-p\"><span class=\"md-plain\">In Anlehnung an die heitere \u00c4sthetik traditioneller japanischer Teezeremonien fangen diese Light Matcha Green Kontaktlinsen die himmlische Sch\u00f6nheit von fein gemahlenem Matcha-Pulver ein. Das Design enth\u00e4lt zarte Salbeifarbt\u00f6ne mit subtilen goldenen Highlights, die die Art und Weise imitieren, wie das Sonnenlicht auf dem aufgeschlagenen Matcha-Tee tanzt. Jede Linse verf\u00fcgt \u00fcber einen raffinierten Farbverlauf, der Tiefe erzeugt und gleichzeitig ein nat\u00fcrliches, bezauberndes Aussehen bewahrt.<\/span><\/p>\n<h2 class=\"md-end-block md-heading\"><span class=\"md-plain\">\ud83c\udf1f Bewertungen von Influencern<\/span><\/h2>\n<p class=\"md-end-block md-p\"><span class=\"md-plain\">@ZenBeauty (1,5 Millionen Follower):<\/span> <span class=\"md-plain\">\"Diese Matcha-inspirierten Linsen verleihen einen so friedlichen und doch auff\u00e4lligen Look! Perfekt f\u00fcr meine Achtsamkeitsinhalte und das t\u00e4gliche Tragen \u2728\"<\/span><\/p>\n<p class=\"md-end-block md-p\"><span class=\"md-plain\">@StyleSerenity (920K Follower):<\/span> <span class=\"md-plain\">\"Ich bin besessen davon, wie sie meine nat\u00fcrliche Augenfarbe betonen. Sie sind mein Favorit sowohl f\u00fcr zwanglose Kaffeeverabredungen als auch f\u00fcr professionelle Shootings \ud83c\udf75\"<\/span><\/p>\n<p class=\"md-end-block md-p\"><span class=\"md-plain\">@BeautyHarmony (2,4 Millionen Follower):<\/span> <span class=\"md-plain\">\"Die elegantesten Farblinsen, die ich je getragen habe - sie geben mir diesen ruhigen, gelassenen Blick f\u00fcr meine Wellness-Videos \ud83d\udc9a\"<\/span><\/p>\n<h2 class=\"md-end-block md-heading\"><span class=\"md-plain\">\ud83d\udc40 Benutzererfahrungen<\/span><\/h2>\n<p class=\"md-end-block md-p\"><span class=\"md-plain\">\"Diese Linsen lassen meine Augen wie Lachen aus frisch gequirltem Matcha aussehen - so einzigartig und nat\u00fcrlich! Perfekt f\u00fcr meine Yogastunden \ud83c\udf3f\"<\/span><\/p>\n<p class=\"md-end-block md-p\"><span class=\"md-plain\">\"Wenn ich diese Schuhe w\u00e4hrend meiner Wellness-Retreats trage, verleiht das meinem Auftreten den perfekten Touch von Zen. Der Komfort ist un\u00fcbertroffen!\"<\/span><\/p>\n<p class=\"md-end-block md-p\"><span class=\"md-plain\">\"Ich liebe es, wie diese Schuhe meine minimalistische \u00c4sthetik erg\u00e4nzen. Sie sind dezent genug f\u00fcr den Alltag, setzen aber trotzdem ein Zeichen \ud83d\udcab\"<\/span><\/p>\n<h2 class=\"md-end-block md-heading\"><span class=\"md-plain\">\ud83c\udfad Perfekte Anl\u00e4sse<\/span><\/h2>\n<h3 class=\"md-end-block md-heading\"><span class=\"md-plain\">T\u00e4gliche Abnutzung<\/span><\/h3>\n<ul class=\"ul-list\" data-mark=\"*\">\n<li class=\"md-list-item\">\n<p class=\"md-end-block md-p\"><span class=\"md-plain\">Wellness-Workshops<\/span><\/p>\n<\/li>\n<li class=\"md-list-item\">\n<p class=\"md-end-block md-p\"><span class=\"md-plain\">Kreative Treffen<\/span><\/p>\n<\/li>\n<li class=\"md-list-item\">\n<p class=\"md-end-block md-p\"><span class=\"md-plain\">Achtsamkeitssitzungen<\/span><\/p>\n<\/li>\n<li class=\"md-list-item\">\n<p class=\"md-end-block md-p\"><span class=\"md-plain\">Erstellung von Inhalten<\/span><\/p>\n<\/li>\n<\/ul>\n<h3 class=\"md-end-block md-heading\"><span class=\"md-plain\">Besondere Ereignisse<\/span><\/h3>\n<ul class=\"ul-list\" data-mark=\"*\">\n<li class=\"md-list-item\">\n<p class=\"md-end-block md-p\"><span class=\"md-plain\">Zeremonien im Garten<\/span><\/p>\n<\/li>\n<li class=\"md-list-item\">\n<p class=\"md-end-block md-p\"><span class=\"md-plain\">Teezeremonien<\/span><\/p>\n<\/li>\n<li class=\"md-list-item\">\n<p class=\"md-end-block md-p\"><span class=\"md-plain\">Lifestyle-Fotoshootings<\/span><\/p>\n<\/li>\n<li class=\"md-list-item\">\n<p class=\"md-end-block md-p\"><span class=\"md-plain\">Zen-Retreats<\/span><\/p>\n<\/li>\n<\/ul>\n<h2 class=\"md-end-block md-heading\"><span class=\"md-plain\">\ud83d\udcab Style Guide<\/span><\/h2>\n<h3 class=\"md-end-block md-heading\"><span class=\"md-plain\">Make-up Harmonie<\/span><\/h3>\n<ul class=\"ul-list\" data-mark=\"*\">\n<li class=\"md-list-item\">\n<p class=\"md-end-block md-p\"><span class=\"md-plain\">Perlen-Highlights<\/span><\/p>\n<\/li>\n<li class=\"md-list-item\">\n<p class=\"md-end-block md-p\"><span class=\"md-plain\">Sanfte Salbei-Schatten<\/span><\/p>\n<\/li>\n<li class=\"md-list-item\">\n<p class=\"md-end-block md-p\"><span class=\"md-plain\">Nat\u00fcrliche Brauen<\/span><\/p>\n<\/li>\n<li class=\"md-list-item\">\n<p class=\"md-end-block md-p\"><span class=\"md-plain\">Taufrische Haut<\/span><\/p>\n<\/li>\n<\/ul>\n<h3 class=\"md-end-block md-heading\"><span class=\"md-plain\">Kleiderschrank Pairing<\/span><\/h3>\n<ul class=\"ul-list\" data-mark=\"*\">\n<li class=\"md-list-item\">\n<p class=\"md-end-block md-p\"><span class=\"md-plain\">Elfenbeinwei\u00df<\/span><\/p>\n<\/li>\n<li class=\"md-list-item\">\n<p class=\"md-end-block md-p\"><span class=\"md-plain\">Weiche Gr\u00fcns<\/span><\/p>\n<\/li>\n<li class=\"md-list-item\">\n<p class=\"md-end-block md-p\"><span class=\"md-plain\">Nat\u00fcrlich beige<\/span><\/p>\n<\/li>\n<li class=\"md-list-item\">\n<p class=\"md-end-block md-p\"><span class=\"md-plain\">Perlen-Akzente<\/span><\/p>\n<\/li>\n<\/ul>\n<h3 class=\"md-end-block md-heading\"><span class=\"md-plain\">Saisonales Styling<\/span><\/h3>\n<ul class=\"ul-list\" data-mark=\"*\">\n<li class=\"md-list-item\">\n<p class=\"md-end-block md-p\"><span class=\"md-plain\">Fr\u00fchling: Helle Leinenstoffe<\/span><\/p>\n<\/li>\n<li class=\"md-list-item\">\n<p class=\"md-end-block md-p\"><span class=\"md-plain\">Sommer: \u00c4therische Wei\u00dfe<\/span><\/p>\n<\/li>\n<li class=\"md-list-item\">\n<p class=\"md-end-block md-p\"><span class=\"md-plain\">Herbst: Warmer Salbei<\/span><\/p>\n<\/li>\n<li class=\"md-list-item\">\n<p class=\"md-end-block md-p\"><span class=\"md-plain\">Winter: Sanfte Neutralt\u00f6ne<\/span><\/p>\n<\/li>\n<\/ul>\n<p class=\"md-end-block md-p\"><span class=\"md-plain\">1TP7LichtMatchaGreen #CKontaktlinsen #ZenBeauty #NaturalStyle<\/span><\/p>","protected":false},"excerpt":{"rendered":"<p>\u2728 Light Matcha Green Contact Lenses: Zen-Inspired Beauty \ud83d\udcab Design Inspiration Drawing from the serene aesthetics of traditional Japanese tea ceremonies, these Light Matcha Green Contact Lenses capture the ethereal beauty of finely milled matcha powder. The design incorporates delicate sage undertones with subtle golden highlights, mimicking the way sunlight dances on whisked matcha tea. [&#8230;]\n","protected":false},"featured_media":2018,"comment_status":"open","ping_status":"closed","template":"","meta":[],"product_brand":[],"product_cat":[77,91,188,98],"product_tag":[],"class_list":{"0":"post-2016","1":"product","2":"type-product","3":"status-publish","4":"has-post-thumbnail","6":"product_cat-green-contact-lenses","7":"product_cat-14-2-mm","8":"product_cat-dream-contacts","9":"product_cat-yearly-disposable","11":"first","12":"instock","13":"sale","14":"shipping-taxable","15":"purchasable","16":"product-type-variable","17":"has-default-attributes"},"_links":{"self":[{"href":"https:\/\/bqeye.com\/de\/wp-json\/wp\/v2\/product\/2016","targetHints":{"allow":["GET"]}}],"collection":[{"href":"https:\/\/bqeye.com\/de\/wp-json\/wp\/v2\/product"}],"about":[{"href":"https:\/\/bqeye.com\/de\/wp-json\/wp\/v2\/types\/product"}],"replies":[{"embeddable":true,"href":"https:\/\/bqeye.com\/de\/wp-json\/wp\/v2\/comments?post=2016"}],"wp:featuredmedia":[{"embeddable":true,"href":"https:\/\/bqeye.com\/de\/wp-json\/wp\/v2\/media\/2018"}],"wp:attachment":[{"href":"https:\/\/bqeye.com\/de\/wp-json\/wp\/v2\/media?parent=2016"}],"wp:term":[{"taxonomy":"product_brand","embeddable":true,"href":"https:\/\/bqeye.com\/de\/wp-json\/wp\/v2\/product_brand?post=2016"},{"taxonomy":"product_cat","embeddable":true,"href":"https:\/\/bqeye.com\/de\/wp-json\/wp\/v2\/product_cat?post=2016"},{"taxonomy":"product_tag","embeddable":true,"href":"https:\/\/bqeye.com\/de\/wp-json\/wp\/v2\/product_tag?post=2016"}],"curies":[{"name":"wp","href":"https:\/\/api.w.org\/{rel}","templated":true}]}}