{"id":2023,"date":"2025-01-08T20:16:33","date_gmt":"2025-01-08T12:16:33","guid":{"rendered":"https:\/\/bqeye.com\/?post_type=product&#038;p=2023"},"modified":"2025-01-08T20:18:36","modified_gmt":"2025-01-08T12:18:36","slug":"moonlight-grey-contact-lenses","status":"publish","type":"product","link":"https:\/\/bqeye.com\/de\/moonlight-grey-contact-lenses\/","title":{"rendered":"Mondlichtgraue Kontaktlinsen"},"content":{"rendered":"<h1 class=\"md-end-block md-heading\"><span class=\"md-plain md-expand\">Mondlichtgraue Kontaktlinsen: Entfalte deinen \u00e4therischen Blick \ud83c\udf19<\/span><\/h1>\n<h2 class=\"md-end-block md-heading\"><span class=\"md-plain\">Design-Inspiration &amp; Farbgeschichte<\/span><\/h2>\n<p class=\"md-end-block md-p\"><span class=\"md-plain\">Diese <\/span><span class=\"md-pair-s\"><strong><span class=\"md-plain\">Mondlichtgraue Kontaktlinsen<\/span><\/strong><\/span><span class=\"md-plain\"> fangen die geheimnisvolle Anziehungskraft mondbeschienener N\u00e4chte ein. Inspiriert vom silbernen Schimmer des Vollmonds durch neblige Wolken, weist jedes Glas zarte Schichten leuchtender Graut\u00f6ne auf. Das einzigartige Muster erzeugt eine faszinierende Tiefe, die Ihre Augen in geheimnisvolle, mondbeschienene Pools verwandelt - perfekt f\u00fcr alle, die nach einer subtilen und dennoch auff\u00e4lligen Verst\u00e4rkung suchen.<\/span><\/p>\n<h2 class=\"md-end-block md-heading\"><span class=\"md-plain\">Influencer-Bewertungen<\/span><\/h2>\n<p class=\"md-end-block md-p\"><span class=\"md-plain\">@BeautyMoon (1,7 Millionen Follower): \"Diese <\/span><span class=\"md-pair-s\"><strong><span class=\"md-plain\">Mondscheingraue Kontaktlinsen machen virtuelle Treffen magisch<\/span><\/strong><\/span><span class=\"md-plain\"> - die perfekte Balance zwischen professionell und bezaubernd! \u2728\"<\/span><\/p>\n<p class=\"md-end-block md-p\"><span class=\"md-plain\">@StyleSiren (1,1 Mio. Follower): \"Die <\/span><span class=\"md-pair-s\"><strong><span class=\"md-plain\">Die Kontaktlinse Moonlight Grey ist meine Geheimwaffe f\u00fcr redaktionelle Fotoshootings<\/span><\/strong><\/span><span class=\"md-plain\"> - sie fotografieren wie ein Traum! \ud83c\udf1f\"<\/span><\/p>\n<p class=\"md-end-block md-p\"><span class=\"md-plain\">@GlamGoddess (850K Follower): \"W\u00e4hrend der Abendveranstaltungen, diese <\/span><span class=\"md-pair-s\"><strong><span class=\"md-plain\">Moonlight Grey Linsen fangen das Licht wundersch\u00f6n ein<\/span><\/strong><\/span><span class=\"md-plain\"> - Verzauberung pur! \ud83d\udcab\"<\/span><\/p>\n<h2 class=\"md-end-block md-heading\"><span class=\"md-plain\">Echte Kundenerfahrungen<\/span><\/h2>\n<p class=\"md-end-block md-p\"><span class=\"md-plain\">\"Diese <\/span><span class=\"md-pair-s\"><strong><span class=\"md-plain\">Moonlight Grey Kontaktlinsen f\u00fchlen sich bei Pr\u00e4sentationen schwerelos an<\/span><\/strong><\/span><span class=\"md-plain\">, perfekt f\u00fcr lange Arbeitstage! \ud83d\udcbc\"<\/span><\/p>\n<p class=\"md-end-block md-p\"><span class=\"md-plain\">\"Die <\/span><span class=\"md-pair-s\"><strong><span class=\"md-plain\">Moonlight Grey Contact Lens bringt meine Gesichtsz\u00fcge bei gesellschaftlichen Anl\u00e4ssen zur Geltung<\/span><\/strong><\/span><span class=\"md-plain\">, so nat\u00fcrlich elegant! \u2728\"<\/span><\/p>\n<p class=\"md-end-block md-p\"><span class=\"md-plain\">\"Ich liebe es, wie diese <\/span><span class=\"md-pair-s\"><strong><span class=\"md-plain\">Mondscheingraue Linsen unterstreichen meinen Look f\u00fcr Abendveranstaltungen<\/span><\/strong><\/span><span class=\"md-plain\"> - raffiniert und geheimnisvoll! \ud83c\udf19\"<\/span><\/p>\n<h2 class=\"md-end-block md-heading\"><span class=\"md-plain\">Perfekte Anl\u00e4sse<\/span><\/h2>\n<h3 class=\"md-end-block md-heading\"><span class=\"md-plain\">Professionelle Einstellungen<\/span><\/h3>\n<ul class=\"ul-list\" data-mark=\"-\">\n<li class=\"md-list-item\">\n<p class=\"md-end-block md-p\"><span class=\"md-plain\">Sitzungen des Verwaltungsrats<\/span><\/p>\n<\/li>\n<li class=\"md-list-item\">\n<p class=\"md-end-block md-p\"><span class=\"md-plain\">Kundenpr\u00e4sentationen<\/span><\/p>\n<\/li>\n<li class=\"md-list-item\">\n<p class=\"md-end-block md-p\"><span class=\"md-plain\">Vernetzung von Unternehmen<\/span><\/p>\n<\/li>\n<\/ul>\n<h3 class=\"md-end-block md-heading\"><span class=\"md-plain\">Besondere Ereignisse<\/span><\/h3>\n<ul class=\"ul-list\" data-mark=\"-\">\n<li class=\"md-list-item\">\n<p class=\"md-end-block md-p\"><span class=\"md-plain\">Abendgalas<\/span><\/p>\n<\/li>\n<li class=\"md-list-item\">\n<p class=\"md-end-block md-p\"><span class=\"md-plain\">Cocktail-Partys<\/span><\/p>\n<\/li>\n<li class=\"md-list-item\">\n<p class=\"md-end-block md-p\"><span class=\"md-plain\">Mode-Events<\/span><\/p>\n<\/li>\n<\/ul>\n<h2 class=\"md-end-block md-heading\"><span class=\"md-plain\">Leitfaden f\u00fcr Makeup-Paarungen<\/span><\/h2>\n<h3 class=\"md-end-block md-heading\"><span class=\"md-plain\">Raffinesse f\u00fcr den Tag<\/span><\/h3>\n<ul class=\"ul-list\" data-mark=\"-\">\n<li class=\"md-list-item\">\n<p class=\"md-end-block md-p\"><span class=\"md-plain\">Leuchtender Sockel<\/span><\/p>\n<\/li>\n<li class=\"md-list-item\">\n<p class=\"md-end-block md-p\"><span class=\"md-plain\">Perlenlidschatten<\/span><\/p>\n<\/li>\n<li class=\"md-list-item\">\n<p class=\"md-end-block md-p\"><span class=\"md-plain\">Definierte Wimpern<\/span><\/p>\n<\/li>\n<\/ul>\n<h3 class=\"md-end-block md-heading\"><span class=\"md-plain\">Abendgeheimnis<\/span><\/h3>\n<ul class=\"ul-list\" data-mark=\"-\">\n<li class=\"md-list-item\">\n<p class=\"md-end-block md-p\"><span class=\"md-plain\">Metallische Akzente<\/span><\/p>\n<\/li>\n<li class=\"md-list-item\">\n<p class=\"md-end-block md-p\"><span class=\"md-plain\">Kohlefarbenes Smokey-Eye<\/span><\/p>\n<\/li>\n<li class=\"md-list-item\">\n<p class=\"md-end-block md-p\"><span class=\"md-plain\">Malvenfarbene Lippen<\/span><\/p>\n<\/li>\n<\/ul>\n<h2 class=\"md-end-block md-heading\"><span class=\"md-plain\">Stil-Koordination<\/span><\/h2>\n<h3 class=\"md-end-block md-heading\"><span class=\"md-plain\">Farben der Kleidung<\/span><\/h3>\n<ul class=\"ul-list\" data-mark=\"-\">\n<li class=\"md-list-item\">\n<p class=\"md-end-block md-p\"><span class=\"md-plain\">Sterling Silber<\/span><\/p>\n<\/li>\n<li class=\"md-list-item\">\n<p class=\"md-end-block md-p\"><span class=\"md-plain\">Mondstein wei\u00df<\/span><\/p>\n<\/li>\n<li class=\"md-list-item\">\n<p class=\"md-end-block md-p\"><span class=\"md-plain\">Nebliges Grau<\/span><\/p>\n<\/li>\n<li class=\"md-list-item\">\n<p class=\"md-end-block md-p\"><span class=\"md-plain\">Tiefe Holzkohle<\/span><\/p>\n<\/li>\n<\/ul>\n<h3 class=\"md-end-block md-heading\"><span class=\"md-plain\">Zubeh\u00f6r<\/span><\/h3>\n<ul class=\"ul-list\" data-mark=\"-\">\n<li class=\"md-list-item\">\n<p class=\"md-end-block md-p\"><span class=\"md-plain\">Platin-Schmuck<\/span><\/p>\n<\/li>\n<li class=\"md-list-item\">\n<p class=\"md-end-block md-p\"><span class=\"md-plain\">Mondstein Details<\/span><\/p>\n<\/li>\n<li class=\"md-list-item\">\n<p class=\"md-end-block md-p\"><span class=\"md-plain\">Kristall-Elemente<\/span><\/p>\n<\/li>\n<\/ul>\n<h3 class=\"md-end-block md-heading\"><span class=\"md-plain\">Stil-Tipps f\u00fcr die Saison<\/span><\/h3>\n<ul class=\"ul-list\" data-mark=\"-\">\n<li class=\"md-list-item\">\n<p class=\"md-end-block md-p\"><span class=\"md-plain\">Fr\u00fchling\/Sommer: Kombinieren Sie es mit luftiger Seide und flie\u00dfenden Stoffen<\/span><\/p>\n<\/li>\n<li class=\"md-list-item\">\n<p class=\"md-end-block md-p\"><span class=\"md-plain\">Herbst\/Winter: Erg\u00e4nzen Sie mit Samt und Metallic-Akzenten<\/span><\/p>\n<\/li>\n<\/ul>\n<h2 class=\"md-end-block md-heading\"><span class=\"md-plain\">Komfort und Sicherheit<\/span><\/h2>\n<p class=\"md-end-block md-p\"><span class=\"md-plain\">Die <\/span><span class=\"md-pair-s\"><strong><span class=\"md-plain\">Mondlichtgraue Kontaktlinsen<\/span><\/strong><\/span><span class=\"md-plain\"> verf\u00fcgen \u00fcber CE- und FDA-zertifizierte Materialien, die f\u00fcr au\u00dfergew\u00f6hnlichen Komfort und Atmungsaktivit\u00e4t entwickelt wurden. Die fortschrittliche Feuchtigkeitssperrtechnologie sorgt f\u00fcr anhaltende Frische und Klarheit.<\/span><\/p>\n<p class=\"md-end-block md-p md-focus\"><span class=\"md-plain\">\u2728 Umarmen Sie Ihre Mystik mit <\/span><span class=\"md-pair-s\"><strong><span class=\"md-plain\">Mondlichtgraue Kontaktlinsen<\/span><\/strong><\/span><span class=\"md-plain md-expand\"> - Wo Eleganz auf Verzauberung trifft!<\/span><\/p>","protected":false},"excerpt":{"rendered":"<p>Moonlight Grey Contact Lenses: Unveil Your Ethereal Gaze \ud83c\udf19 Design Inspiration &amp; Color Story These Moonlight Grey Contact Lenses capture the mysterious allure of moonlit nights. Inspired by the silver glow of a full moon through misty clouds, each lens features delicate layers of luminous grey tones. The unique pattern creates a mesmerizing depth that [&#8230;]\n","protected":false},"featured_media":2025,"comment_status":"open","ping_status":"closed","template":"","meta":[],"product_brand":[],"product_cat":[81,91,188,98],"product_tag":[],"class_list":{"0":"post-2023","1":"product","2":"type-product","3":"status-publish","4":"has-post-thumbnail","6":"product_cat-grey-contact-lenses","7":"product_cat-14-2-mm","8":"product_cat-dream-contacts","9":"product_cat-yearly-disposable","11":"first","12":"instock","13":"sale","14":"shipping-taxable","15":"purchasable","16":"product-type-variable","17":"has-default-attributes"},"_links":{"self":[{"href":"https:\/\/bqeye.com\/de\/wp-json\/wp\/v2\/product\/2023","targetHints":{"allow":["GET"]}}],"collection":[{"href":"https:\/\/bqeye.com\/de\/wp-json\/wp\/v2\/product"}],"about":[{"href":"https:\/\/bqeye.com\/de\/wp-json\/wp\/v2\/types\/product"}],"replies":[{"embeddable":true,"href":"https:\/\/bqeye.com\/de\/wp-json\/wp\/v2\/comments?post=2023"}],"wp:featuredmedia":[{"embeddable":true,"href":"https:\/\/bqeye.com\/de\/wp-json\/wp\/v2\/media\/2025"}],"wp:attachment":[{"href":"https:\/\/bqeye.com\/de\/wp-json\/wp\/v2\/media?parent=2023"}],"wp:term":[{"taxonomy":"product_brand","embeddable":true,"href":"https:\/\/bqeye.com\/de\/wp-json\/wp\/v2\/product_brand?post=2023"},{"taxonomy":"product_cat","embeddable":true,"href":"https:\/\/bqeye.com\/de\/wp-json\/wp\/v2\/product_cat?post=2023"},{"taxonomy":"product_tag","embeddable":true,"href":"https:\/\/bqeye.com\/de\/wp-json\/wp\/v2\/product_tag?post=2023"}],"curies":[{"name":"wp","href":"https:\/\/api.w.org\/{rel}","templated":true}]}}