{"id":2098,"date":"2025-01-09T22:16:47","date_gmt":"2025-01-09T14:16:47","guid":{"rendered":"https:\/\/bqeye.com\/?post_type=product&#038;p=2098"},"modified":"2025-01-09T22:19:47","modified_gmt":"2025-01-09T14:19:47","slug":"fiji-glacier-blue-contact-lenses","status":"publish","type":"product","link":"https:\/\/bqeye.com\/de\/fiji-glacier-blue-contact-lenses\/","title":{"rendered":"Fidschi Glacier Blue Kontaktlinsen"},"content":{"rendered":"<h1 class=\"md-end-block md-heading\"><span class=\"md-plain md-expand\">Fidschi Glacier Blue Kontaktlinsen: Ocean Depths Fusion<\/span><\/h1>\n<h2 class=\"md-end-block md-heading\"><span class=\"md-plain\">Design-Inspiration &amp; Farbgeschichte<\/span><\/h2>\n<p class=\"md-end-block md-p\"><span class=\"md-plain\">Diese Fiji Glacier Blue Kontaktlinsen sind von den atemberaubendsten Ph\u00e4nomenen der Natur inspiriert. Das Design f\u00e4ngt die faszinierende Verschmelzung der kristallklaren Lagunen der Fidschi-Inseln und der unber\u00fchrten arktischen Gletscher ein. Die einzigartige dreischichtige Gradiententechnologie kombiniert tropische W\u00e4rme mit arktischer Klarheit und schafft so eine noch nie dagewesene Farbtiefe. Das tiefe Lagunenblau des \u00e4u\u00dferen Rings verst\u00e4rkt die Sch\u00e4rfe der Augen, w\u00e4hrend die mittlere kristalline Gletscherzone f\u00fcr reine Transparenz sorgt und der innere t\u00fcrkisfarbene Kern eine lebendige Dimension verleiht. Dieses innovative Design l\u00e4sst die Augen nicht nur gr\u00f6\u00dfer und fesselnder erscheinen, sondern sorgt auch f\u00fcr faszinierende Farbver\u00e4nderungen bei unterschiedlichen Lichtverh\u00e4ltnissen, so als w\u00fcrden Sie die sch\u00f6nsten blauen Wunder der Natur in Ihrem Blick einfangen.<\/span><\/p>\n<h2 class=\"md-end-block md-heading\"><span class=\"md-plain\">Hinweise f\u00fcr Influencer<\/span><\/h2>\n<ul class=\"ul-list\" data-mark=\"*\">\n<li class=\"md-list-item\">\n<p class=\"md-end-block md-p\"><span class=\"md-plain\">@OceanQueen (890K Follower): \"Diese Fiji Glacier Blues sind absolut atemberaubend! Bei Outdoor-Fotoshootings fangen meine Augen den gesamten Ozean ein - die Fotos sind unglaublich, und sie sehen v\u00f6llig nat\u00fcrlich aus! \ud83d\udc40\"<\/span><\/p>\n<\/li>\n<li class=\"md-list-item\">\n<p class=\"md-end-block md-p\"><span class=\"md-plain\">@TropicalGlow (925K Follower): \"Als Beauty-Influencerin habe ich unz\u00e4hlige Linsen ausprobiert, aber Fiji Glacier Blue ist mein absoluter Favorit! Perfekt sowohl f\u00fcr gro\u00dfe Events als auch f\u00fcr die t\u00e4gliche Content-Erstellung. Diese Linsen waren meine Geheimwaffe bei der Sommergala! \ud83c\udf1f\"<\/span><\/p>\n<\/li>\n<li class=\"md-list-item\">\n<p class=\"md-end-block md-p\"><span class=\"md-plain\">@ArcticBeauty (885K Follower): \"Als ich meine Fiji Glacier Blues in den Universal Studios trug, dachte jeder, dass meine Augen von Natur aus so atemberaubend sind! Sie lassen sich in jeder Umgebung wundersch\u00f6n fotografieren - ein Must-Have f\u00fcr Content-Ersteller! \ud83d\udc95\"<\/span><\/p>\n<\/li>\n<\/ul>\n<h2 class=\"md-end-block md-heading\"><span class=\"md-plain\">Benutzererfahrungen<\/span><\/h2>\n<ul class=\"ul-list\" data-mark=\"*\">\n<li class=\"md-list-item\">\n<p class=\"md-end-block md-p\"><span class=\"md-plain\">\"Als ich die Fiji Glacier Blue anhatte, war ich sofort begeistert! Sie eignen sich perfekt f\u00fcr Gesch\u00e4ftstreffen und legere Verabredungen und verleihen Raffinesse, ohne aufdringlich zu sein.\"<\/span><\/p>\n<\/li>\n<li class=\"md-list-item\">\n<p class=\"md-end-block md-p\"><span class=\"md-plain\">\"Ich trage seit drei Monaten Fiji Glacier Blue - beim Einkaufen oder bei Treffen mit Freunden denken die Leute immer, es sei meine nat\u00fcrliche Augenfarbe! \ud83d\ude04\"<\/span><\/p>\n<\/li>\n<li class=\"md-list-item\">\n<p class=\"md-end-block md-p\"><span class=\"md-plain\">\"Diese Linsen sind perfekt f\u00fcr das t\u00e4gliche Tragen! Bequem bei langen B\u00fcrozeiten, und sie lassen mich bei Videogespr\u00e4chen energiegeladener aussehen. \ud83d\udc4d\"<\/span><\/p>\n<\/li>\n<\/ul>\n<h2 class=\"md-end-block md-heading\"><span class=\"md-plain\">Perfekt f\u00fcr<\/span><\/h2>\n<h3 class=\"md-end-block md-heading\"><span class=\"md-plain\">T\u00e4gliche Anl\u00e4sse<\/span><\/h3>\n<ul class=\"ul-list\" data-mark=\"*\">\n<li class=\"md-list-item\">\n<p class=\"md-end-block md-p\"><span class=\"md-plain\">B\u00fcroarbeit<\/span><\/p>\n<\/li>\n<li class=\"md-list-item\">\n<p class=\"md-end-block md-p\"><span class=\"md-plain\">Leben auf dem Campus<\/span><\/p>\n<\/li>\n<li class=\"md-list-item\">\n<p class=\"md-end-block md-p\"><span class=\"md-plain\">Ungezwungene Termine<\/span><\/p>\n<\/li>\n<li class=\"md-list-item\">\n<p class=\"md-end-block md-p\"><span class=\"md-plain\">Aktivit\u00e4ten im Freien<\/span><\/p>\n<\/li>\n<\/ul>\n<h3 class=\"md-end-block md-heading\"><span class=\"md-plain\">Besondere Ereignisse<\/span><\/h3>\n<ul class=\"ul-list\" data-mark=\"*\">\n<li class=\"md-list-item\">\n<p class=\"md-end-block md-p\"><span class=\"md-plain\">Hochzeiten<\/span><\/p>\n<\/li>\n<li class=\"md-list-item\">\n<p class=\"md-end-block md-p\"><span class=\"md-plain\">Foto-Sessions<\/span><\/p>\n<\/li>\n<li class=\"md-list-item\">\n<p class=\"md-end-block md-p\"><span class=\"md-plain\">Pr\u00e4sentationen<\/span><\/p>\n<\/li>\n<li class=\"md-list-item\">\n<p class=\"md-end-block md-p\"><span class=\"md-plain\">Geselliges Beisammensein<\/span><\/p>\n<\/li>\n<\/ul>\n<h3 class=\"md-end-block md-heading\"><span class=\"md-plain\">Make-up-Tipps<\/span><\/h3>\n<ul class=\"ul-list\" data-mark=\"*\">\n<li class=\"md-list-item\">\n<p class=\"md-end-block md-p\"><span class=\"md-plain\">Taufrische Stiftung<\/span><\/p>\n<\/li>\n<li class=\"md-list-item\">\n<p class=\"md-end-block md-p\"><span class=\"md-plain\">Perlenlidschatten<\/span><\/p>\n<\/li>\n<li class=\"md-list-item\">\n<p class=\"md-end-block md-p\"><span class=\"md-plain\">Nat\u00fcrliche Nude-Looks<\/span><\/p>\n<\/li>\n<li class=\"md-list-item\">\n<p class=\"md-end-block md-p\"><span class=\"md-plain\">Sanftes Augen-Make-up in Blaut\u00f6nen<\/span><\/p>\n<\/li>\n<\/ul>\n<h2 class=\"md-end-block md-heading\"><span class=\"md-plain\">Stil-Leitfaden<\/span><\/h2>\n<h3 class=\"md-end-block md-heading\"><span class=\"md-plain\">Farben des Outfits<\/span><\/h3>\n<ul class=\"ul-list\" data-mark=\"*\">\n<li class=\"md-list-item\">\n<p class=\"md-end-block md-p\"><span class=\"md-plain\">Ozeanblues<\/span><\/p>\n<\/li>\n<li class=\"md-list-item\">\n<p class=\"md-end-block md-p\"><span class=\"md-plain\">Gletscher wei\u00df<\/span><\/p>\n<\/li>\n<li class=\"md-list-item\">\n<p class=\"md-end-block md-p\"><span class=\"md-plain\">Mintgr\u00fcn<\/span><\/p>\n<\/li>\n<li class=\"md-list-item\">\n<p class=\"md-end-block md-p\"><span class=\"md-plain\">Perlgrau<\/span><\/p>\n<\/li>\n<li class=\"md-list-item\">\n<p class=\"md-end-block md-p\"><span class=\"md-plain\">Elfenbein<\/span><\/p>\n<\/li>\n<\/ul>\n<h3 class=\"md-end-block md-heading\"><span class=\"md-plain\">Zubeh\u00f6r<\/span><\/h3>\n<ul class=\"ul-list\" data-mark=\"*\">\n<li class=\"md-list-item\">\n<p class=\"md-end-block md-p\"><span class=\"md-plain\">Kristall-Schmuck<\/span><\/p>\n<\/li>\n<li class=\"md-list-item\">\n<p class=\"md-end-block md-p\"><span class=\"md-plain\">Silberne St\u00fccke<\/span><\/p>\n<\/li>\n<li class=\"md-list-item\">\n<p class=\"md-end-block md-p\"><span class=\"md-plain\">Perlen-Akzente<\/span><\/p>\n<\/li>\n<li class=\"md-list-item\">\n<p class=\"md-end-block md-p\"><span class=\"md-plain\">\u00dcbersichtliches Zubeh\u00f6r<\/span><\/p>\n<\/li>\n<\/ul>\n<h3 class=\"md-end-block md-heading\"><span class=\"md-plain\">Saisonales Styling<\/span><\/h3>\n<ul class=\"ul-list\" data-mark=\"*\">\n<li class=\"md-list-item\">\n<p class=\"md-end-block md-p\"><span class=\"md-plain\">Fr\u00fchling: Helle Pastellt\u00f6ne<\/span><\/p>\n<\/li>\n<li class=\"md-list-item\">\n<p class=\"md-end-block md-p\"><span class=\"md-plain\">Sommer: Resort-Kleidung<\/span><\/p>\n<\/li>\n<li class=\"md-list-item\">\n<p class=\"md-end-block md-p\"><span class=\"md-plain\">Herbst: Warme Neutrale<\/span><\/p>\n<\/li>\n<li class=\"md-list-item\">\n<p class=\"md-end-block md-p\"><span class=\"md-plain\">Winter: Vom Eis inspirierte St\u00fccke<\/span><\/p>\n<\/li>\n<\/ul>\n<h2 class=\"md-end-block md-heading\"><span class=\"md-plain\">Sicherheit und Komfort<\/span><\/h2>\n<p class=\"md-end-block md-p\"><span class=\"md-plain\">Zertifiziert f\u00fcr die Gesundheit und Sicherheit der Augen. Die fortschrittliche Hydratationstechnologie sorgt f\u00fcr Komfort bei l\u00e4ngerem Tragen.<\/span><\/p>\n<p class=\"md-end-block md-p md-focus\"><span class=\"md-plain md-expand\">\u2727 Verwandeln Sie Ihren Look mit Fiji Glacier Blue Kontaktlinsen - Wo tropische W\u00e4rme auf arktische Brillanz trifft \u2727<\/span><\/p>","protected":false},"excerpt":{"rendered":"<p>Fiji Glacier Blue Contact Lenses: Ocean Depths Fusion Design Inspiration &amp; Color Story These Fiji Glacier Blue Contact Lenses draw inspiration from nature&#8217;s most stunning phenomena. The design captures the mesmerizing fusion of Fiji&#8217;s crystalline lagoons and pristine arctic glaciers. The unique three-layer gradient technology combines tropical warmth with arctic clarity, creating an unprecedented depth [&#8230;]\n","protected":false},"featured_media":2100,"comment_status":"open","ping_status":"closed","template":"","meta":[],"product_brand":[],"product_cat":[75,92,188,158,98],"product_tag":[],"class_list":{"0":"post-2098","1":"product","2":"type-product","3":"status-publish","4":"has-post-thumbnail","6":"product_cat-blue-contact-lenses","7":"product_cat-14-5-mm","8":"product_cat-dream-contacts","9":"product_cat-enlarge-contacts","10":"product_cat-yearly-disposable","12":"first","13":"instock","14":"sale","15":"shipping-taxable","16":"purchasable","17":"product-type-variable","18":"has-default-attributes"},"_links":{"self":[{"href":"https:\/\/bqeye.com\/de\/wp-json\/wp\/v2\/product\/2098","targetHints":{"allow":["GET"]}}],"collection":[{"href":"https:\/\/bqeye.com\/de\/wp-json\/wp\/v2\/product"}],"about":[{"href":"https:\/\/bqeye.com\/de\/wp-json\/wp\/v2\/types\/product"}],"replies":[{"embeddable":true,"href":"https:\/\/bqeye.com\/de\/wp-json\/wp\/v2\/comments?post=2098"}],"wp:featuredmedia":[{"embeddable":true,"href":"https:\/\/bqeye.com\/de\/wp-json\/wp\/v2\/media\/2100"}],"wp:attachment":[{"href":"https:\/\/bqeye.com\/de\/wp-json\/wp\/v2\/media?parent=2098"}],"wp:term":[{"taxonomy":"product_brand","embeddable":true,"href":"https:\/\/bqeye.com\/de\/wp-json\/wp\/v2\/product_brand?post=2098"},{"taxonomy":"product_cat","embeddable":true,"href":"https:\/\/bqeye.com\/de\/wp-json\/wp\/v2\/product_cat?post=2098"},{"taxonomy":"product_tag","embeddable":true,"href":"https:\/\/bqeye.com\/de\/wp-json\/wp\/v2\/product_tag?post=2098"}],"curies":[{"name":"wp","href":"https:\/\/api.w.org\/{rel}","templated":true}]}}