{"id":2137,"date":"2025-01-13T11:57:19","date_gmt":"2025-01-13T03:57:19","guid":{"rendered":"https:\/\/bqeye.com\/?post_type=product&#038;p=2137"},"modified":"2025-01-13T11:58:52","modified_gmt":"2025-01-13T03:58:52","slug":"ocean-abyss-dark-blue-crystal-contact-lenses","status":"publish","type":"product","link":"https:\/\/bqeye.com\/de\/ocean-abyss-dark-blue-crystal-contact-lenses\/","title":{"rendered":"Ocean Abyss Dark Blue Crystal Kontaktlinsen"},"content":{"rendered":"<h1 class=\"md-end-block md-heading\"><span class=\"md-plain md-expand\">Ocean Abyss Dark Blue Crystal Kontaktlinsen \ud83c\udf0a<\/span><\/h1>\n<h2 class=\"md-end-block md-heading\"><span class=\"md-plain\">\ud83d\udcab Design-Inspiration &amp; Farbgeschichte<\/span><\/h2>\n<p class=\"md-end-block md-p\"><span class=\"md-plain\">Diese faszinierenden Ocean Abyss Crystal Brillengl\u00e4ser fangen die himmlische Sch\u00f6nheit der tiefen Meeresgr\u00e4ben ein. Das Design ahmt das Sonnenlicht nach, das durch kristallklares Wasser dringt, und erzeugt einen bezaubernden Farbverlauf vom intensiven Meeresblau zum kristallinen Zentrum. Jedes Glas verf\u00fcgt \u00fcber ein innovatives Kristalleffekt-Muster, das die Art und Weise widerspiegelt, wie das Licht durch die Tiefen des Ozeans tanzt, mit subtilen Funken, die das Licht wie Unterwasser-Edelsteine einfangen.<\/span><\/p>\n<h2 class=\"md-end-block md-heading\"><span class=\"md-plain\">\ud83d\udc51 Influencer-Zauber<\/span><\/h2>\n<ul class=\"ul-list\" data-mark=\"*\">\n<li class=\"md-list-item\">\n<p class=\"md-end-block md-p\"><span class=\"md-plain\">@OceanQueen (2,5 Millionen Follower): \"Diese kristallblauen Linsen sind pure Magie! Die Tiefenwirkung ist unwirklich - als w\u00fcrde man in kristallklares Wasser blicken! \ud83c\udf0a\u2728\"<\/span><\/p>\n<\/li>\n<li class=\"md-list-item\">\n<p class=\"md-end-block md-p\"><span class=\"md-plain\">@CrystalBeauty (1,9 Mio. Follower): \"Endlich habe ich meine Lieblingslinsen gefunden! Der kristallblaue Effekt ist atemberaubend, und sie sind so bequem! \ud83d\udc99\"<\/span><\/p>\n<\/li>\n<li class=\"md-list-item\">\n<p class=\"md-end-block md-p\"><span class=\"md-plain\">@MarineMuse (1,4 Millionen Follower): \"Jeder fragt mich nach meinen Augen! Der Kristalleffekt in diesen Ocean Abyss Linsen ist absolut atemberaubend! \ud83d\udc40\"<\/span><\/p>\n<\/li>\n<\/ul>\n<h2 class=\"md-end-block md-heading\"><span class=\"md-plain\">\ud83d\udc8e Kristallgeschichten<\/span><\/h2>\n<ul class=\"ul-list\" data-mark=\"*\">\n<li class=\"md-list-item\">\n<p class=\"md-end-block md-p\"><span class=\"md-plain\">\"Diese Linsen verwandeln meine Augen in ozeanische Kristalle - die Tiefe und das Glitzern sind unglaublich!\"<\/span><\/p>\n<\/li>\n<li class=\"md-list-item\">\n<p class=\"md-end-block md-p\"><span class=\"md-plain\">\"Perfektes Gleichgewicht zwischen nat\u00fcrlich und \u00e4therisch. Der Kristalleffekt verleiht eine magische Dimension.\"<\/span><\/p>\n<\/li>\n<li class=\"md-list-item\">\n<p class=\"md-end-block md-p\"><span class=\"md-plain\">\"Die besten blauen Linsen, die ich je ausprobiert habe - der Komfort ist erstaunlich und die kristallblaue Farbe ist hypnotisierend!\"<\/span><\/p>\n<\/li>\n<\/ul>\n<h2 class=\"md-end-block md-heading\"><span class=\"md-plain\">\ud83c\udfaf Perfekte Momente<\/span><\/h2>\n<h3 class=\"md-end-block md-heading\"><span class=\"md-plain\">T\u00e4glicher Kristall<\/span><\/h3>\n<ul class=\"ul-list\" data-mark=\"*\">\n<li class=\"md-list-item\">\n<p class=\"md-end-block md-p\"><span class=\"md-plain\">Professioneller Charme<\/span><\/p>\n<\/li>\n<li class=\"md-list-item\">\n<p class=\"md-end-block md-p\"><span class=\"md-plain\">L\u00e4ssige Eleganz<\/span><\/p>\n<\/li>\n<li class=\"md-list-item\">\n<p class=\"md-end-block md-p\"><span class=\"md-plain\">Kreative Treffen<\/span><\/p>\n<\/li>\n<\/ul>\n<h3 class=\"md-end-block md-heading\"><span class=\"md-plain\">Besondere Magie<\/span><\/h3>\n<ul class=\"ul-list\" data-mark=\"*\">\n<li class=\"md-list-item\">\n<p class=\"md-end-block md-p\"><span class=\"md-plain\">Abendveranstaltungen<\/span><\/p>\n<\/li>\n<li class=\"md-list-item\">\n<p class=\"md-end-block md-p\"><span class=\"md-plain\">Partys mit Meeresmotiven<\/span><\/p>\n<\/li>\n<li class=\"md-list-item\">\n<p class=\"md-end-block md-p\"><span class=\"md-plain\">Romantische Anl\u00e4sse<\/span><\/p>\n<\/li>\n<\/ul>\n<h3 class=\"md-end-block md-heading\"><span class=\"md-plain\">Make-up Harmonie<\/span><\/h3>\n<ul class=\"ul-list\" data-mark=\"*\">\n<li class=\"md-list-item\">\n<p class=\"md-end-block md-p\"><span class=\"md-plain\">Kristallschimmer sieht aus<\/span><\/p>\n<\/li>\n<li class=\"md-list-item\">\n<p class=\"md-end-block md-p\"><span class=\"md-plain\">Ozean-inspirierte Augen<\/span><\/p>\n<\/li>\n<li class=\"md-list-item\">\n<p class=\"md-end-block md-p\"><span class=\"md-plain\">Nat\u00fcrlicher Glam<\/span><\/p>\n<\/li>\n<\/ul>\n<h2 class=\"md-end-block md-heading\"><span class=\"md-plain\">\ud83d\udc57 Style Guide<\/span><\/h2>\n<h3 class=\"md-end-block md-heading\"><span class=\"md-plain\">Kristall-Farben<\/span><\/h3>\n<ul class=\"ul-list\" data-mark=\"*\">\n<li class=\"md-list-item\">\n<p class=\"md-end-block md-p\"><span class=\"md-plain\">Tiefes Ozeanblau<\/span><\/p>\n<\/li>\n<li class=\"md-list-item\">\n<p class=\"md-end-block md-p\"><span class=\"md-plain\">Kristall-Azurblau<\/span><\/p>\n<\/li>\n<li class=\"md-list-item\">\n<p class=\"md-end-block md-p\"><span class=\"md-plain\">Maritime T\u00f6ne<\/span><\/p>\n<\/li>\n<li class=\"md-list-item\">\n<p class=\"md-end-block md-p\"><span class=\"md-plain\">Perlwei\u00df<\/span><\/p>\n<\/li>\n<\/ul>\n<h3 class=\"md-end-block md-heading\"><span class=\"md-plain\">Ozean-Akzente<\/span><\/h3>\n<ul class=\"ul-list\" data-mark=\"*\">\n<li class=\"md-list-item\">\n<p class=\"md-end-block md-p\"><span class=\"md-plain\">Kristall-Schmuck<\/span><\/p>\n<\/li>\n<li class=\"md-list-item\">\n<p class=\"md-end-block md-p\"><span class=\"md-plain\">Perlelemente<\/span><\/p>\n<\/li>\n<li class=\"md-list-item\">\n<p class=\"md-end-block md-p\"><span class=\"md-plain\">Silberne Details<\/span><\/p>\n<\/li>\n<\/ul>\n<h3 class=\"md-end-block md-heading\"><span class=\"md-plain\">Saisonale Wellen<\/span><\/h3>\n<ul class=\"ul-list\" data-mark=\"*\">\n<li class=\"md-list-item\">\n<p class=\"md-end-block md-p\"><span class=\"md-plain\">Fr\u00fchling: Kristalld\u00e4mmerung<\/span><\/p>\n<\/li>\n<li class=\"md-list-item\">\n<p class=\"md-end-block md-p\"><span class=\"md-plain\">Sommer: Ozean funkelt<\/span><\/p>\n<\/li>\n<li class=\"md-list-item\">\n<p class=\"md-end-block md-p\"><span class=\"md-plain\">Herbst: Tiefe Gew\u00e4sser<\/span><\/p>\n<\/li>\n<li class=\"md-list-item\">\n<p class=\"md-end-block md-p\"><span class=\"md-plain\">Winter: Eiskristall<\/span><\/p>\n<\/li>\n<\/ul>\n<h2 class=\"md-end-block md-heading\"><span class=\"md-plain\">\ud83c\udf1f Kristallklarer Komfort<\/span><\/h2>\n<ul class=\"ul-list\" data-mark=\"*\">\n<li class=\"md-list-item\">\n<p class=\"md-end-block md-p\"><span class=\"md-plain\">Ganzt\u00e4gig tragbares Design<\/span><\/p>\n<\/li>\n<li class=\"md-list-item\">\n<p class=\"md-end-block md-p\"><span class=\"md-plain\">Verbesserte Hydratation<\/span><\/p>\n<\/li>\n<li class=\"md-list-item\">\n<p class=\"md-end-block md-p\"><span class=\"md-plain\">Kristallklare Sicht<\/span><\/p>\n<\/li>\n<li class=\"md-list-item\">\n<p class=\"md-end-block md-p\"><span class=\"md-plain\">Sicherheit zertifiziert<\/span><\/p>\n<\/li>\n<li class=\"md-list-item\">\n<p class=\"md-end-block md-p\"><span class=\"md-plain\">Einfache Wartung<\/span><\/p>\n<\/li>\n<\/ul>\n<h2 class=\"md-end-block md-heading\"><span class=\"md-plain\">\ud83d\udcab Pflegeanleitung<\/span><\/h2>\n<ul class=\"ul-list\" data-mark=\"*\">\n<li class=\"md-list-item\">\n<p class=\"md-end-block md-p\"><span class=\"md-plain\">T\u00e4gliche Reinigung<\/span><\/p>\n<\/li>\n<li class=\"md-list-item\">\n<p class=\"md-end-block md-p\"><span class=\"md-plain\">Frische L\u00f6sung<\/span><\/p>\n<\/li>\n<li class=\"md-list-item\">\n<p class=\"md-end-block md-p\"><span class=\"md-plain\">K\u00fchle Lagerung<\/span><\/p>\n<\/li>\n<li class=\"md-list-item\">\n<p class=\"md-end-block md-p\"><span class=\"md-plain\">Schonende Behandlung<\/span><\/p>\n<\/li>\n<li class=\"md-list-item\">\n<p class=\"md-end-block md-p\"><span class=\"md-plain\">Regelm\u00e4\u00dfige Erneuerung<\/span><\/p>\n<\/li>\n<\/ul>\n<p class=\"md-end-block md-p md-focus\"><span class=\"md-plain md-expand\">Tauchen Sie ein in kristallklare Sch\u00f6nheit mit den Ocean Abyss Dark Blue Crystal Brillengl\u00e4sern - wo das Geheimnis des tiefen Ozeans auf kristallklare Klarheit trifft! \ud83c\udf0a\u2728<\/span><\/p>","protected":false},"excerpt":{"rendered":"<p>Ocean Abyss Dark Blue Crystal Contact Lenses \ud83c\udf0a \ud83d\udcab Design Inspiration &amp; Color Story These mesmerizing Ocean Abyss Crystal lenses capture the ethereal beauty of deep ocean trenches. The design mimics sunlight piercing through crystal-clear waters, creating an enchanting gradient from intense marine blue to crystalline center. Each lens features an innovative crystal-effect pattern that [&#8230;]\n","protected":false},"featured_media":2139,"comment_status":"open","ping_status":"closed","template":"","meta":[],"product_brand":[],"product_cat":[75,91,188,158,98],"product_tag":[],"class_list":{"0":"post-2137","1":"product","2":"type-product","3":"status-publish","4":"has-post-thumbnail","6":"product_cat-blue-contact-lenses","7":"product_cat-14-2-mm","8":"product_cat-dream-contacts","9":"product_cat-enlarge-contacts","10":"product_cat-yearly-disposable","12":"first","13":"instock","14":"sale","15":"shipping-taxable","16":"purchasable","17":"product-type-variable","18":"has-default-attributes"},"_links":{"self":[{"href":"https:\/\/bqeye.com\/de\/wp-json\/wp\/v2\/product\/2137","targetHints":{"allow":["GET"]}}],"collection":[{"href":"https:\/\/bqeye.com\/de\/wp-json\/wp\/v2\/product"}],"about":[{"href":"https:\/\/bqeye.com\/de\/wp-json\/wp\/v2\/types\/product"}],"replies":[{"embeddable":true,"href":"https:\/\/bqeye.com\/de\/wp-json\/wp\/v2\/comments?post=2137"}],"wp:featuredmedia":[{"embeddable":true,"href":"https:\/\/bqeye.com\/de\/wp-json\/wp\/v2\/media\/2139"}],"wp:attachment":[{"href":"https:\/\/bqeye.com\/de\/wp-json\/wp\/v2\/media?parent=2137"}],"wp:term":[{"taxonomy":"product_brand","embeddable":true,"href":"https:\/\/bqeye.com\/de\/wp-json\/wp\/v2\/product_brand?post=2137"},{"taxonomy":"product_cat","embeddable":true,"href":"https:\/\/bqeye.com\/de\/wp-json\/wp\/v2\/product_cat?post=2137"},{"taxonomy":"product_tag","embeddable":true,"href":"https:\/\/bqeye.com\/de\/wp-json\/wp\/v2\/product_tag?post=2137"}],"curies":[{"name":"wp","href":"https:\/\/api.w.org\/{rel}","templated":true}]}}