{"id":2221,"date":"2025-01-15T14:15:52","date_gmt":"2025-01-15T06:15:52","guid":{"rendered":"https:\/\/bqeye.com\/?post_type=product&#038;p=2221"},"modified":"2025-01-15T14:16:54","modified_gmt":"2025-01-15T06:16:54","slug":"pure-hazel-contact-lenses","status":"publish","type":"product","link":"https:\/\/bqeye.com\/de\/pure-hazel-contact-lenses\/","title":{"rendered":"Pure Hazel Kontaktlinsen"},"content":{"rendered":"<h1 class=\"md-end-block md-heading\"><span class=\"md-plain md-expand\">\u2728 Pure Hazel Kontaktlinsen: Ihr Weg zu sonnengek\u00fcssten Augen \u2728<\/span><\/h1>\n<h2 class=\"md-end-block md-heading\"><span class=\"md-plain\">\ud83c\udf1f Was macht Pure Hazel Magic aus?<\/span><\/h2>\n<p class=\"md-end-block md-p\"><span class=\"md-plain\">Stellen Sie sich vor, wie warmes Herbstsonnenlicht durch die Bl\u00e4tter f\u00e4llt - das ist die Essenz dieser Pure Hazel Brillengl\u00e4ser. Sie wurden entwickelt, um die perfekte Mischung aus Goldbraun und subtilem Gr\u00fcn einzufangen, die nat\u00fcrliche haselnussbraune Augen so faszinierend macht. Jede Linse ist mit einem komplizierten Muster versehen, das die komplexen Farbvariationen echter haselnussbrauner Augen nachahmt.<\/span><\/p>\n<p class=\"md-end-block md-p\"><span class=\"md-plain\">Das sind nicht einfach nur farbige Kontaktlinsen, sondern winzige Kunstwerke, die Ihre Augen in faszinierende Pools aus Bernstein- und Honigt\u00f6nen verwandeln. Die mehrschichtige Farbtechnologie sorgt f\u00fcr die begehrte Tiefe, die unglaublich nat\u00fcrlich aussieht, egal ob Sie sich in hellem Sonnenlicht oder bei ged\u00e4mpfter Innenbeleuchtung befinden.<\/span><\/p>\n<h2 class=\"md-end-block md-heading\"><span class=\"md-plain\">\ud83d\udcab Das Summen<\/span><\/h2>\n<p class=\"md-end-block md-p\"><span class=\"md-plain\">@BeautyInsider_Jen (1,4 Millionen Follower)<\/span><\/p>\n<blockquote>\n<p class=\"md-end-block md-p\"><span class=\"md-plain\">\"Diese Pure Hazel Linsen geben mir den perfekten 'ist es nat\u00fcrlich oder nicht?'-Look. Pure Magie! \ud83c\udf6f\"<\/span><\/p>\n<\/blockquote>\n<p class=\"md-end-block md-p\"><span class=\"md-plain\">@EyeStyle_Alex (950K Follower)<\/span><\/p>\n<blockquote>\n<p class=\"md-end-block md-p\"><span class=\"md-plain\">\"Endlich habe ich meine perfekten Alltagslinsen gefunden. Sie passen so nat\u00fcrlich zu jedem Hautton! \u2728\"<\/span><\/p>\n<\/blockquote>\n<p class=\"md-end-block md-p\"><span class=\"md-plain\">@MakeupPro_Sam (780K Follower)<\/span><\/p>\n<blockquote>\n<p class=\"md-end-block md-p\"><span class=\"md-plain\">\"Mein Favorit f\u00fcr Braut-Make-up-Kunden. Das am nat\u00fcrlichsten aussehende Haselnussbraun, das ich je verwendet habe! \ud83e\udd0e\"<\/span><\/p>\n<\/blockquote>\n<h2 class=\"md-end-block md-heading\"><span class=\"md-plain\">\ud83d\udc41\ufe0f Echte Bewertungen<\/span><\/h2>\n<p class=\"md-end-block md-p\"><span class=\"md-plain\">\"Hat meinen ganzen Look ver\u00e4ndert, ohne aufzufallen - genau das, was ich wollte!\"<\/span><\/p>\n<p class=\"md-end-block md-p\"><span class=\"md-plain\">\"Die Leute fragen st\u00e4ndig, ob das meine echten Augen sind. Das beste Kompliment \u00fcberhaupt.\"<\/span><\/p>\n<p class=\"md-end-block md-p\"><span class=\"md-plain\">\"Bequem genug, um es den ganzen Tag zu tragen, und die Farbe ist absolut umwerfend.\"<\/span><\/p>\n<h2 class=\"md-end-block md-heading\"><span class=\"md-plain\">\ud83c\udfad Perfekt f\u00fcr<\/span><\/h2>\n<ul class=\"ul-list\" data-mark=\"*\">\n<li class=\"md-list-item\">\n<p class=\"md-end-block md-p\"><span class=\"md-plain\">T\u00e4gliches Tragen<\/span><\/p>\n<\/li>\n<li class=\"md-list-item\">\n<p class=\"md-end-block md-p\"><span class=\"md-plain\">Besondere Anl\u00e4sse<\/span><\/p>\n<\/li>\n<li class=\"md-list-item\">\n<p class=\"md-end-block md-p\"><span class=\"md-plain\">Hochzeitstage<\/span><\/p>\n<\/li>\n<li class=\"md-list-item\">\n<p class=\"md-end-block md-p\"><span class=\"md-plain\">Fotoshootings<\/span><\/p>\n<\/li>\n<li class=\"md-list-item\">\n<p class=\"md-end-block md-p\"><span class=\"md-plain\">Vorstellungsgespr\u00e4che<\/span><\/p>\n<\/li>\n<li class=\"md-list-item\">\n<p class=\"md-end-block md-p\"><span class=\"md-plain\">Date-N\u00e4chte<\/span><\/p>\n<\/li>\n<li class=\"md-list-item\">\n<p class=\"md-end-block md-p\"><span class=\"md-plain\">Gesellschaftliche Ereignisse<\/span><\/p>\n<\/li>\n<\/ul>\n<h2 class=\"md-end-block md-heading\"><span class=\"md-plain\">\ud83d\udc57 Style Guide<\/span><\/h2>\n<p class=\"md-end-block md-p\"><span class=\"md-pair-s\"><strong><span class=\"md-plain\">Am besten gepaart mit:<\/span><\/strong><\/span><\/p>\n<ul class=\"ul-list\" data-mark=\"*\">\n<li class=\"md-list-item\">\n<p class=\"md-end-block md-p\"><span class=\"md-plain\">Erdfarbene Outfits<\/span><\/p>\n<\/li>\n<li class=\"md-list-item\">\n<p class=\"md-end-block md-p\"><span class=\"md-plain\">Olivgr\u00fcne St\u00fccke<\/span><\/p>\n<\/li>\n<li class=\"md-list-item\">\n<p class=\"md-end-block md-p\"><span class=\"md-plain\">Gold-Accessoires<\/span><\/p>\n<\/li>\n<li class=\"md-list-item\">\n<p class=\"md-end-block md-p\"><span class=\"md-plain\">Warme Neutrale<\/span><\/p>\n<\/li>\n<li class=\"md-list-item\">\n<p class=\"md-end-block md-p\"><span class=\"md-plain\">Bronze-Schminke<\/span><\/p>\n<\/li>\n<\/ul>\n<p class=\"md-end-block md-p\"><span class=\"md-pair-s\"><strong><span class=\"md-plain\">Schmink-Tipps:<\/span><\/strong><\/span><\/p>\n<ul class=\"ul-list\" data-mark=\"*\">\n<li class=\"md-list-item\">\n<p class=\"md-end-block md-p\"><span class=\"md-plain\">Bronzene Lidschatten<\/span><\/p>\n<\/li>\n<li class=\"md-list-item\">\n<p class=\"md-end-block md-p\"><span class=\"md-plain\">Brauner Eyeliner<\/span><\/p>\n<\/li>\n<li class=\"md-list-item\">\n<p class=\"md-end-block md-p\"><span class=\"md-plain\">Highlights aus Kupfer<\/span><\/p>\n<\/li>\n<li class=\"md-list-item\">\n<p class=\"md-end-block md-p\"><span class=\"md-plain\">Goldschimmer<\/span><\/p>\n<\/li>\n<li class=\"md-list-item\">\n<p class=\"md-end-block md-p\"><span class=\"md-plain\">Warm get\u00f6ntes Rouge<\/span><\/p>\n<\/li>\n<\/ul>\n<h2 class=\"md-end-block md-heading\"><span class=\"md-plain\">\u2b50 Merkmale<\/span><\/h2>\n<ul class=\"ul-list\" data-mark=\"*\">\n<li class=\"md-list-item\">\n<p class=\"md-end-block md-p\"><span class=\"md-plain\">Ganzt\u00e4giger Komfort<\/span><\/p>\n<\/li>\n<li class=\"md-list-item\">\n<p class=\"md-end-block md-p\"><span class=\"md-plain\">Nat\u00fcrliche Feuchtigkeit<\/span><\/p>\n<\/li>\n<li class=\"md-list-item\">\n<p class=\"md-end-block md-p\"><span class=\"md-plain\">Atmungsaktives Material<\/span><\/p>\n<\/li>\n<li class=\"md-list-item\">\n<p class=\"md-end-block md-p\"><span class=\"md-plain\">Glatte Kanten<\/span><\/p>\n<\/li>\n<li class=\"md-list-item\">\n<p class=\"md-end-block md-p\"><span class=\"md-plain\">UV-Schutz<\/span><\/p>\n<\/li>\n<\/ul>\n<h2 class=\"md-end-block md-heading\"><span class=\"md-plain\">Das letzte Wort<\/span><\/h2>\n<p class=\"md-end-block md-p\"><span class=\"md-plain\">Sind Sie bereit, die W\u00e4rme und das Geheimnis von haselnussbraunen Augen zu genie\u00dfen? Diese Pure Hazel Linsen bieten die perfekte Balance zwischen subtiler Verst\u00e4rkung und nat\u00fcrlicher Sch\u00f6nheit. Sie sind so konzipiert, dass sie Ihre Gesichtsz\u00fcge erg\u00e4nzen und gleichzeitig einen Hauch von Anziehungskraft ausstrahlen, der die Leute zweimal hinschauen l\u00e4sst.<\/span><\/p>\n<p class=\"md-end-block md-p\"><span class=\"md-plain\">Ganz gleich, ob Sie Ihr Aussehen komplett ver\u00e4ndern oder einfach nur verst\u00e4rken m\u00f6chten, was Ihnen die Natur mitgegeben hat - diese Linsen verleihen Ihnen den begehrten haselnussbraunen Zauber, ohne k\u00fcnstlich zu wirken. Entdecken Sie jetzt, warum haselnussbraune Augen seit jeher als eines der sch\u00f6nsten Geschenke der Natur gelten.<\/span><\/p>\n<p class=\"md-end-block md-p md-focus\"><span class=\"md-plain md-expand\">#PureHazel #ContactLenses #EyeBeauty #NaturalGlow #BeautyEssentials<\/span><\/p>","protected":false},"excerpt":{"rendered":"<p>\u2728 Pure Hazel Contact Lenses: Your Gateway to Sun-Kissed Eyes \u2728 \ud83c\udf1f What Makes Pure Hazel Magic Picture warm autumn sunlight filtering through leaves &#8211; that&#8217;s the essence of these Pure Hazel lenses. They&#8217;re designed to capture that perfect blend of golden brown and subtle green that makes natural hazel eyes so captivating. Each lens [&#8230;]\n","protected":false},"featured_media":2223,"comment_status":"open","ping_status":"closed","template":"","meta":[],"product_brand":[],"product_cat":[84,91,188,158,98],"product_tag":[],"class_list":{"0":"post-2221","1":"product","2":"type-product","3":"status-publish","4":"has-post-thumbnail","6":"product_cat-hazel-contact-lenses","7":"product_cat-14-2-mm","8":"product_cat-dream-contacts","9":"product_cat-enlarge-contacts","10":"product_cat-yearly-disposable","12":"first","13":"instock","14":"sale","15":"shipping-taxable","16":"purchasable","17":"product-type-variable","18":"has-default-attributes"},"_links":{"self":[{"href":"https:\/\/bqeye.com\/de\/wp-json\/wp\/v2\/product\/2221","targetHints":{"allow":["GET"]}}],"collection":[{"href":"https:\/\/bqeye.com\/de\/wp-json\/wp\/v2\/product"}],"about":[{"href":"https:\/\/bqeye.com\/de\/wp-json\/wp\/v2\/types\/product"}],"replies":[{"embeddable":true,"href":"https:\/\/bqeye.com\/de\/wp-json\/wp\/v2\/comments?post=2221"}],"wp:featuredmedia":[{"embeddable":true,"href":"https:\/\/bqeye.com\/de\/wp-json\/wp\/v2\/media\/2223"}],"wp:attachment":[{"href":"https:\/\/bqeye.com\/de\/wp-json\/wp\/v2\/media?parent=2221"}],"wp:term":[{"taxonomy":"product_brand","embeddable":true,"href":"https:\/\/bqeye.com\/de\/wp-json\/wp\/v2\/product_brand?post=2221"},{"taxonomy":"product_cat","embeddable":true,"href":"https:\/\/bqeye.com\/de\/wp-json\/wp\/v2\/product_cat?post=2221"},{"taxonomy":"product_tag","embeddable":true,"href":"https:\/\/bqeye.com\/de\/wp-json\/wp\/v2\/product_tag?post=2221"}],"curies":[{"name":"wp","href":"https:\/\/api.w.org\/{rel}","templated":true}]}}