{"id":2315,"date":"2025-02-08T16:38:05","date_gmt":"2025-02-08T08:38:05","guid":{"rendered":"https:\/\/bqeye.com\/?post_type=product&#038;p=2315"},"modified":"2025-02-08T16:42:20","modified_gmt":"2025-02-08T08:42:20","slug":"punk-pink-colored-contacts","status":"publish","type":"product","link":"https:\/\/bqeye.com\/de\/punk-pink-colored-contacts\/","title":{"rendered":"Punk Pink Farbige Kontaktlinsen"},"content":{"rendered":"<h1 class=\"md-end-block md-heading\"><span class=\"md-plain md-expand\">Punk Pink Farbige Kontaktlinsen: Entfache deinen rebellischen Geist!<\/span><\/h1>\n<h2 class=\"md-end-block md-heading\"><span class=\"md-plain\">Haltung &amp; Stil Auswirkungen<\/span><\/h2>\n<p class=\"md-end-block md-p\"><span class=\"md-plain\">Diese punkfarbenen Kontaktlinsen verk\u00f6rpern rohe Rebellion mit einem Spritzer k\u00fchner Attit\u00fcde. Der Farbton ist die perfekte Mischung aus aggressivem Stil und auff\u00e4lliger Anziehungskraft, die den furchtlosen Geist der Punk-Kultur widerspiegelt und gleichzeitig eine moderne Note verleiht. Diese Kontaktlinsen ziehen die Aufmerksamkeit auf sich und setzen ein unvergessliches Statement - wie ein Soundtrack Ihrer Lieblings-Punk-Hymne.<\/span><\/p>\n<p class=\"md-end-block md-p\"><span class=\"md-plain\">Der sorgf\u00e4ltig ausgearbeitete Pink-Ton ist inspiriert von der DIY-\u00c4sthetik alter Punk-Plakate, dem Scheinwerferlicht von Underground-Clubs und der elektrischen Energie von Live-Auftritten. Dies ist nicht einfach nur ein weiteres Pink - es ist eine Haltung in Form einer Farbe.<\/span><\/p>\n<h2 class=\"md-end-block md-heading\"><span class=\"md-plain\">Influencer nimmt \ud83c\udfad.<\/span><\/h2>\n<ul class=\"ul-list\" data-mark=\"-\">\n<li class=\"md-list-item\">\n<p class=\"md-end-block md-p\"><span class=\"md-plain\">@PunkRockPrincess (2,1 Millionen Follower): \"Diese Kontaktlinsen sind die pure Rebellion! Perfekt f\u00fcr B\u00fchnenauftritte und Musikvideos! \ud83d\udc97\"<\/span><\/p>\n<\/li>\n<li class=\"md-list-item\">\n<p class=\"md-end-block md-p\"><span class=\"md-plain\">@RiotGrrrl_Rachel (950K Follower): \"Habe meinen Signature-Look gefunden! Diese rosa Kontaktlinsen passen perfekt zu meinem Irokesenschnitt! \ud83c\udfb8\"<\/span><\/p>\n<\/li>\n<li class=\"md-list-item\">\n<p class=\"md-end-block md-p\"><span class=\"md-plain\">@AlternativeQueen_Jade (880K Follower): \"Beste farbige Kontaktlinsen f\u00fcr Punk-Shows - die bleiben sogar im Moshpit perfekt! \u26a1\"<\/span><\/p>\n<\/li>\n<\/ul>\n<h2 class=\"md-end-block md-heading\"><span class=\"md-plain\">Echte Anwendergeschichten<\/span><\/h2>\n<p class=\"md-end-block md-p\"><span class=\"md-plain\">\"Diese Kontaktlinsen ver\u00e4ndern meinen Look total - sie sind wie eine sofortige Punk-Attit\u00fcde f\u00fcr deine Augen!\" - Spike, Band-S\u00e4nger<\/span><\/p>\n<p class=\"md-end-block md-p\"><span class=\"md-plain\">\"Ich liebe es, wie sie mein rosa Haar erg\u00e4nzen. Die Farbe ist kr\u00e4ftig, aber trotzdem tragbar.\" - Ruby, Alternatives Model<\/span><\/p>\n<p class=\"md-end-block md-p\"><span class=\"md-plain\">\"Perfekt f\u00fcr meine Punkrock-Auftritte - sie helfen mir wirklich, mich mit dem Publikum zu verbinden.\" - Storm, Gitarrist<\/span><\/p>\n<h2 class=\"md-end-block md-heading\"><span class=\"md-plain\">Komfort und Sicherheit<\/span><\/h2>\n<p class=\"md-end-block md-p\"><span class=\"md-plain\">Diese Kontaktlinsen sind f\u00fcr die Intensit\u00e4t des Punk-Lifestyles konzipiert:<\/span><\/p>\n<ul class=\"ul-list\" data-mark=\"-\">\n<li class=\"md-list-item\">\n<p class=\"md-end-block md-p\"><span class=\"md-plain\">Hochwertige Komfort-Materialien<\/span><\/p>\n<\/li>\n<li class=\"md-list-item\">\n<p class=\"md-end-block md-p\"><span class=\"md-plain\">Erweiterte Tragf\u00e4higkeit<\/span><\/p>\n<\/li>\n<li class=\"md-list-item\">\n<p class=\"md-end-block md-p\"><span class=\"md-plain\">Feuchtigkeitsspendende Technologie<\/span><\/p>\n<\/li>\n<li class=\"md-list-item\">\n<p class=\"md-end-block md-p\"><span class=\"md-plain\">Stabile Farbinfusion<\/span><\/p>\n<\/li>\n<li class=\"md-list-item\">\n<p class=\"md-end-block md-p\"><span class=\"md-plain\">Passgenaue Konstruktion<\/span><\/p>\n<\/li>\n<\/ul>\n<p class=\"md-end-block md-p\"><span class=\"md-plain\">Jedes Paar erf\u00fcllt strenge Sicherheitsstandards und bietet gleichzeitig ein Maximum an optischer Wirkung. Das innovative Design sorgt f\u00fcr Komfort bei langen Shows, Fotoshootings oder beim t\u00e4glichen Tragen.<\/span><\/p>\n<h2 class=\"md-end-block md-heading\"><span class=\"md-plain\">Geben Sie Ihr Statement ab<\/span><\/h2>\n<p class=\"md-end-block md-p\"><span class=\"md-plain\">Bist du bereit, deinen inneren Punk zu entfesseln? Diese rosafarbenen Kontaktlinsen sind deine Eintrittskarte zu sofortiger Attit\u00fcde. Perfekt f\u00fcr:<\/span><\/p>\n<ul class=\"ul-list\" data-mark=\"-\">\n<li class=\"md-list-item\">\n<p class=\"md-end-block md-p\"><span class=\"md-plain\">Live-Auff\u00fchrungen<\/span><\/p>\n<\/li>\n<li class=\"md-list-item\">\n<p class=\"md-end-block md-p\"><span class=\"md-plain\">Musikfestivals<\/span><\/p>\n<\/li>\n<li class=\"md-list-item\">\n<p class=\"md-end-block md-p\"><span class=\"md-plain\">Alternative Fotoshootings<\/span><\/p>\n<\/li>\n<li class=\"md-list-item\">\n<p class=\"md-end-block md-p\"><span class=\"md-plain\">T\u00e4gliche Rebellion<\/span><\/p>\n<\/li>\n<li class=\"md-list-item\">\n<p class=\"md-end-block md-p\"><span class=\"md-plain\">Punkrock-Veranstaltungen<\/span><\/p>\n<\/li>\n<\/ul>\n<p class=\"md-end-block md-p\"><span class=\"md-plain\">Diese Gl\u00e4ser bieten die perfekte Mischung aus Schockwert und tragbarem Stil.<\/span><\/p>\n<p class=\"md-end-block md-p\"><span class=\"md-plain\">Schlie\u00dfen Sie sich der Punk-Revolution an und entdecken Sie, wie diese rosafarbenen Kontaktlinsen Ihren alternativen Look verst\u00e4rken k\u00f6nnen. Deine Augen erz\u00e4hlen deine Geschichte - mach sie laut und unvergesslich! Mit diesen Kontaktlinsen \u00e4nderst du nicht nur deine Augenfarbe, sondern gibst ein mutiges Statement ab, wer du bist.<\/span><\/p>\n<p class=\"md-end-block md-p md-focus\"><span class=\"md-plain md-expand\">Warten Sie nicht, bis Sie Ihren rebellischen Geist ausleben k\u00f6nnen. Erleben Sie die Verschmelzung von Punk-Attit\u00fcde und modernem Komfort mit diesen revolution\u00e4ren rosafarbenen Kontaktlinsen. Dein n\u00e4chster kultiger Look ruft!<\/span><\/p>","protected":false},"excerpt":{"rendered":"<p>Punk Pink Colored Contacts: Ignite Your Rebel Spirit! Attitude &amp; Style Impact These punk pink colored contacts embody raw rebellion with a splash of bold attitude. The shade perfectly balances aggressive style with eye-catching allure, channeling the fearless spirit of punk culture while adding a modern twist. Like a sonic blast from your favorite punk [&#8230;]\n","protected":false},"featured_media":2318,"comment_status":"open","ping_status":"closed","template":"","meta":[],"product_brand":[],"product_cat":[381,92,74,98],"product_tag":[],"class_list":{"0":"post-2315","1":"product","2":"type-product","3":"status-publish","4":"has-post-thumbnail","6":"product_cat-punk-series-colored-contacts","7":"product_cat-14-5-mm","8":"product_cat-pink-contact-lenses","9":"product_cat-yearly-disposable","11":"first","12":"instock","13":"sale","14":"shipping-taxable","15":"purchasable","16":"product-type-variable","17":"has-default-attributes"},"_links":{"self":[{"href":"https:\/\/bqeye.com\/de\/wp-json\/wp\/v2\/product\/2315","targetHints":{"allow":["GET"]}}],"collection":[{"href":"https:\/\/bqeye.com\/de\/wp-json\/wp\/v2\/product"}],"about":[{"href":"https:\/\/bqeye.com\/de\/wp-json\/wp\/v2\/types\/product"}],"replies":[{"embeddable":true,"href":"https:\/\/bqeye.com\/de\/wp-json\/wp\/v2\/comments?post=2315"}],"wp:featuredmedia":[{"embeddable":true,"href":"https:\/\/bqeye.com\/de\/wp-json\/wp\/v2\/media\/2318"}],"wp:attachment":[{"href":"https:\/\/bqeye.com\/de\/wp-json\/wp\/v2\/media?parent=2315"}],"wp:term":[{"taxonomy":"product_brand","embeddable":true,"href":"https:\/\/bqeye.com\/de\/wp-json\/wp\/v2\/product_brand?post=2315"},{"taxonomy":"product_cat","embeddable":true,"href":"https:\/\/bqeye.com\/de\/wp-json\/wp\/v2\/product_cat?post=2315"},{"taxonomy":"product_tag","embeddable":true,"href":"https:\/\/bqeye.com\/de\/wp-json\/wp\/v2\/product_tag?post=2315"}],"curies":[{"name":"wp","href":"https:\/\/api.w.org\/{rel}","templated":true}]}}