{"id":2483,"date":"2025-03-05T16:38:40","date_gmt":"2025-03-05T08:38:40","guid":{"rendered":"https:\/\/bqeye.com\/?post_type=product&#038;p=2483"},"modified":"2025-03-05T16:44:37","modified_gmt":"2025-03-05T08:44:37","slug":"mystic-iris-brown-contact-lenses","status":"publish","type":"product","link":"https:\/\/bqeye.com\/de\/mystic-iris-brown-contact-lenses\/","title":{"rendered":"Mystic Iris Braun Kontaktlinsen (10 PCS)"},"content":{"rendered":"<h1>Erh\u00f6hen Sie Ihren Look mit den bezaubernden Kontaktlinsen Mystic Iris Brown<\/h1>\n<h2>Die braune Anziehungskraft: Design-Inspiration und Farbsymbolik<\/h2>\n<p>Bereiten Sie sich darauf vor, von der subtilen Anziehungskraft unserer braunen Kontaktlinsen Mystic Iris verzaubert zu werden! Diese au\u00dfergew\u00f6hnlichen braunen Kontaktlinsen ver\u00e4ndern nicht nur Ihre Augenfarbe - sie verleihen Ihrer gesamten Erscheinung einen Hauch von nat\u00fcrlicher Mystik und W\u00e4rme. Die mehrdimensionalen Bernstein- und Schokoladent\u00f6ne erzeugen einen hypnotischen Effekt, der sowohl anspruchsvoll als auch ansprechend ist. Braun steht seit jeher f\u00fcr Stabilit\u00e4t, Zuverl\u00e4ssigkeit und nat\u00fcrliche Weisheit - Eigenschaften, die Sie mit diesen bemerkenswerten braunen Kontaktlinsen m\u00fchelos verk\u00f6rpern werden.<\/p>\n<p>Die Sch\u00f6nheit dieser braunen Kontaktlinsen liegt in ihrer universellen Anziehungskraft. Bei helleren Augen erzeugen diese braunen Kontaktlinsen eine bezaubernde Verwandlung, die dramatisch und doch glaubhaft ist und Ihrem nat\u00fcrlichen Blick Tiefe und Charakter verleiht. Bei nat\u00fcrlich dunkleren Augen verst\u00e4rken die braunen Kontaktlinsen Mystic Iris Ihren nat\u00fcrlichen Reichtum und f\u00fcgen diese unvergesslichen Dimensionsverschiebungen hinzu, die Gespr\u00e4che und Verbindungen verbessern. Mit jedem Blick vermitteln Sie W\u00e4rme; mit jedem Blick hinterlassen Sie einen Eindruck von authentischem Charme, der noch lange nachklingt, wenn Sie den Raum verlassen haben. Diese braunen Kontaktlinsen sind nicht nur ein Accessoire - sie sind ein Statement zu Ihrer Person und Ihrem nat\u00fcrlichen Selbstvertrauen, das Sie verk\u00f6rpern.<\/p>\n<h2>Was Influencer \u00fcber unsere braunen Kontaktlinsen sagen<\/h2>\n<p>@GlamLifeGuru (4,2 Mio. Follower): \"Ich trage schon seit Jahren farbige Kontaktlinsen, aber diese braunen Mystic Iris Linsen sind das n\u00e4chste Level - der Komfort ist un\u00fcbertroffen und die Farbe ist umwerfend nat\u00fcrlich.\"<\/p>\n<p>@StyleInsider_Morgan (2,3 Millionen Follower): \"Diese braunen Kontaktlinsen lassen sich bei jedem Licht wunderbar fotografieren! Sie betonen meine nat\u00fcrlichen Gesichtsz\u00fcge, ohne dabei k\u00fcnstlich zu wirken.\"<\/p>\n<p>@BeautyTruth_Casey (1,6 Millionen Follower): \"Die Qualit\u00e4t dieser braunen Kontaktlinsen ist au\u00dfergew\u00f6hnlich - die Farbabstufung ist raffiniert und sieht absolut glaubw\u00fcrdig aus. Absolute Neuheit!\"<\/p>\n<h2>Echte Kundenerfahrungen<\/h2>\n<p>\"Diese braunen Kontaktlinsen haben mein berufliches Erscheinungsbild v\u00f6llig ver\u00e4ndert. Ich f\u00fchle mich geschliffener und gepflegter, wenn ich sie trage!\" - Avery J.<\/p>\n<p>\"Der Tragekomfort ist unglaublich - ich vergesse, dass ich \u00fcberhaupt Kontaktlinsen trage, aber ich bekomme den ganzen Tag Komplimente f\u00fcr meine 'nat\u00fcrliche' Augenfarbe!\" - Cameron D.<\/p>\n<p>\"Perfekt f\u00fcr meinen Alltagslook - ich wollte etwas Dezentes, aber Aufwertendes, und diese braunen Linsen bieten genau das!\" - Quinn P.<\/p>\n<h2>Perfekte Makeup-Paarungen &amp; Anl\u00e4sse<\/h2>\n<p>M\u00f6chten Sie die Wirkung Ihrer braunen Kontaktlinsen Mystic Iris maximieren? Diese atemberaubenden braunen Kontaktlinsen wirken magisch, wenn Sie sie mit erdigen gr\u00fcnen Lidschatten f\u00fcr einen von der Natur inspirierten Look oder mit warmen bordeauxfarbenen T\u00f6nen f\u00fcr eine intensive, raffinierte Ausstrahlung kombinieren. F\u00fcr einen eleganten Tageslook k\u00f6nnen Sie champagnerfarbene Schimmer verwenden, die den braunen Kontaktlinsen Tiefe verleihen und gleichzeitig ein nat\u00fcrliches Aussehen bewahren.<\/p>\n<p>Diese braunen Kontaktlinsen sind vielseitig genug f\u00fcr zahllose Anl\u00e4sse: Vorstellungsgespr\u00e4che, bei denen Sie Zuverl\u00e4ssigkeit und W\u00e4rme ausstrahlen m\u00f6chten, allt\u00e4gliche berufliche Situationen, bei denen eine subtile Aufwertung den Unterschied ausmacht, zwanglose Zusammenk\u00fcnfte, bei denen Sie nat\u00fcrlich poliert aussehen m\u00f6chten, oder sogar Verabredungen, bei denen Sie ein ansprechendes Selbstbewusstsein vermitteln m\u00f6chten.<\/p>\n<p>Sind Sie bereit, die Verwandlung zu erleben? Diese Mystic Iris Brown Kontaktlinsen sind nicht nur ein Accessoire - sie sind eine kraftvolle Form des Selbstausdrucks, die die nat\u00fcrlich anspruchsvolle Person, die Sie wirklich sind, zum Vorschein bringt. Nehmen Sie die W\u00e4rme an, verbinden Sie sich authentisch und beobachten Sie, wie sich die M\u00f6glichkeiten vor Ihren neu gestalteten braunen Augen entfalten!<\/p>","protected":false},"excerpt":{"rendered":"<p>Elevate Your Look with Spellbinding Mystic Iris Brown Contact Lenses The Brown Allure: Design Inspiration &amp; Color Symbolism Prepare to be transformed by the subtle allure of our Mystic Iris Brown Contact Lenses! These extraordinary brown contact lenses don&#8217;t just change your eye color \u2013 they infuse your entire presence with an air of natural [&#8230;]\n","protected":false},"featured_media":2486,"comment_status":"open","ping_status":"closed","template":"","meta":[],"product_brand":[382],"product_cat":[385,91,80,72,100,204],"product_tag":[],"class_list":{"0":"post-2483","1":"product","2":"type-product","3":"status-publish","4":"has-post-thumbnail","6":"product_brand-bqeye","7":"product_cat-mystic-iris","8":"product_cat-14-2-mm","9":"product_cat-brown-contact-lenses","10":"product_cat-contact-lenses-by-color","11":"product_cat-daily-disposable","12":"product_cat-party-contacts","14":"first","15":"instock","16":"sale","17":"shipping-taxable","18":"purchasable","19":"product-type-variable","20":"has-default-attributes"},"_links":{"self":[{"href":"https:\/\/bqeye.com\/de\/wp-json\/wp\/v2\/product\/2483","targetHints":{"allow":["GET"]}}],"collection":[{"href":"https:\/\/bqeye.com\/de\/wp-json\/wp\/v2\/product"}],"about":[{"href":"https:\/\/bqeye.com\/de\/wp-json\/wp\/v2\/types\/product"}],"replies":[{"embeddable":true,"href":"https:\/\/bqeye.com\/de\/wp-json\/wp\/v2\/comments?post=2483"}],"wp:featuredmedia":[{"embeddable":true,"href":"https:\/\/bqeye.com\/de\/wp-json\/wp\/v2\/media\/2486"}],"wp:attachment":[{"href":"https:\/\/bqeye.com\/de\/wp-json\/wp\/v2\/media?parent=2483"}],"wp:term":[{"taxonomy":"product_brand","embeddable":true,"href":"https:\/\/bqeye.com\/de\/wp-json\/wp\/v2\/product_brand?post=2483"},{"taxonomy":"product_cat","embeddable":true,"href":"https:\/\/bqeye.com\/de\/wp-json\/wp\/v2\/product_cat?post=2483"},{"taxonomy":"product_tag","embeddable":true,"href":"https:\/\/bqeye.com\/de\/wp-json\/wp\/v2\/product_tag?post=2483"}],"curies":[{"name":"wp","href":"https:\/\/api.w.org\/{rel}","templated":true}]}}