{"id":2500,"date":"2025-03-05T21:06:31","date_gmt":"2025-03-05T13:06:31","guid":{"rendered":"https:\/\/bqeye.com\/?post_type=product&#038;p=2500"},"modified":"2025-03-05T21:11:52","modified_gmt":"2025-03-05T13:11:52","slug":"twilight-ombre-purple-contact-lenses","status":"publish","type":"product","link":"https:\/\/bqeye.com\/de\/twilight-ombre-purple-contact-lenses\/","title":{"rendered":"Twilight Ombre Purple Kontaktlinsen (10 PCS)"},"content":{"rendered":"<h1>Erh\u00f6hen Sie Ihren Look mit zauberhaften Twilight Ombre Purple Kontaktlinsen<\/h1>\n<h2>Die \u00e4therische Anziehungskraft: Design-Inspiration und Farbsymbolik<\/h2>\n<p>Bereite dich darauf vor, von der mystischen Anziehungskraft unserer Twilight Ombre Purple Kontaktlinsen verwandelt zu werden! Diese au\u00dfergew\u00f6hnlichen lilafarbenen Kontaktlinsen ver\u00e4ndern nicht nur Ihre Augenfarbe - sie verleihen Ihrer gesamten Erscheinung einen Hauch von D\u00e4mmerungszauber und himmlischem Geheimnis. Der mehrdimensionale Ombre-Effekt geht nahtlos von tiefem Violett am \u00e4u\u00dferen Rand zu sanftem Lavendel in der N\u00e4he der Pupille \u00fcber und schafft so einen hypnotischen D\u00e4mmerungsgradienten, der sowohl \u00e4therisch als auch fesselnd ist. Lila steht seit jeher f\u00fcr Magie, Intuition und mystische Weisheit - Qualit\u00e4ten, die Sie m\u00fchelos verk\u00f6rpern werden, wenn Sie diese bemerkenswerten violetten Ombre-Augenkontaktlinsen einsetzen.<\/p>\n<p>Die Sch\u00f6nheit dieser lilafarbenen Ombre-Kontaktlinsen liegt in ihrer d\u00e4mmrigen Magie. Sowohl auf dunklen als auch auf hellen nat\u00fcrlichen Augenfarben erzeugen diese Ombre-Kontaktlinsen eine bezaubernde Verwandlung, die unm\u00f6glich zu ignorieren ist und deinem nat\u00fcrlichen Blick eine mystische Tiefe und kosmische Anziehungskraft verleiht. Mit jedem Blick verstr\u00f6men Sie d\u00e4mmrigen Zauber, mit jedem Blick hinterlassen Sie einen geheimnisvollen Eindruck, der noch lange anh\u00e4lt, nachdem Sie den Raum verlassen haben. Diese lilafarbenen Ombre-Augenkontaktlinsen sind nicht nur ein Accessoire - sie sind ein Statement f\u00fcr deine spirituelle Tiefe und deine Verbindung zum magischen Reich der D\u00e4mmerung zwischen den Welten.<\/p>\n<h2>Was Influencer \u00fcber unsere lila Ombre-Kontaktlinsen sagen<\/h2>\n<p>@GlamLifeGuru (4,2 Millionen Follower): \"Ich trage schon seit Jahren farbige Kontaktlinsen, aber diese Twilight Ombre Linsen sind das n\u00e4chste Level f\u00fcr mystische Vibes - der Komfort ist un\u00fcbertroffen und der Farb\u00fcbergang ist WIRKLICH sch\u00f6n.\"<\/p>\n<p>@StyleInsider_Morgan (2,3 Millionen Follower): \"Diese lilafarbenen Ombre-Kontaktlinsen lassen sich bei jedem Licht wunderbar fotografieren! Der D\u00e4mmerungseffekt, den sie auf Portr\u00e4ts erzeugen, ist absolut atemberaubend.\"<\/p>\n<p>@BeautyTruth_Casey (1,6 Millionen Follower): \"Die Qualit\u00e4t dieser lilafarbenen Ombre-Augenkontakte ist au\u00dfergew\u00f6hnlich - die Farbabstufung ist raffiniert und schafft eine magische Tiefe. Ein absolutes Novum f\u00fcr fantasievolle Looks!<\/p>\n<h2>Echte Kundenerfahrungen<\/h2>\n<p>\"Diese Twilight Ombre Kontaktlinsen haben mein Fantasie-Fotoshooting komplett ver\u00e4ndert. Ich hatte das Gef\u00fchl, in dem Moment, in dem ich sie eingesetzt habe, in eine andere Welt einzutauchen!\" - Avery J.<\/p>\n<p>\"Der Tragekomfort ist unglaublich - ich konnte sie ein ganzes himmlisches Festival lang tragen, ohne abgelenkt zu werden, und habe dabei unz\u00e4hlige Komplimente f\u00fcr meine mystischen Augen erhalten!\" - Cameron D.<\/p>\n<p>\"Perfekt f\u00fcr meine Darstellung der Zauberin - das lila Ombre f\u00fcgte genau die Schicht der D\u00e4mmerungsmagie hinzu, die ich ausdr\u00fccken wollte!\" - Quinn P.<\/p>\n<h2>Perfekte Makeup-Paarungen &amp; Anl\u00e4sse<\/h2>\n<p>M\u00f6chten Sie die Wirkung Ihrer Twilight Ombre Purple Kontaktlinsen maximieren? Diese atemberaubenden lilafarbenen Ombre-Kontaktlinsen sorgen f\u00fcr mystische Magie, wenn sie mit kosmischen Silber- und Starlight-Pearl-Lidschatten f\u00fcr einen \u00e4therischen, himmlischen Look oder mit tieferen Amethyst- und Navy-T\u00f6nen f\u00fcr eine intensive, d\u00e4mmerige Galaxie-Atmosph\u00e4re kombiniert werden. Bei fantasievollen Veranstaltungen k\u00f6nnen Sie die schimmernden Highlights auf den h\u00f6chsten Punkten Ihres Gesichts erg\u00e4nzen, um die \u00e4therische Verwandlung dieser Kontaktlinsen zu verst\u00e4rken.<\/p>\n<p>Diese lilafarbenen Ombre-Kontaktlinsen sind vielseitig genug f\u00fcr unz\u00e4hlige Anl\u00e4sse: mystische Feiern, bei denen Sie kosmische Energie verk\u00f6rpern m\u00f6chten, Abendgalas, bei denen Sie sich einen Hauch von Verzauberung w\u00fcnschen, kreative Fotoshootings, bei denen \u00e4therische Sch\u00f6nheit im Mittelpunkt steht, oder Fantasieveranstaltungen, bei denen Sie Ihre Verbundenheit mit der Magie des Zwielichts zum Ausdruck bringen.<\/p>\n<p>Bist du bereit, die Verwandlung zu erleben? Diese lilafarbenen Twilight Ombre Kontaktlinsen sind nicht nur ein Accessoire - sie sind ein m\u00e4chtiges Portal zum Selbstausdruck, das den mystischen, d\u00e4mmerungsber\u00fchrten Geist in dir zum Vorschein bringt. Lass dich verzaubern, strahle kosmische Anziehungskraft aus und beobachte, wie sich vor deinen neuen ombre Augen M\u00f6glichkeiten f\u00fcr magische Verbindungen entfalten!<\/p>","protected":false},"excerpt":{"rendered":"<p>Elevate Your Look with Spellbinding Twilight Ombre Purple Contact Lenses The Ethereal Allure: Design Inspiration &amp; Color Symbolism Prepare to be transformed by the mystical allure of our Twilight Ombre Purple Contact Lenses! These extraordinary purple contact lenses don&#8217;t just change your eye color \u2013 they infuse your entire presence with an air of twilight [&#8230;]\n","protected":false},"featured_media":2502,"comment_status":"open","ping_status":"closed","template":"","meta":[],"product_brand":[382],"product_cat":[385,92,72,100,204,82],"product_tag":[],"class_list":{"0":"post-2500","1":"product","2":"type-product","3":"status-publish","4":"has-post-thumbnail","6":"product_brand-bqeye","7":"product_cat-mystic-iris","8":"product_cat-14-5-mm","9":"product_cat-contact-lenses-by-color","10":"product_cat-daily-disposable","11":"product_cat-party-contacts","12":"product_cat-purple-contact-lenses","14":"first","15":"instock","16":"sale","17":"shipping-taxable","18":"purchasable","19":"product-type-variable","20":"has-default-attributes"},"_links":{"self":[{"href":"https:\/\/bqeye.com\/de\/wp-json\/wp\/v2\/product\/2500","targetHints":{"allow":["GET"]}}],"collection":[{"href":"https:\/\/bqeye.com\/de\/wp-json\/wp\/v2\/product"}],"about":[{"href":"https:\/\/bqeye.com\/de\/wp-json\/wp\/v2\/types\/product"}],"replies":[{"embeddable":true,"href":"https:\/\/bqeye.com\/de\/wp-json\/wp\/v2\/comments?post=2500"}],"wp:featuredmedia":[{"embeddable":true,"href":"https:\/\/bqeye.com\/de\/wp-json\/wp\/v2\/media\/2502"}],"wp:attachment":[{"href":"https:\/\/bqeye.com\/de\/wp-json\/wp\/v2\/media?parent=2500"}],"wp:term":[{"taxonomy":"product_brand","embeddable":true,"href":"https:\/\/bqeye.com\/de\/wp-json\/wp\/v2\/product_brand?post=2500"},{"taxonomy":"product_cat","embeddable":true,"href":"https:\/\/bqeye.com\/de\/wp-json\/wp\/v2\/product_cat?post=2500"},{"taxonomy":"product_tag","embeddable":true,"href":"https:\/\/bqeye.com\/de\/wp-json\/wp\/v2\/product_tag?post=2500"}],"curies":[{"name":"wp","href":"https:\/\/api.w.org\/{rel}","templated":true}]}}