{"id":2511,"date":"2025-03-18T20:56:21","date_gmt":"2025-03-18T12:56:21","guid":{"rendered":"https:\/\/bqeye.com\/?post_type=product&#038;p=2511"},"modified":"2025-03-18T21:06:45","modified_gmt":"2025-03-18T13:06:45","slug":"nocturnal-spirit-brown-contact-lenses","status":"publish","type":"product","link":"https:\/\/bqeye.com\/de\/nocturnal-spirit-brown-contact-lenses\/","title":{"rendered":"Nocturnal Spirit Braun Kontaktlinsen (10er-Pack)"},"content":{"rendered":"<h2>Nocturnal Spirit Braun Kontaktlinsen (10er-Pack)<\/h2>\n<p>OMG Leute, ich kann nicht mehr aufh\u00f6ren, meine eigenen Augen im Spiegel anzustarren, seit ich diese Nocturnal Spirit Brown Kontaktlinsen habe!!! Ich habe schon ein Dutzend verschiedenfarbige Kontaktlinsen ausprobiert, aber diese sind einfach magisch!!!<\/p>\n<p>K\u00f6nnen wir zuerst \u00fcber die Verpackung sprechen? Sie wurde in einer absolut wundersch\u00f6nen mitternachtsblauen Schachtel geliefert, auf der silberne Mondphasen und mystische Symbole eingepr\u00e4gt sind, so dass ich das Gef\u00fchl hatte, ich w\u00fcrde statt Kontaktlinsen eine Art altes Zauberbuch auspacken. Im Inneren ist jedes der 10 Paare einzeln in einem eigenen kleinen Fach versiegelt, was nicht nur super hygienisch ist, sondern mir auch das Gef\u00fchl gibt, dass ich jedes Mal, wenn ich eine Kontaktlinse \u00f6ffne, auf eine Art Zaubertrank-Zutaten zugreife!<\/p>\n<p>Aber DIE FARBE. Ich bin buchst\u00e4blich besessen!!! Es ist dieses tiefe, geheimnisvolle Braun, das diese subtilen Dimensionsunterschiede hat, die das Licht auf hypnotische Weise einfangen. Nicht dieses flache, offensichtlich gef\u00e4lschte Braun, das einen wie eine gruselige Puppe aussehen l\u00e4sst! Diese Farben haben diesen multitonalen Reichtum, der schockierend nat\u00fcrlich aussieht und dennoch eine gro\u00dfe Energie des verwunschenen Waldgeistes vermittelt. Ich habe von Natur aus blaugr\u00fcne Augen und die Verwandlung ist KOMPLETT - meine ganze Ausstrahlung \u00e4ndert sich in dem Moment, in dem ich sie auftrage.<\/p>\n<p>Am ersten Tag, an dem ich sie in meinem Caf\u00e9 trug, hat meine Stammbarista (die ich JEDEN TAG sehe) buchst\u00e4blich die Augen verdreht und meinte: \"Sie sind heute irgendwie anders... Ihre Energie ist so geheimnisvoll und fesselnd...\" Ich \u00fcbertreibe nicht einmal!!! Schon am dritten Tag, an dem ich sie trug, bekamen meine Selfies 40% mehr Reaktionen auf Instagram. THE POWER!!!<\/p>\n<p>Sie sind perfekt f\u00fcr stimmungsvolle Herbst-Fotoshootings - ich habe eine spontane Fotosession zur goldenen Stunde im Park gemacht und mein Freund, der Fotograf, konnte sich gar nicht sattsehen, wie das Braun das Licht einfing und diese Tiefe erzeugte, die mich aussehen lie\u00df, als h\u00e4tte ich uralte Waldgeheimnisse. Aber ganz ehrlich? Ich trage sie auch an normalen Arbeitstagen, weil sie mir das Gef\u00fchl geben, diese selbstbewusste, r\u00e4tselhafte Version meiner selbst zu sein, von der ich irgendwie besessen bin.<\/p>\n<p>Die 10er-Packung ist perfekt, denn du kannst sie f\u00fcr besondere Anl\u00e4sse aufheben oder dich einfach anderthalb Wochen lang in ein magisches Wesen verwandeln, wie ich es getan habe. So oder so, sei darauf vorbereitet, dass die Leute von deinem Blick v\u00f6llig fasziniert sein werden. Ich will nicht dramatisch sein, aber diese Kontaktlinsen k\u00f6nnten tats\u00e4chlich verzaubert sein.<\/p>","protected":false},"excerpt":{"rendered":"<p>Nocturnal Spirit Brown Contact Lenses (10-Pack) OMG you guys, I literally cannot stop staring at my own eyes in the mirror since I got these Nocturnal Spirit Brown Contact Lenses!!! I&#8217;ve tried like a dozen different colored contacts before but these are NEXT LEVEL magical!!! First, can we talk about the packaging?? It came in [&#8230;]\n","protected":false},"featured_media":2513,"comment_status":"open","ping_status":"closed","template":"","meta":[],"product_brand":[382],"product_cat":[101,91,80,72,100,129],"product_tag":[],"class_list":{"0":"post-2511","1":"product","2":"type-product","3":"status-publish","4":"has-post-thumbnail","6":"product_brand-bqeye","7":"product_cat-natural-contacts","8":"product_cat-14-2-mm","9":"product_cat-brown-contact-lenses","10":"product_cat-contact-lenses-by-color","11":"product_cat-daily-disposable","12":"product_cat-fresh-contacts","14":"first","15":"instock","16":"sale","17":"shipping-taxable","18":"purchasable","19":"product-type-variable","20":"has-default-attributes"},"_links":{"self":[{"href":"https:\/\/bqeye.com\/de\/wp-json\/wp\/v2\/product\/2511","targetHints":{"allow":["GET"]}}],"collection":[{"href":"https:\/\/bqeye.com\/de\/wp-json\/wp\/v2\/product"}],"about":[{"href":"https:\/\/bqeye.com\/de\/wp-json\/wp\/v2\/types\/product"}],"replies":[{"embeddable":true,"href":"https:\/\/bqeye.com\/de\/wp-json\/wp\/v2\/comments?post=2511"}],"wp:featuredmedia":[{"embeddable":true,"href":"https:\/\/bqeye.com\/de\/wp-json\/wp\/v2\/media\/2513"}],"wp:attachment":[{"href":"https:\/\/bqeye.com\/de\/wp-json\/wp\/v2\/media?parent=2511"}],"wp:term":[{"taxonomy":"product_brand","embeddable":true,"href":"https:\/\/bqeye.com\/de\/wp-json\/wp\/v2\/product_brand?post=2511"},{"taxonomy":"product_cat","embeddable":true,"href":"https:\/\/bqeye.com\/de\/wp-json\/wp\/v2\/product_cat?post=2511"},{"taxonomy":"product_tag","embeddable":true,"href":"https:\/\/bqeye.com\/de\/wp-json\/wp\/v2\/product_tag?post=2511"}],"curies":[{"name":"wp","href":"https:\/\/api.w.org\/{rel}","templated":true}]}}