{"id":2514,"date":"2025-03-18T22:13:22","date_gmt":"2025-03-18T14:13:22","guid":{"rendered":"https:\/\/bqeye.com\/?post_type=product&#038;p=2514"},"modified":"2025-03-18T22:21:29","modified_gmt":"2025-03-18T14:21:29","slug":"nocturnal-spirit-green-contact-lenses","status":"publish","type":"product","link":"https:\/\/bqeye.com\/de\/nocturnal-spirit-green-contact-lenses\/","title":{"rendered":"Nocturnal Spirit Gr\u00fcne Kontaktlinsen (10er-Pack)"},"content":{"rendered":"<p>Ihr Leute!!! Ich bin buchst\u00e4blich BESESSEN von diesen Nocturnal Spirit Green Kontaktlinsen und ich muss jedem davon vorschw\u00e4rmen!!! Ich habe schon tonnenweise farbige Kontaktlinsen ausprobiert, aber diese sind auf einer ganz anderen Ebene der magischen Transformation!!!<\/p>\n<p>Zun\u00e4chst einmal ist die Verpackung einfach ALLES. Sie wird in einer wundersch\u00f6nen nachtblauen Schachtel mit silbernen, mystischen Symbolen und Mondphasen geliefert, die einem das Gef\u00fchl gibt, man w\u00fcrde ein uraltes, magisches Artefakt auspacken und nicht die Kontaktlinsen. Jedes der 10 Paare wird in einem eigenen kleinen versiegelten Fach geliefert, das sie nicht nur super hygienisch h\u00e4lt, sondern auch zu dem ganzen verzauberten Erlebnis beitr\u00e4gt!<\/p>\n<p>Aber lassen Sie uns \u00fcber DIE FARBE sprechen, denn ich bin SCHOCKIERT. Es ist dieses tiefe, faszinierende Smaragdgr\u00fcn mit subtilen Variationen, die das Licht auf die hypnotischste Art und Weise einfangen. Nicht dieses flache, offensichtlich gef\u00e4lschte Gr\u00fcn, das aussieht wie billige Halloween-Kost\u00fcmlinsen! Diese Linsen haben diese unglaubliche multidimensionale Qualit\u00e4t, die den Eindruck erweckt, als w\u00fcrde man in einen verwunschenen Wald blicken. Sie strahlen eine gro\u00dfe Energie der Waldfee\/des magischen Wesens aus und sehen trotzdem glaubhaft nat\u00fcrlich aus.<\/p>\n<p>Am ersten Tag, an dem ich sie zur Vernissage meines Freundes trug, kamen DREI Fremde auf mich zu und fragten mich nach meinen Augen! Einer sagte wortw\u00f6rtlich: \"Deine Augen sehen aus, als w\u00fcrden sie uralte Waldgeheimnisse enthalten\", und das ist genau die Stimmung, die ich erreichen wollte!!! Mein Engagement auf Instagram hat sich buchst\u00e4blich verdoppelt, seit ich angefangen habe, Selfies mit diesen magischen Sch\u00f6nheiten zu posten.<\/p>\n<p>Sie sind absolut PERFEKT f\u00fcr stimmungsvolle Fotoshootings im Wald - ich habe eine Sonnenuntergangssession im Park gemacht und meine Fotografenfreundin war ganz aus dem H\u00e4uschen, wie das Gr\u00fcn das Licht der goldenen Stunde einfing. Aber ganz ehrlich? Ich trage sie auch an normalen Arbeitstagen, weil sie mir das Gef\u00fchl geben, diese kraftvolle, geheimnisvolle Waldgeist-Version von mir selbst zu sein, nach der ich irgendwie s\u00fcchtig bin.<\/p>\n<p>Mit dem 10er-Pack kannst du sie f\u00fcr besondere Anl\u00e4sse aufbewahren oder dich einfach anderthalb Wochen lang in ein magisches Wesen verwandeln, wie ich es getan habe. So oder so, mach dich darauf gefasst, dass die Leute von deinem Blick v\u00f6llig MESMERISIERT sein werden. Ich will ja nicht dramatisch sein, aber diese Kontaktlinsen k\u00f6nnten tats\u00e4chlich echte Magie enthalten. Ich will damit nur sagen, dass alles Gute in meinem Leben begann, nachdem ich sie bekommen hatte!!!<\/p>","protected":false},"excerpt":{"rendered":"<p>ou guys!!! I&#8217;m literally OBSESSED with these Nocturnal Spirit Green Contact Lenses and I need to scream about them to everyone!!! I&#8217;ve tried tons of colored contacts before but these are on a WHOLE OTHER LEVEL of magical transformation!!! First off, the packaging is EVERYTHING. It comes in this gorgeous midnight blue box with silver [&#8230;]\n","protected":false},"featured_media":2517,"comment_status":"open","ping_status":"closed","template":"","meta":[],"product_brand":[382],"product_cat":[77,91,72,100,129,101],"product_tag":[],"class_list":{"0":"post-2514","1":"product","2":"type-product","3":"status-publish","4":"has-post-thumbnail","6":"product_brand-bqeye","7":"product_cat-green-contact-lenses","8":"product_cat-14-2-mm","9":"product_cat-contact-lenses-by-color","10":"product_cat-daily-disposable","11":"product_cat-fresh-contacts","12":"product_cat-natural-contacts","14":"first","15":"instock","16":"sale","17":"shipping-taxable","18":"purchasable","19":"product-type-variable","20":"has-default-attributes"},"_links":{"self":[{"href":"https:\/\/bqeye.com\/de\/wp-json\/wp\/v2\/product\/2514","targetHints":{"allow":["GET"]}}],"collection":[{"href":"https:\/\/bqeye.com\/de\/wp-json\/wp\/v2\/product"}],"about":[{"href":"https:\/\/bqeye.com\/de\/wp-json\/wp\/v2\/types\/product"}],"replies":[{"embeddable":true,"href":"https:\/\/bqeye.com\/de\/wp-json\/wp\/v2\/comments?post=2514"}],"wp:featuredmedia":[{"embeddable":true,"href":"https:\/\/bqeye.com\/de\/wp-json\/wp\/v2\/media\/2517"}],"wp:attachment":[{"href":"https:\/\/bqeye.com\/de\/wp-json\/wp\/v2\/media?parent=2514"}],"wp:term":[{"taxonomy":"product_brand","embeddable":true,"href":"https:\/\/bqeye.com\/de\/wp-json\/wp\/v2\/product_brand?post=2514"},{"taxonomy":"product_cat","embeddable":true,"href":"https:\/\/bqeye.com\/de\/wp-json\/wp\/v2\/product_cat?post=2514"},{"taxonomy":"product_tag","embeddable":true,"href":"https:\/\/bqeye.com\/de\/wp-json\/wp\/v2\/product_tag?post=2514"}],"curies":[{"name":"wp","href":"https:\/\/api.w.org\/{rel}","templated":true}]}}