{"id":2518,"date":"2025-03-18T22:31:33","date_gmt":"2025-03-18T14:31:33","guid":{"rendered":"https:\/\/bqeye.com\/?post_type=product&#038;p=2518"},"modified":"2025-03-18T22:32:53","modified_gmt":"2025-03-18T14:32:53","slug":"nocturnal-spirit-gray-contact-lenses","status":"publish","type":"product","link":"https:\/\/bqeye.com\/de\/nocturnal-spirit-gray-contact-lenses\/","title":{"rendered":"Nocturnal Spirit Gray Kontaktlinsen (10er-Pack)"},"content":{"rendered":"<p>OMG, Leute, ich kann gar nicht beschreiben, wie diese Nocturnal Spirit Gray Kontaktlinsen meine gesamte Ausstrahlung komplett ver\u00e4ndert haben! Ich habe schon tonnenweise farbige Kontaktlinsen ausprobiert, aber diese sind auf einer GANZ ANDEREN EBENE der mysteri\u00f6sen Magie!!!<\/p>\n<p>K\u00f6nnen wir zuerst \u00fcber die Verpackung sprechen? Sie kam in einer absolut atemberaubenden mitternachtsblauen Schachtel mit silbernen, nebligen Mondphasen und mystischen Symbolen an, die mir das Gef\u00fchl gaben, ich w\u00fcrde etwas aus einem alten, magischen Reich auspacken und nicht nur Kontakte! Jedes der 10 Paare wird einzeln in einem eigenen kleinen Schutzfach versiegelt, was nicht nur superhygienisch ist, sondern dem Ganzen auch ein ganz besonderes Gef\u00fchl verleiht!<\/p>\n<p>Aber DIE FARBE. Ich bin buchst\u00e4blich BESESSEN!!! Es ist dieses tiefe, sturmwolkenartige Grau mit diesen subtilen silbernen und blauen Untert\u00f6nen, die das Licht auf die hypnotischste Art und Weise einfangen. Nicht dieses flache, offensichtlich gef\u00e4lschte Grau, das aussieht, als w\u00fcrde man sich zu sehr anstrengen! Sie haben diese multidimensionale Qualit\u00e4t, die schockierend nat\u00fcrlich aussieht und dennoch eine gro\u00dfe Wintergeist-mit-altert\u00fcmlichen-Kr\u00e4ften-Energie vermittelt. Auf meinen von Natur aus braunen Augen haben sie diese fesselnde, jenseitige Tiefe erzeugt, die dazu f\u00fchrte, dass Fremde mich buchst\u00e4blich anhielten, um mich nach meinen Augen zu fragen!!!<\/p>\n<p>Am ersten Tag, an dem ich sie bei der Kunstausstellung meines Freundes trug, kamen DREI verschiedene Leute auf mich zu, um speziell meine Augen zu kommentieren! Einer sagte wortw\u00f6rtlich, sie s\u00e4hen aus wie \"Gewitterwolken mit eingeschlossenen Blitzen\", was genau die Stimmung ist, die ich wollte!!! Am dritten Tag, an dem ich sie trug, bekamen meine Instagram-Selfies 50% mehr Reaktionen. ICH \u00dcBERTREIBE NICHT!!!<\/p>\n<p>Sie sind absolut perfekt f\u00fcr stimmungsvolle Winterfotoshootings - ich habe eine spontane Morgensession im Park bei Nebel gemacht und mein Fotografenfreund war SCHOCKIERT, wie das Grau das neblige Licht einfing. Aber ganz ehrlich? Ich trage sie auch zu normalen Kaffeeverabredungen und Arbeitstreffen, weil ich mich darin wie die m\u00e4chtige, geheimnisvolle Sturmg\u00f6ttin von mir selbst f\u00fchle, nach der ich irgendwie s\u00fcchtig bin.<\/p>\n<p>Die 10er-Packung ist perfekt, denn du kannst sie f\u00fcr besondere Anl\u00e4sse aufheben oder dich einfach anderthalb Wochen lang in ein mystisches Wesen verwandeln, wie ich es getan habe. So oder so, bereite dich darauf vor, dass die Leute von deinem Blick v\u00f6llig MESMERISIERT sein werden. Ich will ja nicht dramatisch sein, aber ich glaube, diese Kontaktlinsen k\u00f6nnten tats\u00e4chlich eine Art von Zauber enthalten. Mein ganzes Leben hat sich verbessert, seit ich sie trage!!!<\/p>","protected":false},"excerpt":{"rendered":"<p>OMG you guys, I can&#8217;t even begin to explain how these Nocturnal Spirit Gray Contact Lenses have COMPLETELY transformed my entire vibe!!! I&#8217;ve tried tons of colored contacts before but these are on a WHOLE OTHER LEVEL of mysterious magic!!! First, can we talk about the packaging?? It arrived in this absolutely stunning midnight blue [&#8230;]\n","protected":false},"featured_media":2520,"comment_status":"open","ping_status":"closed","template":"","meta":[],"product_brand":[382],"product_cat":[81,91,72,100,129,101],"product_tag":[],"class_list":{"0":"post-2518","1":"product","2":"type-product","3":"status-publish","4":"has-post-thumbnail","6":"product_brand-bqeye","7":"product_cat-grey-contact-lenses","8":"product_cat-14-2-mm","9":"product_cat-contact-lenses-by-color","10":"product_cat-daily-disposable","11":"product_cat-fresh-contacts","12":"product_cat-natural-contacts","14":"first","15":"instock","16":"sale","17":"shipping-taxable","18":"purchasable","19":"product-type-variable","20":"has-default-attributes"},"_links":{"self":[{"href":"https:\/\/bqeye.com\/de\/wp-json\/wp\/v2\/product\/2518","targetHints":{"allow":["GET"]}}],"collection":[{"href":"https:\/\/bqeye.com\/de\/wp-json\/wp\/v2\/product"}],"about":[{"href":"https:\/\/bqeye.com\/de\/wp-json\/wp\/v2\/types\/product"}],"replies":[{"embeddable":true,"href":"https:\/\/bqeye.com\/de\/wp-json\/wp\/v2\/comments?post=2518"}],"wp:featuredmedia":[{"embeddable":true,"href":"https:\/\/bqeye.com\/de\/wp-json\/wp\/v2\/media\/2520"}],"wp:attachment":[{"href":"https:\/\/bqeye.com\/de\/wp-json\/wp\/v2\/media?parent=2518"}],"wp:term":[{"taxonomy":"product_brand","embeddable":true,"href":"https:\/\/bqeye.com\/de\/wp-json\/wp\/v2\/product_brand?post=2518"},{"taxonomy":"product_cat","embeddable":true,"href":"https:\/\/bqeye.com\/de\/wp-json\/wp\/v2\/product_cat?post=2518"},{"taxonomy":"product_tag","embeddable":true,"href":"https:\/\/bqeye.com\/de\/wp-json\/wp\/v2\/product_tag?post=2518"}],"curies":[{"name":"wp","href":"https:\/\/api.w.org\/{rel}","templated":true}]}}