{"id":2539,"date":"2025-05-19T21:02:43","date_gmt":"2025-05-19T13:02:43","guid":{"rendered":"https:\/\/bqeye.com\/?post_type=product&#038;p=2539"},"modified":"2025-05-19T21:07:04","modified_gmt":"2025-05-19T13:07:04","slug":"solo-hazel-brown-contact-lenses","status":"publish","type":"product","link":"https:\/\/bqeye.com\/de\/solo-hazel-brown-contact-lenses\/","title":{"rendered":"Solo Haselnussbraun Kontaktlinsen (10 PCS)"},"content":{"rendered":"<h1>Bezaubernde Kontaktlinsen Solo Hazel Brown: Enth\u00fcllen Sie Ihre nat\u00fcrliche Mystik!<\/h1>\n<h2>Der fesselnde Charme haselnussbrauner Kontaktlinsen<\/h2>\n<p>Entdecken Sie die subtile Transformation mit unserem <strong>Solo Hazel Brown Kontaktlinsen<\/strong>! Diese bemerkenswerten <strong>Haselnussbraune Kontaktlinsen<\/strong> verst\u00e4rken Sie Ihren Blick mit einer multidimensionalen Mischung aus warmen braunen und gold-gr\u00fcnen Untert\u00f6nen, die wunderbar zu jeder Augenfarbe passen. Das nat\u00fcrlich wirkende Haselnussbraun sorgt f\u00fcr einen subtilen Effekt, der faszinierend einzigartig ist. Wenn Sie diese <strong>Haselnussbraune Augenkontakte<\/strong>Ihre Augen werden lebendig und komplex - sie fangen das Licht mit goldenen Flecken und einer erdigen Tiefe ein, die es unm\u00f6glich macht, Ihren Blick zu vergessen.<\/p>\n<p>Die atemberaubende T\u00f6nung dieser Linsen erinnert an herbstliche W\u00e4lder, in denen das Sonnenlicht durch die Bl\u00e4tter f\u00e4llt. Auf dunkleren Augen schaffen sie eine sanfte Verwandlung, die eine faszinierende Dimension und goldene W\u00e4rme verleiht. F\u00fcr hellere Augen sind diese <strong>Haselnussbraune Augenkontaktlinsen<\/strong> verst\u00e4rken Sie Ihre nat\u00fcrliche Farbe mit facettenreicher Tiefe, die Ihren Blick ausdrucksvoller und fesselnder macht! Das Ergebnis ist perfekt ausgewogen - nat\u00fcrlich genug, um authentisch zu wirken, und einzigartig genug, um echte Komplimente zu erhalten.<\/p>\n<h2>Influencer-Favoriten<\/h2>\n<p><strong>NaturalGlow<\/strong> (1,3 Millionen Follower): \"Diese Solo Hazel Brown Linsen sind unglaublich f\u00fcr die Erstellung von Inhalten, die echt und doch erhaben wirken! Die Farbdimension fotografiert wunderbar!\"<\/p>\n<p><strong>ErdigEleganz<\/strong> (760K Follower): \"Mein Publikum fragt st\u00e4ndig nach meinen Augen, wenn ich diese haselnussbraunen Kontaktlinsen trage. Sie sehen v\u00f6llig nat\u00fcrlich aus und verleihen mir trotzdem das gewisse Etwas!\"<\/p>\n<p><strong>SubtleBeauty<\/strong> (1,8 Millionen Follower): \"Nachdem ich unz\u00e4hlige farbige Linsen ausprobiert habe, sind diese haselnussbraunen Linsen mein t\u00e4gliches Muss geworden. Der Komfort und die mehrdimensionale Farbe sind un\u00fcbertroffen!\"<\/p>\n<h2>Kundenerfahrungen<\/h2>\n<p>\"Diese haselnussbraunen Linsen haben meinen braunen Augen die perfekte, dezente Betonung verliehen! Die goldenen Flecken fangen das Licht wundersch\u00f6n ein!\" - Sophia, 27<\/p>\n<p>\"Ich war auf der Suche nach etwas, das meine gr\u00fcnen Augen betont, ohne unecht zu wirken. Diese haselnussbraunen Linsen sind absolut perfekt!\" - James, 31<\/p>\n<p>\"Als jemand, der schlichte Sch\u00f6nheit sch\u00e4tzt, sind diese Linsen die ideale Erg\u00e4nzung zu meinem nat\u00fcrlichen Stil\". - Emma, 29<\/p>\n<p>\"Diese Linsen waren perfekt f\u00fcr meine Verlobungsfotos - sie verliehen meinen Augen eine sch\u00f6ne Dimension, ohne k\u00fcnstlich zu wirken.\" - Michael, 32<\/p>\n<h2>Stylen Sie Ihre haselnussbraunen Kontaktlinsen<\/h2>\n<p>Ihr <strong>Solo Hazel Brown Kontaktlinsen<\/strong> sind vielseitige Stilverbesserer f\u00fcr unz\u00e4hlige Looks! F\u00fcr einen eleganten Alltagslook k\u00f6nnen Sie sie mit minimalem Make-up kombinieren - nur Mascara und ein Hauch von Rouge lassen die mehrdimensionalen Haselnusst\u00f6ne zu Ihrem subtilen Highlight werden.<\/p>\n<p>F\u00fcr abendliche Eleganz, diese <strong>Haselnussbraune Augenkontaktlinsen<\/strong> zaubern, wenn sie mit warmen Lidschatten in Kupfer-, Bronze- oder Olivt\u00f6nen kombiniert werden, die ihre komplexe Farbgebung erg\u00e4nzen. Die Harmonie zwischen Ihrem Make-up und dem Haselnussbraun schafft einen stimmigen Look, der perfekt ist f\u00fcr romantische Abendessen, Herbstfeste oder wann immer Sie sich ein nat\u00fcrliches Aussehen w\u00fcnschen!<\/p>\n<p>Diese Gl\u00e4ser eignen sich besonders gut f\u00fcr Au\u00dfenaufnahmen, Herbstmode und nat\u00fcrliche \u00c4sthetik. Stellen Sie sich vor, wie das satte Haselnussbraun erdfarbene Outfits erg\u00e4nzt oder eine sch\u00f6ne Dimension gegen juwelenfarbene Kleidung schafft! Fotografen sch\u00e4tzen, dass diese <strong>Haselnussbraune Kontaktlinsen<\/strong> erstellen Sie Portr\u00e4ts mit authentischer Komplexit\u00e4t und Tiefe, die Ihre nat\u00fcrlichen Merkmale hervorheben und gleichzeitig eine faszinierende Dimension hinzuf\u00fcgen.<\/p>\n<h2>Erleben Sie die Hazel Brown Transformation noch heute!<\/h2>\n<p>Warum zwischen dezent und auff\u00e4llig w\u00e4hlen, wenn Ihre Augen beides verk\u00f6rpern k\u00f6nnen mit <strong>Haselnussbraune Kontaktlinsen<\/strong>? Ihr angenehmes Tragegef\u00fchl, ihre mehrdimensionale Farbe und ihr vielseitiges Styling-Potenzial machen sie perfekt f\u00fcr alle, die ihre nat\u00fcrliche Sch\u00f6nheit mit einem Hauch von haselnussbrauner Komplexit\u00e4t unterstreichen m\u00f6chten.<\/p>\n<p>Ganz gleich, ob Sie Ihr t\u00e4gliches Erscheinungsbild verfeinern, sich auf besondere Fotografien vorbereiten oder einfach nur das Selbstvertrauen durch verbesserte haselnussbraune Augen steigern m\u00f6chten, diese <strong>Haselnussbraune Augenkontakte<\/strong> bieten die perfekte Balance zwischen Aufwertung und Authentizit\u00e4t. Sp\u00fcren Sie den Unterschied, wenn Ihr Blick bei jeder Interaktion Tiefe und Faszination vermittelt!<\/p>\n<p>Sind Sie bereit, die Verwandlung von Haselnussbraun zu erleben? Verbessern Sie noch heute Ihren Look und entdecken Sie, warum diese bezaubernden <strong>Solo Hazel Brown Kontaktlinsen<\/strong> sind zur unverzichtbaren Wahl geworden, wenn es darum geht, wirklich fesselnde und gleichzeitig nat\u00fcrliche Eindr\u00fccke zu schaffen. Ihre Augen verdienen diesen Hauch von multidimensionaler Eleganz!<\/p>","protected":false},"excerpt":{"rendered":"<p>Enchanting Solo Hazel Brown Contact Lenses: Reveal Your Natural Mystique! The Captivating Charm of Hazel Brown Contact Lenses Discover subtle transformation with our Solo Hazel Brown Contact Lenses! These remarkable Hazel Brown Contact Lenses enhance your gaze with a multidimensional blend of warm brown and golden-green undertones that work beautifully with every eye color. The [&#8230;]\n","protected":false},"featured_media":2541,"comment_status":"open","ping_status":"closed","template":"","meta":[],"product_brand":[382],"product_cat":[158,92,80,72,100,101],"product_tag":[],"class_list":{"0":"post-2539","1":"product","2":"type-product","3":"status-publish","4":"has-post-thumbnail","6":"product_brand-bqeye","7":"product_cat-enlarge-contacts","8":"product_cat-14-5-mm","9":"product_cat-brown-contact-lenses","10":"product_cat-contact-lenses-by-color","11":"product_cat-daily-disposable","12":"product_cat-natural-contacts","14":"first","15":"instock","16":"sale","17":"shipping-taxable","18":"purchasable","19":"product-type-variable","20":"has-default-attributes"},"_links":{"self":[{"href":"https:\/\/bqeye.com\/de\/wp-json\/wp\/v2\/product\/2539","targetHints":{"allow":["GET"]}}],"collection":[{"href":"https:\/\/bqeye.com\/de\/wp-json\/wp\/v2\/product"}],"about":[{"href":"https:\/\/bqeye.com\/de\/wp-json\/wp\/v2\/types\/product"}],"replies":[{"embeddable":true,"href":"https:\/\/bqeye.com\/de\/wp-json\/wp\/v2\/comments?post=2539"}],"wp:featuredmedia":[{"embeddable":true,"href":"https:\/\/bqeye.com\/de\/wp-json\/wp\/v2\/media\/2541"}],"wp:attachment":[{"href":"https:\/\/bqeye.com\/de\/wp-json\/wp\/v2\/media?parent=2539"}],"wp:term":[{"taxonomy":"product_brand","embeddable":true,"href":"https:\/\/bqeye.com\/de\/wp-json\/wp\/v2\/product_brand?post=2539"},{"taxonomy":"product_cat","embeddable":true,"href":"https:\/\/bqeye.com\/de\/wp-json\/wp\/v2\/product_cat?post=2539"},{"taxonomy":"product_tag","embeddable":true,"href":"https:\/\/bqeye.com\/de\/wp-json\/wp\/v2\/product_tag?post=2539"}],"curies":[{"name":"wp","href":"https:\/\/api.w.org\/{rel}","templated":true}]}}