{"id":2558,"date":"2025-06-15T14:22:21","date_gmt":"2025-06-15T06:22:21","guid":{"rendered":"https:\/\/bqeye.com\/?post_type=product&#038;p=2558"},"modified":"2025-06-15T14:29:11","modified_gmt":"2025-06-15T06:29:11","slug":"aurora-mirror-brown-colored-contacts","status":"publish","type":"product","link":"https:\/\/bqeye.com\/de\/aurora-mirror-brown-colored-contacts\/","title":{"rendered":"Aurora Mirror Braun Farbige Kontaktlinsen"},"content":{"rendered":"<h1>Aurora Mirror Braun Farbige Kontaktlinsen<\/h1>\n<h2>Fesselnde, reflektierende, bernsteinbraune Augen f\u00fcr eine atemberaubende Verwandlung!<\/h2>\n<p>Erleben Sie die hypnotisierende Kraft von <strong>Aurora Mirror Braun Farbige Kontaktlinsen<\/strong> Gebrauch: F\u00fcr alle, die einen warmen, bezaubernden Blick suchen! Diese Premium-Gl\u00e4ser zeichnen sich durch eine perfekte bernsteinbraune T\u00f6nung mit ausgepr\u00e4gter Spiegelreflexionstechnologie aus, die einen faszinierenden dreidimensionalen Effekt erzeugt, wenn das Licht \u00fcber Ihre Augen spielt. Das einzigartige Aurora-Spiegel-Braun kombiniert satte Schokoladent\u00f6ne mit einer subtilen goldenen Reflexionstiefe, die in jeder Umgebung die Aufmerksamkeit auf sich zieht. Beim Tragen dieser <strong>Aurora Mirror Braun Linsen<\/strong>wird Ihr Look umwerfend elegant - Ihr Blick wird zum entscheidenden Merkmal, das Ihr gesamtes Erscheinungsbild aufwertet!<\/p>\n<p>Diese Premium-Gl\u00e4ser bieten eine bemerkenswerte bernsteinfarbene Reflexion, die bei verschiedenen Lichtverh\u00e4ltnissen f\u00fcr dramatische Effekte bei nat\u00fcrlichem Tageslicht, Abendbeleuchtung und professionellen Fotosessions sorgt. F\u00fcr den perfekten, aufsehenerregenden Look, der W\u00e4rme mit einem Hauch von Geheimnis verbindet, sind diese <strong>Aurora Mirror Brown Kontaktlinsen<\/strong> schaffen genau den Augenaufschlag, der f\u00fcr unvergessliche Eindr\u00fccke n\u00f6tig ist!<\/p>\n<h2>Bef\u00fcrwortung durch Beauty-Influencer<\/h2>\n<p><strong>GlamourGaze<\/strong> (1,6 Millionen Follower): \"Diese Aurora mirror brown Linsen sind unverzichtbar f\u00fcr meine Editorial-Looks! Der reflektierende Bernsteinton schafft die perfekte W\u00e4rme f\u00fcr meine Fotoshootings!\"<\/p>\n<p><strong>BeautyTransformer<\/strong> (920K Follower): \"Meine Follower fragen mich st\u00e4ndig nach meinen Augen, wenn ich diese braunen Spiegellinsen trage. Die dimensionalen Reflexionen erzeugen einen so einzigartigen Effekt!<\/p>\n<p><strong>EyeAesthetic<\/strong> (2,1 Millionen Follower): \"Ich verwende ausschlie\u00dflich diese Objektive f\u00fcr meine High-Fashion-Inhalte. Der Komfort bei langen Shootings in Kombination mit der perfekten Reflexionsgenauigkeit ist un\u00fcbertroffen!\"<\/p>\n<h2>Kundenerfahrungen<\/h2>\n<p>\"Diese verspiegelten braunen Linsen haben meinen Look komplett ver\u00e4ndert! Die verspiegelte Qualit\u00e4t ist subtil genug f\u00fcr den Alltag, aber dramatisch genug, um ein Statement zu setzen.\" - Alex, 24<\/p>\n<p>\"Ich habe diese Schuhe f\u00fcr ein ganzt\u00e4giges Fotoshooting getragen und konnte nicht glauben, wie bequem sie sind. Das Braun blieb auch nach stundenlangen Shootings bei unterschiedlichen Lichtverh\u00e4ltnissen leuchtend und reflektierend!\" - Jamie, 27<\/p>\n<p>\"Diese Gl\u00e4ser haben genau die warme braune Reflexion, die ich gesucht habe. Die Liebe zum Detail ist bemerkenswert.\" - Taylor, 25<\/p>\n<p>\"Die braunen Aurora-Spiegellinsen haben mein Make-up wirklich au\u00dfergew\u00f6hnlich aussehen lassen - jeder hat ausdr\u00fccklich darauf hingewiesen, wie bezaubernd meine Augen auf Fotos aussehen.\" - Morgan, 26<\/p>\n<h2>Maximieren Sie Ihren Aurora Mirror Brown Look<\/h2>\n<p>F\u00fcr eine au\u00dfergew\u00f6hnliche Stilwirkung kombinieren Sie Ihr <strong>Aurora Mirror Braun Linsen<\/strong> mit erg\u00e4nzendem Make-up! Perfektionieren Sie Ihren Teint und betonen Sie Ihre Wimpern, um die perfekte Reflexionsqualit\u00e4t Ihrer Gl\u00e4ser zu erg\u00e4nzen.<\/p>\n<p>F\u00fcr atemberaubende, modische Looks zaubern diese Linsen in Kombination mit erdfarbenen, goldenen oder kupferfarbenen Kleidern. Die Harmonie zwischen Ihrer Gesamt\u00e4sthetik und den verspiegelten braunen Augen schafft einen raffinierten Look, der ideal f\u00fcr besondere Anl\u00e4sse, Fotoshootings und unvergessliche Eindr\u00fccke ist!<\/p>\n<p>Fotografen sch\u00e4tzen, wie diese <strong>Aurora Mirror Braun Linsen<\/strong> Erstellen Sie Portr\u00e4ts mit unglaublicher Tiefe und betonen Sie Ihre nat\u00fcrliche Sch\u00f6nheit mit Augendetails in Profiqualit\u00e4t, die jede Nuance von Licht und Schatten auf der reflektierenden Oberfl\u00e4che einfangen.<\/p>\n<h2>Erleben Sie die Transformation noch heute!<\/h2>\n<p>Warum sich mit dem Gew\u00f6hnlichen zufrieden geben, wenn Ihre Augen mit <strong>Aurora Mirror Braun Farbige Kontaktlinsen<\/strong>? Ihr \u00fcberragender Komfort, ihre au\u00dfergew\u00f6hnliche, reflektierende Farbe und ihre un\u00fcbertroffene Qualit\u00e4t machen sie zu einem unverzichtbaren Begleiter f\u00fcr alle, die in ihrer \u00c4sthetik Perfektion verlangen.<\/p>\n<p>Sind Sie bereit f\u00fcr den ultimativen Augenaufschlag? Verbessern Sie Ihren Look noch heute und entdecken Sie, warum diese Premium <strong>Aurora Mirror Braun Farbige Kontaktlinsen<\/strong> sind zur exklusiven Wahl f\u00fcr alle geworden, die einen unvergesslichen Eindruck hinterlassen wollen!<\/p>","protected":false},"excerpt":{"rendered":"<p>Aurora Mirror Brown Colored Contacts Captivating Reflective Amber-Brown Eyes for Stunning Transformation! Experience the mesmerizing power of Aurora Mirror Brown Colored Contacts designed for those seeking a warm, enchanting gaze! These premium lenses feature a perfect amber-brown hue with distinctive mirror reflection technology that creates a fascinating dimensional effect as light plays across your eyes. [&#8230;]\n","protected":false},"featured_media":2555,"comment_status":"open","ping_status":"closed","template":"","meta":[],"product_brand":[382],"product_cat":[387,92,80,72,158,98],"product_tag":[],"class_list":{"0":"post-2558","1":"product","2":"type-product","3":"status-publish","4":"has-post-thumbnail","6":"product_brand-bqeye","7":"product_cat-aurora-mirror","8":"product_cat-14-5-mm","9":"product_cat-brown-contact-lenses","10":"product_cat-contact-lenses-by-color","11":"product_cat-enlarge-contacts","12":"product_cat-yearly-disposable","14":"first","15":"instock","16":"sale","17":"shipping-taxable","18":"purchasable","19":"product-type-variable","20":"has-default-attributes"},"_links":{"self":[{"href":"https:\/\/bqeye.com\/de\/wp-json\/wp\/v2\/product\/2558","targetHints":{"allow":["GET"]}}],"collection":[{"href":"https:\/\/bqeye.com\/de\/wp-json\/wp\/v2\/product"}],"about":[{"href":"https:\/\/bqeye.com\/de\/wp-json\/wp\/v2\/types\/product"}],"replies":[{"embeddable":true,"href":"https:\/\/bqeye.com\/de\/wp-json\/wp\/v2\/comments?post=2558"}],"wp:featuredmedia":[{"embeddable":true,"href":"https:\/\/bqeye.com\/de\/wp-json\/wp\/v2\/media\/2555"}],"wp:attachment":[{"href":"https:\/\/bqeye.com\/de\/wp-json\/wp\/v2\/media?parent=2558"}],"wp:term":[{"taxonomy":"product_brand","embeddable":true,"href":"https:\/\/bqeye.com\/de\/wp-json\/wp\/v2\/product_brand?post=2558"},{"taxonomy":"product_cat","embeddable":true,"href":"https:\/\/bqeye.com\/de\/wp-json\/wp\/v2\/product_cat?post=2558"},{"taxonomy":"product_tag","embeddable":true,"href":"https:\/\/bqeye.com\/de\/wp-json\/wp\/v2\/product_tag?post=2558"}],"curies":[{"name":"wp","href":"https:\/\/api.w.org\/{rel}","templated":true}]}}