{"id":549,"date":"2023-09-09T11:06:18","date_gmt":"2023-09-09T11:06:18","guid":{"rendered":"https:\/\/bqeye.com\/?post_type=product&#038;p=549"},"modified":"2024-04-18T02:23:19","modified_gmt":"2024-04-18T02:23:19","slug":"bqeye-himalaya-blue-colored-contact-lenses","status":"publish","type":"product","link":"https:\/\/bqeye.com\/de\/bqeye-himalaya-blue-colored-contact-lenses\/","title":{"rendered":"BQeye Himalaya Blau farbige Kontaktlinsen"},"content":{"rendered":"<div>Finden Sie Ihre innere Ruhe mit BQeye Himalaya Blue Colored Contact Lenses.<\/div>\n<div><\/div>\n<div>Inspiriert von den lebhaften und doch beruhigenden Schattierungen des Himalaya-Himmels, \u00f6ffnen unsere Himalaya Blue Kontaktlinsen Ihre Augen f\u00fcr eine Welt der Ruhe. Ein luxuri\u00f6ser, hellblauer Grauton bringt das Azur Ihrer Iris zum Vorschein und sorgt f\u00fcr einen \u00e4therischen, spa-\u00e4hnlichen Effekt.<\/div>\n<div><\/div>\n<div>Die aus hypoallergenem Silikon-Hydrogel-Material hergestellten BQeye-Linsen sind au\u00dfergew\u00f6hnlich gut vertr\u00e4glich. Das weiche, flexible Material bewegt sich mit Ihren Augen, so dass Sie vergessen, dass Sie \u00fcberhaupt Kontaktlinsen tragen. Eine fortschrittliche, feuchtigkeitsausgleichende Formel sorgt daf\u00fcr, dass sich Ihre Augen den ganzen Tag \u00fcber frisch anf\u00fchlen.<\/div>\n<div><\/div>\n<div>Ganz gleich, ob Sie sich nach einer Oase der Ruhe sehnen oder sich auf die Gipfel des Himalayas versetzen lassen wollen, Himalaya Blue verleiht Ihnen einen subtilen Hauch von Gelassenheit, wohin auch immer Ihr Tag Sie f\u00fchrt.<\/div>\n<div><\/div>\n<div>Himalaya Blue ist exklusiv in der f\u00fcr BQeye charakteristischen, lichtdurchfluteten Sapphire Circle Packung erh\u00e4ltlich und erzeugt einen Halo aus heilendem Azur um Ihre Iris. Diese Linsen sind mit Segensspr\u00fcchen aus dem Sanskrit f\u00fcr den Frieden verziert und werden Ihre Stimmung heben.<\/div>\n<div><\/div>\n<div>G\u00f6nnen Sie Ihrer Seele das Bed\u00fcrfnis nach Stille mit den BQeye Himalaya Blue Kontaktlinsen. Sp\u00fcren Sie, wie sich Spannungen aufl\u00f6sen, w\u00e4hrend die Farbt\u00f6ne des hohen Himalaya Ihren Geist, K\u00f6rper und Ihre Seele von innen heraus beruhigen.<\/div>","protected":false},"excerpt":{"rendered":"<p>Find your inner calm with BQeye Himalaya Blue Colored Contact Lenses. Inspired by the vivid yet soothing shades of the Himalayan sky, our Himalaya Blue contact lenses open your eyes to a world of tranquility. A luxuriouslite blue-gray tint brings out the azure in your irises for an ethereal, spa-like effect. Made from hypoallergenic silicone-hydrogelmaterial, [&#8230;]\n","protected":false},"featured_media":554,"comment_status":"open","ping_status":"closed","template":"","meta":[],"product_brand":[],"product_cat":[102,91,75,96,98],"product_tag":[],"class_list":{"0":"post-549","1":"product","2":"type-product","3":"status-publish","4":"has-post-thumbnail","6":"product_cat-himalaya","7":"product_cat-14-2-mm","8":"product_cat-blue-contact-lenses","9":"product_cat-non-prescription","10":"product_cat-yearly-disposable","12":"first","13":"instock","14":"sale","15":"shipping-taxable","16":"purchasable","17":"product-type-variable","18":"has-default-attributes"},"_links":{"self":[{"href":"https:\/\/bqeye.com\/de\/wp-json\/wp\/v2\/product\/549","targetHints":{"allow":["GET"]}}],"collection":[{"href":"https:\/\/bqeye.com\/de\/wp-json\/wp\/v2\/product"}],"about":[{"href":"https:\/\/bqeye.com\/de\/wp-json\/wp\/v2\/types\/product"}],"replies":[{"embeddable":true,"href":"https:\/\/bqeye.com\/de\/wp-json\/wp\/v2\/comments?post=549"}],"wp:featuredmedia":[{"embeddable":true,"href":"https:\/\/bqeye.com\/de\/wp-json\/wp\/v2\/media\/554"}],"wp:attachment":[{"href":"https:\/\/bqeye.com\/de\/wp-json\/wp\/v2\/media?parent=549"}],"wp:term":[{"taxonomy":"product_brand","embeddable":true,"href":"https:\/\/bqeye.com\/de\/wp-json\/wp\/v2\/product_brand?post=549"},{"taxonomy":"product_cat","embeddable":true,"href":"https:\/\/bqeye.com\/de\/wp-json\/wp\/v2\/product_cat?post=549"},{"taxonomy":"product_tag","embeddable":true,"href":"https:\/\/bqeye.com\/de\/wp-json\/wp\/v2\/product_tag?post=549"}],"curies":[{"name":"wp","href":"https:\/\/api.w.org\/{rel}","templated":true}]}}