{"id":591,"date":"2023-09-10T03:39:28","date_gmt":"2023-09-10T03:39:28","guid":{"rendered":"https:\/\/bqeye.com\/?post_type=product&#038;p=591"},"modified":"2024-04-18T02:23:16","modified_gmt":"2024-04-18T02:23:16","slug":"bqeye-himalaya-green-colored-contact-lenses","status":"publish","type":"product","link":"https:\/\/bqeye.com\/de\/bqeye-himalaya-green-colored-contact-lenses\/","title":{"rendered":"BQeye Himalaya-gr\u00fcne farbige Kontaktlinsen"},"content":{"rendered":"<p>Als Make-up-K\u00fcnstlerin ist es mein Ziel, Frauen zu helfen, sich durch Sch\u00f6nheit auszudr\u00fccken. Ich bin immer auf der Suche nach den neuesten Produkten, die das Selbstvertrauen von innen heraus st\u00e4rken. Deshalb freue ich mich, meinen Kunden die BQeye Himalaya Green Colored Contact Lenses vorstellen zu k\u00f6nnen.<\/p>\n<p>Diese innovativen Linsen wurden entwickelt, um nicht nur die Augenfarbe zu ver\u00e4ndern, sondern auch die Stimmung zu heben. Dieser lebendige Gr\u00fcnton, der von den erholsamen Landschaften des Himalaya inspiriert wurde, hellt m\u00fcde Augen mit einer Welle der Chromotherapie auf. Ganz gleich, ob Sie Ihre nat\u00fcrliche Iris betonen oder sich f\u00fcr einen kr\u00e4ftigeren Farbton entscheiden, Himalaya Green sorgt f\u00fcr ein erfrischendes Strahlen von morgens bis abends.<\/p>\n<p>Die Linsen bestehen aus feuchtigkeitsspendendem Silikongel und antioxidantienreichen aquatischen Boostern und spenden m\u00fcden Augen Feuchtigkeit, ohne sie zu reizen. Sogar Kunden mit Empfindlichkeiten haben ihren ganzt\u00e4gigen beruhigenden Komfort gelobt. Gleichzeitig verhindert die hypoallergene Formel unsch\u00f6ne R\u00f6tungen, die das Selbstvertrauen tr\u00fcben k\u00f6nnen.<\/p>\n<p>W\u00e4hrend der Tests war das Feedback \u00fcberw\u00e4ltigend positiv. Mehrere Frauen berichteten, dass sie durch das Tragen dieser Linse motivierende Energien und eine Zen-\u00e4hnliche Gelassenheit versp\u00fcrten. Eine subtile Ver\u00e4nderung der Augenfarbe f\u00fchrte zu sp\u00fcrbaren Wellness-Effekten.<\/p>\n<p>Als K\u00fcnstlerin gibt es f\u00fcr mich nichts Sch\u00f6neres, als zu sehen, wie Make-up sowohl das Aussehen als auch die Einstellung ver\u00e4ndert. Die BQeye Himalaya Green beweist, dass Sch\u00f6nheit wirklich von innen kommt, indem sie die Augen stylt und gleichzeitig den Geist erhebt. Ich bin stolz darauf, meinen Kunden diese innovative Linse anbieten zu k\u00f6nnen, die sie von innen und au\u00dfen st\u00e4rkt.<\/p>","protected":false},"excerpt":{"rendered":"<p>As a makeup artist, my goal is to help women express themselves through beauty. I&#8217;m always looking to curate the latest products that empower self-confidence from the inside out. That&#8217;s why I&#8217;m excited to introduce BQeye Himalaya Green Colored Contact Lenses to my clients. These innovative lenses were designed not only to transform eye color, [&#8230;]\n","protected":false},"featured_media":597,"comment_status":"open","ping_status":"closed","template":"","meta":[],"product_brand":[],"product_cat":[102,91,77,96,98],"product_tag":[],"class_list":{"0":"post-591","1":"product","2":"type-product","3":"status-publish","4":"has-post-thumbnail","6":"product_cat-himalaya","7":"product_cat-14-2-mm","8":"product_cat-green-contact-lenses","9":"product_cat-non-prescription","10":"product_cat-yearly-disposable","12":"first","13":"instock","14":"sale","15":"shipping-taxable","16":"purchasable","17":"product-type-variable","18":"has-default-attributes"},"_links":{"self":[{"href":"https:\/\/bqeye.com\/de\/wp-json\/wp\/v2\/product\/591","targetHints":{"allow":["GET"]}}],"collection":[{"href":"https:\/\/bqeye.com\/de\/wp-json\/wp\/v2\/product"}],"about":[{"href":"https:\/\/bqeye.com\/de\/wp-json\/wp\/v2\/types\/product"}],"replies":[{"embeddable":true,"href":"https:\/\/bqeye.com\/de\/wp-json\/wp\/v2\/comments?post=591"}],"wp:featuredmedia":[{"embeddable":true,"href":"https:\/\/bqeye.com\/de\/wp-json\/wp\/v2\/media\/597"}],"wp:attachment":[{"href":"https:\/\/bqeye.com\/de\/wp-json\/wp\/v2\/media?parent=591"}],"wp:term":[{"taxonomy":"product_brand","embeddable":true,"href":"https:\/\/bqeye.com\/de\/wp-json\/wp\/v2\/product_brand?post=591"},{"taxonomy":"product_cat","embeddable":true,"href":"https:\/\/bqeye.com\/de\/wp-json\/wp\/v2\/product_cat?post=591"},{"taxonomy":"product_tag","embeddable":true,"href":"https:\/\/bqeye.com\/de\/wp-json\/wp\/v2\/product_tag?post=591"}],"curies":[{"name":"wp","href":"https:\/\/api.w.org\/{rel}","templated":true}]}}