{"id":644,"date":"2023-09-10T09:45:11","date_gmt":"2023-09-10T09:45:11","guid":{"rendered":"https:\/\/bqeye.com\/?post_type=product&#038;p=644"},"modified":"2024-04-18T02:23:09","modified_gmt":"2024-04-18T02:23:09","slug":"bqeye-himalaya-grey-colored-contact-lenses","status":"publish","type":"product","link":"https:\/\/bqeye.com\/de\/bqeye-himalaya-grey-colored-contact-lenses\/","title":{"rendered":"Farbige Kontaktlinsen in Himalaya-Grau von BQeye"},"content":{"rendered":"<p>Die BQeye Himalaya Grey Farbige Kontaktlinsen sind von minimalistischer Sch\u00f6nheit. Inspiriert von den subtilen und doch auff\u00e4lligen Farben des Himalaya-Himmels, verleiht dieser weiche Grauton dem Blick einen Hauch von Raffinesse.<\/p>\n<p>Ob Sie die k\u00fchlen Untert\u00f6ne Ihrer nat\u00fcrlichen Iris unterstreichen oder sich f\u00fcr eine dramatischere Ver\u00e4nderung entscheiden, Himalaya Grey verleiht Ihren Augen eine elegante, zenartige Aura. Das superbequeme Silikon-Hydrogel-Material bewegt sich tangential mit Ihren Augen, sodass Sie vergessen, dass Sie \u00fcberhaupt Linsen tragen.<\/p>\n<p>Himalaya Grey Contacts ist hypoallergen und enth\u00e4lt feuchtigkeitsspeichernde Inhaltsstoffe, die selbst die empfindlichsten Augen pflegen. Die Tr\u00e4ger genie\u00dfen den ganzen Tag \u00fcber eine frische, belebte Sicht ohne R\u00f6tungen oder Unbehagen.<\/p>\n<p>W\u00e4hrend der Testphase lobten die Kunden, dass die Linse ein beruhigendes Gef\u00fchl von Frieden f\u00fcr ihr Aussehen und ihre allgemeine Einstellung vermittelt. Das erhabene Grau der Linse lenkt den Fokus auf die Augen auf eine auff\u00e4llige und doch ruhige Weise.<\/p>\n<p>Schm\u00fccken Sie Ihre Augen mit schlichter Eleganz durch BQeye Himalaya Grey. Subtil und doch kraftvoll, l\u00e4sst diese Linse die innere Stille durchscheinen, indem sie einfach die Stimmung Ihrer Augenfarbe ver\u00e4ndert.<\/p>","protected":false},"excerpt":{"rendered":"<p>Embrace minimalist beauty with the BQeye Himalaya Grey Colored Contact Lenses. Drawing inspiration from the subtle yet striking colors of the Himalayan skies, this soft grey hue adds an air of refinement to one&#8217;s gaze. Whether playing up cool undertones in your natural iris or opting for a more dramatic shift, Himalaya Grey lends an [&#8230;]\n","protected":false},"featured_media":652,"comment_status":"open","ping_status":"closed","template":"","meta":[],"product_brand":[],"product_cat":[102,91,81,96,98],"product_tag":[],"class_list":{"0":"post-644","1":"product","2":"type-product","3":"status-publish","4":"has-post-thumbnail","6":"product_cat-himalaya","7":"product_cat-14-2-mm","8":"product_cat-grey-contact-lenses","9":"product_cat-non-prescription","10":"product_cat-yearly-disposable","12":"first","13":"instock","14":"sale","15":"shipping-taxable","16":"purchasable","17":"product-type-variable","18":"has-default-attributes"},"_links":{"self":[{"href":"https:\/\/bqeye.com\/de\/wp-json\/wp\/v2\/product\/644","targetHints":{"allow":["GET"]}}],"collection":[{"href":"https:\/\/bqeye.com\/de\/wp-json\/wp\/v2\/product"}],"about":[{"href":"https:\/\/bqeye.com\/de\/wp-json\/wp\/v2\/types\/product"}],"replies":[{"embeddable":true,"href":"https:\/\/bqeye.com\/de\/wp-json\/wp\/v2\/comments?post=644"}],"wp:featuredmedia":[{"embeddable":true,"href":"https:\/\/bqeye.com\/de\/wp-json\/wp\/v2\/media\/652"}],"wp:attachment":[{"href":"https:\/\/bqeye.com\/de\/wp-json\/wp\/v2\/media?parent=644"}],"wp:term":[{"taxonomy":"product_brand","embeddable":true,"href":"https:\/\/bqeye.com\/de\/wp-json\/wp\/v2\/product_brand?post=644"},{"taxonomy":"product_cat","embeddable":true,"href":"https:\/\/bqeye.com\/de\/wp-json\/wp\/v2\/product_cat?post=644"},{"taxonomy":"product_tag","embeddable":true,"href":"https:\/\/bqeye.com\/de\/wp-json\/wp\/v2\/product_tag?post=644"}],"curies":[{"name":"wp","href":"https:\/\/api.w.org\/{rel}","templated":true}]}}