{"id":728,"date":"2023-09-11T11:42:43","date_gmt":"2023-09-11T11:42:43","guid":{"rendered":"https:\/\/bqeye.com\/?post_type=product&#038;p=728"},"modified":"2024-04-18T02:22:59","modified_gmt":"2024-04-18T02:22:59","slug":"bqeye-polar-lights-brown-colored-contact-lenses","status":"publish","type":"product","link":"https:\/\/bqeye.com\/de\/bqeye-polar-lights-brown-colored-contact-lenses\/","title":{"rendered":"BQeye Polar Lights Braun Farbige Kontaktlinsen"},"content":{"rendered":"<p>Mit den farbigen Kontaktlinsen Polar Lights Brown von BQeye k\u00f6nnen Sie den erdigen Charme des Winterwaldes genie\u00dfen.<\/p>\n<p>Inspiriert von den satten T\u00f6nen der Kiefernrinde und kahlen \u00c4sten im Nordlicht, verleiht dieser tiefe Braunton den Augen eine intensive Tiefe und Faszination. Ob Sie warme Untert\u00f6ne betonen oder sich f\u00fcr eine auff\u00e4llige Verwandlung entscheiden, Polar Lights Brown h\u00fcllt die Augen in pure Faszination.<\/p>\n<p>Diese Kontaktlinsen aus feuchtigkeitsabsorbierendem Material bieten ganzt\u00e4gigen Tragekomfort, ohne die Augen ihrer neu gewonnenen Mystik zu berauben. Die innovative Linsentechnologie sch\u00fctzt die Augen auch in langen Wintern\u00e4chten vor dem Austrocknen oder Unbehagen.<\/p>\n<p>W\u00e4hrend der Produkttests f\u00fchlten sich die Tr\u00e4gerinnen und Tr\u00e4ger auf nat\u00fcrliche Weise geheimnisvoll - so fesselnd wie die Landschaft des Nordens selbst. Mit einer einfachen Ver\u00e4nderung der Augenfarbe verleihen die farbigen Kontaktlinsen Polar Lights Brown der Gegenwart einen dauerhaften Zauber.<\/p>\n<p>Machen Sie sich Ihre winterliche Anziehungskraft mit BQeye Polar Lights Brown zu eigen. Verleihen Sie Ihrem Aussehen einen Hauch von erdgebundenem Wunder durch Brillengl\u00e4ser, die so bezaubernd und einpr\u00e4gsam sind wie die Magie der Natur selbst. Bestellen Sie Ihre Brillengl\u00e4ser noch heute, um jeden Morgen aufs Neue seltene Sch\u00f6nheit zu entdecken.<\/p>","protected":false},"excerpt":{"rendered":"<p>Channel the earthy allure of the winter forest with BQeye&#8217;s Polar Lights Brown colored contact lenses. Inspired by the rich tones of pine bark and bare tree branches under northern lights, this deep brown shade lends eyes intense depth and intrigue. Whether playing up warm undertones or opting for an eye-catching transformation, Polar Lights Brown [&#8230;]\n","protected":false},"featured_media":737,"comment_status":"open","ping_status":"closed","template":"","meta":[],"product_brand":[],"product_cat":[106,91,80,96,98],"product_tag":[],"class_list":{"0":"post-728","1":"product","2":"type-product","3":"status-publish","4":"has-post-thumbnail","6":"product_cat-polar-lights","7":"product_cat-14-2-mm","8":"product_cat-brown-contact-lenses","9":"product_cat-non-prescription","10":"product_cat-yearly-disposable","12":"first","13":"instock","14":"sale","15":"shipping-taxable","16":"purchasable","17":"product-type-variable","18":"has-default-attributes"},"_links":{"self":[{"href":"https:\/\/bqeye.com\/de\/wp-json\/wp\/v2\/product\/728","targetHints":{"allow":["GET"]}}],"collection":[{"href":"https:\/\/bqeye.com\/de\/wp-json\/wp\/v2\/product"}],"about":[{"href":"https:\/\/bqeye.com\/de\/wp-json\/wp\/v2\/types\/product"}],"replies":[{"embeddable":true,"href":"https:\/\/bqeye.com\/de\/wp-json\/wp\/v2\/comments?post=728"}],"wp:featuredmedia":[{"embeddable":true,"href":"https:\/\/bqeye.com\/de\/wp-json\/wp\/v2\/media\/737"}],"wp:attachment":[{"href":"https:\/\/bqeye.com\/de\/wp-json\/wp\/v2\/media?parent=728"}],"wp:term":[{"taxonomy":"product_brand","embeddable":true,"href":"https:\/\/bqeye.com\/de\/wp-json\/wp\/v2\/product_brand?post=728"},{"taxonomy":"product_cat","embeddable":true,"href":"https:\/\/bqeye.com\/de\/wp-json\/wp\/v2\/product_cat?post=728"},{"taxonomy":"product_tag","embeddable":true,"href":"https:\/\/bqeye.com\/de\/wp-json\/wp\/v2\/product_tag?post=728"}],"curies":[{"name":"wp","href":"https:\/\/api.w.org\/{rel}","templated":true}]}}