{"id":785,"date":"2023-09-11T14:22:37","date_gmt":"2023-09-11T14:22:37","guid":{"rendered":"https:\/\/bqeye.com\/?post_type=product&#038;p=785"},"modified":"2024-04-18T02:22:42","modified_gmt":"2024-04-18T02:22:42","slug":"bqeye-cocktail-chocolate-martini-colored-contact-lenses","status":"publish","type":"product","link":"https:\/\/bqeye.com\/de\/bqeye-cocktail-chocolate-martini-colored-contact-lenses\/","title":{"rendered":"BQeye Cocktail Chocolate Martini Farbige Kontaktlinsen"},"content":{"rendered":"<p>Verw\u00f6hnen Sie Ihre Augen mit dem Reichtum der Schokolade mit den farbigen Kontaktlinsen Cocktail Chocolate Martini von BQeye.<\/p>\n<p>Diese Linsen sind von den sanften, dunklen T\u00f6nen des Lieblingscocktails inspiriert und h\u00fcllen die Augen in einen ebenso dekadenten wie gewagten Look. Ob Sie nat\u00fcrliche Braunt\u00f6ne betonen oder sich f\u00fcr eine vollst\u00e4ndige Verwandlung entscheiden, Cocktail Chocolate Martini verleiht Ihren Augen einen intensiven, luxuri\u00f6sen Blick.<\/p>\n<p>Die aus feuchtigkeitsbindendem Hydrogel hergestellten Linsen bieten Feuchtigkeit und Komfort sowie einen faszinierenden Farbwechsel. Ihre fortschrittliche Formel sch\u00fctzt die Augen auch vor Umwelteinfl\u00fcssen, so dass die Tr\u00e4ger den ganzen Tag lang in ein reichhaltiges Vergn\u00fcgen eintauchen k\u00f6nnen.<\/p>\n<p>Bei Verbrauchertests gab es viele Komplimente \u00fcber die s\u00fcndhaft \u00fcppige\" Anziehungskraft, die jetzt auf die Augen ausge\u00fcbt wird. Die Tr\u00e4gerinnen sprachen davon, dass sie sich verschwenderisch und verf\u00fchrerisch f\u00fchlten - so dekadent und unwiderstehlich wie der klassische Cocktail selbst.<\/p>\n<p>Verw\u00f6hnen Sie Ihren s\u00fc\u00dfen Zahn und Ihren Stil mit den farbigen Kontaktlinsen BQeye Cocktail Chocolate Martini. Verleihen Sie Ihrem Look ein exotisches Flair mit Kontaktlinsenfarben, die so reichhaltig und verlockend sind wie die namensgebende Schokoladenspezialit\u00e4t. Delizioso!<\/p>","protected":false},"excerpt":{"rendered":"<p>Indulge your eyes in the richness of chocolate with BQeye&#8217;s Cocktail Chocolate Martini colored contact lenses. Taking inspiration from the smooth, dark tones of everyone&#8217;s favorite cocktail confection, these lenses wrap eyes in a look that is as decadent as it is daring. Whether accentuating natural brown hues or opting for a full transformation, Cocktail [&#8230;]\n","protected":false},"featured_media":793,"comment_status":"open","ping_status":"closed","template":"","meta":[],"product_brand":[],"product_cat":[137,91,80,96,98],"product_tag":[],"class_list":{"0":"post-785","1":"product","2":"type-product","3":"status-publish","4":"has-post-thumbnail","6":"product_cat-cocktail","7":"product_cat-14-2-mm","8":"product_cat-brown-contact-lenses","9":"product_cat-non-prescription","10":"product_cat-yearly-disposable","12":"first","13":"instock","14":"sale","15":"shipping-taxable","16":"purchasable","17":"product-type-variable","18":"has-default-attributes"},"_links":{"self":[{"href":"https:\/\/bqeye.com\/de\/wp-json\/wp\/v2\/product\/785","targetHints":{"allow":["GET"]}}],"collection":[{"href":"https:\/\/bqeye.com\/de\/wp-json\/wp\/v2\/product"}],"about":[{"href":"https:\/\/bqeye.com\/de\/wp-json\/wp\/v2\/types\/product"}],"replies":[{"embeddable":true,"href":"https:\/\/bqeye.com\/de\/wp-json\/wp\/v2\/comments?post=785"}],"wp:featuredmedia":[{"embeddable":true,"href":"https:\/\/bqeye.com\/de\/wp-json\/wp\/v2\/media\/793"}],"wp:attachment":[{"href":"https:\/\/bqeye.com\/de\/wp-json\/wp\/v2\/media?parent=785"}],"wp:term":[{"taxonomy":"product_brand","embeddable":true,"href":"https:\/\/bqeye.com\/de\/wp-json\/wp\/v2\/product_brand?post=785"},{"taxonomy":"product_cat","embeddable":true,"href":"https:\/\/bqeye.com\/de\/wp-json\/wp\/v2\/product_cat?post=785"},{"taxonomy":"product_tag","embeddable":true,"href":"https:\/\/bqeye.com\/de\/wp-json\/wp\/v2\/product_tag?post=785"}],"curies":[{"name":"wp","href":"https:\/\/api.w.org\/{rel}","templated":true}]}}