{"id":794,"date":"2023-09-11T14:36:57","date_gmt":"2023-09-11T14:36:57","guid":{"rendered":"https:\/\/bqeye.com\/?post_type=product&#038;p=794"},"modified":"2024-04-18T02:22:39","modified_gmt":"2024-04-18T02:22:39","slug":"bqeye-cocktail-green-hornet-colored-contact-lenses","status":"publish","type":"product","link":"https:\/\/bqeye.com\/de\/bqeye-cocktail-green-hornet-colored-contact-lenses\/","title":{"rendered":"BQeye Cocktail Gr\u00fcne Hornisse Farbige Kontaktlinsen"},"content":{"rendered":"<p>Mit den farbigen Kontaktlinsen Cocktail Green Hornet von BQeye k\u00f6nnen Sie die Cocktailstunde mit einem kr\u00e4ftigen Farbakzent beginnen.<\/p>\n<p>In Anlehnung an den knackigen Gr\u00fcnton des gleichnamigen Getr\u00e4nks verleihen diese Kontaktlinsen den Augen einen energiegeladenen Smaragdton. Egal, ob Sie mit nat\u00fcrlichen T\u00f6nen spielen oder sich f\u00fcr eine elektrisierende Verwandlung entscheiden, Green Hornet h\u00fcllt Ihre Augen in einen k\u00fchnen, erfrischenden Look voller feurigem Charme.<\/p>\n<p>Die aus HEMA-Material gefertigten Linsen behalten ihre schillernde Farbe bei und bieten w\u00e4hrend der gesamten Feierlichkeiten einen haut\u00e4hnlichen Tragekomfort. Ihre fortschrittliche Formel sch\u00fctzt die empfindlichen Augen auch vor Umwelteinfl\u00fcssen, sodass Partyg\u00e4nger bis in die Nacht hinein tanzen k\u00f6nnen.<\/p>\n<p>W\u00e4hrend der Produkttests beschrieben die Tr\u00e4ger, dass sie sich mit ihren neuen gr\u00fcnen Brillengl\u00e4sern mutig und verwegen f\u00fchlen. Wie das lebhafte Getr\u00e4nk selbst, verleihen die Green Hornet Brillengl\u00e4ser jedem Anlass einen Hauch von Abenteuerlichkeit.<\/p>\n<p>Mit den farbigen Kontaktlinsen BQeye Cocktail Green Hornet bist du der Mittelpunkt der Party. Bestelle deine noch heute und bringe einen Spritzer temperamentvoller smaragdgr\u00fcner Farbe zu jeder Versammlung, so lebhaft und hell wie der kultige Cocktail.<\/p>","protected":false},"excerpt":{"rendered":"<p>Buzz into the cocktail hour with a vibrant pop of color from BQeye&#8217;s Cocktail Green Hornet colored contact lenses. Taking cues from the crisp green hue of the eponymous tipple, these contacts infuse eyes with an energetic emerald shade. Whether playing up natural tones or opting for an electrifying transformation, Green Hornet wraps eyes in [&#8230;]\n","protected":false},"featured_media":801,"comment_status":"open","ping_status":"closed","template":"","meta":[],"product_brand":[],"product_cat":[137,91,77,96,98],"product_tag":[],"class_list":{"0":"post-794","1":"product","2":"type-product","3":"status-publish","4":"has-post-thumbnail","6":"product_cat-cocktail","7":"product_cat-14-2-mm","8":"product_cat-green-contact-lenses","9":"product_cat-non-prescription","10":"product_cat-yearly-disposable","12":"first","13":"instock","14":"sale","15":"shipping-taxable","16":"purchasable","17":"product-type-variable","18":"has-default-attributes"},"_links":{"self":[{"href":"https:\/\/bqeye.com\/de\/wp-json\/wp\/v2\/product\/794","targetHints":{"allow":["GET"]}}],"collection":[{"href":"https:\/\/bqeye.com\/de\/wp-json\/wp\/v2\/product"}],"about":[{"href":"https:\/\/bqeye.com\/de\/wp-json\/wp\/v2\/types\/product"}],"replies":[{"embeddable":true,"href":"https:\/\/bqeye.com\/de\/wp-json\/wp\/v2\/comments?post=794"}],"wp:featuredmedia":[{"embeddable":true,"href":"https:\/\/bqeye.com\/de\/wp-json\/wp\/v2\/media\/801"}],"wp:attachment":[{"href":"https:\/\/bqeye.com\/de\/wp-json\/wp\/v2\/media?parent=794"}],"wp:term":[{"taxonomy":"product_brand","embeddable":true,"href":"https:\/\/bqeye.com\/de\/wp-json\/wp\/v2\/product_brand?post=794"},{"taxonomy":"product_cat","embeddable":true,"href":"https:\/\/bqeye.com\/de\/wp-json\/wp\/v2\/product_cat?post=794"},{"taxonomy":"product_tag","embeddable":true,"href":"https:\/\/bqeye.com\/de\/wp-json\/wp\/v2\/product_tag?post=794"}],"curies":[{"name":"wp","href":"https:\/\/api.w.org\/{rel}","templated":true}]}}